{"id":7783,"date":"2020-06-16T10:32:38","date_gmt":"2020-06-16T07:32:38","guid":{"rendered":"https:\/\/www.ekonomit.fi\/?page_id=7783"},"modified":"2022-11-02T11:28:31","modified_gmt":"2022-11-02T09:28:31","slug":"cookies","status":"publish","type":"page","link":"https:\/\/www.ekonomit.fi\/en\/the-finnish-business-school-graduates\/contacts\/cookies\/","title":{"rendered":"Cookie policies"},"content":{"rendered":"\n<p>&#8220;Cookies&#8221; can be transferred to a user&#8217;s computer from time to time.&nbsp;<\/p>\n\n\n\n<p>With cookies, the primary aim is improving user experience to maintain the login and session.&nbsp;<\/p>\n\n\n\n<p>Cookies can be used to collect information for tracking online behaviour, such as what page you&#8217;ve navigated from to an address, what web site you&#8217;ve been browsing and when, what browser you use and what your screen resolution and operating system are.&nbsp; Based on this information, no one can be identified and we do not try to identify individual people with cookies.<\/p>\n\n\n\n<p>With the help of cookie data, the number of visitors of the service can be tracked by the Finnish Business School Graduates as well as analysed and developed to serve visitors better.&nbsp; In addition, the cooperation partners of the Finnish Business Partners can target their ads with cookies, gathering visitor and visit data with them, here and on other sites.&nbsp;<\/p>\n\n\n\n<p>The information collected through cookies is used to generate targeted advertising based on the visitor&#8217;s interests. When targeting ads with cookies, visitors are not identified and the data are not linked to any personally identifiable information that may have been received from the visitor in another way.&nbsp;We regularly use and Google Analytic cookies, more information <a href=\"http:\/\/www.google.com\/policies\/\">http:\/\/www.google.com\/policies\/<\/a><\/p>\n\n\n\n<p>All cookies are stored only on the user&#8217;s computer. Visitors can block cookies by changing the settings from cookie banner (not the operational cookies). Visitor can change the settings from cookie banner or by clicking this page Muuta hyv\u00e4ksynt\u00e4\u00e4si -link. The visitor accepts that, for some services, blocking the use of cookies may, however, affect the functionality of the service.\u00a0<\/p>\n\n\n\n<h2 class=\"wp-block-heading\">Types of cookies used by our online service<\/h2>\n\n\n\n<h3 class=\"wp-block-heading\"><strong>Automatically activated operational cookies<\/strong><\/h3>\n\n\n\n<p>These cookies are necessary for the operation of our online services and cannot be turned off. They activate according to the operational requests you make, for example, when you log in, use a real-time chat service, or fill out online forms.<\/p>\n\n\n\n<p><strong>Esimerkkej\u00e4:<\/strong><\/p>\n\n\n\n<ul class=\"wp-block-list\"><li>Google Tag Manager<\/li><li>Cookie Consent<\/li><\/ul>\n\n\n\n<h3 class=\"wp-block-heading\"><strong>Cookies that measure performance<\/strong><\/h3>\n\n\n\n<p>Performance cookies are used only with your consent. These cookies help us to measure user numbers and traffic, identify returning customers, and understand how our customers use our online services. We use this information to improve the usability of our services and the digital experience.<\/p>\n\n\n\n<p>These cookies are persistent. If you do not allow the use of these cookies, performance measurement functionality will not be enabled..<\/p>\n\n\n\n<p><strong>Examples:<\/strong><\/p>\n\n\n\n<ul class=\"wp-block-list\"><li>Google Analytics<\/li><\/ul>\n\n\n\n<h3 class=\"wp-block-heading\"><strong>Cookies used to target content<\/strong><\/h3>\n\n\n\n<p>Cookies used to target content will only be used with your consent. These cookies help us to target content and offers we make to you based on how you use our website and other services. They allow us to provide you with better functionality and personalisation, such as content and videos tailored for you. The cookies can be set by both The Finnish Business School Graduates and our selected service providers acting as third parties.<\/p>\n\n\n\n<p>These cookies are persistent. If you do not allow the use of these cookies, content targeting functionality will not be enabled..<\/p>\n\n\n\n<h3 class=\"wp-block-heading\"><strong>Advertising cookies<\/strong><\/h3>\n\n\n\n<p>Advertising cookies are used only with your consent. They allow us to place content targeted at you on other companies\u2019 websites and services. These cookies are precisely activated in our online services, through our selected marketing partners. Such companies can use these third-party cookies to identify the interests of users, in order to display relevant advertisements on other sites. Third-party cookies can also be used in third-party content on the social media and our online information services.&nbsp;<\/p>\n\n\n\n<p><strong>Examples:<\/strong><\/p>\n\n\n\n<ul class=\"wp-block-list\"><li>Facebook pixel<\/li><li>Adform<\/li><li>LinkedIn<\/li><li>Google Ads<\/li><\/ul>\n\n\n\n<p>These cookies are persistent. If you do not allow the use of these cookies, advertising functionality will not be enabled.<\/p>\n\n\n\n<script id=\"CookieDeclaration\" src=\"https:\/\/consent.cookiebot.com\/fee0f6cd-9d28-448f-89d1-31a8681d5737\/cd.js\" type=\"text\/javascript\" async=\"\"><\/script>\n<div class=\"rns\" data-title=\"Cookie policies\" data-tags=\"\" data-categories=\"\" data-comments=\"0\" data-date=\"1592303558000\" data-author=\"admin\" data-single=\"\" data-url=\"https:\/\/www.ekonomit.fi\/en\/the-finnish-business-school-graduates\/contacts\/cookies\/\"><\/div> <!-- Check out https:\/\/reactandshare.com -->","protected":false},"excerpt":{"rendered":"<p>&#8220;Cookies&#8221; can be transferred to a user&#8217;s computer from time to time.&nbsp; With cookies,&#8230;<\/p>\n","protected":false},"author":1,"featured_media":0,"parent":9274,"menu_order":0,"comment_status":"closed","ping_status":"closed","template":"page-templates\/page-sidebars.php","meta":{"_acf_changed":false,"inline_featured_image":false,"advgb_blocks_editor_width":"","advgb_blocks_columns_visual_guide":"","footnotes":""},"class_list":["post-7783","page","type-page","status-publish","hentry"],"acf":[],"yoast_head":"<!-- This site is optimized with the Yoast SEO plugin v27.4 - https:\/\/yoast.com\/product\/yoast-seo-wordpress\/ -->\n<title>Cookie policies - Suomen Ekonomit<\/title>\n<meta name=\"robots\" content=\"index, follow, max-snippet:-1, max-image-preview:large, max-video-preview:-1\" \/>\n<link rel=\"canonical\" href=\"https:\/\/www.ekonomit.fi\/en\/the-finnish-business-school-graduates\/contacts\/cookies\/\" \/>\n<meta property=\"og:locale\" content=\"en_US\" \/>\n<meta property=\"og:type\" content=\"article\" \/>\n<meta property=\"og:title\" content=\"Cookie policies - Suomen Ekonomit\" \/>\n<meta property=\"og:description\" content=\"&#8220;Cookies&#8221; can be transferred to a user&#8217;s computer from time to time.&nbsp; With cookies,...\" \/>\n<meta property=\"og:url\" content=\"https:\/\/www.ekonomit.fi\/en\/the-finnish-business-school-graduates\/contacts\/cookies\/\" \/>\n<meta property=\"og:site_name\" content=\"Suomen Ekonomit\" \/>\n<meta property=\"article:modified_time\" content=\"2022-11-02T09:28:31+00:00\" \/>\n<meta name=\"twitter:card\" content=\"summary_large_image\" \/>\n<meta name=\"twitter:label1\" content=\"Est. reading time\" \/>\n\t<meta name=\"twitter:data1\" content=\"4 minutes\" \/>\n<script type=\"application\/ld+json\" class=\"yoast-schema-graph\">{\"@context\":\"https:\\\/\\\/schema.org\",\"@graph\":[{\"@type\":\"WebPage\",\"@id\":\"https:\\\/\\\/www.ekonomit.fi\\\/en\\\/the-finnish-business-school-graduates\\\/contacts\\\/cookies\\\/\",\"url\":\"https:\\\/\\\/www.ekonomit.fi\\\/en\\\/the-finnish-business-school-graduates\\\/contacts\\\/cookies\\\/\",\"name\":\"Cookie policies - Suomen Ekonomit\",\"isPartOf\":{\"@id\":\"https:\\\/\\\/www.ekonomit.fi\\\/en\\\/#website\"},\"datePublished\":\"2020-06-16T07:32:38+00:00\",\"dateModified\":\"2022-11-02T09:28:31+00:00\",\"breadcrumb\":{\"@id\":\"https:\\\/\\\/www.ekonomit.fi\\\/en\\\/the-finnish-business-school-graduates\\\/contacts\\\/cookies\\\/#breadcrumb\"},\"inLanguage\":\"en-US\",\"potentialAction\":[{\"@type\":\"ReadAction\",\"target\":[\"https:\\\/\\\/www.ekonomit.fi\\\/en\\\/the-finnish-business-school-graduates\\\/contacts\\\/cookies\\\/\"]}]},{\"@type\":\"BreadcrumbList\",\"@id\":\"https:\\\/\\\/www.ekonomit.fi\\\/en\\\/the-finnish-business-school-graduates\\\/contacts\\\/cookies\\\/#breadcrumb\",\"itemListElement\":[{\"@type\":\"ListItem\",\"position\":1,\"name\":\"Home\",\"item\":\"https:\\\/\\\/www.ekonomit.fi\\\/en\\\/\"},{\"@type\":\"ListItem\",\"position\":2,\"name\":\"Suomen Ekonomit\",\"item\":\"https:\\\/\\\/www.ekonomit.fi\\\/en\\\/the-finnish-business-school-graduates\\\/\"},{\"@type\":\"ListItem\",\"position\":3,\"name\":\"Contacts\",\"item\":\"https:\\\/\\\/www.ekonomit.fi\\\/en\\\/the-finnish-business-school-graduates\\\/contacts\\\/\"},{\"@type\":\"ListItem\",\"position\":4,\"name\":\"Cookie policies\"}]},{\"@type\":\"WebSite\",\"@id\":\"https:\\\/\\\/www.ekonomit.fi\\\/en\\\/#website\",\"url\":\"https:\\\/\\\/www.ekonomit.fi\\\/en\\\/\",\"name\":\"Suomen Ekonomit\",\"description\":\"\",\"publisher\":{\"@id\":\"https:\\\/\\\/www.ekonomit.fi\\\/en\\\/#organization\"},\"potentialAction\":[{\"@type\":\"SearchAction\",\"target\":{\"@type\":\"EntryPoint\",\"urlTemplate\":\"https:\\\/\\\/www.ekonomit.fi\\\/en\\\/?s={search_term_string}\"},\"query-input\":{\"@type\":\"PropertyValueSpecification\",\"valueRequired\":true,\"valueName\":\"search_term_string\"}}],\"inLanguage\":\"en-US\"},{\"@type\":\"Organization\",\"@id\":\"https:\\\/\\\/www.ekonomit.fi\\\/en\\\/#organization\",\"name\":\"Suomen Ekonomit\",\"url\":\"https:\\\/\\\/www.ekonomit.fi\\\/en\\\/\",\"logo\":{\"@type\":\"ImageObject\",\"inLanguage\":\"en-US\",\"@id\":\"https:\\\/\\\/www.ekonomit.fi\\\/en\\\/#\\\/schema\\\/logo\\\/image\\\/\",\"url\":\"https:\\\/\\\/www.ekonomit.fi\\\/wp-content\\\/uploads\\\/2020\\\/05\\\/ekonomit-mer-nega.png\",\"contentUrl\":\"https:\\\/\\\/www.ekonomit.fi\\\/wp-content\\\/uploads\\\/2020\\\/05\\\/ekonomit-mer-nega.png\",\"width\":870,\"height\":307,\"caption\":\"Suomen Ekonomit\"},\"image\":{\"@id\":\"https:\\\/\\\/www.ekonomit.fi\\\/en\\\/#\\\/schema\\\/logo\\\/image\\\/\"}}]}<\/script>\n<!-- \/ Yoast SEO plugin. -->","yoast_head_json":{"title":"Cookie policies - Suomen Ekonomit","robots":{"index":"index","follow":"follow","max-snippet":"max-snippet:-1","max-image-preview":"max-image-preview:large","max-video-preview":"max-video-preview:-1"},"canonical":"https:\/\/www.ekonomit.fi\/en\/the-finnish-business-school-graduates\/contacts\/cookies\/","og_locale":"en_US","og_type":"article","og_title":"Cookie policies - Suomen Ekonomit","og_description":"&#8220;Cookies&#8221; can be transferred to a user&#8217;s computer from time to time.&nbsp; With cookies,...","og_url":"https:\/\/www.ekonomit.fi\/en\/the-finnish-business-school-graduates\/contacts\/cookies\/","og_site_name":"Suomen Ekonomit","article_modified_time":"2022-11-02T09:28:31+00:00","twitter_card":"summary_large_image","twitter_misc":{"Est. reading time":"4 minutes"},"schema":{"@context":"https:\/\/schema.org","@graph":[{"@type":"WebPage","@id":"https:\/\/www.ekonomit.fi\/en\/the-finnish-business-school-graduates\/contacts\/cookies\/","url":"https:\/\/www.ekonomit.fi\/en\/the-finnish-business-school-graduates\/contacts\/cookies\/","name":"Cookie policies - Suomen Ekonomit","isPartOf":{"@id":"https:\/\/www.ekonomit.fi\/en\/#website"},"datePublished":"2020-06-16T07:32:38+00:00","dateModified":"2022-11-02T09:28:31+00:00","breadcrumb":{"@id":"https:\/\/www.ekonomit.fi\/en\/the-finnish-business-school-graduates\/contacts\/cookies\/#breadcrumb"},"inLanguage":"en-US","potentialAction":[{"@type":"ReadAction","target":["https:\/\/www.ekonomit.fi\/en\/the-finnish-business-school-graduates\/contacts\/cookies\/"]}]},{"@type":"BreadcrumbList","@id":"https:\/\/www.ekonomit.fi\/en\/the-finnish-business-school-graduates\/contacts\/cookies\/#breadcrumb","itemListElement":[{"@type":"ListItem","position":1,"name":"Home","item":"https:\/\/www.ekonomit.fi\/en\/"},{"@type":"ListItem","position":2,"name":"Suomen Ekonomit","item":"https:\/\/www.ekonomit.fi\/en\/the-finnish-business-school-graduates\/"},{"@type":"ListItem","position":3,"name":"Contacts","item":"https:\/\/www.ekonomit.fi\/en\/the-finnish-business-school-graduates\/contacts\/"},{"@type":"ListItem","position":4,"name":"Cookie policies"}]},{"@type":"WebSite","@id":"https:\/\/www.ekonomit.fi\/en\/#website","url":"https:\/\/www.ekonomit.fi\/en\/","name":"Suomen Ekonomit","description":"","publisher":{"@id":"https:\/\/www.ekonomit.fi\/en\/#organization"},"potentialAction":[{"@type":"SearchAction","target":{"@type":"EntryPoint","urlTemplate":"https:\/\/www.ekonomit.fi\/en\/?s={search_term_string}"},"query-input":{"@type":"PropertyValueSpecification","valueRequired":true,"valueName":"search_term_string"}}],"inLanguage":"en-US"},{"@type":"Organization","@id":"https:\/\/www.ekonomit.fi\/en\/#organization","name":"Suomen Ekonomit","url":"https:\/\/www.ekonomit.fi\/en\/","logo":{"@type":"ImageObject","inLanguage":"en-US","@id":"https:\/\/www.ekonomit.fi\/en\/#\/schema\/logo\/image\/","url":"https:\/\/www.ekonomit.fi\/wp-content\/uploads\/2020\/05\/ekonomit-mer-nega.png","contentUrl":"https:\/\/www.ekonomit.fi\/wp-content\/uploads\/2020\/05\/ekonomit-mer-nega.png","width":870,"height":307,"caption":"Suomen Ekonomit"},"image":{"@id":"https:\/\/www.ekonomit.fi\/en\/#\/schema\/logo\/image\/"}}]}},"coauthors":[],"author_meta":{"author_link":"https:\/\/www.ekonomit.fi\/en\/author\/admin\/","display_name":"admin"},"relative_dates":{"created":"Posted 6 years ago","modified":"Updated 3 years ago"},"absolute_dates":{"created":"Posted on 16.06.2020","modified":"Updated on 02.11.2022"},"absolute_dates_time":{"created":"Posted on 16.06.2020 10:32","modified":"Updated on 02.11.2022 11:28"},"featured_img_caption":"","featured_img":false,"series_order":"","jetpack_sharing_enabled":true,"_links":{"self":[{"href":"https:\/\/www.ekonomit.fi\/en\/wp-json\/wp\/v2\/pages\/7783","targetHints":{"allow":["GET"]}}],"collection":[{"href":"https:\/\/www.ekonomit.fi\/en\/wp-json\/wp\/v2\/pages"}],"about":[{"href":"https:\/\/www.ekonomit.fi\/en\/wp-json\/wp\/v2\/types\/page"}],"author":[{"embeddable":true,"href":"https:\/\/www.ekonomit.fi\/en\/wp-json\/wp\/v2\/users\/1"}],"replies":[{"embeddable":true,"href":"https:\/\/www.ekonomit.fi\/en\/wp-json\/wp\/v2\/comments?post=7783"}],"version-history":[{"count":14,"href":"https:\/\/www.ekonomit.fi\/en\/wp-json\/wp\/v2\/pages\/7783\/revisions"}],"predecessor-version":[{"id":33082,"href":"https:\/\/www.ekonomit.fi\/en\/wp-json\/wp\/v2\/pages\/7783\/revisions\/33082"}],"up":[{"embeddable":true,"href":"https:\/\/www.ekonomit.fi\/en\/wp-json\/wp\/v2\/pages\/9274"}],"wp:attachment":[{"href":"https:\/\/www.ekonomit.fi\/en\/wp-json\/wp\/v2\/media?parent=7783"}],"curies":[{"name":"wp","href":"https:\/\/api.w.org\/{rel}","templated":true}]}}