{"id":7908,"date":"2020-06-16T14:19:55","date_gmt":"2020-06-16T11:19:55","guid":{"rendered":"https:\/\/www.ekonomit.fi\/?page_id=7908"},"modified":"2020-06-16T14:20:04","modified_gmt":"2020-06-16T11:20:04","slug":"cv","status":"publish","type":"page","link":"https:\/\/www.ekonomit.fi\/en\/working-life-databank\/job-seeking-is-active-work\/cv\/","title":{"rendered":"CV"},"content":{"rendered":"\n<div class=\"wp-block-columns is-layout-flex wp-container-core-columns-is-layout-9d6595d7 wp-block-columns-is-layout-flex\">\n<div class=\"wp-block-column is-layout-flow wp-block-column-is-layout-flow\" style=\"flex-basis:66.66%\">\n<p>When you start drafting your CV, ask yourself first whom are you writing it for and why. You may prefer a personal approach and originality but it\u2019s the recipient who defines the form of your CV. When you have thoroughly researched the industry or organisation of your choice, you understand whether it expects a traditional CV and cover letter or a more personal way to put forward your interests, targets and expertise.<\/p>\n\n\n\n<h2 class=\"wp-block-heading\">Structure of an effective CV<\/h2>\n\n\n\n<h3 class=\"wp-block-heading\">Contact information<\/h3>\n\n\n\n<ul class=\"wp-block-list\"><li>Name, (address), telephone number, email and a possible link to your LinkedIn profile<\/li><li>Family status and date and place of birth are not necessary in a CV in Finland, i.e. you don\u2019t have to put \u2019personal information\u2019 as one of your headlines. Your contact information will do.<\/li><\/ul>\n\n\n\n<h3 class=\"wp-block-heading\">Summary<\/h3>\n\n\n\n<ul class=\"wp-block-list\"><li>Explain the reader in brief what your key skills and competencies, experience and strengths are. Elaborate on your future goals: where do you see yourself in the near future?<\/li><li>Your education<\/li><li>Add your degree and, in early career, also your major and the title of your thesis.<\/li><li>You can also add information on your exchange student year or any major projects you\u2019ve been involved in.<\/li><\/ul>\n\n\n\n<h3 class=\"wp-block-heading\">Your work experience<\/h3>\n\n\n\n<ul class=\"wp-block-list\"><li>Describe briefly your most recent assignments.<\/li><li>Don\u2019t forget to mention your responsibilities and achievements in that particular job. You can also add what have you learnt and any positive feedback and recognition you may have received.<\/li><li>If needed, you can also briefly list your recent employers and mention the industry, basic facts or key figures.<\/li><li>Change the order of the different sections in your CV on the basis of relevance to the applied job; is your work experience, other experience or education the most relevant?<\/li><\/ul>\n\n\n\n<h3 class=\"wp-block-heading\">Positions of trust and other activities<\/h3>\n\n\n\n<ul class=\"wp-block-list\"><li>Describe your positions of trust in the same way as you describe your work experience.<\/li><li>If you don\u2019t have much work experience, you can put your positions of trust right in the beginning, even before your work experience.<\/li><\/ul>\n\n\n\n<h3 class=\"wp-block-heading\">Your language skills and IT skills<\/h3>\n\n\n\n<ul class=\"wp-block-list\"><li>Your grade seems exact but it\u2019s not the best way to describe your skills. Your \u2019good\u2019 language skills may be \u2019excellent\u2019 to somebody else. Don\u2019t just mention your grade to describe your language skills.<\/li><li>Explain how you use your skills in practice, e.g. I use English at work on a daily basis or I have regular contacts with my friends in Sweden.<\/li><li>Put your most relevant skills first. Your employer is likely to value your SAP or CRM skills more than your Office skills. However, if you\u2019re let\u2019s say an Excel expert, explain how you use it.<\/li><\/ul>\n\n\n\n<h3 class=\"wp-block-heading\">List of references<\/h3>\n\n\n\n<ul class=\"wp-block-list\"><li>You may add the names, titles and organisations of 1\u20133 references at the end of your CV.<\/li><li>Contact information is usually asked in the interview, so you don\u2019t have to mention it, but remember to refer to it by, e.g. \u2019I\u2019m happy to provide you with the contact information of my references at request\u2019.<\/li><\/ul>\n<\/div>\n\n\n\n<div class=\"wp-block-column is-layout-flow wp-block-column-is-layout-flow\" style=\"flex-basis:33.33%\">\n<div class=\"wp-block-group has-page-foreground-color has-text-color is-style-background-brown has-padding-medium\"><div class=\"wp-block-group__inner-container is-layout-flow wp-block-group-is-layout-flow\">\n<h3 class=\"wp-block-heading\">Read more on\u00a0<a rel=\"noreferrer noopener\" href=\"http:\/\/inhunt.fi\/2015\/02\/miten-saada-oma-cv-pinon-paallimmaiseksi\/\" target=\"_blank\">how a recruiter reads CVs<\/a>, written by a professional recruiter<\/h3>\n<\/div><\/div>\n\n\n\n<div style=\"height:20px\" aria-hidden=\"true\" class=\"wp-block-spacer\"><\/div>\n\n\n\n<div class=\"wp-block-group has-brand-gray-medium-background-color has-page-foreground-color has-text-color has-background is-style-background-gray-medium has-padding-medium\"><div class=\"wp-block-group__inner-container is-layout-flow wp-block-group-is-layout-flow\">\n<h3 class=\"wp-block-heading\">7 tips to an outstanding CV<\/h3>\n\n\n\n<ol class=\"wp-block-list\"><li>Familiriase yourself thoroughly with the company and the position<br>Focus on the applied job when you write your CV. All the information relevant to the position has to be found quickly and easily.<\/li><li>Be yourself<br>Show your personality on your CV. Use both active voice sentences and lists. You can also put complete sentences in your lists.<\/li><li>Draft more than one CV<br>If you\u2019re applying for several jobs, draft a few CV templates for different application processes. Change the order of sections in your CV depending on the order of importance of your work experience, other experience or education to your competence in the applied job.<\/li><li>Keep it simple but full of information<br>Your CV should fit on 1\u20132 pages but don\u2019t summarise too much at the cost of relevant information. If relevant information takes three pages, then it does.<\/li><li>Don\u2019t expect the reader to read between the lines<br>Example<br>You have worked 10 years for the same company and constantly progressed to more demanding tasks. You may imagine that the recruiter sees you as a reliable, efficient and successful employee. Well, not necessarily.<br>The recruiter only has a moment, maybe just a few seconds, to go through your CV. So be clear and concise with your key experiences, achievements and qualities. Go straight to the point and forget eloquent transitions between sentences or paragraphs.<\/li><li>Have your photo taken by a professional<br>Always add a picture, the recruiter will remember you easier. A smiling, business-like photo with a neutral background is the safest option.<\/li><li>Check and double-check<br>Check grammar and spelling, visual appearance and page breaks with extra care. Focus on content. Is the most important information easy to understand at first sight as it is crucial for being invited to an interview?<br>Read your CV carefully and assess whether it conveys the right image of you; i.e. exactly the expert the employer is looking for. If the answer is yes, congratulations, your CV is ready!<\/li><\/ol>\n\n\n\n<h4 class=\"wp-block-heading\">+ A tip from a recruiter<\/h4>\n\n\n\n<p>Save you CV as:<br><em>Pirtanen Paula CV 1-2017.pdf<\/em><br>If the recruiter saves your CV file, it\u2019s easy to find by your name.<\/p>\n<\/div><\/div>\n\n\n\n<div style=\"height:20px\" aria-hidden=\"true\" class=\"wp-block-spacer\"><\/div>\n\n\n\n<div style=\"height:20px\" aria-hidden=\"true\" class=\"wp-block-spacer\"><\/div>\n<\/div>\n<\/div>\n\n\n\n<p><\/p>\n<div class=\"rns\" data-title=\"CV\" data-tags=\"\" data-categories=\"\" data-comments=\"0\" data-date=\"1592317195000\" data-author=\"kristian.sarosto@ekonomit.fi\" data-single=\"\" data-url=\"https:\/\/www.ekonomit.fi\/en\/working-life-databank\/job-seeking-is-active-work\/cv\/\"><\/div> <!-- Check out https:\/\/reactandshare.com -->","protected":false},"excerpt":{"rendered":"<p>When you start drafting your CV, ask yourself first whom are you writing it&#8230;<\/p>\n","protected":false},"author":27,"featured_media":0,"parent":7882,"menu_order":0,"comment_status":"closed","ping_status":"closed","template":"page-templates\/page-sidebars.php","meta":{"_acf_changed":false,"inline_featured_image":false,"advgb_blocks_editor_width":"","advgb_blocks_columns_visual_guide":"","footnotes":""},"class_list":["post-7908","page","type-page","status-publish","hentry"],"acf":[],"yoast_head":"<!-- This site is optimized with the Yoast SEO plugin v27.4 - https:\/\/yoast.com\/product\/yoast-seo-wordpress\/ -->\n<title>CV - Suomen Ekonomit<\/title>\n<meta name=\"description\" content=\"Perhevapaita koskevat s\u00e4\u00e4d\u00f6kset l\u00f6ytyv\u00e4t ty\u00f6sopimuslaista. Perhevapaas\u00e4\u00e4d\u00f6kset turvaavat ty\u00f6ntekij\u00e4lle oikeuden \u00e4itiys-, erityis\u00e4itiys-, isyys-, vanhempain- ja hoitovapaisiin sek\u00e4 oikeuden olla pois ty\u00f6st\u00e4 ennalta arvaamattoman tai pakottavan perhesyyn vuoksi. Perhevapaat ovat subjektiivisia oikeuksia, mik\u00e4li niiden edellytykset t\u00e4yttyv\u00e4t. My\u00f6s muista perhesyist\u00e4 voi olla oikeus poissaoloon t\u00f6ist\u00e4.\" \/>\n<meta name=\"robots\" content=\"index, follow, max-snippet:-1, max-image-preview:large, max-video-preview:-1\" \/>\n<link rel=\"canonical\" href=\"https:\/\/www.ekonomit.fi\/en\/working-life-databank\/job-seeking-is-active-work\/cv\/\" \/>\n<meta property=\"og:locale\" content=\"en_US\" \/>\n<meta property=\"og:type\" content=\"article\" \/>\n<meta property=\"og:title\" content=\"CV - Suomen Ekonomit\" \/>\n<meta property=\"og:description\" content=\"Perhevapaita koskevat s\u00e4\u00e4d\u00f6kset l\u00f6ytyv\u00e4t ty\u00f6sopimuslaista. Perhevapaas\u00e4\u00e4d\u00f6kset turvaavat ty\u00f6ntekij\u00e4lle oikeuden \u00e4itiys-, erityis\u00e4itiys-, isyys-, vanhempain- ja hoitovapaisiin sek\u00e4 oikeuden olla pois ty\u00f6st\u00e4 ennalta arvaamattoman tai pakottavan perhesyyn vuoksi. Perhevapaat ovat subjektiivisia oikeuksia, mik\u00e4li niiden edellytykset t\u00e4yttyv\u00e4t. My\u00f6s muista perhesyist\u00e4 voi olla oikeus poissaoloon t\u00f6ist\u00e4.\" \/>\n<meta property=\"og:url\" content=\"https:\/\/www.ekonomit.fi\/en\/working-life-databank\/job-seeking-is-active-work\/cv\/\" \/>\n<meta property=\"og:site_name\" content=\"Suomen Ekonomit\" \/>\n<meta property=\"article:modified_time\" content=\"2020-06-16T11:20:04+00:00\" \/>\n<meta name=\"twitter:card\" content=\"summary_large_image\" \/>\n<meta name=\"twitter:label1\" content=\"Est. reading time\" \/>\n\t<meta name=\"twitter:data1\" content=\"4 minutes\" \/>\n<script type=\"application\/ld+json\" class=\"yoast-schema-graph\">{\"@context\":\"https:\\\/\\\/schema.org\",\"@graph\":[{\"@type\":\"WebPage\",\"@id\":\"https:\\\/\\\/www.ekonomit.fi\\\/en\\\/working-life-databank\\\/job-seeking-is-active-work\\\/cv\\\/\",\"url\":\"https:\\\/\\\/www.ekonomit.fi\\\/en\\\/working-life-databank\\\/job-seeking-is-active-work\\\/cv\\\/\",\"name\":\"CV - Suomen Ekonomit\",\"isPartOf\":{\"@id\":\"https:\\\/\\\/www.ekonomit.fi\\\/en\\\/#website\"},\"datePublished\":\"2020-06-16T11:19:55+00:00\",\"dateModified\":\"2020-06-16T11:20:04+00:00\",\"description\":\"Perhevapaita koskevat s\u00e4\u00e4d\u00f6kset l\u00f6ytyv\u00e4t ty\u00f6sopimuslaista. Perhevapaas\u00e4\u00e4d\u00f6kset turvaavat ty\u00f6ntekij\u00e4lle oikeuden \u00e4itiys-, erityis\u00e4itiys-, isyys-, vanhempain- ja hoitovapaisiin sek\u00e4 oikeuden olla pois ty\u00f6st\u00e4 ennalta arvaamattoman tai pakottavan perhesyyn vuoksi. Perhevapaat ovat subjektiivisia oikeuksia, mik\u00e4li niiden edellytykset t\u00e4yttyv\u00e4t. My\u00f6s muista perhesyist\u00e4 voi olla oikeus poissaoloon t\u00f6ist\u00e4.\",\"breadcrumb\":{\"@id\":\"https:\\\/\\\/www.ekonomit.fi\\\/en\\\/working-life-databank\\\/job-seeking-is-active-work\\\/cv\\\/#breadcrumb\"},\"inLanguage\":\"en-US\",\"potentialAction\":[{\"@type\":\"ReadAction\",\"target\":[\"https:\\\/\\\/www.ekonomit.fi\\\/en\\\/working-life-databank\\\/job-seeking-is-active-work\\\/cv\\\/\"]}]},{\"@type\":\"BreadcrumbList\",\"@id\":\"https:\\\/\\\/www.ekonomit.fi\\\/en\\\/working-life-databank\\\/job-seeking-is-active-work\\\/cv\\\/#breadcrumb\",\"itemListElement\":[{\"@type\":\"ListItem\",\"position\":1,\"name\":\"Home\",\"item\":\"https:\\\/\\\/www.ekonomit.fi\\\/en\\\/\"},{\"@type\":\"ListItem\",\"position\":2,\"name\":\"Working Life Information\",\"item\":\"https:\\\/\\\/www.ekonomit.fi\\\/en\\\/working-life-databank\\\/\"},{\"@type\":\"ListItem\",\"position\":3,\"name\":\"Job seeking is active work\",\"item\":\"https:\\\/\\\/www.ekonomit.fi\\\/en\\\/working-life-databank\\\/job-seeking-is-active-work\\\/\"},{\"@type\":\"ListItem\",\"position\":4,\"name\":\"CV\"}]},{\"@type\":\"WebSite\",\"@id\":\"https:\\\/\\\/www.ekonomit.fi\\\/en\\\/#website\",\"url\":\"https:\\\/\\\/www.ekonomit.fi\\\/en\\\/\",\"name\":\"Suomen Ekonomit\",\"description\":\"\",\"publisher\":{\"@id\":\"https:\\\/\\\/www.ekonomit.fi\\\/en\\\/#organization\"},\"potentialAction\":[{\"@type\":\"SearchAction\",\"target\":{\"@type\":\"EntryPoint\",\"urlTemplate\":\"https:\\\/\\\/www.ekonomit.fi\\\/en\\\/?s={search_term_string}\"},\"query-input\":{\"@type\":\"PropertyValueSpecification\",\"valueRequired\":true,\"valueName\":\"search_term_string\"}}],\"inLanguage\":\"en-US\"},{\"@type\":\"Organization\",\"@id\":\"https:\\\/\\\/www.ekonomit.fi\\\/en\\\/#organization\",\"name\":\"Suomen Ekonomit\",\"url\":\"https:\\\/\\\/www.ekonomit.fi\\\/en\\\/\",\"logo\":{\"@type\":\"ImageObject\",\"inLanguage\":\"en-US\",\"@id\":\"https:\\\/\\\/www.ekonomit.fi\\\/en\\\/#\\\/schema\\\/logo\\\/image\\\/\",\"url\":\"https:\\\/\\\/www.ekonomit.fi\\\/wp-content\\\/uploads\\\/2020\\\/05\\\/ekonomit-mer-nega.png\",\"contentUrl\":\"https:\\\/\\\/www.ekonomit.fi\\\/wp-content\\\/uploads\\\/2020\\\/05\\\/ekonomit-mer-nega.png\",\"width\":870,\"height\":307,\"caption\":\"Suomen Ekonomit\"},\"image\":{\"@id\":\"https:\\\/\\\/www.ekonomit.fi\\\/en\\\/#\\\/schema\\\/logo\\\/image\\\/\"}}]}<\/script>\n<!-- \/ Yoast SEO plugin. -->","yoast_head_json":{"title":"CV - Suomen Ekonomit","description":"Perhevapaita koskevat s\u00e4\u00e4d\u00f6kset l\u00f6ytyv\u00e4t ty\u00f6sopimuslaista. Perhevapaas\u00e4\u00e4d\u00f6kset turvaavat ty\u00f6ntekij\u00e4lle oikeuden \u00e4itiys-, erityis\u00e4itiys-, isyys-, vanhempain- ja hoitovapaisiin sek\u00e4 oikeuden olla pois ty\u00f6st\u00e4 ennalta arvaamattoman tai pakottavan perhesyyn vuoksi. Perhevapaat ovat subjektiivisia oikeuksia, mik\u00e4li niiden edellytykset t\u00e4yttyv\u00e4t. My\u00f6s muista perhesyist\u00e4 voi olla oikeus poissaoloon t\u00f6ist\u00e4.","robots":{"index":"index","follow":"follow","max-snippet":"max-snippet:-1","max-image-preview":"max-image-preview:large","max-video-preview":"max-video-preview:-1"},"canonical":"https:\/\/www.ekonomit.fi\/en\/working-life-databank\/job-seeking-is-active-work\/cv\/","og_locale":"en_US","og_type":"article","og_title":"CV - Suomen Ekonomit","og_description":"Perhevapaita koskevat s\u00e4\u00e4d\u00f6kset l\u00f6ytyv\u00e4t ty\u00f6sopimuslaista. Perhevapaas\u00e4\u00e4d\u00f6kset turvaavat ty\u00f6ntekij\u00e4lle oikeuden \u00e4itiys-, erityis\u00e4itiys-, isyys-, vanhempain- ja hoitovapaisiin sek\u00e4 oikeuden olla pois ty\u00f6st\u00e4 ennalta arvaamattoman tai pakottavan perhesyyn vuoksi. Perhevapaat ovat subjektiivisia oikeuksia, mik\u00e4li niiden edellytykset t\u00e4yttyv\u00e4t. My\u00f6s muista perhesyist\u00e4 voi olla oikeus poissaoloon t\u00f6ist\u00e4.","og_url":"https:\/\/www.ekonomit.fi\/en\/working-life-databank\/job-seeking-is-active-work\/cv\/","og_site_name":"Suomen Ekonomit","article_modified_time":"2020-06-16T11:20:04+00:00","twitter_card":"summary_large_image","twitter_misc":{"Est. reading time":"4 minutes"},"schema":{"@context":"https:\/\/schema.org","@graph":[{"@type":"WebPage","@id":"https:\/\/www.ekonomit.fi\/en\/working-life-databank\/job-seeking-is-active-work\/cv\/","url":"https:\/\/www.ekonomit.fi\/en\/working-life-databank\/job-seeking-is-active-work\/cv\/","name":"CV - Suomen Ekonomit","isPartOf":{"@id":"https:\/\/www.ekonomit.fi\/en\/#website"},"datePublished":"2020-06-16T11:19:55+00:00","dateModified":"2020-06-16T11:20:04+00:00","description":"Perhevapaita koskevat s\u00e4\u00e4d\u00f6kset l\u00f6ytyv\u00e4t ty\u00f6sopimuslaista. Perhevapaas\u00e4\u00e4d\u00f6kset turvaavat ty\u00f6ntekij\u00e4lle oikeuden \u00e4itiys-, erityis\u00e4itiys-, isyys-, vanhempain- ja hoitovapaisiin sek\u00e4 oikeuden olla pois ty\u00f6st\u00e4 ennalta arvaamattoman tai pakottavan perhesyyn vuoksi. Perhevapaat ovat subjektiivisia oikeuksia, mik\u00e4li niiden edellytykset t\u00e4yttyv\u00e4t. My\u00f6s muista perhesyist\u00e4 voi olla oikeus poissaoloon t\u00f6ist\u00e4.","breadcrumb":{"@id":"https:\/\/www.ekonomit.fi\/en\/working-life-databank\/job-seeking-is-active-work\/cv\/#breadcrumb"},"inLanguage":"en-US","potentialAction":[{"@type":"ReadAction","target":["https:\/\/www.ekonomit.fi\/en\/working-life-databank\/job-seeking-is-active-work\/cv\/"]}]},{"@type":"BreadcrumbList","@id":"https:\/\/www.ekonomit.fi\/en\/working-life-databank\/job-seeking-is-active-work\/cv\/#breadcrumb","itemListElement":[{"@type":"ListItem","position":1,"name":"Home","item":"https:\/\/www.ekonomit.fi\/en\/"},{"@type":"ListItem","position":2,"name":"Working Life Information","item":"https:\/\/www.ekonomit.fi\/en\/working-life-databank\/"},{"@type":"ListItem","position":3,"name":"Job seeking is active work","item":"https:\/\/www.ekonomit.fi\/en\/working-life-databank\/job-seeking-is-active-work\/"},{"@type":"ListItem","position":4,"name":"CV"}]},{"@type":"WebSite","@id":"https:\/\/www.ekonomit.fi\/en\/#website","url":"https:\/\/www.ekonomit.fi\/en\/","name":"Suomen Ekonomit","description":"","publisher":{"@id":"https:\/\/www.ekonomit.fi\/en\/#organization"},"potentialAction":[{"@type":"SearchAction","target":{"@type":"EntryPoint","urlTemplate":"https:\/\/www.ekonomit.fi\/en\/?s={search_term_string}"},"query-input":{"@type":"PropertyValueSpecification","valueRequired":true,"valueName":"search_term_string"}}],"inLanguage":"en-US"},{"@type":"Organization","@id":"https:\/\/www.ekonomit.fi\/en\/#organization","name":"Suomen Ekonomit","url":"https:\/\/www.ekonomit.fi\/en\/","logo":{"@type":"ImageObject","inLanguage":"en-US","@id":"https:\/\/www.ekonomit.fi\/en\/#\/schema\/logo\/image\/","url":"https:\/\/www.ekonomit.fi\/wp-content\/uploads\/2020\/05\/ekonomit-mer-nega.png","contentUrl":"https:\/\/www.ekonomit.fi\/wp-content\/uploads\/2020\/05\/ekonomit-mer-nega.png","width":870,"height":307,"caption":"Suomen Ekonomit"},"image":{"@id":"https:\/\/www.ekonomit.fi\/en\/#\/schema\/logo\/image\/"}}]}},"coauthors":[],"author_meta":{"author_link":"https:\/\/www.ekonomit.fi\/en\/author\/kristian-sarostoekonomit-fi\/","display_name":"kristian.sarosto@ekonomit.fi"},"relative_dates":{"created":"Posted 6 years ago","modified":"Updated 6 years ago"},"absolute_dates":{"created":"Posted on 16.06.2020","modified":"Updated on 16.06.2020"},"absolute_dates_time":{"created":"Posted on 16.06.2020 14:19","modified":"Updated on 16.06.2020 14:20"},"featured_img_caption":"","featured_img":false,"series_order":"","jetpack_sharing_enabled":true,"_links":{"self":[{"href":"https:\/\/www.ekonomit.fi\/en\/wp-json\/wp\/v2\/pages\/7908","targetHints":{"allow":["GET"]}}],"collection":[{"href":"https:\/\/www.ekonomit.fi\/en\/wp-json\/wp\/v2\/pages"}],"about":[{"href":"https:\/\/www.ekonomit.fi\/en\/wp-json\/wp\/v2\/types\/page"}],"author":[{"embeddable":true,"href":"https:\/\/www.ekonomit.fi\/en\/wp-json\/wp\/v2\/users\/27"}],"replies":[{"embeddable":true,"href":"https:\/\/www.ekonomit.fi\/en\/wp-json\/wp\/v2\/comments?post=7908"}],"version-history":[{"count":2,"href":"https:\/\/www.ekonomit.fi\/en\/wp-json\/wp\/v2\/pages\/7908\/revisions"}],"predecessor-version":[{"id":7928,"href":"https:\/\/www.ekonomit.fi\/en\/wp-json\/wp\/v2\/pages\/7908\/revisions\/7928"}],"up":[{"embeddable":true,"href":"https:\/\/www.ekonomit.fi\/en\/wp-json\/wp\/v2\/pages\/7882"}],"wp:attachment":[{"href":"https:\/\/www.ekonomit.fi\/en\/wp-json\/wp\/v2\/media?parent=7908"}],"curies":[{"name":"wp","href":"https:\/\/api.w.org\/{rel}","templated":true}]}}