{"id":7935,"date":"2020-06-16T14:49:01","date_gmt":"2020-06-16T11:49:01","guid":{"rendered":"https:\/\/www.ekonomit.fi\/?page_id=7935"},"modified":"2020-06-17T10:39:53","modified_gmt":"2020-06-17T07:39:53","slug":"job-application","status":"publish","type":"page","link":"https:\/\/www.ekonomit.fi\/en\/working-life-databank\/job-seeking-is-active-work\/job-application\/","title":{"rendered":"Effective job application will take you to an interview"},"content":{"rendered":"\n<div class=\"wp-block-columns is-layout-flex wp-container-core-columns-is-layout-9d6595d7 wp-block-columns-is-layout-flex\">\n<div class=\"wp-block-column is-layout-flow wp-block-column-is-layout-flow\" style=\"flex-basis:66.66%\">\n<p>What are the qualities of an effective job application? How to stand out? The most important function of a job application is to open the door to an interview for you.<\/p>\n\n\n\n<h2 class=\"wp-block-heading\">A good job application is clear and distinctive<\/h2>\n\n\n\n<ul class=\"wp-block-list\"><li>A good job application is clear and concise. Its optimal length is one A4 page.<\/li><li>Be clear: who\u2019s applying and why, and what is the applied position.<\/li><li>The job application has to correspond with the job advertisement. Customise your application to each applied job.<\/li><li>Focus on readability. Clear and errorless standard writing is the safest option.<\/li><li>Show your personality. You can play with settings or fonts. Content is key, however; don\u2019t invest all resources in impressive design at the cost of content.<\/li><li>The employer is interested in the following: what motivates you to apply for this job? Why do you think you are the most suitable candidate for this position? What are your strengths and qualities which contribute to your success in this job?<\/li><li>Avoid repetition: your cover letter is not an essay of the content of your CV but should rather complement it.<\/li><\/ul>\n\n\n\n<h2 class=\"wp-block-heading\">Structure of a job application<\/h2>\n\n\n\n<p>Raise interest by describing your motivation. What in the employer\u2019s activities, ways of working or products interests you so much that you want to work to promote them? What inspires you in the applied job?<br>Next paragraphs should describe your expertise, experience and qualities which are relevant to the applied position. Try to meet the expectations of the job advertisement by stating your expertise for each requirement. Add examples if possible.<\/p>\n\n\n\n<p>A polite and conclusive final paragraph includes a salary requirement if it has been requested. Use even numbers and add that you\u2019re willing to discuss it as soon as you know more about the job content.<br>Set a reasonable salary requirement by using our Salary Radar (in Member Service) or by contacting our Salary Counselling.<\/p>\n\n\n\n<h2 class=\"wp-block-heading\">Prepare your job application<\/h2>\n\n\n\n<p>Ask somebody else to proofread your application. Before sending it, make sure that your application portrays a correct image of you, your expertise and your goals.<br>Use all possible means to help you write a successful job application. The career coaches of The Finnish Business School Graduates help you in drafting your job application. If you\u2019re a student you can also get help from the recruitment services of your university.<\/p>\n\n\n\n<p>Call the employer if you\u2019re invited to do so.<\/p>\n\n\n\n<ul class=\"wp-block-list\"><li>By calling, you can get additional information on the applied position and possibly also on your potential future organisation and team.<\/li><li>You\u2019ll make a positive and professional impression if you ask job-relevant questions. Think about what information you would need if you started in your new position tomorrow.<\/li><li>Be prepared to briefly tell about our skills and goals.<\/li><li>Use the information acquired during the telephone conversation when writing your application.<\/li><li>Refer to the conversation in your application: with whom did you speak and when.<\/li><\/ul>\n\n\n\n<p>Send the application in a required file format or as pdf so that the recipient receives it in a required format.<\/p>\n\n\n\n<p>\u2022&nbsp;&nbsp; &nbsp;When you send your application by email, write a short accompanying note in the text field and add your job application as an attachment.<br>\u2022&nbsp;&nbsp; &nbsp;If you submit your application in an online service, use possible open text fields as effectively as possible. They provide an opportunity to stand out and emphasise your expertise and personality.<\/p>\n<\/div>\n\n\n\n<div class=\"wp-block-column is-layout-flow wp-block-column-is-layout-flow\" style=\"flex-basis:33.33%\">\n<div style=\"height:20px\" aria-hidden=\"true\" class=\"wp-block-spacer\"><\/div>\n\n\n\n<h3 class=\"wp-block-heading\">Watch video on job application (in finnish)<\/h3>\n\n\n\n<figure class=\"wp-block-embed-youtube wp-block-embed is-type-video is-provider-youtube wp-embed-aspect-16-9 wp-has-aspect-ratio\"><div class=\"wp-block-embed__wrapper\">\n<iframe title=\"Ty\u00f6hakemusvideo\" width=\"500\" height=\"281\" src=\"https:\/\/www.youtube.com\/embed\/R1XnZaqGjqU?feature=oembed\" frameborder=\"0\" allow=\"accelerometer; autoplay; clipboard-write; encrypted-media; gyroscope; picture-in-picture; web-share\" referrerpolicy=\"strict-origin-when-cross-origin\" allowfullscreen><\/iframe>\n<\/div><\/figure>\n\n\n\n<div class=\"wp-block-group has-brand-gray-medium-background-color has-page-foreground-color has-text-color has-background is-style-background-gray-medium has-padding-medium\"><div class=\"wp-block-group__inner-container is-layout-flow wp-block-group-is-layout-flow\">\n<h4 class=\"wp-block-heading\">&#8220;<\/h4>\n\n\n\n<p>\u201dBefore writing and sending the application the applicant should thoroughly think why he or she wants to apply for that particular position and how to convincingly justify it in your cover letter. Remember that all applicants usually meet the basic requirements, such as holding a Master\u2019s degree in Business. Therefore, the recruiters, when selecting candidates for interviews, focus on those applicants who appear genuinely interested.\u201d<\/p>\n\n\n\n<p><em>Ernst &amp; Young<\/em><\/p>\n<\/div><\/div>\n\n\n\n<div style=\"height:20px\" aria-hidden=\"true\" class=\"wp-block-spacer\"><\/div>\n\n\n\n<div style=\"height:20px\" aria-hidden=\"true\" class=\"wp-block-spacer\"><\/div>\n<\/div>\n<\/div>\n\n\n\n<p><\/p>\n<div class=\"rns\" data-title=\"Effective job application will take you to an interview\" data-tags=\"\" data-categories=\"\" data-comments=\"0\" data-date=\"1592318941000\" data-author=\"kristian.sarosto@ekonomit.fi\" data-single=\"\" data-url=\"https:\/\/www.ekonomit.fi\/en\/working-life-databank\/job-seeking-is-active-work\/job-application\/\"><\/div> <!-- Check out https:\/\/reactandshare.com -->","protected":false},"excerpt":{"rendered":"<p>What are the qualities of an effective job application? How to stand out? The&#8230;<\/p>\n","protected":false},"author":27,"featured_media":0,"parent":7882,"menu_order":0,"comment_status":"closed","ping_status":"closed","template":"page-templates\/page-sidebars.php","meta":{"_acf_changed":false,"inline_featured_image":false,"advgb_blocks_editor_width":"","advgb_blocks_columns_visual_guide":"","footnotes":""},"class_list":["post-7935","page","type-page","status-publish","hentry"],"acf":[],"yoast_head":"<!-- This site is optimized with the Yoast SEO plugin v27.3 - https:\/\/yoast.com\/product\/yoast-seo-wordpress\/ -->\n<title>Effective job application will take you to an interview - Suomen Ekonomit<\/title>\n<meta name=\"description\" content=\"Perhevapaita koskevat s\u00e4\u00e4d\u00f6kset l\u00f6ytyv\u00e4t ty\u00f6sopimuslaista. Perhevapaas\u00e4\u00e4d\u00f6kset turvaavat ty\u00f6ntekij\u00e4lle oikeuden \u00e4itiys-, erityis\u00e4itiys-, isyys-, vanhempain- ja hoitovapaisiin sek\u00e4 oikeuden olla pois ty\u00f6st\u00e4 ennalta arvaamattoman tai pakottavan perhesyyn vuoksi. Perhevapaat ovat subjektiivisia oikeuksia, mik\u00e4li niiden edellytykset t\u00e4yttyv\u00e4t. My\u00f6s muista perhesyist\u00e4 voi olla oikeus poissaoloon t\u00f6ist\u00e4.\" \/>\n<meta name=\"robots\" content=\"index, follow, max-snippet:-1, max-image-preview:large, max-video-preview:-1\" \/>\n<link rel=\"canonical\" href=\"https:\/\/www.ekonomit.fi\/en\/working-life-databank\/job-seeking-is-active-work\/job-application\/\" \/>\n<meta property=\"og:locale\" content=\"en_US\" \/>\n<meta property=\"og:type\" content=\"article\" \/>\n<meta property=\"og:title\" content=\"Effective job application will take you to an interview - Suomen Ekonomit\" \/>\n<meta property=\"og:description\" content=\"Perhevapaita koskevat s\u00e4\u00e4d\u00f6kset l\u00f6ytyv\u00e4t ty\u00f6sopimuslaista. Perhevapaas\u00e4\u00e4d\u00f6kset turvaavat ty\u00f6ntekij\u00e4lle oikeuden \u00e4itiys-, erityis\u00e4itiys-, isyys-, vanhempain- ja hoitovapaisiin sek\u00e4 oikeuden olla pois ty\u00f6st\u00e4 ennalta arvaamattoman tai pakottavan perhesyyn vuoksi. Perhevapaat ovat subjektiivisia oikeuksia, mik\u00e4li niiden edellytykset t\u00e4yttyv\u00e4t. My\u00f6s muista perhesyist\u00e4 voi olla oikeus poissaoloon t\u00f6ist\u00e4.\" \/>\n<meta property=\"og:url\" content=\"https:\/\/www.ekonomit.fi\/en\/working-life-databank\/job-seeking-is-active-work\/job-application\/\" \/>\n<meta property=\"og:site_name\" content=\"Suomen Ekonomit\" \/>\n<meta property=\"article:modified_time\" content=\"2020-06-17T07:39:53+00:00\" \/>\n<meta name=\"twitter:card\" content=\"summary_large_image\" \/>\n<meta name=\"twitter:label1\" content=\"Est. reading time\" \/>\n\t<meta name=\"twitter:data1\" content=\"3 minutes\" \/>\n<script type=\"application\/ld+json\" class=\"yoast-schema-graph\">{\"@context\":\"https:\\\/\\\/schema.org\",\"@graph\":[{\"@type\":\"WebPage\",\"@id\":\"https:\\\/\\\/www.ekonomit.fi\\\/en\\\/working-life-databank\\\/job-seeking-is-active-work\\\/job-application\\\/\",\"url\":\"https:\\\/\\\/www.ekonomit.fi\\\/en\\\/working-life-databank\\\/job-seeking-is-active-work\\\/job-application\\\/\",\"name\":\"Effective job application will take you to an interview - Suomen Ekonomit\",\"isPartOf\":{\"@id\":\"https:\\\/\\\/www.ekonomit.fi\\\/en\\\/#website\"},\"datePublished\":\"2020-06-16T11:49:01+00:00\",\"dateModified\":\"2020-06-17T07:39:53+00:00\",\"description\":\"Perhevapaita koskevat s\u00e4\u00e4d\u00f6kset l\u00f6ytyv\u00e4t ty\u00f6sopimuslaista. Perhevapaas\u00e4\u00e4d\u00f6kset turvaavat ty\u00f6ntekij\u00e4lle oikeuden \u00e4itiys-, erityis\u00e4itiys-, isyys-, vanhempain- ja hoitovapaisiin sek\u00e4 oikeuden olla pois ty\u00f6st\u00e4 ennalta arvaamattoman tai pakottavan perhesyyn vuoksi. Perhevapaat ovat subjektiivisia oikeuksia, mik\u00e4li niiden edellytykset t\u00e4yttyv\u00e4t. My\u00f6s muista perhesyist\u00e4 voi olla oikeus poissaoloon t\u00f6ist\u00e4.\",\"breadcrumb\":{\"@id\":\"https:\\\/\\\/www.ekonomit.fi\\\/en\\\/working-life-databank\\\/job-seeking-is-active-work\\\/job-application\\\/#breadcrumb\"},\"inLanguage\":\"en-US\",\"potentialAction\":[{\"@type\":\"ReadAction\",\"target\":[\"https:\\\/\\\/www.ekonomit.fi\\\/en\\\/working-life-databank\\\/job-seeking-is-active-work\\\/job-application\\\/\"]}]},{\"@type\":\"BreadcrumbList\",\"@id\":\"https:\\\/\\\/www.ekonomit.fi\\\/en\\\/working-life-databank\\\/job-seeking-is-active-work\\\/job-application\\\/#breadcrumb\",\"itemListElement\":[{\"@type\":\"ListItem\",\"position\":1,\"name\":\"Home\",\"item\":\"https:\\\/\\\/www.ekonomit.fi\\\/en\\\/\"},{\"@type\":\"ListItem\",\"position\":2,\"name\":\"Working Life Information\",\"item\":\"https:\\\/\\\/www.ekonomit.fi\\\/en\\\/working-life-databank\\\/\"},{\"@type\":\"ListItem\",\"position\":3,\"name\":\"Job seeking is active work\",\"item\":\"https:\\\/\\\/www.ekonomit.fi\\\/en\\\/working-life-databank\\\/job-seeking-is-active-work\\\/\"},{\"@type\":\"ListItem\",\"position\":4,\"name\":\"Effective job application will take you to an interview\"}]},{\"@type\":\"WebSite\",\"@id\":\"https:\\\/\\\/www.ekonomit.fi\\\/en\\\/#website\",\"url\":\"https:\\\/\\\/www.ekonomit.fi\\\/en\\\/\",\"name\":\"Suomen Ekonomit\",\"description\":\"\",\"publisher\":{\"@id\":\"https:\\\/\\\/www.ekonomit.fi\\\/en\\\/#organization\"},\"potentialAction\":[{\"@type\":\"SearchAction\",\"target\":{\"@type\":\"EntryPoint\",\"urlTemplate\":\"https:\\\/\\\/www.ekonomit.fi\\\/en\\\/?s={search_term_string}\"},\"query-input\":{\"@type\":\"PropertyValueSpecification\",\"valueRequired\":true,\"valueName\":\"search_term_string\"}}],\"inLanguage\":\"en-US\"},{\"@type\":\"Organization\",\"@id\":\"https:\\\/\\\/www.ekonomit.fi\\\/en\\\/#organization\",\"name\":\"Suomen Ekonomit\",\"url\":\"https:\\\/\\\/www.ekonomit.fi\\\/en\\\/\",\"logo\":{\"@type\":\"ImageObject\",\"inLanguage\":\"en-US\",\"@id\":\"https:\\\/\\\/www.ekonomit.fi\\\/en\\\/#\\\/schema\\\/logo\\\/image\\\/\",\"url\":\"https:\\\/\\\/www.ekonomit.fi\\\/wp-content\\\/uploads\\\/2020\\\/05\\\/ekonomit-mer-nega.png\",\"contentUrl\":\"https:\\\/\\\/www.ekonomit.fi\\\/wp-content\\\/uploads\\\/2020\\\/05\\\/ekonomit-mer-nega.png\",\"width\":870,\"height\":307,\"caption\":\"Suomen Ekonomit\"},\"image\":{\"@id\":\"https:\\\/\\\/www.ekonomit.fi\\\/en\\\/#\\\/schema\\\/logo\\\/image\\\/\"}}]}<\/script>\n<!-- \/ Yoast SEO plugin. -->","yoast_head_json":{"title":"Effective job application will take you to an interview - Suomen Ekonomit","description":"Perhevapaita koskevat s\u00e4\u00e4d\u00f6kset l\u00f6ytyv\u00e4t ty\u00f6sopimuslaista. Perhevapaas\u00e4\u00e4d\u00f6kset turvaavat ty\u00f6ntekij\u00e4lle oikeuden \u00e4itiys-, erityis\u00e4itiys-, isyys-, vanhempain- ja hoitovapaisiin sek\u00e4 oikeuden olla pois ty\u00f6st\u00e4 ennalta arvaamattoman tai pakottavan perhesyyn vuoksi. Perhevapaat ovat subjektiivisia oikeuksia, mik\u00e4li niiden edellytykset t\u00e4yttyv\u00e4t. My\u00f6s muista perhesyist\u00e4 voi olla oikeus poissaoloon t\u00f6ist\u00e4.","robots":{"index":"index","follow":"follow","max-snippet":"max-snippet:-1","max-image-preview":"max-image-preview:large","max-video-preview":"max-video-preview:-1"},"canonical":"https:\/\/www.ekonomit.fi\/en\/working-life-databank\/job-seeking-is-active-work\/job-application\/","og_locale":"en_US","og_type":"article","og_title":"Effective job application will take you to an interview - Suomen Ekonomit","og_description":"Perhevapaita koskevat s\u00e4\u00e4d\u00f6kset l\u00f6ytyv\u00e4t ty\u00f6sopimuslaista. Perhevapaas\u00e4\u00e4d\u00f6kset turvaavat ty\u00f6ntekij\u00e4lle oikeuden \u00e4itiys-, erityis\u00e4itiys-, isyys-, vanhempain- ja hoitovapaisiin sek\u00e4 oikeuden olla pois ty\u00f6st\u00e4 ennalta arvaamattoman tai pakottavan perhesyyn vuoksi. Perhevapaat ovat subjektiivisia oikeuksia, mik\u00e4li niiden edellytykset t\u00e4yttyv\u00e4t. My\u00f6s muista perhesyist\u00e4 voi olla oikeus poissaoloon t\u00f6ist\u00e4.","og_url":"https:\/\/www.ekonomit.fi\/en\/working-life-databank\/job-seeking-is-active-work\/job-application\/","og_site_name":"Suomen Ekonomit","article_modified_time":"2020-06-17T07:39:53+00:00","twitter_card":"summary_large_image","twitter_misc":{"Est. reading time":"3 minutes"},"schema":{"@context":"https:\/\/schema.org","@graph":[{"@type":"WebPage","@id":"https:\/\/www.ekonomit.fi\/en\/working-life-databank\/job-seeking-is-active-work\/job-application\/","url":"https:\/\/www.ekonomit.fi\/en\/working-life-databank\/job-seeking-is-active-work\/job-application\/","name":"Effective job application will take you to an interview - Suomen Ekonomit","isPartOf":{"@id":"https:\/\/www.ekonomit.fi\/en\/#website"},"datePublished":"2020-06-16T11:49:01+00:00","dateModified":"2020-06-17T07:39:53+00:00","description":"Perhevapaita koskevat s\u00e4\u00e4d\u00f6kset l\u00f6ytyv\u00e4t ty\u00f6sopimuslaista. Perhevapaas\u00e4\u00e4d\u00f6kset turvaavat ty\u00f6ntekij\u00e4lle oikeuden \u00e4itiys-, erityis\u00e4itiys-, isyys-, vanhempain- ja hoitovapaisiin sek\u00e4 oikeuden olla pois ty\u00f6st\u00e4 ennalta arvaamattoman tai pakottavan perhesyyn vuoksi. Perhevapaat ovat subjektiivisia oikeuksia, mik\u00e4li niiden edellytykset t\u00e4yttyv\u00e4t. My\u00f6s muista perhesyist\u00e4 voi olla oikeus poissaoloon t\u00f6ist\u00e4.","breadcrumb":{"@id":"https:\/\/www.ekonomit.fi\/en\/working-life-databank\/job-seeking-is-active-work\/job-application\/#breadcrumb"},"inLanguage":"en-US","potentialAction":[{"@type":"ReadAction","target":["https:\/\/www.ekonomit.fi\/en\/working-life-databank\/job-seeking-is-active-work\/job-application\/"]}]},{"@type":"BreadcrumbList","@id":"https:\/\/www.ekonomit.fi\/en\/working-life-databank\/job-seeking-is-active-work\/job-application\/#breadcrumb","itemListElement":[{"@type":"ListItem","position":1,"name":"Home","item":"https:\/\/www.ekonomit.fi\/en\/"},{"@type":"ListItem","position":2,"name":"Working Life Information","item":"https:\/\/www.ekonomit.fi\/en\/working-life-databank\/"},{"@type":"ListItem","position":3,"name":"Job seeking is active work","item":"https:\/\/www.ekonomit.fi\/en\/working-life-databank\/job-seeking-is-active-work\/"},{"@type":"ListItem","position":4,"name":"Effective job application will take you to an interview"}]},{"@type":"WebSite","@id":"https:\/\/www.ekonomit.fi\/en\/#website","url":"https:\/\/www.ekonomit.fi\/en\/","name":"Suomen Ekonomit","description":"","publisher":{"@id":"https:\/\/www.ekonomit.fi\/en\/#organization"},"potentialAction":[{"@type":"SearchAction","target":{"@type":"EntryPoint","urlTemplate":"https:\/\/www.ekonomit.fi\/en\/?s={search_term_string}"},"query-input":{"@type":"PropertyValueSpecification","valueRequired":true,"valueName":"search_term_string"}}],"inLanguage":"en-US"},{"@type":"Organization","@id":"https:\/\/www.ekonomit.fi\/en\/#organization","name":"Suomen Ekonomit","url":"https:\/\/www.ekonomit.fi\/en\/","logo":{"@type":"ImageObject","inLanguage":"en-US","@id":"https:\/\/www.ekonomit.fi\/en\/#\/schema\/logo\/image\/","url":"https:\/\/www.ekonomit.fi\/wp-content\/uploads\/2020\/05\/ekonomit-mer-nega.png","contentUrl":"https:\/\/www.ekonomit.fi\/wp-content\/uploads\/2020\/05\/ekonomit-mer-nega.png","width":870,"height":307,"caption":"Suomen Ekonomit"},"image":{"@id":"https:\/\/www.ekonomit.fi\/en\/#\/schema\/logo\/image\/"}}]}},"coauthors":[],"author_meta":{"author_link":"https:\/\/www.ekonomit.fi\/en\/author\/kristian-sarostoekonomit-fi\/","display_name":"kristian.sarosto@ekonomit.fi"},"relative_dates":{"created":"Posted 6 years ago","modified":"Updated 6 years ago"},"absolute_dates":{"created":"Posted on 16.06.2020","modified":"Updated on 17.06.2020"},"absolute_dates_time":{"created":"Posted on 16.06.2020 14:49","modified":"Updated on 17.06.2020 10:39"},"featured_img_caption":"","featured_img":false,"series_order":"","jetpack_sharing_enabled":true,"_links":{"self":[{"href":"https:\/\/www.ekonomit.fi\/en\/wp-json\/wp\/v2\/pages\/7935","targetHints":{"allow":["GET"]}}],"collection":[{"href":"https:\/\/www.ekonomit.fi\/en\/wp-json\/wp\/v2\/pages"}],"about":[{"href":"https:\/\/www.ekonomit.fi\/en\/wp-json\/wp\/v2\/types\/page"}],"author":[{"embeddable":true,"href":"https:\/\/www.ekonomit.fi\/en\/wp-json\/wp\/v2\/users\/27"}],"replies":[{"embeddable":true,"href":"https:\/\/www.ekonomit.fi\/en\/wp-json\/wp\/v2\/comments?post=7935"}],"version-history":[{"count":4,"href":"https:\/\/www.ekonomit.fi\/en\/wp-json\/wp\/v2\/pages\/7935\/revisions"}],"predecessor-version":[{"id":8499,"href":"https:\/\/www.ekonomit.fi\/en\/wp-json\/wp\/v2\/pages\/7935\/revisions\/8499"}],"up":[{"embeddable":true,"href":"https:\/\/www.ekonomit.fi\/en\/wp-json\/wp\/v2\/pages\/7882"}],"wp:attachment":[{"href":"https:\/\/www.ekonomit.fi\/en\/wp-json\/wp\/v2\/media?parent=7935"}],"curies":[{"name":"wp","href":"https:\/\/api.w.org\/{rel}","templated":true}]}}