{"id":7953,"date":"2020-06-16T15:10:42","date_gmt":"2020-06-16T12:10:42","guid":{"rendered":"https:\/\/www.ekonomit.fi\/?page_id=7953"},"modified":"2020-06-17T10:46:16","modified_gmt":"2020-06-17T07:46:16","slug":"job-interview","status":"publish","type":"page","link":"https:\/\/www.ekonomit.fi\/en\/working-life-databank\/job-seeking-is-active-work\/job-interview\/","title":{"rendered":"Job interview is your chance to acquire information"},"content":{"rendered":"\n<div class=\"wp-block-columns is-layout-flex wp-container-core-columns-is-layout-9d6595d7 wp-block-columns-is-layout-flex\">\n<div class=\"wp-block-column is-layout-flow wp-block-column-is-layout-flow\" style=\"flex-basis:66.66%\">\n<p>In the job interview, the recruiter tries to find out whether you, your qualities and motivation, as well as your professional aspirations, life situation, self-image and values, are a good fit for the position in question. On the other hand, the interview is also your chance to acquire essential information on the position and the employer.<\/p>\n\n\n\n<h2 class=\"wp-block-heading\">How does the job interview progress?<\/h2>\n\n\n\n<p>Often in the beginning of the interview you\u2019ll hear about the organisation, the position and its requirements. After this, the recruiter wants to know about you.<\/p>\n\n\n\n<p>The first question often is: Tell me briefly about yourself. Prepare for this, think about how to explain your background in a clear and concise manner. Be prepared to elaborate on the elements of your CV. Check our tips for a perfect elevator pitch.<\/p>\n\n\n\n<p>Be prepared to be interviewed in different languages. Often you are also asked to perform a work-related assignment. In the end of the interview, the interviewer often explains you the recruitment process and its schedule.<\/p>\n\n\n\n<h3 class=\"wp-block-heading\">Prepare for the interview<\/h3>\n\n\n\n<ul class=\"wp-block-list\"><li>Put yourself in the recruiter\u2019s shoes: why should he or she hire you?<\/li><li>Think about situations where your qualities and approach have been critical. Telling a good story is always a good idea!<\/li><li>Before the interview, acquire as much information on the applied positition and the employer as possible.<\/li><li>Prepare a few questions to the employer as well. By asking questions, you\u2019ll give a competent and motivated impression. At the same time you\u2019ll find out whether the position corresponds to your expectations.<\/li><li>Practice aloud to gain confidence.<\/li><li>In the job interview<\/li><li>Well prepared is half done. Focus on the dialogue and remember that it\u2019s only natural to be nervous.<\/li><li>Introduce yourself with confidence: first impression is crucial!<\/li><li>Maintain eye contact and pay attention to all persons present.<\/li><li>Answer politely and truthfully, as concretely as possible and always with sound reasoning.<\/li><li>Don\u2019t mind silence, it gives everybody time to think.<\/li><li>Being nervous is acceptable.<\/li><li>Acquire all the information needed to decide whether you want to accept the position if it\u2019s offered to you. Also investigate the conditions of the potential employment contract.<\/li><li>Find out what the next step in the recruitment process is.<\/li><\/ul>\n<\/div>\n\n\n\n<div class=\"wp-block-column is-layout-flow wp-block-column-is-layout-flow\" style=\"flex-basis:33.33%\">\n<div class=\"wp-block-group has-page-foreground-color has-text-color is-style-background-brown has-padding-medium\"><div class=\"wp-block-group__inner-container is-layout-flow wp-block-group-is-layout-flow\">\n<h3 class=\"wp-block-heading\">Typical questions in a job interview<\/h3>\n\n\n\n<ul class=\"wp-block-list\"><li>Tell me briefly about yourself.<\/li><li>What is your current job, do you like it?<\/li><li>What are the tasks you have liked the most in your previous jobs?<\/li><li>Why do you apply for this post?<\/li><li>Are you applying for other jobs as well?<\/li><li>What will you loose if you leave your current job?<\/li><li>What do you expect from your new team leader, colleagues and team members?<\/li><li>What skills would you like to develop?<\/li><li>Describe your management style.<\/li><li>How do you follow the development of your professional field?<\/li><li>What are your long-term career plans?<\/li><li>What makes you stressed?<\/li><\/ul>\n<\/div><\/div>\n\n\n\n<div style=\"height:20px\" aria-hidden=\"true\" class=\"wp-block-spacer\"><\/div>\n\n\n\n<div class=\"wp-block-group has-brand-gray-medium-background-color has-page-foreground-color has-text-color has-background is-style-background-gray-medium has-padding-medium\"><div class=\"wp-block-group__inner-container is-layout-flow wp-block-group-is-layout-flow\">\n<h3 class=\"wp-block-heading\">Questions you can ask<\/h3>\n\n\n\n<ul class=\"wp-block-list\"><li>What should I achieve in this position within the first six months?<\/li><li>How is my contribution and performance measured in this position?<\/li><li>What are the long-term expectations in this position?<\/li><li>What is the job content in practice?<\/li><li>What are the key tasks in this job?<\/li><li>What are the biggest challenges in this job?<\/li><li>How does the company\u2019s near future look like?<\/li><li>What are the expected major changes in the organisation in near future?<\/li><li>How is the manager\u2019s management style, and your management style?<\/li><li>How is the working culture and atmosphere in the company? What influences them?<\/li><li>Who are the key customers of the company?<\/li><li>What are the perspectives for career development within the organisation?<\/li><li>What are the possibilities for training and self-development?<\/li><li>What is the schedule of the recruitment process?<\/li><\/ul>\n<\/div><\/div>\n<\/div>\n<\/div>\n\n\n\n<p><\/p>\n<div class=\"rns\" data-title=\"Job interview is your chance to acquire information\" data-tags=\"\" data-categories=\"\" data-comments=\"0\" data-date=\"1592320242000\" data-author=\"kristian.sarosto@ekonomit.fi\" data-single=\"\" data-url=\"https:\/\/www.ekonomit.fi\/en\/working-life-databank\/job-seeking-is-active-work\/job-interview\/\"><\/div> <!-- Check out https:\/\/reactandshare.com -->","protected":false},"excerpt":{"rendered":"<p>In the job interview, the recruiter tries to find out whether you, your qualities&#8230;<\/p>\n","protected":false},"author":27,"featured_media":0,"parent":7882,"menu_order":0,"comment_status":"closed","ping_status":"closed","template":"page-templates\/page-sidebars.php","meta":{"_acf_changed":false,"inline_featured_image":false,"advgb_blocks_editor_width":"","advgb_blocks_columns_visual_guide":"","footnotes":""},"class_list":["post-7953","page","type-page","status-publish","hentry"],"acf":[],"yoast_head":"<!-- This site is optimized with the Yoast SEO plugin v27.3 - https:\/\/yoast.com\/product\/yoast-seo-wordpress\/ -->\n<title>Job interview is your chance to acquire information - Suomen Ekonomit<\/title>\n<meta name=\"description\" content=\"Perhevapaita koskevat s\u00e4\u00e4d\u00f6kset l\u00f6ytyv\u00e4t ty\u00f6sopimuslaista. Perhevapaas\u00e4\u00e4d\u00f6kset turvaavat ty\u00f6ntekij\u00e4lle oikeuden \u00e4itiys-, erityis\u00e4itiys-, isyys-, vanhempain- ja hoitovapaisiin sek\u00e4 oikeuden olla pois ty\u00f6st\u00e4 ennalta arvaamattoman tai pakottavan perhesyyn vuoksi. Perhevapaat ovat subjektiivisia oikeuksia, mik\u00e4li niiden edellytykset t\u00e4yttyv\u00e4t. My\u00f6s muista perhesyist\u00e4 voi olla oikeus poissaoloon t\u00f6ist\u00e4.\" \/>\n<meta name=\"robots\" content=\"index, follow, max-snippet:-1, max-image-preview:large, max-video-preview:-1\" \/>\n<link rel=\"canonical\" href=\"https:\/\/www.ekonomit.fi\/en\/working-life-databank\/job-seeking-is-active-work\/job-interview\/\" \/>\n<meta property=\"og:locale\" content=\"en_US\" \/>\n<meta property=\"og:type\" content=\"article\" \/>\n<meta property=\"og:title\" content=\"Job interview is your chance to acquire information - Suomen Ekonomit\" \/>\n<meta property=\"og:description\" content=\"Perhevapaita koskevat s\u00e4\u00e4d\u00f6kset l\u00f6ytyv\u00e4t ty\u00f6sopimuslaista. Perhevapaas\u00e4\u00e4d\u00f6kset turvaavat ty\u00f6ntekij\u00e4lle oikeuden \u00e4itiys-, erityis\u00e4itiys-, isyys-, vanhempain- ja hoitovapaisiin sek\u00e4 oikeuden olla pois ty\u00f6st\u00e4 ennalta arvaamattoman tai pakottavan perhesyyn vuoksi. Perhevapaat ovat subjektiivisia oikeuksia, mik\u00e4li niiden edellytykset t\u00e4yttyv\u00e4t. My\u00f6s muista perhesyist\u00e4 voi olla oikeus poissaoloon t\u00f6ist\u00e4.\" \/>\n<meta property=\"og:url\" content=\"https:\/\/www.ekonomit.fi\/en\/working-life-databank\/job-seeking-is-active-work\/job-interview\/\" \/>\n<meta property=\"og:site_name\" content=\"Suomen Ekonomit\" \/>\n<meta property=\"article:modified_time\" content=\"2020-06-17T07:46:16+00:00\" \/>\n<meta name=\"twitter:card\" content=\"summary_large_image\" \/>\n<meta name=\"twitter:label1\" content=\"Est. reading time\" \/>\n\t<meta name=\"twitter:data1\" content=\"3 minutes\" \/>\n<script type=\"application\/ld+json\" class=\"yoast-schema-graph\">{\"@context\":\"https:\\\/\\\/schema.org\",\"@graph\":[{\"@type\":\"WebPage\",\"@id\":\"https:\\\/\\\/www.ekonomit.fi\\\/en\\\/working-life-databank\\\/job-seeking-is-active-work\\\/job-interview\\\/\",\"url\":\"https:\\\/\\\/www.ekonomit.fi\\\/en\\\/working-life-databank\\\/job-seeking-is-active-work\\\/job-interview\\\/\",\"name\":\"Job interview is your chance to acquire information - Suomen Ekonomit\",\"isPartOf\":{\"@id\":\"https:\\\/\\\/www.ekonomit.fi\\\/en\\\/#website\"},\"datePublished\":\"2020-06-16T12:10:42+00:00\",\"dateModified\":\"2020-06-17T07:46:16+00:00\",\"description\":\"Perhevapaita koskevat s\u00e4\u00e4d\u00f6kset l\u00f6ytyv\u00e4t ty\u00f6sopimuslaista. Perhevapaas\u00e4\u00e4d\u00f6kset turvaavat ty\u00f6ntekij\u00e4lle oikeuden \u00e4itiys-, erityis\u00e4itiys-, isyys-, vanhempain- ja hoitovapaisiin sek\u00e4 oikeuden olla pois ty\u00f6st\u00e4 ennalta arvaamattoman tai pakottavan perhesyyn vuoksi. Perhevapaat ovat subjektiivisia oikeuksia, mik\u00e4li niiden edellytykset t\u00e4yttyv\u00e4t. My\u00f6s muista perhesyist\u00e4 voi olla oikeus poissaoloon t\u00f6ist\u00e4.\",\"breadcrumb\":{\"@id\":\"https:\\\/\\\/www.ekonomit.fi\\\/en\\\/working-life-databank\\\/job-seeking-is-active-work\\\/job-interview\\\/#breadcrumb\"},\"inLanguage\":\"en-US\",\"potentialAction\":[{\"@type\":\"ReadAction\",\"target\":[\"https:\\\/\\\/www.ekonomit.fi\\\/en\\\/working-life-databank\\\/job-seeking-is-active-work\\\/job-interview\\\/\"]}]},{\"@type\":\"BreadcrumbList\",\"@id\":\"https:\\\/\\\/www.ekonomit.fi\\\/en\\\/working-life-databank\\\/job-seeking-is-active-work\\\/job-interview\\\/#breadcrumb\",\"itemListElement\":[{\"@type\":\"ListItem\",\"position\":1,\"name\":\"Home\",\"item\":\"https:\\\/\\\/www.ekonomit.fi\\\/en\\\/\"},{\"@type\":\"ListItem\",\"position\":2,\"name\":\"Working Life Information\",\"item\":\"https:\\\/\\\/www.ekonomit.fi\\\/en\\\/working-life-databank\\\/\"},{\"@type\":\"ListItem\",\"position\":3,\"name\":\"Job seeking is active work\",\"item\":\"https:\\\/\\\/www.ekonomit.fi\\\/en\\\/working-life-databank\\\/job-seeking-is-active-work\\\/\"},{\"@type\":\"ListItem\",\"position\":4,\"name\":\"Job interview is your chance to acquire information\"}]},{\"@type\":\"WebSite\",\"@id\":\"https:\\\/\\\/www.ekonomit.fi\\\/en\\\/#website\",\"url\":\"https:\\\/\\\/www.ekonomit.fi\\\/en\\\/\",\"name\":\"Suomen Ekonomit\",\"description\":\"\",\"publisher\":{\"@id\":\"https:\\\/\\\/www.ekonomit.fi\\\/en\\\/#organization\"},\"potentialAction\":[{\"@type\":\"SearchAction\",\"target\":{\"@type\":\"EntryPoint\",\"urlTemplate\":\"https:\\\/\\\/www.ekonomit.fi\\\/en\\\/?s={search_term_string}\"},\"query-input\":{\"@type\":\"PropertyValueSpecification\",\"valueRequired\":true,\"valueName\":\"search_term_string\"}}],\"inLanguage\":\"en-US\"},{\"@type\":\"Organization\",\"@id\":\"https:\\\/\\\/www.ekonomit.fi\\\/en\\\/#organization\",\"name\":\"Suomen Ekonomit\",\"url\":\"https:\\\/\\\/www.ekonomit.fi\\\/en\\\/\",\"logo\":{\"@type\":\"ImageObject\",\"inLanguage\":\"en-US\",\"@id\":\"https:\\\/\\\/www.ekonomit.fi\\\/en\\\/#\\\/schema\\\/logo\\\/image\\\/\",\"url\":\"https:\\\/\\\/www.ekonomit.fi\\\/wp-content\\\/uploads\\\/2020\\\/05\\\/ekonomit-mer-nega.png\",\"contentUrl\":\"https:\\\/\\\/www.ekonomit.fi\\\/wp-content\\\/uploads\\\/2020\\\/05\\\/ekonomit-mer-nega.png\",\"width\":870,\"height\":307,\"caption\":\"Suomen Ekonomit\"},\"image\":{\"@id\":\"https:\\\/\\\/www.ekonomit.fi\\\/en\\\/#\\\/schema\\\/logo\\\/image\\\/\"}}]}<\/script>\n<!-- \/ Yoast SEO plugin. -->","yoast_head_json":{"title":"Job interview is your chance to acquire information - Suomen Ekonomit","description":"Perhevapaita koskevat s\u00e4\u00e4d\u00f6kset l\u00f6ytyv\u00e4t ty\u00f6sopimuslaista. Perhevapaas\u00e4\u00e4d\u00f6kset turvaavat ty\u00f6ntekij\u00e4lle oikeuden \u00e4itiys-, erityis\u00e4itiys-, isyys-, vanhempain- ja hoitovapaisiin sek\u00e4 oikeuden olla pois ty\u00f6st\u00e4 ennalta arvaamattoman tai pakottavan perhesyyn vuoksi. Perhevapaat ovat subjektiivisia oikeuksia, mik\u00e4li niiden edellytykset t\u00e4yttyv\u00e4t. My\u00f6s muista perhesyist\u00e4 voi olla oikeus poissaoloon t\u00f6ist\u00e4.","robots":{"index":"index","follow":"follow","max-snippet":"max-snippet:-1","max-image-preview":"max-image-preview:large","max-video-preview":"max-video-preview:-1"},"canonical":"https:\/\/www.ekonomit.fi\/en\/working-life-databank\/job-seeking-is-active-work\/job-interview\/","og_locale":"en_US","og_type":"article","og_title":"Job interview is your chance to acquire information - Suomen Ekonomit","og_description":"Perhevapaita koskevat s\u00e4\u00e4d\u00f6kset l\u00f6ytyv\u00e4t ty\u00f6sopimuslaista. Perhevapaas\u00e4\u00e4d\u00f6kset turvaavat ty\u00f6ntekij\u00e4lle oikeuden \u00e4itiys-, erityis\u00e4itiys-, isyys-, vanhempain- ja hoitovapaisiin sek\u00e4 oikeuden olla pois ty\u00f6st\u00e4 ennalta arvaamattoman tai pakottavan perhesyyn vuoksi. Perhevapaat ovat subjektiivisia oikeuksia, mik\u00e4li niiden edellytykset t\u00e4yttyv\u00e4t. My\u00f6s muista perhesyist\u00e4 voi olla oikeus poissaoloon t\u00f6ist\u00e4.","og_url":"https:\/\/www.ekonomit.fi\/en\/working-life-databank\/job-seeking-is-active-work\/job-interview\/","og_site_name":"Suomen Ekonomit","article_modified_time":"2020-06-17T07:46:16+00:00","twitter_card":"summary_large_image","twitter_misc":{"Est. reading time":"3 minutes"},"schema":{"@context":"https:\/\/schema.org","@graph":[{"@type":"WebPage","@id":"https:\/\/www.ekonomit.fi\/en\/working-life-databank\/job-seeking-is-active-work\/job-interview\/","url":"https:\/\/www.ekonomit.fi\/en\/working-life-databank\/job-seeking-is-active-work\/job-interview\/","name":"Job interview is your chance to acquire information - Suomen Ekonomit","isPartOf":{"@id":"https:\/\/www.ekonomit.fi\/en\/#website"},"datePublished":"2020-06-16T12:10:42+00:00","dateModified":"2020-06-17T07:46:16+00:00","description":"Perhevapaita koskevat s\u00e4\u00e4d\u00f6kset l\u00f6ytyv\u00e4t ty\u00f6sopimuslaista. Perhevapaas\u00e4\u00e4d\u00f6kset turvaavat ty\u00f6ntekij\u00e4lle oikeuden \u00e4itiys-, erityis\u00e4itiys-, isyys-, vanhempain- ja hoitovapaisiin sek\u00e4 oikeuden olla pois ty\u00f6st\u00e4 ennalta arvaamattoman tai pakottavan perhesyyn vuoksi. Perhevapaat ovat subjektiivisia oikeuksia, mik\u00e4li niiden edellytykset t\u00e4yttyv\u00e4t. My\u00f6s muista perhesyist\u00e4 voi olla oikeus poissaoloon t\u00f6ist\u00e4.","breadcrumb":{"@id":"https:\/\/www.ekonomit.fi\/en\/working-life-databank\/job-seeking-is-active-work\/job-interview\/#breadcrumb"},"inLanguage":"en-US","potentialAction":[{"@type":"ReadAction","target":["https:\/\/www.ekonomit.fi\/en\/working-life-databank\/job-seeking-is-active-work\/job-interview\/"]}]},{"@type":"BreadcrumbList","@id":"https:\/\/www.ekonomit.fi\/en\/working-life-databank\/job-seeking-is-active-work\/job-interview\/#breadcrumb","itemListElement":[{"@type":"ListItem","position":1,"name":"Home","item":"https:\/\/www.ekonomit.fi\/en\/"},{"@type":"ListItem","position":2,"name":"Working Life Information","item":"https:\/\/www.ekonomit.fi\/en\/working-life-databank\/"},{"@type":"ListItem","position":3,"name":"Job seeking is active work","item":"https:\/\/www.ekonomit.fi\/en\/working-life-databank\/job-seeking-is-active-work\/"},{"@type":"ListItem","position":4,"name":"Job interview is your chance to acquire information"}]},{"@type":"WebSite","@id":"https:\/\/www.ekonomit.fi\/en\/#website","url":"https:\/\/www.ekonomit.fi\/en\/","name":"Suomen Ekonomit","description":"","publisher":{"@id":"https:\/\/www.ekonomit.fi\/en\/#organization"},"potentialAction":[{"@type":"SearchAction","target":{"@type":"EntryPoint","urlTemplate":"https:\/\/www.ekonomit.fi\/en\/?s={search_term_string}"},"query-input":{"@type":"PropertyValueSpecification","valueRequired":true,"valueName":"search_term_string"}}],"inLanguage":"en-US"},{"@type":"Organization","@id":"https:\/\/www.ekonomit.fi\/en\/#organization","name":"Suomen Ekonomit","url":"https:\/\/www.ekonomit.fi\/en\/","logo":{"@type":"ImageObject","inLanguage":"en-US","@id":"https:\/\/www.ekonomit.fi\/en\/#\/schema\/logo\/image\/","url":"https:\/\/www.ekonomit.fi\/wp-content\/uploads\/2020\/05\/ekonomit-mer-nega.png","contentUrl":"https:\/\/www.ekonomit.fi\/wp-content\/uploads\/2020\/05\/ekonomit-mer-nega.png","width":870,"height":307,"caption":"Suomen Ekonomit"},"image":{"@id":"https:\/\/www.ekonomit.fi\/en\/#\/schema\/logo\/image\/"}}]}},"coauthors":[],"author_meta":{"author_link":"https:\/\/www.ekonomit.fi\/en\/author\/kristian-sarostoekonomit-fi\/","display_name":"kristian.sarosto@ekonomit.fi"},"relative_dates":{"created":"Posted 6 years ago","modified":"Updated 6 years ago"},"absolute_dates":{"created":"Posted on 16.06.2020","modified":"Updated on 17.06.2020"},"absolute_dates_time":{"created":"Posted on 16.06.2020 15:10","modified":"Updated on 17.06.2020 10:46"},"featured_img_caption":"","featured_img":false,"series_order":"","jetpack_sharing_enabled":true,"_links":{"self":[{"href":"https:\/\/www.ekonomit.fi\/en\/wp-json\/wp\/v2\/pages\/7953","targetHints":{"allow":["GET"]}}],"collection":[{"href":"https:\/\/www.ekonomit.fi\/en\/wp-json\/wp\/v2\/pages"}],"about":[{"href":"https:\/\/www.ekonomit.fi\/en\/wp-json\/wp\/v2\/types\/page"}],"author":[{"embeddable":true,"href":"https:\/\/www.ekonomit.fi\/en\/wp-json\/wp\/v2\/users\/27"}],"replies":[{"embeddable":true,"href":"https:\/\/www.ekonomit.fi\/en\/wp-json\/wp\/v2\/comments?post=7953"}],"version-history":[{"count":4,"href":"https:\/\/www.ekonomit.fi\/en\/wp-json\/wp\/v2\/pages\/7953\/revisions"}],"predecessor-version":[{"id":8506,"href":"https:\/\/www.ekonomit.fi\/en\/wp-json\/wp\/v2\/pages\/7953\/revisions\/8506"}],"up":[{"embeddable":true,"href":"https:\/\/www.ekonomit.fi\/en\/wp-json\/wp\/v2\/pages\/7882"}],"wp:attachment":[{"href":"https:\/\/www.ekonomit.fi\/en\/wp-json\/wp\/v2\/media?parent=7953"}],"curies":[{"name":"wp","href":"https:\/\/api.w.org\/{rel}","templated":true}]}}