{"id":8271,"date":"2020-06-16T20:34:54","date_gmt":"2020-06-16T17:34:54","guid":{"rendered":"https:\/\/www.ekonomit.fi\/?page_id=8271"},"modified":"2022-11-08T14:34:01","modified_gmt":"2022-11-08T12:34:01","slug":"the-purpose-and-parties-of-the-act-on-co-operation-within-undertakings","status":"publish","type":"page","link":"https:\/\/www.ekonomit.fi\/en\/working-life-databank\/cooperation-negotiations\/the-purpose-and-parties-of-the-act-on-co-operation-within-undertakings\/","title":{"rendered":"The purpose and parties of the Act on Co-operation within Undertakings"},"content":{"rendered":"\n<div class=\"wp-block-columns is-layout-flex wp-container-core-columns-is-layout-9d6595d7 wp-block-columns-is-layout-flex\">\n<div class=\"wp-block-column is-layout-flow wp-block-column-is-layout-flow\" style=\"flex-basis:66.66%\">\n<p>The purpose of the Act on Co-operation within Undertakings is to promote cooperation procedures between the undertaking and its personnel. The objective is to enhance cooperation between the employer, personnel and labour market authorities in order to improve the position of the employees and to support the employment of personnel in the context of operational changes within the undertaking.<\/p>\n\n\n\n<p>The cooperation parties are the employer and the part of the personnel which is concerned by the matter at hand. If the cooperation negotiations consider a single employee, negotiations are primarily held between this employee and the employer. However, the employee has the right to request that the matter is also negotiated with the respective employee representative. If the matter concerns a certain operational unit or personnel of a single department, the matter shall be negotiated with their respective employee representative or, if the matter concerns several personnel groups, negotiations have to be conducted in a joint meeting. Some companies may have appointed a special negotiating committee for cooperation procedures.<\/p>\n\n\n\n<p>The representative of a personnel group is usually either a shop steward elected in accordance with the relevant collective agreement or an elected representative in accordance with the Employment Contracts Act. If the personnel group does not have either of the two, a particular co-operation representative as referred to in the Act on Co-operation within Undertakings may be elected for a period of two years. In matters concerning safety and health of employees, also the Labour Protection Delegate may represent the personnel. If the personnel has not elected any representative, the employer shall negotiate together with all the employees concerned by the matter which is dealt with in the cooperation negotiations.<\/p>\n\n\n\n<p><\/p>\n\n\n\n<h2 class=\"wp-block-heading\">Matters to be discussed in the cooperation negotiations<\/h2>\n\n\n\n<p>The Act on Co-operation within Undertakings obliges employers to negotiate with the employees on many different matters. The negotiating process may be different depending on the type of the matter; negotiating for reducing the number of personnel, negotiations on the consequences of business transfer or other cooperation negotiation. For example the duration of the negotiations and the content of the obligation to negotiate may be different.<\/p>\n\n\n\n<p>The Act on Co-operation within Undertakings applies to companies which regularly employ at least 20 employees. According to the act, the employer has an obligation to negotiate in the following situations, among others:<\/p>\n\n\n\n<h3 class=\"wp-block-heading\">Changes in the business operations<\/h3>\n\n\n\n<p>Effects on personnel which are caused by the following shall be discussed in cooperation negotiations:<\/p>\n\n\n\n<ul class=\"wp-block-list\"><li>the closure of the undertaking or any part thereof, its transfer to another location or expansion or reduction of its operations<\/li><li>acquisitions of machinery and equipment<\/li><li>changes in the production of services or product range<\/li><li>other similar changes in the business operations<\/li><li>arrangement of work<\/li><li>use of external labour.<\/li><\/ul>\n\n\n\n<p>Exercising the employer\u2019s right of direction is a prerequisite for these changes, i.e., dismissals, lay-offs, reducing the contracts to part-time ones or salary reductions are not possible. The conditions of an employee\u2019s individual employment contract may not be altered unilaterally in the negotiations.<\/p>\n\n\n\n<h3 class=\"wp-block-heading\">Transfer of business<\/h3>\n\n\n\n<p>The obligation to negotiate also applies to business transfer situations.<\/p>\n\n\n\n<h3 class=\"wp-block-heading\">Reducing the use of personnel<\/h3>\n\n\n\n<p>The employer has the obligation to negotiate when considering measures which may lead to the termination of employment, laying off temporarily or changing the employment contract to a part-time contract of one or more persons, for financial or productive grounds.&nbsp;<\/p>\n\n\n\n<p>The employer may not take decision on measures possibly reducing the number of personnel prior to the cooperation negotiations. The obligation to negotiate is not affected by the decision-maker of the decision to reduce the use of personnel (the employer or another undertaking exercising a dominant influence over the employer). The measures considered by the employer may be, for example, business decisions which could lead to a reduction in the number of personnel such as closure of the undertaking or any part thereof, its transfer to another location or expansion or reduction of its operations<\/p>\n<\/div>\n\n\n\n<div class=\"wp-block-column is-layout-flow wp-block-column-is-layout-flow\" style=\"flex-basis:33.33%\">\n<div class=\"wp-block-group is-style-background-gray-medium has-padding-medium\"><div class=\"wp-block-group__inner-container is-layout-flow wp-block-group-is-layout-flow\">\n<h2 class=\"wp-block-heading\"><\/h2>\n<\/div><\/div>\n<\/div>\n<\/div>\n<div class=\"rns\" data-title=\"The purpose and parties of the Act on Co-operation within Undertakings\" data-tags=\"\" data-categories=\"\" data-comments=\"0\" data-date=\"1592339694000\" data-author=\"kristian.sarosto@ekonomit.fi\" data-single=\"\" data-url=\"https:\/\/www.ekonomit.fi\/en\/working-life-databank\/cooperation-negotiations\/the-purpose-and-parties-of-the-act-on-co-operation-within-undertakings\/\"><\/div> <!-- Check out https:\/\/reactandshare.com -->","protected":false},"excerpt":{"rendered":"<p>The purpose of the Act on Co-operation within Undertakings is to promote cooperation procedures&#8230;<\/p>\n","protected":false},"author":27,"featured_media":0,"parent":8256,"menu_order":0,"comment_status":"closed","ping_status":"closed","template":"page-templates\/page-sidebars.php","meta":{"_acf_changed":false,"inline_featured_image":false,"advgb_blocks_editor_width":"","advgb_blocks_columns_visual_guide":"","footnotes":""},"class_list":["post-8271","page","type-page","status-publish","hentry"],"acf":[],"yoast_head":"<!-- This site is optimized with the Yoast SEO plugin v27.5 - https:\/\/yoast.com\/product\/yoast-seo-wordpress\/ -->\n<title>The purpose and parties of the Act on Co-operation within Undertakings - Suomen Ekonomit<\/title>\n<meta name=\"description\" content=\"J\u00e4senen\u00e4mme nautit monista eduistamme, joita ovat mm. lehtiedut, vakuutusedut ja pankkiedut. J\u00e4senetuihimme kuuluvat henkil\u00f6kohtaiset palvelumme kuten ura- ja lakipalvelut.\" \/>\n<meta name=\"robots\" content=\"index, follow, max-snippet:-1, max-image-preview:large, max-video-preview:-1\" \/>\n<link rel=\"canonical\" href=\"https:\/\/www.ekonomit.fi\/en\/working-life-databank\/cooperation-negotiations\/the-purpose-and-parties-of-the-act-on-co-operation-within-undertakings\/\" \/>\n<meta property=\"og:locale\" content=\"en_US\" \/>\n<meta property=\"og:type\" content=\"article\" \/>\n<meta property=\"og:title\" content=\"The purpose and parties of the Act on Co-operation within Undertakings - Suomen Ekonomit\" \/>\n<meta property=\"og:description\" content=\"J\u00e4senen\u00e4mme nautit monista eduistamme, joita ovat mm. lehtiedut, vakuutusedut ja pankkiedut. J\u00e4senetuihimme kuuluvat henkil\u00f6kohtaiset palvelumme kuten ura- ja lakipalvelut.\" \/>\n<meta property=\"og:url\" content=\"https:\/\/www.ekonomit.fi\/en\/working-life-databank\/cooperation-negotiations\/the-purpose-and-parties-of-the-act-on-co-operation-within-undertakings\/\" \/>\n<meta property=\"og:site_name\" content=\"Suomen Ekonomit\" \/>\n<meta property=\"article:modified_time\" content=\"2022-11-08T12:34:01+00:00\" \/>\n<meta name=\"twitter:card\" content=\"summary_large_image\" \/>\n<meta name=\"twitter:label1\" content=\"Est. reading time\" \/>\n\t<meta name=\"twitter:data1\" content=\"5 minutes\" \/>\n<script type=\"application\/ld+json\" class=\"yoast-schema-graph\">{\"@context\":\"https:\\\/\\\/schema.org\",\"@graph\":[{\"@type\":\"WebPage\",\"@id\":\"https:\\\/\\\/www.ekonomit.fi\\\/en\\\/working-life-databank\\\/cooperation-negotiations\\\/the-purpose-and-parties-of-the-act-on-co-operation-within-undertakings\\\/\",\"url\":\"https:\\\/\\\/www.ekonomit.fi\\\/en\\\/working-life-databank\\\/cooperation-negotiations\\\/the-purpose-and-parties-of-the-act-on-co-operation-within-undertakings\\\/\",\"name\":\"The purpose and parties of the Act on Co-operation within Undertakings - Suomen Ekonomit\",\"isPartOf\":{\"@id\":\"https:\\\/\\\/www.ekonomit.fi\\\/en\\\/#website\"},\"datePublished\":\"2020-06-16T17:34:54+00:00\",\"dateModified\":\"2022-11-08T12:34:01+00:00\",\"description\":\"J\u00e4senen\u00e4mme nautit monista eduistamme, joita ovat mm. lehtiedut, vakuutusedut ja pankkiedut. J\u00e4senetuihimme kuuluvat henkil\u00f6kohtaiset palvelumme kuten ura- ja lakipalvelut.\",\"breadcrumb\":{\"@id\":\"https:\\\/\\\/www.ekonomit.fi\\\/en\\\/working-life-databank\\\/cooperation-negotiations\\\/the-purpose-and-parties-of-the-act-on-co-operation-within-undertakings\\\/#breadcrumb\"},\"inLanguage\":\"en-US\",\"potentialAction\":[{\"@type\":\"ReadAction\",\"target\":[\"https:\\\/\\\/www.ekonomit.fi\\\/en\\\/working-life-databank\\\/cooperation-negotiations\\\/the-purpose-and-parties-of-the-act-on-co-operation-within-undertakings\\\/\"]}]},{\"@type\":\"BreadcrumbList\",\"@id\":\"https:\\\/\\\/www.ekonomit.fi\\\/en\\\/working-life-databank\\\/cooperation-negotiations\\\/the-purpose-and-parties-of-the-act-on-co-operation-within-undertakings\\\/#breadcrumb\",\"itemListElement\":[{\"@type\":\"ListItem\",\"position\":1,\"name\":\"Home\",\"item\":\"https:\\\/\\\/www.ekonomit.fi\\\/en\\\/\"},{\"@type\":\"ListItem\",\"position\":2,\"name\":\"Working Life Information\",\"item\":\"https:\\\/\\\/www.ekonomit.fi\\\/en\\\/working-life-databank\\\/\"},{\"@type\":\"ListItem\",\"position\":3,\"name\":\"Cooperation negotiations\",\"item\":\"https:\\\/\\\/www.ekonomit.fi\\\/en\\\/working-life-databank\\\/cooperation-negotiations\\\/\"},{\"@type\":\"ListItem\",\"position\":4,\"name\":\"The purpose and parties of the Act on Co-operation within Undertakings\"}]},{\"@type\":\"WebSite\",\"@id\":\"https:\\\/\\\/www.ekonomit.fi\\\/en\\\/#website\",\"url\":\"https:\\\/\\\/www.ekonomit.fi\\\/en\\\/\",\"name\":\"Suomen Ekonomit\",\"description\":\"\",\"publisher\":{\"@id\":\"https:\\\/\\\/www.ekonomit.fi\\\/en\\\/#organization\"},\"potentialAction\":[{\"@type\":\"SearchAction\",\"target\":{\"@type\":\"EntryPoint\",\"urlTemplate\":\"https:\\\/\\\/www.ekonomit.fi\\\/en\\\/?s={search_term_string}\"},\"query-input\":{\"@type\":\"PropertyValueSpecification\",\"valueRequired\":true,\"valueName\":\"search_term_string\"}}],\"inLanguage\":\"en-US\"},{\"@type\":\"Organization\",\"@id\":\"https:\\\/\\\/www.ekonomit.fi\\\/en\\\/#organization\",\"name\":\"Suomen Ekonomit\",\"url\":\"https:\\\/\\\/www.ekonomit.fi\\\/en\\\/\",\"logo\":{\"@type\":\"ImageObject\",\"inLanguage\":\"en-US\",\"@id\":\"https:\\\/\\\/www.ekonomit.fi\\\/en\\\/#\\\/schema\\\/logo\\\/image\\\/\",\"url\":\"https:\\\/\\\/www.ekonomit.fi\\\/wp-content\\\/uploads\\\/2020\\\/05\\\/ekonomit-mer-nega.png\",\"contentUrl\":\"https:\\\/\\\/www.ekonomit.fi\\\/wp-content\\\/uploads\\\/2020\\\/05\\\/ekonomit-mer-nega.png\",\"width\":870,\"height\":307,\"caption\":\"Suomen Ekonomit\"},\"image\":{\"@id\":\"https:\\\/\\\/www.ekonomit.fi\\\/en\\\/#\\\/schema\\\/logo\\\/image\\\/\"}}]}<\/script>\n<!-- \/ Yoast SEO plugin. -->","yoast_head_json":{"title":"The purpose and parties of the Act on Co-operation within Undertakings - Suomen Ekonomit","description":"J\u00e4senen\u00e4mme nautit monista eduistamme, joita ovat mm. lehtiedut, vakuutusedut ja pankkiedut. J\u00e4senetuihimme kuuluvat henkil\u00f6kohtaiset palvelumme kuten ura- ja lakipalvelut.","robots":{"index":"index","follow":"follow","max-snippet":"max-snippet:-1","max-image-preview":"max-image-preview:large","max-video-preview":"max-video-preview:-1"},"canonical":"https:\/\/www.ekonomit.fi\/en\/working-life-databank\/cooperation-negotiations\/the-purpose-and-parties-of-the-act-on-co-operation-within-undertakings\/","og_locale":"en_US","og_type":"article","og_title":"The purpose and parties of the Act on Co-operation within Undertakings - Suomen Ekonomit","og_description":"J\u00e4senen\u00e4mme nautit monista eduistamme, joita ovat mm. lehtiedut, vakuutusedut ja pankkiedut. J\u00e4senetuihimme kuuluvat henkil\u00f6kohtaiset palvelumme kuten ura- ja lakipalvelut.","og_url":"https:\/\/www.ekonomit.fi\/en\/working-life-databank\/cooperation-negotiations\/the-purpose-and-parties-of-the-act-on-co-operation-within-undertakings\/","og_site_name":"Suomen Ekonomit","article_modified_time":"2022-11-08T12:34:01+00:00","twitter_card":"summary_large_image","twitter_misc":{"Est. reading time":"5 minutes"},"schema":{"@context":"https:\/\/schema.org","@graph":[{"@type":"WebPage","@id":"https:\/\/www.ekonomit.fi\/en\/working-life-databank\/cooperation-negotiations\/the-purpose-and-parties-of-the-act-on-co-operation-within-undertakings\/","url":"https:\/\/www.ekonomit.fi\/en\/working-life-databank\/cooperation-negotiations\/the-purpose-and-parties-of-the-act-on-co-operation-within-undertakings\/","name":"The purpose and parties of the Act on Co-operation within Undertakings - Suomen Ekonomit","isPartOf":{"@id":"https:\/\/www.ekonomit.fi\/en\/#website"},"datePublished":"2020-06-16T17:34:54+00:00","dateModified":"2022-11-08T12:34:01+00:00","description":"J\u00e4senen\u00e4mme nautit monista eduistamme, joita ovat mm. lehtiedut, vakuutusedut ja pankkiedut. J\u00e4senetuihimme kuuluvat henkil\u00f6kohtaiset palvelumme kuten ura- ja lakipalvelut.","breadcrumb":{"@id":"https:\/\/www.ekonomit.fi\/en\/working-life-databank\/cooperation-negotiations\/the-purpose-and-parties-of-the-act-on-co-operation-within-undertakings\/#breadcrumb"},"inLanguage":"en-US","potentialAction":[{"@type":"ReadAction","target":["https:\/\/www.ekonomit.fi\/en\/working-life-databank\/cooperation-negotiations\/the-purpose-and-parties-of-the-act-on-co-operation-within-undertakings\/"]}]},{"@type":"BreadcrumbList","@id":"https:\/\/www.ekonomit.fi\/en\/working-life-databank\/cooperation-negotiations\/the-purpose-and-parties-of-the-act-on-co-operation-within-undertakings\/#breadcrumb","itemListElement":[{"@type":"ListItem","position":1,"name":"Home","item":"https:\/\/www.ekonomit.fi\/en\/"},{"@type":"ListItem","position":2,"name":"Working Life Information","item":"https:\/\/www.ekonomit.fi\/en\/working-life-databank\/"},{"@type":"ListItem","position":3,"name":"Cooperation negotiations","item":"https:\/\/www.ekonomit.fi\/en\/working-life-databank\/cooperation-negotiations\/"},{"@type":"ListItem","position":4,"name":"The purpose and parties of the Act on Co-operation within Undertakings"}]},{"@type":"WebSite","@id":"https:\/\/www.ekonomit.fi\/en\/#website","url":"https:\/\/www.ekonomit.fi\/en\/","name":"Suomen Ekonomit","description":"","publisher":{"@id":"https:\/\/www.ekonomit.fi\/en\/#organization"},"potentialAction":[{"@type":"SearchAction","target":{"@type":"EntryPoint","urlTemplate":"https:\/\/www.ekonomit.fi\/en\/?s={search_term_string}"},"query-input":{"@type":"PropertyValueSpecification","valueRequired":true,"valueName":"search_term_string"}}],"inLanguage":"en-US"},{"@type":"Organization","@id":"https:\/\/www.ekonomit.fi\/en\/#organization","name":"Suomen Ekonomit","url":"https:\/\/www.ekonomit.fi\/en\/","logo":{"@type":"ImageObject","inLanguage":"en-US","@id":"https:\/\/www.ekonomit.fi\/en\/#\/schema\/logo\/image\/","url":"https:\/\/www.ekonomit.fi\/wp-content\/uploads\/2020\/05\/ekonomit-mer-nega.png","contentUrl":"https:\/\/www.ekonomit.fi\/wp-content\/uploads\/2020\/05\/ekonomit-mer-nega.png","width":870,"height":307,"caption":"Suomen Ekonomit"},"image":{"@id":"https:\/\/www.ekonomit.fi\/en\/#\/schema\/logo\/image\/"}}]}},"coauthors":[],"author_meta":{"author_link":"https:\/\/www.ekonomit.fi\/en\/author\/kristian-sarostoekonomit-fi\/","display_name":"kristian.sarosto@ekonomit.fi"},"relative_dates":{"created":"Posted 6 years ago","modified":"Updated 3 years ago"},"absolute_dates":{"created":"Posted on 16.06.2020","modified":"Updated on 08.11.2022"},"absolute_dates_time":{"created":"Posted on 16.06.2020 20:34","modified":"Updated on 08.11.2022 14:34"},"featured_img_caption":"","featured_img":false,"series_order":"","jetpack_sharing_enabled":true,"_links":{"self":[{"href":"https:\/\/www.ekonomit.fi\/en\/wp-json\/wp\/v2\/pages\/8271","targetHints":{"allow":["GET"]}}],"collection":[{"href":"https:\/\/www.ekonomit.fi\/en\/wp-json\/wp\/v2\/pages"}],"about":[{"href":"https:\/\/www.ekonomit.fi\/en\/wp-json\/wp\/v2\/types\/page"}],"author":[{"embeddable":true,"href":"https:\/\/www.ekonomit.fi\/en\/wp-json\/wp\/v2\/users\/27"}],"replies":[{"embeddable":true,"href":"https:\/\/www.ekonomit.fi\/en\/wp-json\/wp\/v2\/comments?post=8271"}],"version-history":[{"count":5,"href":"https:\/\/www.ekonomit.fi\/en\/wp-json\/wp\/v2\/pages\/8271\/revisions"}],"predecessor-version":[{"id":33235,"href":"https:\/\/www.ekonomit.fi\/en\/wp-json\/wp\/v2\/pages\/8271\/revisions\/33235"}],"up":[{"embeddable":true,"href":"https:\/\/www.ekonomit.fi\/en\/wp-json\/wp\/v2\/pages\/8256"}],"wp:attachment":[{"href":"https:\/\/www.ekonomit.fi\/en\/wp-json\/wp\/v2\/media?parent=8271"}],"curies":[{"name":"wp","href":"https:\/\/api.w.org\/{rel}","templated":true}]}}