{"id":21255,"date":"2021-04-13T09:31:40","date_gmt":"2021-04-13T06:31:40","guid":{"rendered":"https:\/\/www.ekonomit.fi\/?page_id=21255"},"modified":"2024-04-11T13:59:58","modified_gmt":"2024-04-11T10:59:58","slug":"foresla-en-slogan","status":"publish","type":"page","link":"https:\/\/www.ekonomit.fi\/sv\/bli-medlem3\/till-ekonomistuderande\/foresla-en-slogan\/","title":{"rendered":"F\u00f6resl\u00e5 en slogan till ekonomistuderandem\u00e4rket!"},"content":{"rendered":"\n<div class=\"wp-block-columns is-layout-flex wp-container-core-columns-is-layout-9d6595d7 wp-block-columns-is-layout-flex\">\n<div class=\"wp-block-column is-layout-flow wp-block-column-is-layout-flow\" style=\"flex-basis:66.66%\">\n<figure class=\"wp-block-image alignfull size-large\"><img decoding=\"async\" width=\"1024\" height=\"576\" src=\"https:\/\/www.ekonomit.fi\/wp-content\/uploads\/2024\/04\/Kylterimerkkislogan-2024-1024x576.png\" alt=\"\" class=\"wp-image-41997\" srcset=\"https:\/\/www.ekonomit.fi\/wp-content\/uploads\/2024\/04\/Kylterimerkkislogan-2024-1024x576.png 1024w, https:\/\/www.ekonomit.fi\/wp-content\/uploads\/2024\/04\/Kylterimerkkislogan-2024-300x169.png 300w, https:\/\/www.ekonomit.fi\/wp-content\/uploads\/2024\/04\/Kylterimerkkislogan-2024-768x432.png 768w, https:\/\/www.ekonomit.fi\/wp-content\/uploads\/2024\/04\/Kylterimerkkislogan-2024-50x28.png 50w, https:\/\/www.ekonomit.fi\/wp-content\/uploads\/2024\/04\/Kylterimerkkislogan-2024-1600x900.png 1600w, https:\/\/www.ekonomit.fi\/wp-content\/uploads\/2024\/04\/Kylterimerkkislogan-2024-1536x864.png 1536w, https:\/\/www.ekonomit.fi\/wp-content\/uploads\/2024\/04\/Kylterimerkkislogan-2024.png 1920w\" sizes=\"(max-width: 1024px) 100vw, 1024px\" \/><\/figure>\n\n\n\n<p>F\u00f6resl\u00e5 oss en snygg slogan till ekonomistuderandem\u00e4rket!<\/p>\n\n\n\n<p>De b\u00e4sta f\u00f6rslagen tar sig hela v\u00e4gen till m\u00e4rket, och de som kommer med de b\u00e4sta f\u00f6rslagen bel\u00f6nas med nya m\u00e4rken och en JBL Clip 5-h\u00f6gtalare som kan f\u00e4stas p\u00e5 overallen. Om samma slogan har f\u00f6reslagits av flera personer kommer vinnaren att dras.<\/p>\n\n\n\n<p>G\u00f6r ditt f\u00f6rslag senast 5.5.<\/p>\n\n\n\n<iframe width=\"640px\" height=\"480px\" src=\"https:\/\/forms.office.com\/Pages\/ResponsePage.aspx?id=eaJyWcJFwkyIkUjXueB2rdmVEQscqbdNh4eRXne9tKBUNEdTMDM5WTNDOTBVN0hVTTVXM01RWE1ENy4u&#038;embed=true\" frameborder=\"0\" marginwidth=\"0\" marginheight=\"0\" style=\"border: none; max-width:100%; max-height:100vh\" allowfullscreen webkitallowfullscreen mozallowfullscreen msallowfullscreen> <\/iframe>\n<\/div>\n\n\n\n<div class=\"wp-block-column is-layout-flow wp-block-column-is-layout-flow\" style=\"flex-basis:33.33%\">\n<p><\/p>\n<\/div>\n<\/div>\n\n\n\n<p><\/p>\n\n\n\n<div class=\"wp-block-columns is-layout-flex wp-container-core-columns-is-layout-9d6595d7 wp-block-columns-is-layout-flex\"><\/div>\n\n\n\n<div class=\"wp-block-columns is-layout-flex wp-container-core-columns-is-layout-9d6595d7 wp-block-columns-is-layout-flex\"><\/div>\n\n\n\n<div class=\"wp-block-columns is-layout-flex wp-container-core-columns-is-layout-9d6595d7 wp-block-columns-is-layout-flex\"><\/div>\n<div class=\"rns\" data-title=\"F\u00f6resl\u00e5 en slogan till ekonomistuderandem\u00e4rket!\" data-tags=\"\" data-categories=\"\" data-comments=\"0\" data-date=\"1618306300000\" data-author=\"heidihaapalainen\" data-single=\"\" data-url=\"https:\/\/www.ekonomit.fi\/sv\/bli-medlem3\/till-ekonomistuderande\/foresla-en-slogan\/\"><\/div> <!-- Check out https:\/\/reactandshare.com -->","protected":false},"excerpt":{"rendered":"<p>F\u00f6resl\u00e5 oss en snygg slogan till ekonomistuderandem\u00e4rket! De b\u00e4sta f\u00f6rslagen tar sig hela v\u00e4gen&#8230;<\/p>\n","protected":false},"author":3,"featured_media":0,"parent":37804,"menu_order":2,"comment_status":"closed","ping_status":"closed","template":"page-templates\/page-sidebars.php","meta":{"_acf_changed":false,"inline_featured_image":false,"advgb_blocks_editor_width":"","advgb_blocks_columns_visual_guide":"","footnotes":""},"class_list":["post-21255","page","type-page","status-publish","hentry"],"acf":[],"yoast_head":"<!-- This site is optimized with the Yoast SEO plugin v27.3 - https:\/\/yoast.com\/product\/yoast-seo-wordpress\/ -->\n<title>F\u00f6resl\u00e5 en slogan till ekonomistuderandem\u00e4rket! - Suomen Ekonomit<\/title>\n<meta name=\"robots\" content=\"index, follow, max-snippet:-1, max-image-preview:large, max-video-preview:-1\" \/>\n<link rel=\"canonical\" href=\"https:\/\/www.ekonomit.fi\/sv\/bli-medlem3\/till-ekonomistuderande\/foresla-en-slogan\/\" \/>\n<meta property=\"og:locale\" content=\"sv_SE\" \/>\n<meta property=\"og:type\" content=\"article\" \/>\n<meta property=\"og:title\" content=\"F\u00f6resl\u00e5 en slogan till ekonomistuderandem\u00e4rket! - Suomen Ekonomit\" \/>\n<meta property=\"og:description\" content=\"F\u00f6resl\u00e5 oss en snygg slogan till ekonomistuderandem\u00e4rket! De b\u00e4sta f\u00f6rslagen tar sig hela v\u00e4gen...\" \/>\n<meta property=\"og:url\" content=\"https:\/\/www.ekonomit.fi\/sv\/bli-medlem3\/till-ekonomistuderande\/foresla-en-slogan\/\" \/>\n<meta property=\"og:site_name\" content=\"Suomen Ekonomit\" \/>\n<meta property=\"article:modified_time\" content=\"2024-04-11T10:59:58+00:00\" \/>\n<meta property=\"og:image\" content=\"https:\/\/www.ekonomit.fi\/wp-content\/uploads\/2024\/04\/Kylterimerkkislogan-2024-1024x576.png\" \/>\n<meta name=\"twitter:card\" content=\"summary_large_image\" \/>\n<meta name=\"twitter:label1\" content=\"Ber\u00e4knad l\u00e4stid\" \/>\n\t<meta name=\"twitter:data1\" content=\"1 minut\" \/>\n<script type=\"application\/ld+json\" class=\"yoast-schema-graph\">{\"@context\":\"https:\\\/\\\/schema.org\",\"@graph\":[{\"@type\":\"WebPage\",\"@id\":\"https:\\\/\\\/www.ekonomit.fi\\\/sv\\\/bli-medlem3\\\/till-ekonomistuderande\\\/foresla-en-slogan\\\/\",\"url\":\"https:\\\/\\\/www.ekonomit.fi\\\/sv\\\/bli-medlem3\\\/till-ekonomistuderande\\\/foresla-en-slogan\\\/\",\"name\":\"F\u00f6resl\u00e5 en slogan till ekonomistuderandem\u00e4rket! - Suomen Ekonomit\",\"isPartOf\":{\"@id\":\"https:\\\/\\\/www.ekonomit.fi\\\/sv\\\/#website\"},\"primaryImageOfPage\":{\"@id\":\"https:\\\/\\\/www.ekonomit.fi\\\/sv\\\/bli-medlem3\\\/till-ekonomistuderande\\\/foresla-en-slogan\\\/#primaryimage\"},\"image\":{\"@id\":\"https:\\\/\\\/www.ekonomit.fi\\\/sv\\\/bli-medlem3\\\/till-ekonomistuderande\\\/foresla-en-slogan\\\/#primaryimage\"},\"thumbnailUrl\":\"https:\\\/\\\/www.ekonomit.fi\\\/wp-content\\\/uploads\\\/2024\\\/04\\\/Kylterimerkkislogan-2024-1024x576.png\",\"datePublished\":\"2021-04-13T06:31:40+00:00\",\"dateModified\":\"2024-04-11T10:59:58+00:00\",\"breadcrumb\":{\"@id\":\"https:\\\/\\\/www.ekonomit.fi\\\/sv\\\/bli-medlem3\\\/till-ekonomistuderande\\\/foresla-en-slogan\\\/#breadcrumb\"},\"inLanguage\":\"sv-SE\",\"potentialAction\":[{\"@type\":\"ReadAction\",\"target\":[\"https:\\\/\\\/www.ekonomit.fi\\\/sv\\\/bli-medlem3\\\/till-ekonomistuderande\\\/foresla-en-slogan\\\/\"]}]},{\"@type\":\"ImageObject\",\"inLanguage\":\"sv-SE\",\"@id\":\"https:\\\/\\\/www.ekonomit.fi\\\/sv\\\/bli-medlem3\\\/till-ekonomistuderande\\\/foresla-en-slogan\\\/#primaryimage\",\"url\":\"https:\\\/\\\/www.ekonomit.fi\\\/wp-content\\\/uploads\\\/2024\\\/04\\\/Kylterimerkkislogan-2024-1024x576.png\",\"contentUrl\":\"https:\\\/\\\/www.ekonomit.fi\\\/wp-content\\\/uploads\\\/2024\\\/04\\\/Kylterimerkkislogan-2024-1024x576.png\"},{\"@type\":\"BreadcrumbList\",\"@id\":\"https:\\\/\\\/www.ekonomit.fi\\\/sv\\\/bli-medlem3\\\/till-ekonomistuderande\\\/foresla-en-slogan\\\/#breadcrumb\",\"itemListElement\":[{\"@type\":\"ListItem\",\"position\":1,\"name\":\"Home\",\"item\":\"https:\\\/\\\/www.ekonomit.fi\\\/sv\\\/\"},{\"@type\":\"ListItem\",\"position\":2,\"name\":\"J\u00e4senyys\",\"item\":\"https:\\\/\\\/www.ekonomit.fi\\\/sv\\\/?page_id=40039\"},{\"@type\":\"ListItem\",\"position\":3,\"name\":\"Till studeranden\",\"item\":\"https:\\\/\\\/www.ekonomit.fi\\\/sv\\\/bli-medlem3\\\/till-ekonomistuderande\\\/\"},{\"@type\":\"ListItem\",\"position\":4,\"name\":\"F\u00f6resl\u00e5 en slogan till ekonomistuderandem\u00e4rket!\"}]},{\"@type\":\"WebSite\",\"@id\":\"https:\\\/\\\/www.ekonomit.fi\\\/sv\\\/#website\",\"url\":\"https:\\\/\\\/www.ekonomit.fi\\\/sv\\\/\",\"name\":\"Suomen Ekonomit\",\"description\":\"\",\"publisher\":{\"@id\":\"https:\\\/\\\/www.ekonomit.fi\\\/sv\\\/#organization\"},\"potentialAction\":[{\"@type\":\"SearchAction\",\"target\":{\"@type\":\"EntryPoint\",\"urlTemplate\":\"https:\\\/\\\/www.ekonomit.fi\\\/sv\\\/?s={search_term_string}\"},\"query-input\":{\"@type\":\"PropertyValueSpecification\",\"valueRequired\":true,\"valueName\":\"search_term_string\"}}],\"inLanguage\":\"sv-SE\"},{\"@type\":\"Organization\",\"@id\":\"https:\\\/\\\/www.ekonomit.fi\\\/sv\\\/#organization\",\"name\":\"Suomen Ekonomit\",\"url\":\"https:\\\/\\\/www.ekonomit.fi\\\/sv\\\/\",\"logo\":{\"@type\":\"ImageObject\",\"inLanguage\":\"sv-SE\",\"@id\":\"https:\\\/\\\/www.ekonomit.fi\\\/sv\\\/#\\\/schema\\\/logo\\\/image\\\/\",\"url\":\"https:\\\/\\\/www.ekonomit.fi\\\/wp-content\\\/uploads\\\/2020\\\/05\\\/ekonomit-mer-nega.png\",\"contentUrl\":\"https:\\\/\\\/www.ekonomit.fi\\\/wp-content\\\/uploads\\\/2020\\\/05\\\/ekonomit-mer-nega.png\",\"width\":870,\"height\":307,\"caption\":\"Suomen Ekonomit\"},\"image\":{\"@id\":\"https:\\\/\\\/www.ekonomit.fi\\\/sv\\\/#\\\/schema\\\/logo\\\/image\\\/\"}}]}<\/script>\n<!-- \/ Yoast SEO plugin. -->","yoast_head_json":{"title":"F\u00f6resl\u00e5 en slogan till ekonomistuderandem\u00e4rket! - Suomen Ekonomit","robots":{"index":"index","follow":"follow","max-snippet":"max-snippet:-1","max-image-preview":"max-image-preview:large","max-video-preview":"max-video-preview:-1"},"canonical":"https:\/\/www.ekonomit.fi\/sv\/bli-medlem3\/till-ekonomistuderande\/foresla-en-slogan\/","og_locale":"sv_SE","og_type":"article","og_title":"F\u00f6resl\u00e5 en slogan till ekonomistuderandem\u00e4rket! - Suomen Ekonomit","og_description":"F\u00f6resl\u00e5 oss en snygg slogan till ekonomistuderandem\u00e4rket! De b\u00e4sta f\u00f6rslagen tar sig hela v\u00e4gen...","og_url":"https:\/\/www.ekonomit.fi\/sv\/bli-medlem3\/till-ekonomistuderande\/foresla-en-slogan\/","og_site_name":"Suomen Ekonomit","article_modified_time":"2024-04-11T10:59:58+00:00","og_image":[{"url":"https:\/\/www.ekonomit.fi\/wp-content\/uploads\/2024\/04\/Kylterimerkkislogan-2024-1024x576.png","type":"","width":"","height":""}],"twitter_card":"summary_large_image","twitter_misc":{"Ber\u00e4knad l\u00e4stid":"1 minut"},"schema":{"@context":"https:\/\/schema.org","@graph":[{"@type":"WebPage","@id":"https:\/\/www.ekonomit.fi\/sv\/bli-medlem3\/till-ekonomistuderande\/foresla-en-slogan\/","url":"https:\/\/www.ekonomit.fi\/sv\/bli-medlem3\/till-ekonomistuderande\/foresla-en-slogan\/","name":"F\u00f6resl\u00e5 en slogan till ekonomistuderandem\u00e4rket! - Suomen Ekonomit","isPartOf":{"@id":"https:\/\/www.ekonomit.fi\/sv\/#website"},"primaryImageOfPage":{"@id":"https:\/\/www.ekonomit.fi\/sv\/bli-medlem3\/till-ekonomistuderande\/foresla-en-slogan\/#primaryimage"},"image":{"@id":"https:\/\/www.ekonomit.fi\/sv\/bli-medlem3\/till-ekonomistuderande\/foresla-en-slogan\/#primaryimage"},"thumbnailUrl":"https:\/\/www.ekonomit.fi\/wp-content\/uploads\/2024\/04\/Kylterimerkkislogan-2024-1024x576.png","datePublished":"2021-04-13T06:31:40+00:00","dateModified":"2024-04-11T10:59:58+00:00","breadcrumb":{"@id":"https:\/\/www.ekonomit.fi\/sv\/bli-medlem3\/till-ekonomistuderande\/foresla-en-slogan\/#breadcrumb"},"inLanguage":"sv-SE","potentialAction":[{"@type":"ReadAction","target":["https:\/\/www.ekonomit.fi\/sv\/bli-medlem3\/till-ekonomistuderande\/foresla-en-slogan\/"]}]},{"@type":"ImageObject","inLanguage":"sv-SE","@id":"https:\/\/www.ekonomit.fi\/sv\/bli-medlem3\/till-ekonomistuderande\/foresla-en-slogan\/#primaryimage","url":"https:\/\/www.ekonomit.fi\/wp-content\/uploads\/2024\/04\/Kylterimerkkislogan-2024-1024x576.png","contentUrl":"https:\/\/www.ekonomit.fi\/wp-content\/uploads\/2024\/04\/Kylterimerkkislogan-2024-1024x576.png"},{"@type":"BreadcrumbList","@id":"https:\/\/www.ekonomit.fi\/sv\/bli-medlem3\/till-ekonomistuderande\/foresla-en-slogan\/#breadcrumb","itemListElement":[{"@type":"ListItem","position":1,"name":"Home","item":"https:\/\/www.ekonomit.fi\/sv\/"},{"@type":"ListItem","position":2,"name":"J\u00e4senyys","item":"https:\/\/www.ekonomit.fi\/sv\/?page_id=40039"},{"@type":"ListItem","position":3,"name":"Till studeranden","item":"https:\/\/www.ekonomit.fi\/sv\/bli-medlem3\/till-ekonomistuderande\/"},{"@type":"ListItem","position":4,"name":"F\u00f6resl\u00e5 en slogan till ekonomistuderandem\u00e4rket!"}]},{"@type":"WebSite","@id":"https:\/\/www.ekonomit.fi\/sv\/#website","url":"https:\/\/www.ekonomit.fi\/sv\/","name":"Suomen Ekonomit","description":"","publisher":{"@id":"https:\/\/www.ekonomit.fi\/sv\/#organization"},"potentialAction":[{"@type":"SearchAction","target":{"@type":"EntryPoint","urlTemplate":"https:\/\/www.ekonomit.fi\/sv\/?s={search_term_string}"},"query-input":{"@type":"PropertyValueSpecification","valueRequired":true,"valueName":"search_term_string"}}],"inLanguage":"sv-SE"},{"@type":"Organization","@id":"https:\/\/www.ekonomit.fi\/sv\/#organization","name":"Suomen Ekonomit","url":"https:\/\/www.ekonomit.fi\/sv\/","logo":{"@type":"ImageObject","inLanguage":"sv-SE","@id":"https:\/\/www.ekonomit.fi\/sv\/#\/schema\/logo\/image\/","url":"https:\/\/www.ekonomit.fi\/wp-content\/uploads\/2020\/05\/ekonomit-mer-nega.png","contentUrl":"https:\/\/www.ekonomit.fi\/wp-content\/uploads\/2020\/05\/ekonomit-mer-nega.png","width":870,"height":307,"caption":"Suomen Ekonomit"},"image":{"@id":"https:\/\/www.ekonomit.fi\/sv\/#\/schema\/logo\/image\/"}}]}},"coauthors":[],"author_meta":{"author_link":"https:\/\/www.ekonomit.fi\/sv\/author\/heidihaapalainen\/","display_name":"heidihaapalainen"},"relative_dates":{"created":"Publicerad 5 \u00e5r sedan","modified":"Uppdaterad 2 \u00e5r sedan"},"absolute_dates":{"created":"Publicerat den 13 april 2021","modified":"Uppdaterad den 11 april 2024"},"absolute_dates_time":{"created":"Publicerat den 13 april 2021 09:31","modified":"Uppdaterad den 11 april 2024 13:59"},"featured_img_caption":"","featured_img":false,"series_order":"","jetpack_sharing_enabled":true,"_links":{"self":[{"href":"https:\/\/www.ekonomit.fi\/sv\/wp-json\/wp\/v2\/pages\/21255","targetHints":{"allow":["GET"]}}],"collection":[{"href":"https:\/\/www.ekonomit.fi\/sv\/wp-json\/wp\/v2\/pages"}],"about":[{"href":"https:\/\/www.ekonomit.fi\/sv\/wp-json\/wp\/v2\/types\/page"}],"author":[{"embeddable":true,"href":"https:\/\/www.ekonomit.fi\/sv\/wp-json\/wp\/v2\/users\/3"}],"replies":[{"embeddable":true,"href":"https:\/\/www.ekonomit.fi\/sv\/wp-json\/wp\/v2\/comments?post=21255"}],"version-history":[{"count":12,"href":"https:\/\/www.ekonomit.fi\/sv\/wp-json\/wp\/v2\/pages\/21255\/revisions"}],"predecessor-version":[{"id":42025,"href":"https:\/\/www.ekonomit.fi\/sv\/wp-json\/wp\/v2\/pages\/21255\/revisions\/42025"}],"up":[{"embeddable":true,"href":"https:\/\/www.ekonomit.fi\/sv\/wp-json\/wp\/v2\/pages\/37804"}],"wp:attachment":[{"href":"https:\/\/www.ekonomit.fi\/sv\/wp-json\/wp\/v2\/media?parent=21255"}],"curies":[{"name":"wp","href":"https:\/\/api.w.org\/{rel}","templated":true}]}}