{"id":27117,"date":"2021-12-09T15:19:07","date_gmt":"2021-12-09T13:19:07","guid":{"rendered":"https:\/\/www.ekonomit.fi\/?page_id=27117"},"modified":"2025-02-27T16:16:28","modified_gmt":"2025-02-27T14:16:28","slug":"kylteri-jobbsokningstjanst","status":"publish","type":"page","link":"https:\/\/www.ekonomit.fi\/sv\/bli-medlem3\/till-ekonomistuderande\/kylteri-jobbsokningstjanst\/","title":{"rendered":"Kylteri jobbs\u00f6kningstj\u00e4nst"},"content":{"rendered":"\n<div class=\"wp-block-columns is-layout-flex wp-container-core-columns-is-layout-9d6595d7 wp-block-columns-is-layout-flex\">\n<div class=\"wp-block-column is-layout-flow wp-block-column-is-layout-flow\" style=\"flex-basis:66.66%\">\n<p>Arbetss\u00f6kningstj\u00e4nsten f\u00f6r ekonomistuderande ger dig hj\u00e4lp, st\u00f6d och tips n\u00e4r du s\u00f6ker jobb. M\u00e5let med tj\u00e4nsten \u00e4r att g\u00f6ra det roligare, mer betydelsefullt och framf\u00f6r allt effektivare f\u00f6r dig att s\u00f6ka arbete.<\/p>\n\n\n\n<p>Den virtuella tj\u00e4nsten inneh\u00e5ller olika praktiska \u00f6vningar, konkreta r\u00e5d f\u00f6r arbetss\u00f6kningen samt interaktiva delar. Du f\u00e5r till exempel veta mer om hur du skriver CV och ans\u00f6kan, f\u00f6rbereder dig inf\u00f6r en anst\u00e4llningsintervju, identifierar och beskriver det egna kunnandet samt hittar dolda arbetsplatser. Inneh\u00e5llet har utarbetats av Finlands Ekonomers sakkunniga.<\/p>\n\n\n\n<p>Med hj\u00e4lp av tj\u00e4nsten blir du b\u00e4ttre p\u00e5 att s\u00f6ka jobb och hittar l\u00e4ttare s\u00e5dant arbete som passar dig. Du kan anv\u00e4nda tj\u00e4nsten precis n\u00e4r du \u00f6nskar och i din egen takt. Kom med om du vill utvecklas, inspireras, l\u00e4ra dig nytt, dela med dig och samtala med andra.<\/p>\n\n\n\n<div class=\"wp-block-buttons is-layout-flex wp-block-buttons-is-layout-flex\">\n<div class=\"wp-block-button\"><a class=\"wp-block-button__link wp-element-button\" href=\"https:\/\/elounge.ekonomit.fi\/pages\/palvelut\/kylterin-tyonhaun-palvelu\"> <strong>REGISTRERA DIG I TJ\u00c4NSTEN<\/strong> <\/a><\/div>\n<\/div>\n<\/div>\n\n\n\n<div class=\"wp-block-column is-layout-flow wp-block-column-is-layout-flow\" style=\"flex-basis:33.33%\">\t<div class=\"wp-block-cdl-person-block\">\n\t\t<div class=\"image\">\n\t\t\t<img decoding=\"async\" src=\"https:\/\/www.ekonomit.fi\/wp-content\/uploads\/2023\/08\/Anton_Pajoslahti_kuva_Opa_Latvala.jpg\">\n\t\t<\/div>\n\t\t<div class=\"info\">\n\t\t\t<div class=\"name\">\n\t\t\t\tPajoslahti\t\t\t\tAnton\t\t\t<\/div>\n\t\t\t<div class=\"job-title\">Karri\u00e4rcoach<\/div>\n\t\t\t<div class=\"phone\">p. +358504381399<\/div>\n\t\t\t\t\t\t\t\t\t<div class=\"description\"><\/div>\n\t\t<\/div>\n\t<\/div>\n\t\n\n\t<div class=\"wp-block-cdl-person-block\">\n\t\t<div class=\"image\">\n\t\t\t<img decoding=\"async\" src=\"https:\/\/www.ekonomit.fi\/wp-content\/uploads\/2020\/06\/Parpala_Arja-400x300-1.jpg\">\n\t\t<\/div>\n\t\t<div class=\"info\">\n\t\t\t<div class=\"name\">\n\t\t\t\tParpala\t\t\t\tArja\t\t\t<\/div>\n\t\t\t<div class=\"job-title\">Utvecklingschef<\/div>\n\t\t\t<div class=\"phone\">p. +358400421950<\/div>\n\t\t\t\t\t\t\t<div class=\"linkedin\">\n\t\t\t\t\t<i class=\"fab fa-linkedin\"><\/i>\n\t\t\t\t\t<a href=\"http:\/\/www.linkedin.com\/in\/arjaparpala\">LinkedIn -profiili<\/a>\n\t\t\t\t<\/div>\n\t\t\t\t\t\t\t\t\t<div class=\"description\"><\/div>\n\t\t<\/div>\n\t<\/div>\n\t<\/div>\n<\/div>\n<div class=\"rns\" data-title=\"Kylteri jobbs\u00f6kningstj\u00e4nst\" data-tags=\"\" data-categories=\"\" data-comments=\"0\" data-date=\"1639063147000\" data-author=\"idalevanen\" data-single=\"\" data-url=\"https:\/\/www.ekonomit.fi\/sv\/bli-medlem3\/till-ekonomistuderande\/kylteri-jobbsokningstjanst\/\"><\/div> <!-- Check out https:\/\/reactandshare.com -->","protected":false},"excerpt":{"rendered":"<p>Arbetss\u00f6kningstj\u00e4nsten f\u00f6r ekonomistuderande ger dig hj\u00e4lp, st\u00f6d och tips n\u00e4r du s\u00f6ker jobb. M\u00e5let&#8230;<\/p>\n","protected":false},"author":4,"featured_media":0,"parent":37804,"menu_order":2,"comment_status":"closed","ping_status":"closed","template":"page-templates\/page-sidebars.php","meta":{"_acf_changed":false,"inline_featured_image":false,"advgb_blocks_editor_width":"","advgb_blocks_columns_visual_guide":"","footnotes":""},"class_list":["post-27117","page","type-page","status-publish","hentry"],"acf":[],"yoast_head":"<!-- This site is optimized with the Yoast SEO plugin v27.4 - https:\/\/yoast.com\/product\/yoast-seo-wordpress\/ -->\n<title>Kylteri jobbs\u00f6kningstj\u00e4nst - Suomen Ekonomit<\/title>\n<meta name=\"robots\" content=\"index, follow, max-snippet:-1, max-image-preview:large, max-video-preview:-1\" \/>\n<link rel=\"canonical\" href=\"https:\/\/www.ekonomit.fi\/sv\/bli-medlem3\/till-ekonomistuderande\/kylteri-jobbsokningstjanst\/\" \/>\n<meta property=\"og:locale\" content=\"sv_SE\" \/>\n<meta property=\"og:type\" content=\"article\" \/>\n<meta property=\"og:title\" content=\"Kylteri jobbs\u00f6kningstj\u00e4nst - Suomen Ekonomit\" \/>\n<meta property=\"og:description\" content=\"Arbetss\u00f6kningstj\u00e4nsten f\u00f6r ekonomistuderande ger dig hj\u00e4lp, st\u00f6d och tips n\u00e4r du s\u00f6ker jobb. M\u00e5let...\" \/>\n<meta property=\"og:url\" content=\"https:\/\/www.ekonomit.fi\/sv\/bli-medlem3\/till-ekonomistuderande\/kylteri-jobbsokningstjanst\/\" \/>\n<meta property=\"og:site_name\" content=\"Suomen Ekonomit\" \/>\n<meta property=\"article:modified_time\" content=\"2025-02-27T14:16:28+00:00\" \/>\n<meta name=\"twitter:card\" content=\"summary_large_image\" \/>\n<meta name=\"twitter:label1\" content=\"Ber\u00e4knad l\u00e4stid\" \/>\n\t<meta name=\"twitter:data1\" content=\"1 minut\" \/>\n<script type=\"application\/ld+json\" class=\"yoast-schema-graph\">{\"@context\":\"https:\\\/\\\/schema.org\",\"@graph\":[{\"@type\":\"WebPage\",\"@id\":\"https:\\\/\\\/www.ekonomit.fi\\\/sv\\\/bli-medlem3\\\/till-ekonomistuderande\\\/kylteri-jobbsokningstjanst\\\/\",\"url\":\"https:\\\/\\\/www.ekonomit.fi\\\/sv\\\/bli-medlem3\\\/till-ekonomistuderande\\\/kylteri-jobbsokningstjanst\\\/\",\"name\":\"Kylteri jobbs\u00f6kningstj\u00e4nst - Suomen Ekonomit\",\"isPartOf\":{\"@id\":\"https:\\\/\\\/www.ekonomit.fi\\\/sv\\\/#website\"},\"datePublished\":\"2021-12-09T13:19:07+00:00\",\"dateModified\":\"2025-02-27T14:16:28+00:00\",\"breadcrumb\":{\"@id\":\"https:\\\/\\\/www.ekonomit.fi\\\/sv\\\/bli-medlem3\\\/till-ekonomistuderande\\\/kylteri-jobbsokningstjanst\\\/#breadcrumb\"},\"inLanguage\":\"sv-SE\",\"potentialAction\":[{\"@type\":\"ReadAction\",\"target\":[\"https:\\\/\\\/www.ekonomit.fi\\\/sv\\\/bli-medlem3\\\/till-ekonomistuderande\\\/kylteri-jobbsokningstjanst\\\/\"]}]},{\"@type\":\"BreadcrumbList\",\"@id\":\"https:\\\/\\\/www.ekonomit.fi\\\/sv\\\/bli-medlem3\\\/till-ekonomistuderande\\\/kylteri-jobbsokningstjanst\\\/#breadcrumb\",\"itemListElement\":[{\"@type\":\"ListItem\",\"position\":1,\"name\":\"Home\",\"item\":\"https:\\\/\\\/www.ekonomit.fi\\\/sv\\\/\"},{\"@type\":\"ListItem\",\"position\":2,\"name\":\"J\u00e4senyys\",\"item\":\"https:\\\/\\\/www.ekonomit.fi\\\/sv\\\/?page_id=40039\"},{\"@type\":\"ListItem\",\"position\":3,\"name\":\"Till studeranden\",\"item\":\"https:\\\/\\\/www.ekonomit.fi\\\/sv\\\/bli-medlem3\\\/till-ekonomistuderande\\\/\"},{\"@type\":\"ListItem\",\"position\":4,\"name\":\"Kylteri jobbs\u00f6kningstj\u00e4nst\"}]},{\"@type\":\"WebSite\",\"@id\":\"https:\\\/\\\/www.ekonomit.fi\\\/sv\\\/#website\",\"url\":\"https:\\\/\\\/www.ekonomit.fi\\\/sv\\\/\",\"name\":\"Suomen Ekonomit\",\"description\":\"\",\"publisher\":{\"@id\":\"https:\\\/\\\/www.ekonomit.fi\\\/sv\\\/#organization\"},\"potentialAction\":[{\"@type\":\"SearchAction\",\"target\":{\"@type\":\"EntryPoint\",\"urlTemplate\":\"https:\\\/\\\/www.ekonomit.fi\\\/sv\\\/?s={search_term_string}\"},\"query-input\":{\"@type\":\"PropertyValueSpecification\",\"valueRequired\":true,\"valueName\":\"search_term_string\"}}],\"inLanguage\":\"sv-SE\"},{\"@type\":\"Organization\",\"@id\":\"https:\\\/\\\/www.ekonomit.fi\\\/sv\\\/#organization\",\"name\":\"Suomen Ekonomit\",\"url\":\"https:\\\/\\\/www.ekonomit.fi\\\/sv\\\/\",\"logo\":{\"@type\":\"ImageObject\",\"inLanguage\":\"sv-SE\",\"@id\":\"https:\\\/\\\/www.ekonomit.fi\\\/sv\\\/#\\\/schema\\\/logo\\\/image\\\/\",\"url\":\"https:\\\/\\\/www.ekonomit.fi\\\/wp-content\\\/uploads\\\/2020\\\/05\\\/ekonomit-mer-nega.png\",\"contentUrl\":\"https:\\\/\\\/www.ekonomit.fi\\\/wp-content\\\/uploads\\\/2020\\\/05\\\/ekonomit-mer-nega.png\",\"width\":870,\"height\":307,\"caption\":\"Suomen Ekonomit\"},\"image\":{\"@id\":\"https:\\\/\\\/www.ekonomit.fi\\\/sv\\\/#\\\/schema\\\/logo\\\/image\\\/\"}}]}<\/script>\n<!-- \/ Yoast SEO plugin. -->","yoast_head_json":{"title":"Kylteri jobbs\u00f6kningstj\u00e4nst - Suomen Ekonomit","robots":{"index":"index","follow":"follow","max-snippet":"max-snippet:-1","max-image-preview":"max-image-preview:large","max-video-preview":"max-video-preview:-1"},"canonical":"https:\/\/www.ekonomit.fi\/sv\/bli-medlem3\/till-ekonomistuderande\/kylteri-jobbsokningstjanst\/","og_locale":"sv_SE","og_type":"article","og_title":"Kylteri jobbs\u00f6kningstj\u00e4nst - Suomen Ekonomit","og_description":"Arbetss\u00f6kningstj\u00e4nsten f\u00f6r ekonomistuderande ger dig hj\u00e4lp, st\u00f6d och tips n\u00e4r du s\u00f6ker jobb. M\u00e5let...","og_url":"https:\/\/www.ekonomit.fi\/sv\/bli-medlem3\/till-ekonomistuderande\/kylteri-jobbsokningstjanst\/","og_site_name":"Suomen Ekonomit","article_modified_time":"2025-02-27T14:16:28+00:00","twitter_card":"summary_large_image","twitter_misc":{"Ber\u00e4knad l\u00e4stid":"1 minut"},"schema":{"@context":"https:\/\/schema.org","@graph":[{"@type":"WebPage","@id":"https:\/\/www.ekonomit.fi\/sv\/bli-medlem3\/till-ekonomistuderande\/kylteri-jobbsokningstjanst\/","url":"https:\/\/www.ekonomit.fi\/sv\/bli-medlem3\/till-ekonomistuderande\/kylteri-jobbsokningstjanst\/","name":"Kylteri jobbs\u00f6kningstj\u00e4nst - Suomen Ekonomit","isPartOf":{"@id":"https:\/\/www.ekonomit.fi\/sv\/#website"},"datePublished":"2021-12-09T13:19:07+00:00","dateModified":"2025-02-27T14:16:28+00:00","breadcrumb":{"@id":"https:\/\/www.ekonomit.fi\/sv\/bli-medlem3\/till-ekonomistuderande\/kylteri-jobbsokningstjanst\/#breadcrumb"},"inLanguage":"sv-SE","potentialAction":[{"@type":"ReadAction","target":["https:\/\/www.ekonomit.fi\/sv\/bli-medlem3\/till-ekonomistuderande\/kylteri-jobbsokningstjanst\/"]}]},{"@type":"BreadcrumbList","@id":"https:\/\/www.ekonomit.fi\/sv\/bli-medlem3\/till-ekonomistuderande\/kylteri-jobbsokningstjanst\/#breadcrumb","itemListElement":[{"@type":"ListItem","position":1,"name":"Home","item":"https:\/\/www.ekonomit.fi\/sv\/"},{"@type":"ListItem","position":2,"name":"J\u00e4senyys","item":"https:\/\/www.ekonomit.fi\/sv\/?page_id=40039"},{"@type":"ListItem","position":3,"name":"Till studeranden","item":"https:\/\/www.ekonomit.fi\/sv\/bli-medlem3\/till-ekonomistuderande\/"},{"@type":"ListItem","position":4,"name":"Kylteri jobbs\u00f6kningstj\u00e4nst"}]},{"@type":"WebSite","@id":"https:\/\/www.ekonomit.fi\/sv\/#website","url":"https:\/\/www.ekonomit.fi\/sv\/","name":"Suomen Ekonomit","description":"","publisher":{"@id":"https:\/\/www.ekonomit.fi\/sv\/#organization"},"potentialAction":[{"@type":"SearchAction","target":{"@type":"EntryPoint","urlTemplate":"https:\/\/www.ekonomit.fi\/sv\/?s={search_term_string}"},"query-input":{"@type":"PropertyValueSpecification","valueRequired":true,"valueName":"search_term_string"}}],"inLanguage":"sv-SE"},{"@type":"Organization","@id":"https:\/\/www.ekonomit.fi\/sv\/#organization","name":"Suomen Ekonomit","url":"https:\/\/www.ekonomit.fi\/sv\/","logo":{"@type":"ImageObject","inLanguage":"sv-SE","@id":"https:\/\/www.ekonomit.fi\/sv\/#\/schema\/logo\/image\/","url":"https:\/\/www.ekonomit.fi\/wp-content\/uploads\/2020\/05\/ekonomit-mer-nega.png","contentUrl":"https:\/\/www.ekonomit.fi\/wp-content\/uploads\/2020\/05\/ekonomit-mer-nega.png","width":870,"height":307,"caption":"Suomen Ekonomit"},"image":{"@id":"https:\/\/www.ekonomit.fi\/sv\/#\/schema\/logo\/image\/"}}]}},"coauthors":[],"author_meta":{"author_link":"https:\/\/www.ekonomit.fi\/sv\/author\/idalevanen\/","display_name":"idalevanen"},"relative_dates":{"created":"Publicerad 4 \u00e5r sedan","modified":"Uppdaterad 1 \u00e5r sedan"},"absolute_dates":{"created":"Publicerat den 9 december 2021","modified":"Uppdaterad den 27 februari 2025"},"absolute_dates_time":{"created":"Publicerat den 9 december 2021 15:19","modified":"Uppdaterad den 27 februari 2025 16:16"},"featured_img_caption":"","featured_img":false,"series_order":"","jetpack_sharing_enabled":true,"_links":{"self":[{"href":"https:\/\/www.ekonomit.fi\/sv\/wp-json\/wp\/v2\/pages\/27117","targetHints":{"allow":["GET"]}}],"collection":[{"href":"https:\/\/www.ekonomit.fi\/sv\/wp-json\/wp\/v2\/pages"}],"about":[{"href":"https:\/\/www.ekonomit.fi\/sv\/wp-json\/wp\/v2\/types\/page"}],"author":[{"embeddable":true,"href":"https:\/\/www.ekonomit.fi\/sv\/wp-json\/wp\/v2\/users\/4"}],"replies":[{"embeddable":true,"href":"https:\/\/www.ekonomit.fi\/sv\/wp-json\/wp\/v2\/comments?post=27117"}],"version-history":[{"count":6,"href":"https:\/\/www.ekonomit.fi\/sv\/wp-json\/wp\/v2\/pages\/27117\/revisions"}],"predecessor-version":[{"id":45762,"href":"https:\/\/www.ekonomit.fi\/sv\/wp-json\/wp\/v2\/pages\/27117\/revisions\/45762"}],"up":[{"embeddable":true,"href":"https:\/\/www.ekonomit.fi\/sv\/wp-json\/wp\/v2\/pages\/37804"}],"wp:attachment":[{"href":"https:\/\/www.ekonomit.fi\/sv\/wp-json\/wp\/v2\/media?parent=27117"}],"curies":[{"name":"wp","href":"https:\/\/api.w.org\/{rel}","templated":true}]}}