{"id":27861,"date":"2022-02-03T12:31:09","date_gmt":"2022-02-03T10:31:09","guid":{"rendered":"https:\/\/www.ekonomit.fi\/?page_id=27861"},"modified":"2025-07-21T13:10:15","modified_gmt":"2025-07-21T10:10:15","slug":"hbl","status":"publish","type":"page","link":"https:\/\/www.ekonomit.fi\/sv\/tidningsformaner\/hbl\/","title":{"rendered":"HBL Digitalt \u2013 Kvalitetsjournalistik n\u00e4r, var och hur du vill"},"content":{"rendered":"\n<div class=\"wp-block-columns is-layout-flex wp-container-core-columns-is-layout-9d6595d7 wp-block-columns-is-layout-flex\">\n<div class=\"wp-block-column is-layout-flow wp-block-column-is-layout-flow\" style=\"flex-basis:66.66%\">\n<figure class=\"wp-block-image alignfull size-full\"><img decoding=\"async\" width=\"1000\" height=\"562\" src=\"https:\/\/www.ekonomit.fi\/wp-content\/uploads\/2022\/02\/hbl365-ekonomer-1000px.jpg\" alt=\"HBL Digital 1000px\" class=\"wp-image-27867\" srcset=\"https:\/\/www.ekonomit.fi\/wp-content\/uploads\/2022\/02\/hbl365-ekonomer-1000px.jpg 1000w, https:\/\/www.ekonomit.fi\/wp-content\/uploads\/2022\/02\/hbl365-ekonomer-1000px-300x169.jpg 300w, https:\/\/www.ekonomit.fi\/wp-content\/uploads\/2022\/02\/hbl365-ekonomer-1000px-768x432.jpg 768w\" sizes=\"(max-width: 1000px) 100vw, 1000px\" \/><\/figure>\n\n\n\n<p>HBL Digitalt 55 \u20ac\/12 m\u00e5n (norm. 214,80 \u20ac)<\/p>\n\n\n\n<p>HBL Digitalt ger dig tillg\u00e5ng till allt Premiuminneh\u00e5ll p\u00e5 hbl.fi samt e-tidningarna f\u00f6r Hufvudstadsbladet, V\u00e4stra Nyland, \u00d6stnyland och HBL Junior.<br><br>Du har \u00e4ven tillg\u00e5ng till HBL Ekonomi, en sektion som h\u00e5ller l\u00e4saren uppdaterad om intressanta ekonominyheter med s\u00e4rskilt fokus p\u00e5 Svenskfinland. Inneh\u00e5llet innefattar bland annat intervjuer med inspirerande f\u00f6retagare och p\u00e5verkare inom n\u00e4ringslivet, insiktsfulla artiklar om ledarskap, teknologi, placering och konsumentskydd. F\u00f6r att inte heller gl\u00f6mma nordisk och global ekonomi. Varje fredag fokuserar HBL p\u00e5 boende och bostadsmarknaden.<br><br>P\u00e5 adressen <a href=\"https:\/\/www.hbl.fi\/\">hbl.fi<\/a> hittar du b\u00e5de f\u00e4rska nyheter och e-tidningarna. Senaste nytt kan du l\u00e4tt och smidigt f\u00f6lja med i appen HBL Nyheter. E-tidningarna hittar du i appen HBL 365.<\/p>\n\n\n\n<div class=\"wp-block-buttons is-layout-flex wp-block-buttons-is-layout-flex\">\n<div class=\"wp-block-button\"><a class=\"wp-block-button__link wp-element-button\" href=\"https:\/\/elounge.ekonomit.fi\/member-benefits\">L\u00c4S MER OCH <strong>AKTIVERA DIN PRENUMERATION<\/strong><\/a><\/div>\n<\/div>\n\n\n\n<div style=\"height:15px\" aria-hidden=\"true\" class=\"wp-block-spacer\"><\/div>\n\n\n\n<div style=\"height:16px\" aria-hidden=\"true\" class=\"wp-block-spacer\"><\/div>\n<\/div>\n\n\n\n<div class=\"wp-block-column is-layout-flow wp-block-column-is-layout-flow\" style=\"flex-basis:33.33%\">\n<div style=\"height:25px\" aria-hidden=\"true\" class=\"wp-block-spacer\"><\/div>\n\n\n\n<h4 class=\"wp-block-heading\">Fr\u00e5gor om din prenumeration, tidningens inneh\u00e5ll eller appen?<\/h4>\n\n\n\n<p>P\u00e5 <a href=\"https:\/\/www.hbl.fi\/sida\/kundservice\">HBL:s kundservice<\/a>\u202ff\u00e5r du enkelt svar p\u00e5 de flesta fr\u00e5gorna.<\/p>\n\n\n\n<h4 class=\"wp-block-heading\">Fr\u00e5gor om betalning eller ditt medlemskap?<\/h4>\n\n\n\n<p>Kontakta <a href=\"https:\/\/www.ekonomit.fi\/sv\/finlands-ekonomer\/kontaktuppgifter\/\">Finlands Ekonomers kundtj\u00e4nst<\/a><\/p>\n\n\n\n<div style=\"height:15px\" aria-hidden=\"true\" class=\"wp-block-spacer\"><\/div>\n\n\n\n<div class=\"wp-block-group is-style-background-gray-medium has-padding-medium\"><div class=\"wp-block-group__inner-container is-layout-flow wp-block-group-is-layout-flow\">\n<h4 class=\"wp-block-heading\">Ladda ned HBL 365 h\u00e4r:<\/h4>\n\n\n\n<ul class=\"wp-block-list\">\n<li><a href=\"https:\/\/play.google.com\/store\/apps\/details?id=fi.hbl.areader&amp;hl=sv&amp;gl=US\">Google Play<\/a><\/li>\n\n\n\n<li><a href=\"https:\/\/apps.apple.com\/fi\/app\/hbl-365\/id436106377\">App Store<\/a><\/li>\n<\/ul>\n\n\n\n<p>I e-tidningsapplikationen HBL 365 kan du l\u00e4sa e-tidningarna HBL, HBL Junior, V\u00e4stra Nyland och \u00d6stnyland i ett format som \u00e4r anpassat f\u00f6r mobila enheter.<\/p>\n\n\n\n<h4 class=\"wp-block-heading\">Ladda ned HBL Nyheter h\u00e4r:<\/h4>\n\n\n\n<ul class=\"wp-block-list\">\n<li><a href=\"https:\/\/play.google.com\/store\/apps\/details?id=fi.ksfmedia.hbl&amp;hl=sv&amp;gl=US\">Google Play<\/a><\/li>\n\n\n\n<li><a href=\"https:\/\/apps.apple.com\/fi\/app\/hbl-nyheter\/id1473028619\">App Store<\/a><\/li>\n<\/ul>\n\n\n\n<p>I appen HBL Nyheter har du tillg\u00e5ng till de senaste nyheterna. Genom att aktivera pushnotiser i appen h\u00e5lls du garanterat \u00e1 jour med vad som h\u00e4nder.<\/p>\n\n\n\n<p>Som digital prenumerant har du \u00e4ven tillg\u00e5ng till alla artiklar p\u00e5 <a href=\"http:\/\/hbl.fi\">hbl.fi<\/a>.<\/p>\n\n\n\n<p><\/p>\n<\/div><\/div>\n<\/div>\n<\/div>\n\n\n\n<hr class=\"wp-block-separator has-css-opacity\"\/>\n<div class=\"rns\" data-title=\"HBL Digitalt \u2013 Kvalitetsjournalistik n\u00e4r, var och hur du vill\" data-tags=\"\" data-categories=\"\" data-comments=\"0\" data-date=\"1643891469000\" data-author=\"heidihaapalainen\" data-single=\"\" data-url=\"https:\/\/www.ekonomit.fi\/sv\/tidningsformaner\/hbl\/\"><\/div> <!-- Check out https:\/\/reactandshare.com -->","protected":false},"excerpt":{"rendered":"<p>HBL Digitalt 55 \u20ac\/12 m\u00e5n (norm. 214,80 \u20ac) HBL Digitalt ger dig tillg\u00e5ng till&#8230;<\/p>\n","protected":false},"author":3,"featured_media":0,"parent":17251,"menu_order":1,"comment_status":"closed","ping_status":"closed","template":"page-templates\/page-sidebars.php","meta":{"_acf_changed":false,"inline_featured_image":false,"advgb_blocks_editor_width":"","advgb_blocks_columns_visual_guide":"","footnotes":""},"class_list":["post-27861","page","type-page","status-publish","hentry"],"acf":[],"yoast_head":"<!-- This site is optimized with the Yoast SEO plugin v27.6 - https:\/\/yoast.com\/product\/yoast-seo-wordpress\/ -->\n<title>HBL Digitalt \u2013 Kvalitetsjournalistik n\u00e4r, var och hur du vill - Suomen Ekonomit<\/title>\n<meta name=\"description\" content=\"I appen HBL 365 hittar du alla v\u00e5ra digitala e-tidningar: Hufvudstadsbladet, V\u00e4stra Nyland, \u00d6stnyland och HBL Junior.\u00a0 Som medlem i Finlands Ekonomer kan du k\u00f6pa tidningen HBL Digital till ett medlemspris om 40 euro.\" \/>\n<meta name=\"robots\" content=\"index, follow, max-snippet:-1, max-image-preview:large, max-video-preview:-1\" \/>\n<link rel=\"canonical\" href=\"https:\/\/www.ekonomit.fi\/sv\/tidningsformaner\/hbl\/\" \/>\n<meta property=\"og:locale\" content=\"sv_SE\" \/>\n<meta property=\"og:type\" content=\"article\" \/>\n<meta property=\"og:title\" content=\"HBL Digitalt \u2013 Kvalitetsjournalistik n\u00e4r, var och hur du vill - Suomen Ekonomit\" \/>\n<meta property=\"og:description\" content=\"I appen HBL 365 hittar du alla v\u00e5ra digitala e-tidningar: Hufvudstadsbladet, V\u00e4stra Nyland, \u00d6stnyland och HBL Junior.\u00a0 Som medlem i Finlands Ekonomer kan du k\u00f6pa tidningen HBL Digital till ett medlemspris om 40 euro.\" \/>\n<meta property=\"og:url\" content=\"https:\/\/www.ekonomit.fi\/sv\/tidningsformaner\/hbl\/\" \/>\n<meta property=\"og:site_name\" content=\"Suomen Ekonomit\" \/>\n<meta property=\"article:modified_time\" content=\"2025-07-21T10:10:15+00:00\" \/>\n<meta property=\"og:image\" content=\"https:\/\/www.ekonomit.fi\/wp-content\/uploads\/2022\/02\/hbl365-ekonomer-1000px.jpg\" \/>\n\t<meta property=\"og:image:width\" content=\"1000\" \/>\n\t<meta property=\"og:image:height\" content=\"562\" \/>\n\t<meta property=\"og:image:type\" content=\"image\/jpeg\" \/>\n<meta name=\"twitter:card\" content=\"summary_large_image\" \/>\n<meta name=\"twitter:label1\" content=\"Ber\u00e4knad l\u00e4stid\" \/>\n\t<meta name=\"twitter:data1\" content=\"2 minuter\" \/>\n<script type=\"application\/ld+json\" class=\"yoast-schema-graph\">{\"@context\":\"https:\\\/\\\/schema.org\",\"@graph\":[{\"@type\":\"WebPage\",\"@id\":\"https:\\\/\\\/www.ekonomit.fi\\\/sv\\\/tidningsformaner\\\/hbl\\\/\",\"url\":\"https:\\\/\\\/www.ekonomit.fi\\\/sv\\\/tidningsformaner\\\/hbl\\\/\",\"name\":\"HBL Digitalt \u2013 Kvalitetsjournalistik n\u00e4r, var och hur du vill - Suomen Ekonomit\",\"isPartOf\":{\"@id\":\"https:\\\/\\\/www.ekonomit.fi\\\/sv\\\/#website\"},\"primaryImageOfPage\":{\"@id\":\"https:\\\/\\\/www.ekonomit.fi\\\/sv\\\/tidningsformaner\\\/hbl\\\/#primaryimage\"},\"image\":{\"@id\":\"https:\\\/\\\/www.ekonomit.fi\\\/sv\\\/tidningsformaner\\\/hbl\\\/#primaryimage\"},\"thumbnailUrl\":\"https:\\\/\\\/www.ekonomit.fi\\\/wp-content\\\/uploads\\\/2022\\\/02\\\/hbl365-ekonomer-1000px.jpg\",\"datePublished\":\"2022-02-03T10:31:09+00:00\",\"dateModified\":\"2025-07-21T10:10:15+00:00\",\"description\":\"I appen HBL 365 hittar du alla v\u00e5ra digitala e-tidningar: Hufvudstadsbladet, V\u00e4stra Nyland, \u00d6stnyland och HBL Junior.\u00a0 Som medlem i Finlands Ekonomer kan du k\u00f6pa tidningen HBL Digital till ett medlemspris om 40 euro.\",\"breadcrumb\":{\"@id\":\"https:\\\/\\\/www.ekonomit.fi\\\/sv\\\/tidningsformaner\\\/hbl\\\/#breadcrumb\"},\"inLanguage\":\"sv-SE\",\"potentialAction\":[{\"@type\":\"ReadAction\",\"target\":[\"https:\\\/\\\/www.ekonomit.fi\\\/sv\\\/tidningsformaner\\\/hbl\\\/\"]}]},{\"@type\":\"ImageObject\",\"inLanguage\":\"sv-SE\",\"@id\":\"https:\\\/\\\/www.ekonomit.fi\\\/sv\\\/tidningsformaner\\\/hbl\\\/#primaryimage\",\"url\":\"https:\\\/\\\/www.ekonomit.fi\\\/wp-content\\\/uploads\\\/2022\\\/02\\\/hbl365-ekonomer-1000px.jpg\",\"contentUrl\":\"https:\\\/\\\/www.ekonomit.fi\\\/wp-content\\\/uploads\\\/2022\\\/02\\\/hbl365-ekonomer-1000px.jpg\"},{\"@type\":\"BreadcrumbList\",\"@id\":\"https:\\\/\\\/www.ekonomit.fi\\\/sv\\\/tidningsformaner\\\/hbl\\\/#breadcrumb\",\"itemListElement\":[{\"@type\":\"ListItem\",\"position\":1,\"name\":\"Home\",\"item\":\"https:\\\/\\\/www.ekonomit.fi\\\/sv\\\/\"},{\"@type\":\"ListItem\",\"position\":2,\"name\":\"Tidningsf\u00f6rm\u00e5ner\",\"item\":\"https:\\\/\\\/www.ekonomit.fi\\\/sv\\\/tidningsformaner\\\/\"},{\"@type\":\"ListItem\",\"position\":3,\"name\":\"HBL Digitalt \u2013 Kvalitetsjournalistik n\u00e4r, var och hur du vill\"}]},{\"@type\":\"WebSite\",\"@id\":\"https:\\\/\\\/www.ekonomit.fi\\\/sv\\\/#website\",\"url\":\"https:\\\/\\\/www.ekonomit.fi\\\/sv\\\/\",\"name\":\"Suomen Ekonomit\",\"description\":\"\",\"publisher\":{\"@id\":\"https:\\\/\\\/www.ekonomit.fi\\\/sv\\\/#organization\"},\"potentialAction\":[{\"@type\":\"SearchAction\",\"target\":{\"@type\":\"EntryPoint\",\"urlTemplate\":\"https:\\\/\\\/www.ekonomit.fi\\\/sv\\\/?s={search_term_string}\"},\"query-input\":{\"@type\":\"PropertyValueSpecification\",\"valueRequired\":true,\"valueName\":\"search_term_string\"}}],\"inLanguage\":\"sv-SE\"},{\"@type\":\"Organization\",\"@id\":\"https:\\\/\\\/www.ekonomit.fi\\\/sv\\\/#organization\",\"name\":\"Suomen Ekonomit\",\"url\":\"https:\\\/\\\/www.ekonomit.fi\\\/sv\\\/\",\"logo\":{\"@type\":\"ImageObject\",\"inLanguage\":\"sv-SE\",\"@id\":\"https:\\\/\\\/www.ekonomit.fi\\\/sv\\\/#\\\/schema\\\/logo\\\/image\\\/\",\"url\":\"https:\\\/\\\/www.ekonomit.fi\\\/wp-content\\\/uploads\\\/2020\\\/05\\\/ekonomit-mer-nega.png\",\"contentUrl\":\"https:\\\/\\\/www.ekonomit.fi\\\/wp-content\\\/uploads\\\/2020\\\/05\\\/ekonomit-mer-nega.png\",\"width\":870,\"height\":307,\"caption\":\"Suomen Ekonomit\"},\"image\":{\"@id\":\"https:\\\/\\\/www.ekonomit.fi\\\/sv\\\/#\\\/schema\\\/logo\\\/image\\\/\"}}]}<\/script>\n<!-- \/ Yoast SEO plugin. -->","yoast_head_json":{"title":"HBL Digitalt \u2013 Kvalitetsjournalistik n\u00e4r, var och hur du vill - Suomen Ekonomit","description":"I appen HBL 365 hittar du alla v\u00e5ra digitala e-tidningar: Hufvudstadsbladet, V\u00e4stra Nyland, \u00d6stnyland och HBL Junior.\u00a0 Som medlem i Finlands Ekonomer kan du k\u00f6pa tidningen HBL Digital till ett medlemspris om 40 euro.","robots":{"index":"index","follow":"follow","max-snippet":"max-snippet:-1","max-image-preview":"max-image-preview:large","max-video-preview":"max-video-preview:-1"},"canonical":"https:\/\/www.ekonomit.fi\/sv\/tidningsformaner\/hbl\/","og_locale":"sv_SE","og_type":"article","og_title":"HBL Digitalt \u2013 Kvalitetsjournalistik n\u00e4r, var och hur du vill - Suomen Ekonomit","og_description":"I appen HBL 365 hittar du alla v\u00e5ra digitala e-tidningar: Hufvudstadsbladet, V\u00e4stra Nyland, \u00d6stnyland och HBL Junior.\u00a0 Som medlem i Finlands Ekonomer kan du k\u00f6pa tidningen HBL Digital till ett medlemspris om 40 euro.","og_url":"https:\/\/www.ekonomit.fi\/sv\/tidningsformaner\/hbl\/","og_site_name":"Suomen Ekonomit","article_modified_time":"2025-07-21T10:10:15+00:00","og_image":[{"width":1000,"height":562,"url":"https:\/\/www.ekonomit.fi\/wp-content\/uploads\/2022\/02\/hbl365-ekonomer-1000px.jpg","type":"image\/jpeg"}],"twitter_card":"summary_large_image","twitter_misc":{"Ber\u00e4knad l\u00e4stid":"2 minuter"},"schema":{"@context":"https:\/\/schema.org","@graph":[{"@type":"WebPage","@id":"https:\/\/www.ekonomit.fi\/sv\/tidningsformaner\/hbl\/","url":"https:\/\/www.ekonomit.fi\/sv\/tidningsformaner\/hbl\/","name":"HBL Digitalt \u2013 Kvalitetsjournalistik n\u00e4r, var och hur du vill - Suomen Ekonomit","isPartOf":{"@id":"https:\/\/www.ekonomit.fi\/sv\/#website"},"primaryImageOfPage":{"@id":"https:\/\/www.ekonomit.fi\/sv\/tidningsformaner\/hbl\/#primaryimage"},"image":{"@id":"https:\/\/www.ekonomit.fi\/sv\/tidningsformaner\/hbl\/#primaryimage"},"thumbnailUrl":"https:\/\/www.ekonomit.fi\/wp-content\/uploads\/2022\/02\/hbl365-ekonomer-1000px.jpg","datePublished":"2022-02-03T10:31:09+00:00","dateModified":"2025-07-21T10:10:15+00:00","description":"I appen HBL 365 hittar du alla v\u00e5ra digitala e-tidningar: Hufvudstadsbladet, V\u00e4stra Nyland, \u00d6stnyland och HBL Junior.\u00a0 Som medlem i Finlands Ekonomer kan du k\u00f6pa tidningen HBL Digital till ett medlemspris om 40 euro.","breadcrumb":{"@id":"https:\/\/www.ekonomit.fi\/sv\/tidningsformaner\/hbl\/#breadcrumb"},"inLanguage":"sv-SE","potentialAction":[{"@type":"ReadAction","target":["https:\/\/www.ekonomit.fi\/sv\/tidningsformaner\/hbl\/"]}]},{"@type":"ImageObject","inLanguage":"sv-SE","@id":"https:\/\/www.ekonomit.fi\/sv\/tidningsformaner\/hbl\/#primaryimage","url":"https:\/\/www.ekonomit.fi\/wp-content\/uploads\/2022\/02\/hbl365-ekonomer-1000px.jpg","contentUrl":"https:\/\/www.ekonomit.fi\/wp-content\/uploads\/2022\/02\/hbl365-ekonomer-1000px.jpg"},{"@type":"BreadcrumbList","@id":"https:\/\/www.ekonomit.fi\/sv\/tidningsformaner\/hbl\/#breadcrumb","itemListElement":[{"@type":"ListItem","position":1,"name":"Home","item":"https:\/\/www.ekonomit.fi\/sv\/"},{"@type":"ListItem","position":2,"name":"Tidningsf\u00f6rm\u00e5ner","item":"https:\/\/www.ekonomit.fi\/sv\/tidningsformaner\/"},{"@type":"ListItem","position":3,"name":"HBL Digitalt \u2013 Kvalitetsjournalistik n\u00e4r, var och hur du vill"}]},{"@type":"WebSite","@id":"https:\/\/www.ekonomit.fi\/sv\/#website","url":"https:\/\/www.ekonomit.fi\/sv\/","name":"Suomen Ekonomit","description":"","publisher":{"@id":"https:\/\/www.ekonomit.fi\/sv\/#organization"},"potentialAction":[{"@type":"SearchAction","target":{"@type":"EntryPoint","urlTemplate":"https:\/\/www.ekonomit.fi\/sv\/?s={search_term_string}"},"query-input":{"@type":"PropertyValueSpecification","valueRequired":true,"valueName":"search_term_string"}}],"inLanguage":"sv-SE"},{"@type":"Organization","@id":"https:\/\/www.ekonomit.fi\/sv\/#organization","name":"Suomen Ekonomit","url":"https:\/\/www.ekonomit.fi\/sv\/","logo":{"@type":"ImageObject","inLanguage":"sv-SE","@id":"https:\/\/www.ekonomit.fi\/sv\/#\/schema\/logo\/image\/","url":"https:\/\/www.ekonomit.fi\/wp-content\/uploads\/2020\/05\/ekonomit-mer-nega.png","contentUrl":"https:\/\/www.ekonomit.fi\/wp-content\/uploads\/2020\/05\/ekonomit-mer-nega.png","width":870,"height":307,"caption":"Suomen Ekonomit"},"image":{"@id":"https:\/\/www.ekonomit.fi\/sv\/#\/schema\/logo\/image\/"}}]}},"coauthors":[],"author_meta":{"author_link":"https:\/\/www.ekonomit.fi\/sv\/author\/heidihaapalainen\/","display_name":"heidihaapalainen"},"relative_dates":{"created":"Publicerad 4 \u00e5r sedan","modified":"Uppdaterad 10 m\u00e5nader sedan"},"absolute_dates":{"created":"Publicerat den 3 februari 2022","modified":"Uppdaterad den 21 juli 2025"},"absolute_dates_time":{"created":"Publicerat den 3 februari 2022 12:31","modified":"Uppdaterad den 21 juli 2025 13:10"},"featured_img_caption":"","featured_img":false,"series_order":"","jetpack_sharing_enabled":true,"_links":{"self":[{"href":"https:\/\/www.ekonomit.fi\/sv\/wp-json\/wp\/v2\/pages\/27861","targetHints":{"allow":["GET"]}}],"collection":[{"href":"https:\/\/www.ekonomit.fi\/sv\/wp-json\/wp\/v2\/pages"}],"about":[{"href":"https:\/\/www.ekonomit.fi\/sv\/wp-json\/wp\/v2\/types\/page"}],"author":[{"embeddable":true,"href":"https:\/\/www.ekonomit.fi\/sv\/wp-json\/wp\/v2\/users\/3"}],"replies":[{"embeddable":true,"href":"https:\/\/www.ekonomit.fi\/sv\/wp-json\/wp\/v2\/comments?post=27861"}],"version-history":[{"count":46,"href":"https:\/\/www.ekonomit.fi\/sv\/wp-json\/wp\/v2\/pages\/27861\/revisions"}],"predecessor-version":[{"id":46628,"href":"https:\/\/www.ekonomit.fi\/sv\/wp-json\/wp\/v2\/pages\/27861\/revisions\/46628"}],"up":[{"embeddable":true,"href":"https:\/\/www.ekonomit.fi\/sv\/wp-json\/wp\/v2\/pages\/17251"}],"wp:attachment":[{"href":"https:\/\/www.ekonomit.fi\/sv\/wp-json\/wp\/v2\/media?parent=27861"}],"curies":[{"name":"wp","href":"https:\/\/api.w.org\/{rel}","templated":true}]}}