{"id":40090,"date":"2023-11-15T15:27:14","date_gmt":"2023-11-15T13:27:14","guid":{"rendered":"https:\/\/www.ekonomit.fi\/ilmoituskanava\/"},"modified":"2023-11-15T15:37:29","modified_gmt":"2023-11-15T13:37:29","slug":"ilmoituskanava","status":"publish","type":"page","link":"https:\/\/www.ekonomit.fi\/sv\/finlands-ekonomer\/kontaktuppgifter\/ilmoituskanava\/","title":{"rendered":"Rapporteringskanal"},"content":{"rendered":"\n<p>Finlands Ekonomer har i bruk en anonym kanal f\u00f6r rapportering om misstankar om missbruk, som kr\u00e4vs av EU:s Whistleblower-direktiv.<\/p>\n\n\n\n<h2 class=\"wp-block-heading\"><strong>Vad kan man rapportera?<\/strong><strong><\/strong><\/h2>\n\n\n\n<p>Rapporteringskanalen erbjuder ett konfidentiellt s\u00e4tt att rapportera m\u00f6jliga misstankar om brott, missbruk eller \u00f6vertr\u00e4delse av verksamhetsprinciperna f\u00f6r intern unders\u00f6kning.<\/p>\n\n\n\n<p>Kanalen \u00e4r inte avsedd f\u00f6r hantering av \u00e4renden f\u00f6rknippade med den operativa verksamheten eller med medlemskapet. I dessa \u00e4renden ber vi att du v\u00e4nder dig direkt till de personer som ansvarar f\u00f6r \u00e4rendet hos Finlands Ekonomer eller till v\u00e5r kundtj\u00e4nst.<\/p>\n\n\n\n<p>Anm\u00e4laren ska vara \u00f6vertygad om riktigheten av sina faktum och agera \u00e4rligt och uppriktigt.&nbsp;<\/p>\n\n\n\n<h2 class=\"wp-block-heading\"><strong>Hur behandlas anm\u00e4lan?<\/strong><strong><\/strong><\/h2>\n\n\n\n<p>Whistleblowing-kanalen \u00e4r genomf\u00f6rd p\u00e5 s\u00e5 s\u00e4tt att den som rapporterar n\u00e5got inte kan identifieras om hen vill g\u00f6ra anm\u00e4lan anonymt. Varje anm\u00e4lan behandlas konfidentiellt och p\u00e5 ett s\u00e4tt som skyddar integriteten av personen som gjort anm\u00e4lan och personen som anm\u00e4lan g\u00e4ller.<\/p>\n\n\n\n<p>Anm\u00e4lan tas emot av Finlands Ekonomers behandlingsteam. Anm\u00e4laren f\u00e5r en kvittering p\u00e5 mottagandet senast inom sju dagar. Dessutom f\u00e5r anm\u00e4laren ett svar p\u00e5 sin anm\u00e4lan senast inom tre m\u00e5nader.&nbsp;<\/p>\n\n\n\n<h2 class=\"wp-block-heading\"><strong>Hur g\u00f6rs en anm\u00e4lan?<\/strong><\/h2>\n\n\n\n<p>Du f\u00e5r en personlig kod f\u00f6r anm\u00e4lan du gjort. Med den kan du f\u00f6lja \u00e4rendets framskridande.&nbsp;<strong>Kom ih\u00e5g att skriva ner koden.<\/strong><\/p>\n\n\n\n<p>Mer information om att g\u00f6ra en anm\u00e4lan finns p\u00e5 finska p\u00e5 v\u00e5r <a href=\"https:\/\/www.juuriharja.fi\/whistleblowing-ilmoittajalle-faq\" target=\"_blank\" rel=\"noreferrer noopener\">tj\u00e4nsteleverant\u00f6rs webbplats<\/a>.<\/p>\n\n\n\n<p><\/p>\n\n\n\n<div class=\"wp-block-buttons is-layout-flex wp-block-buttons-is-layout-flex\">\n<div class=\"wp-block-button\"><a class=\"wp-block-button__link wp-element-button\" href=\"https:\/\/www.firstwhistle.fi\/suomenekonomit\" target=\"_blank\" rel=\"noreferrer noopener\">Rapportera h\u00e4r<\/a><\/div>\n<\/div>\n\n\n\n<p><\/p>\n\n\n\n<p>Om v\u00e5r interna kanal inte fungerar kan du g\u00f6ra anm\u00e4lan till justitiekanslerns centraliserade <a href=\"https:\/\/turvaviesti.gov.fi\/ilmoituskanava-rapporteringskanal\">externa rapporteringskanal<\/a>. Observera att anm\u00e4lan ska i f\u00f6rsta hand g\u00f6ras via v\u00e5r interna rapporteringskanal p\u00e5 grund av anm\u00e4larskyddet.&nbsp;<\/p>\n\n\n\n<p><em><a href=\"https:\/\/www.ekonomit.fi\/wp-content\/uploads\/2023\/11\/Tietosuojaseloste-FirstWhistle.pdf\" target=\"_blank\" rel=\"noreferrer noopener\">Dataskyddsbeskrivning f\u00f6r Finlands Ekonomers rapporteringskanal<\/a> (p\u00e5 finska)<\/em><\/p>\n<div class=\"rns\" data-title=\"Rapporteringskanal\" data-tags=\"\" data-categories=\"\" data-comments=\"0\" data-date=\"1700062034000\" data-author=\"idalevanen\" data-single=\"\" data-url=\"https:\/\/www.ekonomit.fi\/sv\/finlands-ekonomer\/kontaktuppgifter\/ilmoituskanava\/\"><\/div> <!-- Check out https:\/\/reactandshare.com -->","protected":false},"excerpt":{"rendered":"<p>Finlands Ekonomer har i bruk en anonym kanal f\u00f6r rapportering om misstankar om missbruk,&#8230;<\/p>\n","protected":false},"author":4,"featured_media":0,"parent":9259,"menu_order":0,"comment_status":"closed","ping_status":"closed","template":"page-templates\/page-sidebars.php","meta":{"_acf_changed":false,"inline_featured_image":false,"advgb_blocks_editor_width":"","advgb_blocks_columns_visual_guide":"","footnotes":""},"class_list":["post-40090","page","type-page","status-publish","hentry"],"acf":[],"yoast_head":"<!-- This site is optimized with the Yoast SEO plugin v27.3 - https:\/\/yoast.com\/product\/yoast-seo-wordpress\/ -->\n<title>Rapporteringskanal - Suomen Ekonomit<\/title>\n<meta name=\"robots\" content=\"index, follow, max-snippet:-1, max-image-preview:large, max-video-preview:-1\" \/>\n<link rel=\"canonical\" href=\"https:\/\/www.ekonomit.fi\/sv\/finlands-ekonomer\/kontaktuppgifter\/ilmoituskanava\/\" \/>\n<meta property=\"og:locale\" content=\"sv_SE\" \/>\n<meta property=\"og:type\" content=\"article\" \/>\n<meta property=\"og:title\" content=\"Rapporteringskanal - Suomen Ekonomit\" \/>\n<meta property=\"og:description\" content=\"Finlands Ekonomer har i bruk en anonym kanal f\u00f6r rapportering om misstankar om missbruk,...\" \/>\n<meta property=\"og:url\" content=\"https:\/\/www.ekonomit.fi\/sv\/finlands-ekonomer\/kontaktuppgifter\/ilmoituskanava\/\" \/>\n<meta property=\"og:site_name\" content=\"Suomen Ekonomit\" \/>\n<meta property=\"article:modified_time\" content=\"2023-11-15T13:37:29+00:00\" \/>\n<meta name=\"twitter:card\" content=\"summary_large_image\" \/>\n<meta name=\"twitter:label1\" content=\"Ber\u00e4knad l\u00e4stid\" \/>\n\t<meta name=\"twitter:data1\" content=\"2 minuter\" \/>\n<script type=\"application\/ld+json\" class=\"yoast-schema-graph\">{\"@context\":\"https:\\\/\\\/schema.org\",\"@graph\":[{\"@type\":\"WebPage\",\"@id\":\"https:\\\/\\\/www.ekonomit.fi\\\/sv\\\/finlands-ekonomer\\\/kontaktuppgifter\\\/ilmoituskanava\\\/\",\"url\":\"https:\\\/\\\/www.ekonomit.fi\\\/sv\\\/finlands-ekonomer\\\/kontaktuppgifter\\\/ilmoituskanava\\\/\",\"name\":\"Rapporteringskanal - Suomen Ekonomit\",\"isPartOf\":{\"@id\":\"https:\\\/\\\/www.ekonomit.fi\\\/sv\\\/#website\"},\"datePublished\":\"2023-11-15T13:27:14+00:00\",\"dateModified\":\"2023-11-15T13:37:29+00:00\",\"breadcrumb\":{\"@id\":\"https:\\\/\\\/www.ekonomit.fi\\\/sv\\\/finlands-ekonomer\\\/kontaktuppgifter\\\/ilmoituskanava\\\/#breadcrumb\"},\"inLanguage\":\"sv-SE\",\"potentialAction\":[{\"@type\":\"ReadAction\",\"target\":[\"https:\\\/\\\/www.ekonomit.fi\\\/sv\\\/finlands-ekonomer\\\/kontaktuppgifter\\\/ilmoituskanava\\\/\"]}]},{\"@type\":\"BreadcrumbList\",\"@id\":\"https:\\\/\\\/www.ekonomit.fi\\\/sv\\\/finlands-ekonomer\\\/kontaktuppgifter\\\/ilmoituskanava\\\/#breadcrumb\",\"itemListElement\":[{\"@type\":\"ListItem\",\"position\":1,\"name\":\"Home\",\"item\":\"https:\\\/\\\/www.ekonomit.fi\\\/sv\\\/\"},{\"@type\":\"ListItem\",\"position\":2,\"name\":\"Finlands Ekonomer\",\"item\":\"https:\\\/\\\/www.ekonomit.fi\\\/sv\\\/finlands-ekonomer\\\/\"},{\"@type\":\"ListItem\",\"position\":3,\"name\":\"Rapporteringskanal\"}]},{\"@type\":\"WebSite\",\"@id\":\"https:\\\/\\\/www.ekonomit.fi\\\/sv\\\/#website\",\"url\":\"https:\\\/\\\/www.ekonomit.fi\\\/sv\\\/\",\"name\":\"Suomen Ekonomit\",\"description\":\"\",\"publisher\":{\"@id\":\"https:\\\/\\\/www.ekonomit.fi\\\/sv\\\/#organization\"},\"potentialAction\":[{\"@type\":\"SearchAction\",\"target\":{\"@type\":\"EntryPoint\",\"urlTemplate\":\"https:\\\/\\\/www.ekonomit.fi\\\/sv\\\/?s={search_term_string}\"},\"query-input\":{\"@type\":\"PropertyValueSpecification\",\"valueRequired\":true,\"valueName\":\"search_term_string\"}}],\"inLanguage\":\"sv-SE\"},{\"@type\":\"Organization\",\"@id\":\"https:\\\/\\\/www.ekonomit.fi\\\/sv\\\/#organization\",\"name\":\"Suomen Ekonomit\",\"url\":\"https:\\\/\\\/www.ekonomit.fi\\\/sv\\\/\",\"logo\":{\"@type\":\"ImageObject\",\"inLanguage\":\"sv-SE\",\"@id\":\"https:\\\/\\\/www.ekonomit.fi\\\/sv\\\/#\\\/schema\\\/logo\\\/image\\\/\",\"url\":\"https:\\\/\\\/www.ekonomit.fi\\\/wp-content\\\/uploads\\\/2020\\\/05\\\/ekonomit-mer-nega.png\",\"contentUrl\":\"https:\\\/\\\/www.ekonomit.fi\\\/wp-content\\\/uploads\\\/2020\\\/05\\\/ekonomit-mer-nega.png\",\"width\":870,\"height\":307,\"caption\":\"Suomen Ekonomit\"},\"image\":{\"@id\":\"https:\\\/\\\/www.ekonomit.fi\\\/sv\\\/#\\\/schema\\\/logo\\\/image\\\/\"}}]}<\/script>\n<!-- \/ Yoast SEO plugin. -->","yoast_head_json":{"title":"Rapporteringskanal - Suomen Ekonomit","robots":{"index":"index","follow":"follow","max-snippet":"max-snippet:-1","max-image-preview":"max-image-preview:large","max-video-preview":"max-video-preview:-1"},"canonical":"https:\/\/www.ekonomit.fi\/sv\/finlands-ekonomer\/kontaktuppgifter\/ilmoituskanava\/","og_locale":"sv_SE","og_type":"article","og_title":"Rapporteringskanal - Suomen Ekonomit","og_description":"Finlands Ekonomer har i bruk en anonym kanal f\u00f6r rapportering om misstankar om missbruk,...","og_url":"https:\/\/www.ekonomit.fi\/sv\/finlands-ekonomer\/kontaktuppgifter\/ilmoituskanava\/","og_site_name":"Suomen Ekonomit","article_modified_time":"2023-11-15T13:37:29+00:00","twitter_card":"summary_large_image","twitter_misc":{"Ber\u00e4knad l\u00e4stid":"2 minuter"},"schema":{"@context":"https:\/\/schema.org","@graph":[{"@type":"WebPage","@id":"https:\/\/www.ekonomit.fi\/sv\/finlands-ekonomer\/kontaktuppgifter\/ilmoituskanava\/","url":"https:\/\/www.ekonomit.fi\/sv\/finlands-ekonomer\/kontaktuppgifter\/ilmoituskanava\/","name":"Rapporteringskanal - Suomen Ekonomit","isPartOf":{"@id":"https:\/\/www.ekonomit.fi\/sv\/#website"},"datePublished":"2023-11-15T13:27:14+00:00","dateModified":"2023-11-15T13:37:29+00:00","breadcrumb":{"@id":"https:\/\/www.ekonomit.fi\/sv\/finlands-ekonomer\/kontaktuppgifter\/ilmoituskanava\/#breadcrumb"},"inLanguage":"sv-SE","potentialAction":[{"@type":"ReadAction","target":["https:\/\/www.ekonomit.fi\/sv\/finlands-ekonomer\/kontaktuppgifter\/ilmoituskanava\/"]}]},{"@type":"BreadcrumbList","@id":"https:\/\/www.ekonomit.fi\/sv\/finlands-ekonomer\/kontaktuppgifter\/ilmoituskanava\/#breadcrumb","itemListElement":[{"@type":"ListItem","position":1,"name":"Home","item":"https:\/\/www.ekonomit.fi\/sv\/"},{"@type":"ListItem","position":2,"name":"Finlands Ekonomer","item":"https:\/\/www.ekonomit.fi\/sv\/finlands-ekonomer\/"},{"@type":"ListItem","position":3,"name":"Rapporteringskanal"}]},{"@type":"WebSite","@id":"https:\/\/www.ekonomit.fi\/sv\/#website","url":"https:\/\/www.ekonomit.fi\/sv\/","name":"Suomen Ekonomit","description":"","publisher":{"@id":"https:\/\/www.ekonomit.fi\/sv\/#organization"},"potentialAction":[{"@type":"SearchAction","target":{"@type":"EntryPoint","urlTemplate":"https:\/\/www.ekonomit.fi\/sv\/?s={search_term_string}"},"query-input":{"@type":"PropertyValueSpecification","valueRequired":true,"valueName":"search_term_string"}}],"inLanguage":"sv-SE"},{"@type":"Organization","@id":"https:\/\/www.ekonomit.fi\/sv\/#organization","name":"Suomen Ekonomit","url":"https:\/\/www.ekonomit.fi\/sv\/","logo":{"@type":"ImageObject","inLanguage":"sv-SE","@id":"https:\/\/www.ekonomit.fi\/sv\/#\/schema\/logo\/image\/","url":"https:\/\/www.ekonomit.fi\/wp-content\/uploads\/2020\/05\/ekonomit-mer-nega.png","contentUrl":"https:\/\/www.ekonomit.fi\/wp-content\/uploads\/2020\/05\/ekonomit-mer-nega.png","width":870,"height":307,"caption":"Suomen Ekonomit"},"image":{"@id":"https:\/\/www.ekonomit.fi\/sv\/#\/schema\/logo\/image\/"}}]}},"coauthors":[],"author_meta":{"author_link":"https:\/\/www.ekonomit.fi\/sv\/author\/idalevanen\/","display_name":"idalevanen"},"relative_dates":{"created":"Publicerad 2 \u00e5r sedan","modified":"Uppdaterad 2 \u00e5r sedan"},"absolute_dates":{"created":"Publicerat den 15 november 2023","modified":"Uppdaterad den 15 november 2023"},"absolute_dates_time":{"created":"Publicerat den 15 november 2023 15:27","modified":"Uppdaterad den 15 november 2023 15:37"},"featured_img_caption":"","featured_img":false,"series_order":"","jetpack_sharing_enabled":true,"_links":{"self":[{"href":"https:\/\/www.ekonomit.fi\/sv\/wp-json\/wp\/v2\/pages\/40090","targetHints":{"allow":["GET"]}}],"collection":[{"href":"https:\/\/www.ekonomit.fi\/sv\/wp-json\/wp\/v2\/pages"}],"about":[{"href":"https:\/\/www.ekonomit.fi\/sv\/wp-json\/wp\/v2\/types\/page"}],"author":[{"embeddable":true,"href":"https:\/\/www.ekonomit.fi\/sv\/wp-json\/wp\/v2\/users\/4"}],"replies":[{"embeddable":true,"href":"https:\/\/www.ekonomit.fi\/sv\/wp-json\/wp\/v2\/comments?post=40090"}],"version-history":[{"count":4,"href":"https:\/\/www.ekonomit.fi\/sv\/wp-json\/wp\/v2\/pages\/40090\/revisions"}],"predecessor-version":[{"id":40110,"href":"https:\/\/www.ekonomit.fi\/sv\/wp-json\/wp\/v2\/pages\/40090\/revisions\/40110"}],"up":[{"embeddable":true,"href":"https:\/\/www.ekonomit.fi\/sv\/wp-json\/wp\/v2\/pages\/9259"}],"wp:attachment":[{"href":"https:\/\/www.ekonomit.fi\/sv\/wp-json\/wp\/v2\/media?parent=40090"}],"curies":[{"name":"wp","href":"https:\/\/api.w.org\/{rel}","templated":true}]}}