{"id":40958,"date":"2024-01-16T13:29:42","date_gmt":"2024-01-16T11:29:42","guid":{"rendered":"https:\/\/www.ekonomit.fi\/?page_id=40958"},"modified":"2026-01-07T13:20:51","modified_gmt":"2026-01-07T11:20:51","slug":"medlemsguide","status":"publish","type":"page","link":"https:\/\/www.ekonomit.fi\/sv\/bli-medlem3\/medlemsguide\/","title":{"rendered":"Medlemsguide 2026"},"content":{"rendered":"\r\n<div class=\"wp-block-columns is-layout-flex wp-container-core-columns-is-layout-9d6595d7 wp-block-columns-is-layout-flex\">\r\n<div class=\"wp-block-column is-layout-flow wp-block-column-is-layout-flow\" style=\"flex-basis: 66.66%;\">\r\n<p>Utforska Medlemsguiden 2026 och se vilka v\u00e4rdefulla f\u00f6rm\u00e5ner som ing\u00e5r i ditt medlemskap!<\/p>\r\n\r\n\r\n\r\n<figure class=\"wp-block-image size-full\"><a href=\"https:\/\/www.ekonomit.fi\/wp-content\/uploads\/2025\/12\/Jasenen-opas-2026_SE.pdf\" target=\"_blank\" rel=\"noreferrer noopener\"><img decoding=\"async\" width=\"521\" height=\"691\" class=\"wp-image-47685\" src=\"https:\/\/www.ekonomit.fi\/wp-content\/uploads\/2025\/12\/image-1.png\" alt=\"\" srcset=\"https:\/\/www.ekonomit.fi\/wp-content\/uploads\/2025\/12\/image-1.png 521w, https:\/\/www.ekonomit.fi\/wp-content\/uploads\/2025\/12\/image-1-226x300.png 226w, https:\/\/www.ekonomit.fi\/wp-content\/uploads\/2025\/12\/image-1-50x66.png 50w\" sizes=\"(max-width: 521px) 100vw, 521px\" \/><\/a><\/figure>\r\n<\/div>\r\n\r\n\r\n\r\n<div class=\"wp-block-column is-layout-flow wp-block-column-is-layout-flow\" style=\"flex-basis: 33.33%;\">\u00a0<\/div>\r\n<\/div>\r\n<div class=\"rns\" data-title=\"Medlemsguide 2026\" data-tags=\"\" data-categories=\"\" data-comments=\"0\" data-date=\"1705411782000\" data-author=\"idalevanen\" data-single=\"\" data-url=\"https:\/\/www.ekonomit.fi\/sv\/bli-medlem3\/medlemsguide\/\"><\/div> <!-- Check out https:\/\/reactandshare.com -->","protected":false},"excerpt":{"rendered":"<p>Utforska Medlemsguiden 2026 och se vilka v\u00e4rdefulla f\u00f6rm\u00e5ner som ing\u00e5r i ditt medlemskap! \u00a0<\/p>\n","protected":false},"author":4,"featured_media":0,"parent":40039,"menu_order":7,"comment_status":"closed","ping_status":"closed","template":"page-templates\/page-sidebars.php","meta":{"_acf_changed":false,"inline_featured_image":false,"advgb_blocks_editor_width":"","advgb_blocks_columns_visual_guide":"","footnotes":""},"class_list":["post-40958","page","type-page","status-publish","hentry"],"acf":[],"yoast_head":"<!-- This site is optimized with the Yoast SEO plugin v27.3 - https:\/\/yoast.com\/product\/yoast-seo-wordpress\/ -->\n<title>Medlemsguide 2026 - Suomen Ekonomit<\/title>\n<meta name=\"robots\" content=\"index, follow, max-snippet:-1, max-image-preview:large, max-video-preview:-1\" \/>\n<link rel=\"canonical\" href=\"https:\/\/www.ekonomit.fi\/sv\/bli-medlem3\/medlemsguide\/\" \/>\n<meta property=\"og:locale\" content=\"sv_SE\" \/>\n<meta property=\"og:type\" content=\"article\" \/>\n<meta property=\"og:title\" content=\"Medlemsguide 2026 - Suomen Ekonomit\" \/>\n<meta property=\"og:description\" content=\"Utforska Medlemsguiden 2026 och se vilka v\u00e4rdefulla f\u00f6rm\u00e5ner som ing\u00e5r i ditt medlemskap! \u00a0\" \/>\n<meta property=\"og:url\" content=\"https:\/\/www.ekonomit.fi\/sv\/bli-medlem3\/medlemsguide\/\" \/>\n<meta property=\"og:site_name\" content=\"Suomen Ekonomit\" \/>\n<meta property=\"article:modified_time\" content=\"2026-01-07T11:20:51+00:00\" \/>\n<meta property=\"og:image\" content=\"https:\/\/www.ekonomit.fi\/wp-content\/uploads\/2025\/12\/image-1.png\" \/>\n\t<meta property=\"og:image:width\" content=\"521\" \/>\n\t<meta property=\"og:image:height\" content=\"691\" \/>\n\t<meta property=\"og:image:type\" content=\"image\/png\" \/>\n<meta name=\"twitter:card\" content=\"summary_large_image\" \/>\n<meta name=\"twitter:label1\" content=\"Ber\u00e4knad l\u00e4stid\" \/>\n\t<meta name=\"twitter:data1\" content=\"1 minut\" \/>\n<script type=\"application\/ld+json\" class=\"yoast-schema-graph\">{\"@context\":\"https:\\\/\\\/schema.org\",\"@graph\":[{\"@type\":\"WebPage\",\"@id\":\"https:\\\/\\\/www.ekonomit.fi\\\/sv\\\/bli-medlem3\\\/medlemsguide\\\/\",\"url\":\"https:\\\/\\\/www.ekonomit.fi\\\/sv\\\/bli-medlem3\\\/medlemsguide\\\/\",\"name\":\"Medlemsguide 2026 - Suomen Ekonomit\",\"isPartOf\":{\"@id\":\"https:\\\/\\\/www.ekonomit.fi\\\/sv\\\/#website\"},\"primaryImageOfPage\":{\"@id\":\"https:\\\/\\\/www.ekonomit.fi\\\/sv\\\/bli-medlem3\\\/medlemsguide\\\/#primaryimage\"},\"image\":{\"@id\":\"https:\\\/\\\/www.ekonomit.fi\\\/sv\\\/bli-medlem3\\\/medlemsguide\\\/#primaryimage\"},\"thumbnailUrl\":\"https:\\\/\\\/www.ekonomit.fi\\\/wp-content\\\/uploads\\\/2025\\\/12\\\/image-1.png\",\"datePublished\":\"2024-01-16T11:29:42+00:00\",\"dateModified\":\"2026-01-07T11:20:51+00:00\",\"breadcrumb\":{\"@id\":\"https:\\\/\\\/www.ekonomit.fi\\\/sv\\\/bli-medlem3\\\/medlemsguide\\\/#breadcrumb\"},\"inLanguage\":\"sv-SE\",\"potentialAction\":[{\"@type\":\"ReadAction\",\"target\":[\"https:\\\/\\\/www.ekonomit.fi\\\/sv\\\/bli-medlem3\\\/medlemsguide\\\/\"]}]},{\"@type\":\"ImageObject\",\"inLanguage\":\"sv-SE\",\"@id\":\"https:\\\/\\\/www.ekonomit.fi\\\/sv\\\/bli-medlem3\\\/medlemsguide\\\/#primaryimage\",\"url\":\"https:\\\/\\\/www.ekonomit.fi\\\/wp-content\\\/uploads\\\/2025\\\/12\\\/image-1.png\",\"contentUrl\":\"https:\\\/\\\/www.ekonomit.fi\\\/wp-content\\\/uploads\\\/2025\\\/12\\\/image-1.png\"},{\"@type\":\"BreadcrumbList\",\"@id\":\"https:\\\/\\\/www.ekonomit.fi\\\/sv\\\/bli-medlem3\\\/medlemsguide\\\/#breadcrumb\",\"itemListElement\":[{\"@type\":\"ListItem\",\"position\":1,\"name\":\"Home\",\"item\":\"https:\\\/\\\/www.ekonomit.fi\\\/sv\\\/\"},{\"@type\":\"ListItem\",\"position\":2,\"name\":\"J\u00e4senyys\",\"item\":\"https:\\\/\\\/www.ekonomit.fi\\\/sv\\\/?page_id=40039\"},{\"@type\":\"ListItem\",\"position\":3,\"name\":\"Medlemsguide 2026\"}]},{\"@type\":\"WebSite\",\"@id\":\"https:\\\/\\\/www.ekonomit.fi\\\/sv\\\/#website\",\"url\":\"https:\\\/\\\/www.ekonomit.fi\\\/sv\\\/\",\"name\":\"Suomen Ekonomit\",\"description\":\"\",\"publisher\":{\"@id\":\"https:\\\/\\\/www.ekonomit.fi\\\/sv\\\/#organization\"},\"potentialAction\":[{\"@type\":\"SearchAction\",\"target\":{\"@type\":\"EntryPoint\",\"urlTemplate\":\"https:\\\/\\\/www.ekonomit.fi\\\/sv\\\/?s={search_term_string}\"},\"query-input\":{\"@type\":\"PropertyValueSpecification\",\"valueRequired\":true,\"valueName\":\"search_term_string\"}}],\"inLanguage\":\"sv-SE\"},{\"@type\":\"Organization\",\"@id\":\"https:\\\/\\\/www.ekonomit.fi\\\/sv\\\/#organization\",\"name\":\"Suomen Ekonomit\",\"url\":\"https:\\\/\\\/www.ekonomit.fi\\\/sv\\\/\",\"logo\":{\"@type\":\"ImageObject\",\"inLanguage\":\"sv-SE\",\"@id\":\"https:\\\/\\\/www.ekonomit.fi\\\/sv\\\/#\\\/schema\\\/logo\\\/image\\\/\",\"url\":\"https:\\\/\\\/www.ekonomit.fi\\\/wp-content\\\/uploads\\\/2020\\\/05\\\/ekonomit-mer-nega.png\",\"contentUrl\":\"https:\\\/\\\/www.ekonomit.fi\\\/wp-content\\\/uploads\\\/2020\\\/05\\\/ekonomit-mer-nega.png\",\"width\":870,\"height\":307,\"caption\":\"Suomen Ekonomit\"},\"image\":{\"@id\":\"https:\\\/\\\/www.ekonomit.fi\\\/sv\\\/#\\\/schema\\\/logo\\\/image\\\/\"}}]}<\/script>\n<!-- \/ Yoast SEO plugin. -->","yoast_head_json":{"title":"Medlemsguide 2026 - Suomen Ekonomit","robots":{"index":"index","follow":"follow","max-snippet":"max-snippet:-1","max-image-preview":"max-image-preview:large","max-video-preview":"max-video-preview:-1"},"canonical":"https:\/\/www.ekonomit.fi\/sv\/bli-medlem3\/medlemsguide\/","og_locale":"sv_SE","og_type":"article","og_title":"Medlemsguide 2026 - Suomen Ekonomit","og_description":"Utforska Medlemsguiden 2026 och se vilka v\u00e4rdefulla f\u00f6rm\u00e5ner som ing\u00e5r i ditt medlemskap! \u00a0","og_url":"https:\/\/www.ekonomit.fi\/sv\/bli-medlem3\/medlemsguide\/","og_site_name":"Suomen Ekonomit","article_modified_time":"2026-01-07T11:20:51+00:00","og_image":[{"width":521,"height":691,"url":"https:\/\/www.ekonomit.fi\/wp-content\/uploads\/2025\/12\/image-1.png","type":"image\/png"}],"twitter_card":"summary_large_image","twitter_misc":{"Ber\u00e4knad l\u00e4stid":"1 minut"},"schema":{"@context":"https:\/\/schema.org","@graph":[{"@type":"WebPage","@id":"https:\/\/www.ekonomit.fi\/sv\/bli-medlem3\/medlemsguide\/","url":"https:\/\/www.ekonomit.fi\/sv\/bli-medlem3\/medlemsguide\/","name":"Medlemsguide 2026 - Suomen Ekonomit","isPartOf":{"@id":"https:\/\/www.ekonomit.fi\/sv\/#website"},"primaryImageOfPage":{"@id":"https:\/\/www.ekonomit.fi\/sv\/bli-medlem3\/medlemsguide\/#primaryimage"},"image":{"@id":"https:\/\/www.ekonomit.fi\/sv\/bli-medlem3\/medlemsguide\/#primaryimage"},"thumbnailUrl":"https:\/\/www.ekonomit.fi\/wp-content\/uploads\/2025\/12\/image-1.png","datePublished":"2024-01-16T11:29:42+00:00","dateModified":"2026-01-07T11:20:51+00:00","breadcrumb":{"@id":"https:\/\/www.ekonomit.fi\/sv\/bli-medlem3\/medlemsguide\/#breadcrumb"},"inLanguage":"sv-SE","potentialAction":[{"@type":"ReadAction","target":["https:\/\/www.ekonomit.fi\/sv\/bli-medlem3\/medlemsguide\/"]}]},{"@type":"ImageObject","inLanguage":"sv-SE","@id":"https:\/\/www.ekonomit.fi\/sv\/bli-medlem3\/medlemsguide\/#primaryimage","url":"https:\/\/www.ekonomit.fi\/wp-content\/uploads\/2025\/12\/image-1.png","contentUrl":"https:\/\/www.ekonomit.fi\/wp-content\/uploads\/2025\/12\/image-1.png"},{"@type":"BreadcrumbList","@id":"https:\/\/www.ekonomit.fi\/sv\/bli-medlem3\/medlemsguide\/#breadcrumb","itemListElement":[{"@type":"ListItem","position":1,"name":"Home","item":"https:\/\/www.ekonomit.fi\/sv\/"},{"@type":"ListItem","position":2,"name":"J\u00e4senyys","item":"https:\/\/www.ekonomit.fi\/sv\/?page_id=40039"},{"@type":"ListItem","position":3,"name":"Medlemsguide 2026"}]},{"@type":"WebSite","@id":"https:\/\/www.ekonomit.fi\/sv\/#website","url":"https:\/\/www.ekonomit.fi\/sv\/","name":"Suomen Ekonomit","description":"","publisher":{"@id":"https:\/\/www.ekonomit.fi\/sv\/#organization"},"potentialAction":[{"@type":"SearchAction","target":{"@type":"EntryPoint","urlTemplate":"https:\/\/www.ekonomit.fi\/sv\/?s={search_term_string}"},"query-input":{"@type":"PropertyValueSpecification","valueRequired":true,"valueName":"search_term_string"}}],"inLanguage":"sv-SE"},{"@type":"Organization","@id":"https:\/\/www.ekonomit.fi\/sv\/#organization","name":"Suomen Ekonomit","url":"https:\/\/www.ekonomit.fi\/sv\/","logo":{"@type":"ImageObject","inLanguage":"sv-SE","@id":"https:\/\/www.ekonomit.fi\/sv\/#\/schema\/logo\/image\/","url":"https:\/\/www.ekonomit.fi\/wp-content\/uploads\/2020\/05\/ekonomit-mer-nega.png","contentUrl":"https:\/\/www.ekonomit.fi\/wp-content\/uploads\/2020\/05\/ekonomit-mer-nega.png","width":870,"height":307,"caption":"Suomen Ekonomit"},"image":{"@id":"https:\/\/www.ekonomit.fi\/sv\/#\/schema\/logo\/image\/"}}]}},"coauthors":[],"author_meta":{"author_link":"https:\/\/www.ekonomit.fi\/sv\/author\/idalevanen\/","display_name":"idalevanen"},"relative_dates":{"created":"Publicerad 2 \u00e5r sedan","modified":"Uppdaterad 3 m\u00e5nader sedan"},"absolute_dates":{"created":"Publicerat den 16 januari 2024","modified":"Uppdaterad den 7 januari 2026"},"absolute_dates_time":{"created":"Publicerat den 16 januari 2024 13:29","modified":"Uppdaterad den 7 januari 2026 13:20"},"featured_img_caption":"","featured_img":false,"series_order":"","jetpack_sharing_enabled":true,"_links":{"self":[{"href":"https:\/\/www.ekonomit.fi\/sv\/wp-json\/wp\/v2\/pages\/40958","targetHints":{"allow":["GET"]}}],"collection":[{"href":"https:\/\/www.ekonomit.fi\/sv\/wp-json\/wp\/v2\/pages"}],"about":[{"href":"https:\/\/www.ekonomit.fi\/sv\/wp-json\/wp\/v2\/types\/page"}],"author":[{"embeddable":true,"href":"https:\/\/www.ekonomit.fi\/sv\/wp-json\/wp\/v2\/users\/4"}],"replies":[{"embeddable":true,"href":"https:\/\/www.ekonomit.fi\/sv\/wp-json\/wp\/v2\/comments?post=40958"}],"version-history":[{"count":10,"href":"https:\/\/www.ekonomit.fi\/sv\/wp-json\/wp\/v2\/pages\/40958\/revisions"}],"predecessor-version":[{"id":47992,"href":"https:\/\/www.ekonomit.fi\/sv\/wp-json\/wp\/v2\/pages\/40958\/revisions\/47992"}],"up":[{"embeddable":true,"href":"https:\/\/www.ekonomit.fi\/sv\/wp-json\/wp\/v2\/pages\/40039"}],"wp:attachment":[{"href":"https:\/\/www.ekonomit.fi\/sv\/wp-json\/wp\/v2\/media?parent=40958"}],"curies":[{"name":"wp","href":"https:\/\/api.w.org\/{rel}","templated":true}]}}