{"id":7132,"date":"2020-06-11T16:28:25","date_gmt":"2020-06-11T13:28:25","guid":{"rendered":"https:\/\/www.ekonomit.fi\/?page_id=7132"},"modified":"2023-07-17T10:11:29","modified_gmt":"2023-07-17T07:11:29","slug":"finlands-ekonomer","status":"publish","type":"page","link":"https:\/\/www.ekonomit.fi\/sv\/finlands-ekonomer\/","title":{"rendered":"Finlands Ekonomer"},"content":{"rendered":"\n<p>Finlands Ekonomer \u00e4r en service- och intresseorganisation f\u00f6r personer som avlagt h\u00f6gskoleexamen inom ekonomiska vetenskaper och f\u00f6r ekonomistuderande. F\u00f6rbundet best\u00e5r av 25 ekonomf\u00f6reningar och 14 studerandef\u00f6reningar. Finlands Ekonomer har n\u00e4stan 60 000 medlemmar och \u00e4r d\u00e4rmed Akavas fj\u00e4rde st\u00f6rsta medlemsorganisation.<\/p>\n\n\n\n<hr class=\"wp-block-separator has-css-opacity\"\/>\n\n\n\n<div style=\"height:20px\" aria-hidden=\"true\" class=\"wp-block-spacer\"><\/div>\n<div class=\"rns\" data-title=\"Finlands Ekonomer\" data-tags=\"\" data-categories=\"\" data-comments=\"0\" data-date=\"1591892905000\" data-author=\"kristian.sarosto@ekonomit.fi\" data-single=\"\" data-url=\"https:\/\/www.ekonomit.fi\/sv\/finlands-ekonomer\/\"><\/div> <!-- Check out https:\/\/reactandshare.com -->","protected":false},"excerpt":{"rendered":"<p>Finlands Ekonomer \u00e4r en service- och intresseorganisation f\u00f6r personer som avlagt h\u00f6gskoleexamen inom ekonomiska&#8230;<\/p>\n","protected":false},"author":27,"featured_media":0,"parent":0,"menu_order":3,"comment_status":"closed","ping_status":"closed","template":"page-templates\/page-sidebars.php","meta":{"_acf_changed":false,"inline_featured_image":false,"advgb_blocks_editor_width":"","advgb_blocks_columns_visual_guide":"","footnotes":""},"class_list":["post-7132","page","type-page","status-publish","hentry"],"acf":[],"yoast_head":"<!-- This site is optimized with the Yoast SEO plugin v27.4 - https:\/\/yoast.com\/product\/yoast-seo-wordpress\/ -->\n<title>Finlands Ekonomer - Suomen Ekonomit<\/title>\n<meta name=\"description\" content=\"Finlands Ekonomer \u00e4r en service- och intresseorganisation f\u00f6r personer som avlagt h\u00f6gskoleexamen inom ekonomiska vetenskaper och f\u00f6r ekonomistuderande. F\u00f6rbundet best\u00e5r av 25 ekonomf\u00f6reningar och 13 studerandef\u00f6reningar. Finlands Ekonomer har \u00f6ver 50 000 medlemmar och \u00e4r d\u00e4rmed Akavas fj\u00e4rde st\u00f6rsta medlemsorganisation.\" \/>\n<meta name=\"robots\" content=\"index, follow, max-snippet:-1, max-image-preview:large, max-video-preview:-1\" \/>\n<link rel=\"canonical\" href=\"https:\/\/www.ekonomit.fi\/sv\/finlands-ekonomer\/\" \/>\n<meta property=\"og:locale\" content=\"sv_SE\" \/>\n<meta property=\"og:type\" content=\"article\" \/>\n<meta property=\"og:title\" content=\"Finlands Ekonomer - Suomen Ekonomit\" \/>\n<meta property=\"og:description\" content=\"Finlands Ekonomer \u00e4r en service- och intresseorganisation f\u00f6r personer som avlagt h\u00f6gskoleexamen inom ekonomiska vetenskaper och f\u00f6r ekonomistuderande. F\u00f6rbundet best\u00e5r av 25 ekonomf\u00f6reningar och 13 studerandef\u00f6reningar. Finlands Ekonomer har \u00f6ver 50 000 medlemmar och \u00e4r d\u00e4rmed Akavas fj\u00e4rde st\u00f6rsta medlemsorganisation.\" \/>\n<meta property=\"og:url\" content=\"https:\/\/www.ekonomit.fi\/sv\/finlands-ekonomer\/\" \/>\n<meta property=\"og:site_name\" content=\"Suomen Ekonomit\" \/>\n<meta property=\"article:modified_time\" content=\"2023-07-17T07:11:29+00:00\" \/>\n<meta name=\"twitter:card\" content=\"summary_large_image\" \/>\n<meta name=\"twitter:label1\" content=\"Ber\u00e4knad l\u00e4stid\" \/>\n\t<meta name=\"twitter:data1\" content=\"1 minut\" \/>\n<script type=\"application\/ld+json\" class=\"yoast-schema-graph\">{\"@context\":\"https:\\\/\\\/schema.org\",\"@graph\":[{\"@type\":\"WebPage\",\"@id\":\"https:\\\/\\\/www.ekonomit.fi\\\/sv\\\/finlands-ekonomer\\\/\",\"url\":\"https:\\\/\\\/www.ekonomit.fi\\\/sv\\\/finlands-ekonomer\\\/\",\"name\":\"Finlands Ekonomer - Suomen Ekonomit\",\"isPartOf\":{\"@id\":\"https:\\\/\\\/www.ekonomit.fi\\\/sv\\\/#website\"},\"datePublished\":\"2020-06-11T13:28:25+00:00\",\"dateModified\":\"2023-07-17T07:11:29+00:00\",\"description\":\"Finlands Ekonomer \u00e4r en service- och intresseorganisation f\u00f6r personer som avlagt h\u00f6gskoleexamen inom ekonomiska vetenskaper och f\u00f6r ekonomistuderande. F\u00f6rbundet best\u00e5r av 25 ekonomf\u00f6reningar och 13 studerandef\u00f6reningar. Finlands Ekonomer har \u00f6ver 50 000 medlemmar och \u00e4r d\u00e4rmed Akavas fj\u00e4rde st\u00f6rsta medlemsorganisation.\",\"breadcrumb\":{\"@id\":\"https:\\\/\\\/www.ekonomit.fi\\\/sv\\\/finlands-ekonomer\\\/#breadcrumb\"},\"inLanguage\":\"sv-SE\",\"potentialAction\":[{\"@type\":\"ReadAction\",\"target\":[\"https:\\\/\\\/www.ekonomit.fi\\\/sv\\\/finlands-ekonomer\\\/\"]}]},{\"@type\":\"BreadcrumbList\",\"@id\":\"https:\\\/\\\/www.ekonomit.fi\\\/sv\\\/finlands-ekonomer\\\/#breadcrumb\",\"itemListElement\":[{\"@type\":\"ListItem\",\"position\":1,\"name\":\"Home\",\"item\":\"https:\\\/\\\/www.ekonomit.fi\\\/sv\\\/\"},{\"@type\":\"ListItem\",\"position\":2,\"name\":\"Finlands Ekonomer\"}]},{\"@type\":\"WebSite\",\"@id\":\"https:\\\/\\\/www.ekonomit.fi\\\/sv\\\/#website\",\"url\":\"https:\\\/\\\/www.ekonomit.fi\\\/sv\\\/\",\"name\":\"Suomen Ekonomit\",\"description\":\"\",\"publisher\":{\"@id\":\"https:\\\/\\\/www.ekonomit.fi\\\/sv\\\/#organization\"},\"potentialAction\":[{\"@type\":\"SearchAction\",\"target\":{\"@type\":\"EntryPoint\",\"urlTemplate\":\"https:\\\/\\\/www.ekonomit.fi\\\/sv\\\/?s={search_term_string}\"},\"query-input\":{\"@type\":\"PropertyValueSpecification\",\"valueRequired\":true,\"valueName\":\"search_term_string\"}}],\"inLanguage\":\"sv-SE\"},{\"@type\":\"Organization\",\"@id\":\"https:\\\/\\\/www.ekonomit.fi\\\/sv\\\/#organization\",\"name\":\"Suomen Ekonomit\",\"url\":\"https:\\\/\\\/www.ekonomit.fi\\\/sv\\\/\",\"logo\":{\"@type\":\"ImageObject\",\"inLanguage\":\"sv-SE\",\"@id\":\"https:\\\/\\\/www.ekonomit.fi\\\/sv\\\/#\\\/schema\\\/logo\\\/image\\\/\",\"url\":\"https:\\\/\\\/www.ekonomit.fi\\\/wp-content\\\/uploads\\\/2020\\\/05\\\/ekonomit-mer-nega.png\",\"contentUrl\":\"https:\\\/\\\/www.ekonomit.fi\\\/wp-content\\\/uploads\\\/2020\\\/05\\\/ekonomit-mer-nega.png\",\"width\":870,\"height\":307,\"caption\":\"Suomen Ekonomit\"},\"image\":{\"@id\":\"https:\\\/\\\/www.ekonomit.fi\\\/sv\\\/#\\\/schema\\\/logo\\\/image\\\/\"}}]}<\/script>\n<!-- \/ Yoast SEO plugin. -->","yoast_head_json":{"title":"Finlands Ekonomer - Suomen Ekonomit","description":"Finlands Ekonomer \u00e4r en service- och intresseorganisation f\u00f6r personer som avlagt h\u00f6gskoleexamen inom ekonomiska vetenskaper och f\u00f6r ekonomistuderande. F\u00f6rbundet best\u00e5r av 25 ekonomf\u00f6reningar och 13 studerandef\u00f6reningar. Finlands Ekonomer har \u00f6ver 50 000 medlemmar och \u00e4r d\u00e4rmed Akavas fj\u00e4rde st\u00f6rsta medlemsorganisation.","robots":{"index":"index","follow":"follow","max-snippet":"max-snippet:-1","max-image-preview":"max-image-preview:large","max-video-preview":"max-video-preview:-1"},"canonical":"https:\/\/www.ekonomit.fi\/sv\/finlands-ekonomer\/","og_locale":"sv_SE","og_type":"article","og_title":"Finlands Ekonomer - Suomen Ekonomit","og_description":"Finlands Ekonomer \u00e4r en service- och intresseorganisation f\u00f6r personer som avlagt h\u00f6gskoleexamen inom ekonomiska vetenskaper och f\u00f6r ekonomistuderande. F\u00f6rbundet best\u00e5r av 25 ekonomf\u00f6reningar och 13 studerandef\u00f6reningar. Finlands Ekonomer har \u00f6ver 50 000 medlemmar och \u00e4r d\u00e4rmed Akavas fj\u00e4rde st\u00f6rsta medlemsorganisation.","og_url":"https:\/\/www.ekonomit.fi\/sv\/finlands-ekonomer\/","og_site_name":"Suomen Ekonomit","article_modified_time":"2023-07-17T07:11:29+00:00","twitter_card":"summary_large_image","twitter_misc":{"Ber\u00e4knad l\u00e4stid":"1 minut"},"schema":{"@context":"https:\/\/schema.org","@graph":[{"@type":"WebPage","@id":"https:\/\/www.ekonomit.fi\/sv\/finlands-ekonomer\/","url":"https:\/\/www.ekonomit.fi\/sv\/finlands-ekonomer\/","name":"Finlands Ekonomer - Suomen Ekonomit","isPartOf":{"@id":"https:\/\/www.ekonomit.fi\/sv\/#website"},"datePublished":"2020-06-11T13:28:25+00:00","dateModified":"2023-07-17T07:11:29+00:00","description":"Finlands Ekonomer \u00e4r en service- och intresseorganisation f\u00f6r personer som avlagt h\u00f6gskoleexamen inom ekonomiska vetenskaper och f\u00f6r ekonomistuderande. F\u00f6rbundet best\u00e5r av 25 ekonomf\u00f6reningar och 13 studerandef\u00f6reningar. Finlands Ekonomer har \u00f6ver 50 000 medlemmar och \u00e4r d\u00e4rmed Akavas fj\u00e4rde st\u00f6rsta medlemsorganisation.","breadcrumb":{"@id":"https:\/\/www.ekonomit.fi\/sv\/finlands-ekonomer\/#breadcrumb"},"inLanguage":"sv-SE","potentialAction":[{"@type":"ReadAction","target":["https:\/\/www.ekonomit.fi\/sv\/finlands-ekonomer\/"]}]},{"@type":"BreadcrumbList","@id":"https:\/\/www.ekonomit.fi\/sv\/finlands-ekonomer\/#breadcrumb","itemListElement":[{"@type":"ListItem","position":1,"name":"Home","item":"https:\/\/www.ekonomit.fi\/sv\/"},{"@type":"ListItem","position":2,"name":"Finlands Ekonomer"}]},{"@type":"WebSite","@id":"https:\/\/www.ekonomit.fi\/sv\/#website","url":"https:\/\/www.ekonomit.fi\/sv\/","name":"Suomen Ekonomit","description":"","publisher":{"@id":"https:\/\/www.ekonomit.fi\/sv\/#organization"},"potentialAction":[{"@type":"SearchAction","target":{"@type":"EntryPoint","urlTemplate":"https:\/\/www.ekonomit.fi\/sv\/?s={search_term_string}"},"query-input":{"@type":"PropertyValueSpecification","valueRequired":true,"valueName":"search_term_string"}}],"inLanguage":"sv-SE"},{"@type":"Organization","@id":"https:\/\/www.ekonomit.fi\/sv\/#organization","name":"Suomen Ekonomit","url":"https:\/\/www.ekonomit.fi\/sv\/","logo":{"@type":"ImageObject","inLanguage":"sv-SE","@id":"https:\/\/www.ekonomit.fi\/sv\/#\/schema\/logo\/image\/","url":"https:\/\/www.ekonomit.fi\/wp-content\/uploads\/2020\/05\/ekonomit-mer-nega.png","contentUrl":"https:\/\/www.ekonomit.fi\/wp-content\/uploads\/2020\/05\/ekonomit-mer-nega.png","width":870,"height":307,"caption":"Suomen Ekonomit"},"image":{"@id":"https:\/\/www.ekonomit.fi\/sv\/#\/schema\/logo\/image\/"}}]}},"coauthors":[],"author_meta":{"author_link":"https:\/\/www.ekonomit.fi\/sv\/author\/kristian-sarostoekonomit-fi\/","display_name":"kristian.sarosto@ekonomit.fi"},"relative_dates":{"created":"Publicerad 6 \u00e5r sedan","modified":"Uppdaterad 3 \u00e5r sedan"},"absolute_dates":{"created":"Publicerat den 11 juni 2020","modified":"Uppdaterad den 17 juli 2023"},"absolute_dates_time":{"created":"Publicerat den 11 juni 2020 16:28","modified":"Uppdaterad den 17 juli 2023 10:11"},"featured_img_caption":"","featured_img":false,"series_order":"","jetpack_sharing_enabled":true,"_links":{"self":[{"href":"https:\/\/www.ekonomit.fi\/sv\/wp-json\/wp\/v2\/pages\/7132","targetHints":{"allow":["GET"]}}],"collection":[{"href":"https:\/\/www.ekonomit.fi\/sv\/wp-json\/wp\/v2\/pages"}],"about":[{"href":"https:\/\/www.ekonomit.fi\/sv\/wp-json\/wp\/v2\/types\/page"}],"author":[{"embeddable":true,"href":"https:\/\/www.ekonomit.fi\/sv\/wp-json\/wp\/v2\/users\/27"}],"replies":[{"embeddable":true,"href":"https:\/\/www.ekonomit.fi\/sv\/wp-json\/wp\/v2\/comments?post=7132"}],"version-history":[{"count":7,"href":"https:\/\/www.ekonomit.fi\/sv\/wp-json\/wp\/v2\/pages\/7132\/revisions"}],"predecessor-version":[{"id":37076,"href":"https:\/\/www.ekonomit.fi\/sv\/wp-json\/wp\/v2\/pages\/7132\/revisions\/37076"}],"wp:attachment":[{"href":"https:\/\/www.ekonomit.fi\/sv\/wp-json\/wp\/v2\/media?parent=7132"}],"curies":[{"name":"wp","href":"https:\/\/api.w.org\/{rel}","templated":true}]}}