{"id":7622,"date":"2020-06-15T21:40:14","date_gmt":"2020-06-15T18:40:14","guid":{"rendered":"https:\/\/www.ekonomit.fi\/?page_id=7622"},"modified":"2026-01-14T12:54:17","modified_gmt":"2026-01-14T10:54:17","slug":"juridiska-radgivning","status":"publish","type":"page","link":"https:\/\/www.ekonomit.fi\/sv\/bli-medlem3\/juridiska-radgivning\/","title":{"rendered":"Juridiska tj\u00e4nster"},"content":{"rendered":"\n<div class=\"wp-block-columns is-layout-flex wp-container-core-columns-is-layout-9d6595d7 wp-block-columns-is-layout-flex\">\n<div class=\"wp-block-column is-layout-flow wp-block-column-is-layout-flow\" style=\"flex-basis:66.66%\">\n<p>Juridisk r\u00e5dgivning ing\u00e5r i totalmedlemskap f\u00f6r utexaminerade. Om du \u00e4r student kan du f\u00e5 juridisk r\u00e5dgivning genom att skaffa ett f\u00f6rm\u00e5nligt totalmedlemskap. <\/p>\n\n\n\n<p><strong>V\u00e5ra jurister hj\u00e4lper dig vardagar kl. 9\u201312 utan tidsbokning.<\/strong>&nbsp;Beakta att telefonjours tiden \u00e4r 15-20 minuter\/telefonsamtal s\u00e5 att det inte bildas l\u00e5nga k\u00f6er till telefonjouren.<\/p>\n\n\n\n<div class=\"wp-block-buttons is-layout-flex wp-block-buttons-is-layout-flex\">\n<div class=\"wp-block-button\"><a class=\"wp-block-button__link wp-element-button\" href=\"https:\/\/www.ekonomit.fi\/sv\/finlands-ekonomer\/kontaktuppgifter\/\">Ring upp<\/a><\/div>\n\n\n\n<div class=\"wp-block-button\"><a class=\"wp-block-button__link wp-element-button\" href=\"ekonomit.fi\/liity\" target=\"_blank\" rel=\"noreferrer noopener\">Bli medlem<\/a><\/div>\n<\/div>\n\n\n\n<h2 class=\"wp-block-heading\"><strong>Vad omfattar de juridiska tj\u00e4nsterna?<\/strong><strong><\/strong><\/h2>\n\n\n\n<ul class=\"wp-block-list\">\n<li>Personlig r\u00e5dgivning vid juridiska fr\u00e5gor i arbetslivet<\/li>\n\n\n\n<li>Medling av tvister p\u00e5 arbetsplatsen<\/li>\n\n\n\n<li>R\u00e4ttshj\u00e4lp i medlemmens tvistem\u00e5l eller brotts\u00e4renden som g\u00e4ller anst\u00e4llnings-, tj\u00e4nste- eller uppdragsf\u00f6rh\u00e5llanden<\/li>\n\n\n\n<li>R\u00e5dgivning f\u00f6r nya f\u00f6retagare<\/li>\n\n\n\n<li>Ett flertal guider och avtalsmallar f\u00f6r olika situationer i arbetslivet<\/li>\n\n\n\n<li>Tj\u00e4nsterna ing\u00e5r i din medlemsavgift och \u00e4r helt konfidentiella<\/li>\n\n\n\n<li>Vi betj\u00e4nar i \u00e4renden betr\u00e4ffande finl\u00e4ndsk lagstiftning<\/li>\n<\/ul>\n\n\n\n<h2 class=\"wp-block-heading\"><strong>Ett l\u00e5ngt medlemskap ger dig ett mer omfattande skydd <\/strong><strong><\/strong><\/h2>\n\n\n\n<p>Ibland dyker det upp situationer i arbetslivet d\u00e4r arbetstagaren och arbetsgivaren hamnar i en s\u00e5 sv\u00e5r tvist att de m\u00e5ste ta till en r\u00e4tteg\u00e5ng.&nbsp;F\u00f6r s\u00e4kerhets skull har du som medlem i Ekonomerna r\u00e4tt till r\u00e4ttshj\u00e4lp och ansvarsf\u00f6rs\u00e4kring enligt villkoren.<\/p>\n\n\n\n<p>F\u00f6ruts\u00e4ttningen f\u00f6r att f\u00e5 r\u00e4ttshj\u00e4lp \u00e4r att du har varit medlem i minst 6 m\u00e5nader f\u00f6re den h\u00e4ndelse som utg\u00f6r grunden f\u00f6r att bevilja r\u00e4ttshj\u00e4lp.<\/p>\n\n\n\n<p>I en tvist relaterad till anst\u00e4llningsf\u00f6rh\u00e5llandet t\u00e4cker r\u00e4ttshj\u00e4lpen det arbete som Ekonomernas jurist utf\u00f6r och motpartens r\u00e4tteg\u00e5ngskostnader upp till 5\u00a0000\u201330\u00a0000 euro, beroende p\u00e5 hur l\u00e5ngt ditt medlemskap \u00e4r (se bild). Sj\u00e4lvrisken \u00e4r 20 % av motpartens utgifter.<\/p>\n\n\n\n<p>Obs! Studentmedlemskapet samlar ocks\u00e5 in medlems\u00e5r. Studerande kan anv\u00e4nda sig av r\u00e4ttshj\u00e4lpen enbart om man inf\u00f6rskaffat KylteriPlus-paketet. Upps\u00e4gning av medlemskapet nollst\u00e4ller medlems\u00e5ren.&nbsp;&nbsp;<\/p>\n\n\n\n<p><em><a href=\"https:\/\/www.ekonomit.fi\/wp-content\/uploads\/2025\/11\/Oikeudenkayntiavun-ehdot-1.9.2025.pdf\" target=\"_blank\" rel=\"noreferrer noopener\">L\u00e4s mer om r\u00e4ttshj\u00e4lpens villkor (p\u00e5 finska)<\/a><\/em><\/p>\n\n\n\n<figure class=\"wp-block-image alignfull size-large\"><img decoding=\"async\" width=\"1024\" height=\"640\" src=\"https:\/\/www.ekonomit.fi\/wp-content\/uploads\/2025\/12\/251219_Suomen-Ekonomit_Oikeudenkayntiapu_Nettisivuille3-1024x640.jpg\" alt=\"\" class=\"wp-image-47867\" srcset=\"https:\/\/www.ekonomit.fi\/wp-content\/uploads\/2025\/12\/251219_Suomen-Ekonomit_Oikeudenkayntiapu_Nettisivuille3-1024x640.jpg 1024w, https:\/\/www.ekonomit.fi\/wp-content\/uploads\/2025\/12\/251219_Suomen-Ekonomit_Oikeudenkayntiapu_Nettisivuille3-300x188.jpg 300w, https:\/\/www.ekonomit.fi\/wp-content\/uploads\/2025\/12\/251219_Suomen-Ekonomit_Oikeudenkayntiapu_Nettisivuille3-768x480.jpg 768w, https:\/\/www.ekonomit.fi\/wp-content\/uploads\/2025\/12\/251219_Suomen-Ekonomit_Oikeudenkayntiapu_Nettisivuille3-50x31.jpg 50w, https:\/\/www.ekonomit.fi\/wp-content\/uploads\/2025\/12\/251219_Suomen-Ekonomit_Oikeudenkayntiapu_Nettisivuille3-1600x1000.jpg 1600w, https:\/\/www.ekonomit.fi\/wp-content\/uploads\/2025\/12\/251219_Suomen-Ekonomit_Oikeudenkayntiapu_Nettisivuille3-1536x960.jpg 1536w, https:\/\/www.ekonomit.fi\/wp-content\/uploads\/2025\/12\/251219_Suomen-Ekonomit_Oikeudenkayntiapu_Nettisivuille3.jpg 1920w\" sizes=\"(max-width: 1024px) 100vw, 1024px\" \/><\/figure>\n\n\n\n<h2 class=\"wp-block-heading\"><strong>L\u00e4s mer om de juridiska tj\u00e4nsterna<\/strong><strong><\/strong><\/h2>\n\n\n\n<ul class=\"wp-block-list\">\n<li><strong>Telefonr\u00e5dgivning i arbetsr\u00e4ttsliga fr\u00e5gor f\u00f6r arbetstagare och chefer<\/strong>: F\u00f6rbered f\u00f6re telefonsamtalet all information och dokument som beh\u00f6vs f\u00f6r \u00e4rendet. Det \u00e4r inte m\u00f6jligt att utv\u00e4rdera skriftligt material under telefonjouren, men i \u00e4renden som kr\u00e4ver n\u00e4rmare unders\u00f6kning eller bakgrundsutredningar kan juristen be dig skicka det n\u00f6dv\u00e4ndiga materialet f\u00f6r att utv\u00e4rderas separat.<\/li>\n\n\n\n<li><strong>Uppr\u00e4ttande av anst\u00e4llnings- och direkt\u00f6rsavtal<\/strong>: Vi kommenterar avtal relaterade till anst\u00e4llningsf\u00f6rh\u00e5llanden, till exempel anst\u00e4llnings- och direkt\u00f6rsavtal samt avg\u00e5ngsavtal. Avtalet skickas till en jurist f\u00f6r granskning och juristen ger sina kommentarer per telefon vid en tidpunkt som avtalas separat. F\u00f6rbered dig p\u00e5 att avtalen behandlas under \u00e5tminstone tv\u00e5 vardagar.<\/li>\n\n\n\n<li><strong>Avg\u00f6rande av tvistiga anst\u00e4llningsfr\u00e5gor med arbetsgivaren<\/strong>: Vid behov reder v\u00e5ra jurister ut medlemmarnas stridiga anst\u00e4llningsfr\u00e5gor med arbetsgivaren, i allm\u00e4nhet som det f\u00f6rsta steget f\u00f6re en eventuell r\u00e4tteg\u00e5ng. Vi kontaktar inte din arbetsgivare utan ditt samtycke.<\/li>\n\n\n\n<li><strong>R\u00e4ttshj\u00e4lp. <\/strong>Om \u00e4rendet inte kan l\u00f6sas i samf\u00f6rst\u00e5nd och du vill ta det till domstolen, fattar vi ett r\u00e4ttshj\u00e4lpsbeslut. Om r\u00e4ttshj\u00e4lpen beviljas bist\u00e5r v\u00e5r jurist dig i r\u00e4tteg\u00e5ngen till medlemsavgiftens pris. Vi ers\u00e4tter \u00e4ven motpartens kostnader i enlighet med villkoren.<\/li>\n<\/ul>\n\n\n\n<ul class=\"wp-block-list\">\n<li><strong>R\u00e5dgivning f\u00f6r nya f\u00f6retagare<\/strong>: Du f\u00e5r allm\u00e4n information och v\u00e4gledning i f\u00f6ljande fr\u00e5gor: att bli f\u00f6retagare, expertens uppdragsavtal och del\u00e4garavtal mellan f\u00f6retagets del\u00e4gare. Vi g\u00f6r inte upp avtalstext, g\u00f6r inga helhetsgranskningar av erbjudna avtal och sk\u00f6ter inte tvister som g\u00e4ller tolkning eller h\u00e4vande av ett avtal. Fr\u00e5gor som r\u00f6r till exempel beskattning eller social trygghet h\u00f6r inte heller till r\u00e5dgivningen.Kontakta f\u00f6retagarr\u00e5dgivningen,&nbsp;<a href=\"mailto:yrittajat@ekonomit.fi\">yrittajat@ekonomit.fi<\/a>. Kolla ocks\u00e5 in de andra&nbsp;<a href=\"https:\/\/www.ekonomit.fi\/sv\/medlemskap\/till-foretagare\/\" target=\"_blank\" rel=\"noreferrer noopener\">tj\u00e4nsterna som \u00e4r skr\u00e4ddarsydda f\u00f6r f\u00f6retagare<\/a>.<\/li>\n<\/ul>\n\n\n\n<h2 class=\"wp-block-heading\"><strong>Hur snabbt f\u00e5r jag betj\u00e4ning?<\/strong><strong><\/strong><\/h2>\n\n\n\n<p>Svarstiden beror p\u00e5 din fr\u00e5ga och vilken kontaktkanal du har valt. En del fr\u00e5gorna kan besvaras n\u00e4r du ringer telefonjouren.<\/p>\n\n\n\n<p>I \u00e4renden som kr\u00e4ver n\u00e4rmare unders\u00f6kning och bakgrundsutredningar kan vi vanligen svara dig inom n\u00e5gra vardagar. F\u00f6rbered dig p\u00e5 att granskningen av avtalen som g\u00e4ller anst\u00e4llningar tar \u00e5tminstone tv\u00e5 hela vardagar. Om det \u00e4r k\u00f6 i anst\u00e4llningsr\u00e5dgivningen, kan det dra ut p\u00e5 svarstiden lite.<\/p>\n\n\n\n<p>Ibland \u00e4r det k\u00f6 till v\u00e5r telefonjour. I s\u00e5 fall vidarekopplas ditt samtal till v\u00e5r kundtj\u00e4nst, d\u00e4r du kan be anst\u00e4llningsr\u00e5dgivningen ringa upp dig. En av v\u00e5ra jurister kontaktar dig s\u00e5 snart som m\u00f6jligt. Du kan ocks\u00e5 v\u00e4lja att k\u00f6a tills n\u00e5gon av juristerna kan tala med dig.<\/p>\n\n\n\n<p>G\u00e4llande bokningar gjorda genom m\u00f6teskalendern behandlas \u00e4rendet under den bokade tiden.<\/p>\n\n\n\n<p><\/p>\n<\/div>\n<\/div>\n\n\n\n<p><\/p>\n<div class=\"rns\" data-title=\"Juridiska tj\u00e4nster\" data-tags=\"\" data-categories=\"\" data-comments=\"0\" data-date=\"1592257214000\" data-author=\"kristian.sarosto@ekonomit.fi\" data-single=\"\" data-url=\"https:\/\/www.ekonomit.fi\/sv\/bli-medlem3\/juridiska-radgivning\/\"><\/div> <!-- Check out https:\/\/reactandshare.com -->","protected":false},"excerpt":{"rendered":"<p>Juridisk r\u00e5dgivning ing\u00e5r i totalmedlemskap f\u00f6r utexaminerade. Om du \u00e4r student kan du f\u00e5&#8230;<\/p>\n","protected":false},"author":27,"featured_media":0,"parent":40039,"menu_order":0,"comment_status":"closed","ping_status":"closed","template":"page-templates\/page-sidebars.php","meta":{"_acf_changed":false,"inline_featured_image":false,"advgb_blocks_editor_width":"","advgb_blocks_columns_visual_guide":"","footnotes":""},"class_list":["post-7622","page","type-page","status-publish","hentry"],"acf":[],"yoast_head":"<!-- This site is optimized with the Yoast SEO plugin v27.4 - https:\/\/yoast.com\/product\/yoast-seo-wordpress\/ -->\n<title>Juridiska tj\u00e4nster - Suomen Ekonomit<\/title>\n<meta name=\"description\" content=\"V\u00e5ra jurister hj\u00e4lper dig personligen i r\u00e4ttsliga fr\u00e5gor som g\u00e4ller arbetslivet. Kom ocks\u00e5 ih\u00e5g att utnyttja v\u00e5ra andra juridiska verktyg!\" \/>\n<meta name=\"robots\" content=\"index, follow, max-snippet:-1, max-image-preview:large, max-video-preview:-1\" \/>\n<link rel=\"canonical\" href=\"https:\/\/www.ekonomit.fi\/sv\/bli-medlem3\/juridiska-radgivning\/\" \/>\n<meta property=\"og:locale\" content=\"sv_SE\" \/>\n<meta property=\"og:type\" content=\"article\" \/>\n<meta property=\"og:title\" content=\"Juridiska tj\u00e4nster - Suomen Ekonomit\" \/>\n<meta property=\"og:description\" content=\"V\u00e5ra jurister hj\u00e4lper dig personligen i r\u00e4ttsliga fr\u00e5gor som g\u00e4ller arbetslivet. Kom ocks\u00e5 ih\u00e5g att utnyttja v\u00e5ra andra juridiska verktyg!\" \/>\n<meta property=\"og:url\" content=\"https:\/\/www.ekonomit.fi\/sv\/bli-medlem3\/juridiska-radgivning\/\" \/>\n<meta property=\"og:site_name\" content=\"Suomen Ekonomit\" \/>\n<meta property=\"article:modified_time\" content=\"2026-01-14T10:54:17+00:00\" \/>\n<meta property=\"og:image\" content=\"https:\/\/www.ekonomit.fi\/wp-content\/uploads\/2025\/12\/251219_Suomen-Ekonomit_Oikeudenkayntiapu_Nettisivuille3.jpg\" \/>\n\t<meta property=\"og:image:width\" content=\"1920\" \/>\n\t<meta property=\"og:image:height\" content=\"1200\" \/>\n\t<meta property=\"og:image:type\" content=\"image\/jpeg\" \/>\n<meta name=\"twitter:card\" content=\"summary_large_image\" \/>\n<meta name=\"twitter:label1\" content=\"Ber\u00e4knad l\u00e4stid\" \/>\n\t<meta name=\"twitter:data1\" content=\"5 minuter\" \/>\n<script type=\"application\/ld+json\" class=\"yoast-schema-graph\">{\"@context\":\"https:\\\/\\\/schema.org\",\"@graph\":[{\"@type\":\"WebPage\",\"@id\":\"https:\\\/\\\/www.ekonomit.fi\\\/sv\\\/bli-medlem3\\\/juridiska-radgivning\\\/\",\"url\":\"https:\\\/\\\/www.ekonomit.fi\\\/sv\\\/bli-medlem3\\\/juridiska-radgivning\\\/\",\"name\":\"Juridiska tj\u00e4nster - Suomen Ekonomit\",\"isPartOf\":{\"@id\":\"https:\\\/\\\/www.ekonomit.fi\\\/sv\\\/#website\"},\"primaryImageOfPage\":{\"@id\":\"https:\\\/\\\/www.ekonomit.fi\\\/sv\\\/bli-medlem3\\\/juridiska-radgivning\\\/#primaryimage\"},\"image\":{\"@id\":\"https:\\\/\\\/www.ekonomit.fi\\\/sv\\\/bli-medlem3\\\/juridiska-radgivning\\\/#primaryimage\"},\"thumbnailUrl\":\"https:\\\/\\\/www.ekonomit.fi\\\/wp-content\\\/uploads\\\/2025\\\/12\\\/251219_Suomen-Ekonomit_Oikeudenkayntiapu_Nettisivuille3-1024x640.jpg\",\"datePublished\":\"2020-06-15T18:40:14+00:00\",\"dateModified\":\"2026-01-14T10:54:17+00:00\",\"description\":\"V\u00e5ra jurister hj\u00e4lper dig personligen i r\u00e4ttsliga fr\u00e5gor som g\u00e4ller arbetslivet. Kom ocks\u00e5 ih\u00e5g att utnyttja v\u00e5ra andra juridiska verktyg!\",\"breadcrumb\":{\"@id\":\"https:\\\/\\\/www.ekonomit.fi\\\/sv\\\/bli-medlem3\\\/juridiska-radgivning\\\/#breadcrumb\"},\"inLanguage\":\"sv-SE\",\"potentialAction\":[{\"@type\":\"ReadAction\",\"target\":[\"https:\\\/\\\/www.ekonomit.fi\\\/sv\\\/bli-medlem3\\\/juridiska-radgivning\\\/\"]}]},{\"@type\":\"ImageObject\",\"inLanguage\":\"sv-SE\",\"@id\":\"https:\\\/\\\/www.ekonomit.fi\\\/sv\\\/bli-medlem3\\\/juridiska-radgivning\\\/#primaryimage\",\"url\":\"https:\\\/\\\/www.ekonomit.fi\\\/wp-content\\\/uploads\\\/2025\\\/12\\\/251219_Suomen-Ekonomit_Oikeudenkayntiapu_Nettisivuille3-1024x640.jpg\",\"contentUrl\":\"https:\\\/\\\/www.ekonomit.fi\\\/wp-content\\\/uploads\\\/2025\\\/12\\\/251219_Suomen-Ekonomit_Oikeudenkayntiapu_Nettisivuille3-1024x640.jpg\"},{\"@type\":\"BreadcrumbList\",\"@id\":\"https:\\\/\\\/www.ekonomit.fi\\\/sv\\\/bli-medlem3\\\/juridiska-radgivning\\\/#breadcrumb\",\"itemListElement\":[{\"@type\":\"ListItem\",\"position\":1,\"name\":\"Home\",\"item\":\"https:\\\/\\\/www.ekonomit.fi\\\/sv\\\/\"},{\"@type\":\"ListItem\",\"position\":2,\"name\":\"J\u00e4senyys\",\"item\":\"https:\\\/\\\/www.ekonomit.fi\\\/sv\\\/?page_id=40039\"},{\"@type\":\"ListItem\",\"position\":3,\"name\":\"Juridiska tj\u00e4nster\"}]},{\"@type\":\"WebSite\",\"@id\":\"https:\\\/\\\/www.ekonomit.fi\\\/sv\\\/#website\",\"url\":\"https:\\\/\\\/www.ekonomit.fi\\\/sv\\\/\",\"name\":\"Suomen Ekonomit\",\"description\":\"\",\"publisher\":{\"@id\":\"https:\\\/\\\/www.ekonomit.fi\\\/sv\\\/#organization\"},\"potentialAction\":[{\"@type\":\"SearchAction\",\"target\":{\"@type\":\"EntryPoint\",\"urlTemplate\":\"https:\\\/\\\/www.ekonomit.fi\\\/sv\\\/?s={search_term_string}\"},\"query-input\":{\"@type\":\"PropertyValueSpecification\",\"valueRequired\":true,\"valueName\":\"search_term_string\"}}],\"inLanguage\":\"sv-SE\"},{\"@type\":\"Organization\",\"@id\":\"https:\\\/\\\/www.ekonomit.fi\\\/sv\\\/#organization\",\"name\":\"Suomen Ekonomit\",\"url\":\"https:\\\/\\\/www.ekonomit.fi\\\/sv\\\/\",\"logo\":{\"@type\":\"ImageObject\",\"inLanguage\":\"sv-SE\",\"@id\":\"https:\\\/\\\/www.ekonomit.fi\\\/sv\\\/#\\\/schema\\\/logo\\\/image\\\/\",\"url\":\"https:\\\/\\\/www.ekonomit.fi\\\/wp-content\\\/uploads\\\/2020\\\/05\\\/ekonomit-mer-nega.png\",\"contentUrl\":\"https:\\\/\\\/www.ekonomit.fi\\\/wp-content\\\/uploads\\\/2020\\\/05\\\/ekonomit-mer-nega.png\",\"width\":870,\"height\":307,\"caption\":\"Suomen Ekonomit\"},\"image\":{\"@id\":\"https:\\\/\\\/www.ekonomit.fi\\\/sv\\\/#\\\/schema\\\/logo\\\/image\\\/\"}}]}<\/script>\n<!-- \/ Yoast SEO plugin. -->","yoast_head_json":{"title":"Juridiska tj\u00e4nster - Suomen Ekonomit","description":"V\u00e5ra jurister hj\u00e4lper dig personligen i r\u00e4ttsliga fr\u00e5gor som g\u00e4ller arbetslivet. Kom ocks\u00e5 ih\u00e5g att utnyttja v\u00e5ra andra juridiska verktyg!","robots":{"index":"index","follow":"follow","max-snippet":"max-snippet:-1","max-image-preview":"max-image-preview:large","max-video-preview":"max-video-preview:-1"},"canonical":"https:\/\/www.ekonomit.fi\/sv\/bli-medlem3\/juridiska-radgivning\/","og_locale":"sv_SE","og_type":"article","og_title":"Juridiska tj\u00e4nster - Suomen Ekonomit","og_description":"V\u00e5ra jurister hj\u00e4lper dig personligen i r\u00e4ttsliga fr\u00e5gor som g\u00e4ller arbetslivet. Kom ocks\u00e5 ih\u00e5g att utnyttja v\u00e5ra andra juridiska verktyg!","og_url":"https:\/\/www.ekonomit.fi\/sv\/bli-medlem3\/juridiska-radgivning\/","og_site_name":"Suomen Ekonomit","article_modified_time":"2026-01-14T10:54:17+00:00","og_image":[{"width":1920,"height":1200,"url":"https:\/\/www.ekonomit.fi\/wp-content\/uploads\/2025\/12\/251219_Suomen-Ekonomit_Oikeudenkayntiapu_Nettisivuille3.jpg","type":"image\/jpeg"}],"twitter_card":"summary_large_image","twitter_misc":{"Ber\u00e4knad l\u00e4stid":"5 minuter"},"schema":{"@context":"https:\/\/schema.org","@graph":[{"@type":"WebPage","@id":"https:\/\/www.ekonomit.fi\/sv\/bli-medlem3\/juridiska-radgivning\/","url":"https:\/\/www.ekonomit.fi\/sv\/bli-medlem3\/juridiska-radgivning\/","name":"Juridiska tj\u00e4nster - Suomen Ekonomit","isPartOf":{"@id":"https:\/\/www.ekonomit.fi\/sv\/#website"},"primaryImageOfPage":{"@id":"https:\/\/www.ekonomit.fi\/sv\/bli-medlem3\/juridiska-radgivning\/#primaryimage"},"image":{"@id":"https:\/\/www.ekonomit.fi\/sv\/bli-medlem3\/juridiska-radgivning\/#primaryimage"},"thumbnailUrl":"https:\/\/www.ekonomit.fi\/wp-content\/uploads\/2025\/12\/251219_Suomen-Ekonomit_Oikeudenkayntiapu_Nettisivuille3-1024x640.jpg","datePublished":"2020-06-15T18:40:14+00:00","dateModified":"2026-01-14T10:54:17+00:00","description":"V\u00e5ra jurister hj\u00e4lper dig personligen i r\u00e4ttsliga fr\u00e5gor som g\u00e4ller arbetslivet. Kom ocks\u00e5 ih\u00e5g att utnyttja v\u00e5ra andra juridiska verktyg!","breadcrumb":{"@id":"https:\/\/www.ekonomit.fi\/sv\/bli-medlem3\/juridiska-radgivning\/#breadcrumb"},"inLanguage":"sv-SE","potentialAction":[{"@type":"ReadAction","target":["https:\/\/www.ekonomit.fi\/sv\/bli-medlem3\/juridiska-radgivning\/"]}]},{"@type":"ImageObject","inLanguage":"sv-SE","@id":"https:\/\/www.ekonomit.fi\/sv\/bli-medlem3\/juridiska-radgivning\/#primaryimage","url":"https:\/\/www.ekonomit.fi\/wp-content\/uploads\/2025\/12\/251219_Suomen-Ekonomit_Oikeudenkayntiapu_Nettisivuille3-1024x640.jpg","contentUrl":"https:\/\/www.ekonomit.fi\/wp-content\/uploads\/2025\/12\/251219_Suomen-Ekonomit_Oikeudenkayntiapu_Nettisivuille3-1024x640.jpg"},{"@type":"BreadcrumbList","@id":"https:\/\/www.ekonomit.fi\/sv\/bli-medlem3\/juridiska-radgivning\/#breadcrumb","itemListElement":[{"@type":"ListItem","position":1,"name":"Home","item":"https:\/\/www.ekonomit.fi\/sv\/"},{"@type":"ListItem","position":2,"name":"J\u00e4senyys","item":"https:\/\/www.ekonomit.fi\/sv\/?page_id=40039"},{"@type":"ListItem","position":3,"name":"Juridiska tj\u00e4nster"}]},{"@type":"WebSite","@id":"https:\/\/www.ekonomit.fi\/sv\/#website","url":"https:\/\/www.ekonomit.fi\/sv\/","name":"Suomen Ekonomit","description":"","publisher":{"@id":"https:\/\/www.ekonomit.fi\/sv\/#organization"},"potentialAction":[{"@type":"SearchAction","target":{"@type":"EntryPoint","urlTemplate":"https:\/\/www.ekonomit.fi\/sv\/?s={search_term_string}"},"query-input":{"@type":"PropertyValueSpecification","valueRequired":true,"valueName":"search_term_string"}}],"inLanguage":"sv-SE"},{"@type":"Organization","@id":"https:\/\/www.ekonomit.fi\/sv\/#organization","name":"Suomen Ekonomit","url":"https:\/\/www.ekonomit.fi\/sv\/","logo":{"@type":"ImageObject","inLanguage":"sv-SE","@id":"https:\/\/www.ekonomit.fi\/sv\/#\/schema\/logo\/image\/","url":"https:\/\/www.ekonomit.fi\/wp-content\/uploads\/2020\/05\/ekonomit-mer-nega.png","contentUrl":"https:\/\/www.ekonomit.fi\/wp-content\/uploads\/2020\/05\/ekonomit-mer-nega.png","width":870,"height":307,"caption":"Suomen Ekonomit"},"image":{"@id":"https:\/\/www.ekonomit.fi\/sv\/#\/schema\/logo\/image\/"}}]}},"coauthors":[],"author_meta":{"author_link":"https:\/\/www.ekonomit.fi\/sv\/author\/kristian-sarostoekonomit-fi\/","display_name":"kristian.sarosto@ekonomit.fi"},"relative_dates":{"created":"Publicerad 6 \u00e5r sedan","modified":"Uppdaterad 3 m\u00e5nader sedan"},"absolute_dates":{"created":"Publicerat den 15 juni 2020","modified":"Uppdaterad den 14 januari 2026"},"absolute_dates_time":{"created":"Publicerat den 15 juni 2020 21:40","modified":"Uppdaterad den 14 januari 2026 12:54"},"featured_img_caption":"","featured_img":false,"series_order":"","jetpack_sharing_enabled":true,"_links":{"self":[{"href":"https:\/\/www.ekonomit.fi\/sv\/wp-json\/wp\/v2\/pages\/7622","targetHints":{"allow":["GET"]}}],"collection":[{"href":"https:\/\/www.ekonomit.fi\/sv\/wp-json\/wp\/v2\/pages"}],"about":[{"href":"https:\/\/www.ekonomit.fi\/sv\/wp-json\/wp\/v2\/types\/page"}],"author":[{"embeddable":true,"href":"https:\/\/www.ekonomit.fi\/sv\/wp-json\/wp\/v2\/users\/27"}],"replies":[{"embeddable":true,"href":"https:\/\/www.ekonomit.fi\/sv\/wp-json\/wp\/v2\/comments?post=7622"}],"version-history":[{"count":64,"href":"https:\/\/www.ekonomit.fi\/sv\/wp-json\/wp\/v2\/pages\/7622\/revisions"}],"predecessor-version":[{"id":48072,"href":"https:\/\/www.ekonomit.fi\/sv\/wp-json\/wp\/v2\/pages\/7622\/revisions\/48072"}],"up":[{"embeddable":true,"href":"https:\/\/www.ekonomit.fi\/sv\/wp-json\/wp\/v2\/pages\/40039"}],"wp:attachment":[{"href":"https:\/\/www.ekonomit.fi\/sv\/wp-json\/wp\/v2\/media?parent=7622"}],"curies":[{"name":"wp","href":"https:\/\/api.w.org\/{rel}","templated":true}]}}