{"id":7757,"date":"2020-06-16T10:17:17","date_gmt":"2020-06-16T07:17:17","guid":{"rendered":"https:\/\/www.ekonomit.fi\/?page_id=7757"},"modified":"2023-07-26T10:16:28","modified_gmt":"2023-07-26T07:16:28","slug":"kollektivavtal","status":"publish","type":"page","link":"https:\/\/www.ekonomit.fi\/sv\/arbetslivdatabank\/kollektivavtal\/","title":{"rendered":"Kollektivavtal"},"content":{"rendered":"\n<div class=\"wp-block-columns is-layout-flex wp-container-core-columns-is-layout-9d6595d7 wp-block-columns-is-layout-flex\">\n<div class=\"wp-block-column is-layout-flow wp-block-column-is-layout-flow\" style=\"flex-basis:66.66%\">\n<p>Kollektivavtalet \u00e4r ett avtal mellan arbetstagarorganisationen och arbetsgivarorganisationen om branschbundna arbetsvillkor som till exempel l\u00f6nef\u00f6rh\u00f6jningar, arbetstider, semester, semesterpenning, f\u00f6rtroendemannafr\u00e5gor, information och andra f\u00f6rm\u00e5ner som f\u00f6ljs i till\u00e4mpningsomr\u00e5det f\u00f6r avtalet. Avtalen \u00e4r ofta branschbundna och bundna till l\u00f6ntagarens st\u00e4llning.<\/p>\n\n\n\n<h2 class=\"wp-block-heading\">Varf\u00f6r \u00e4r kollektivavtal viktiga?<\/h2>\n\n\n\n<p>I ett kollektivavtal avtalas m\u00e5nga viktiga arbetsvillkor som tv\u00e4rtemot vad m\u00e5nga tror inte grundar sig p\u00e5 lagen.<\/p>\n\n\n\n<p>P\u00e5 kollektivavtal grundar sig till exempel:<\/p>\n\n\n\n<ul class=\"wp-block-list\">\n<li>L\u00f6nef\u00f6rh\u00f6jningar. Arbetsgivaren kan h\u00f6ja eller l\u00e5ta bli att h\u00f6ja l\u00f6ner helt efter eget \u00f6verv\u00e4gande. Det finns ingen lag om generella f\u00f6rh\u00f6jningar.<\/li>\n\n\n\n<li>L\u00f6n f\u00f6r sjukdomstid. Arbetsgivaren \u00e4r inte skyldig att betala l\u00f6n f\u00f6r sjukdomstid l\u00e4ngre \u00e4n 1+9 vardagar som f\u00f6reskrivs i arbetsavtalslagen.<\/li>\n\n\n\n<li>L\u00f6sning av tvister p\u00e5 arbetsplatsen. Utan ett kollektivavtal finns det ingen lagstadgad mekanism p\u00e5 lokal niv\u00e5 f\u00f6r l\u00f6sning av tvister p\u00e5 arbetsplatsen, med undantag av best\u00e4mmelserna i samarbetslagen.<\/li>\n\n\n\n<li>Semesterpenning och semesterpremie. Lagen kr\u00e4ver inte att arbetsgivaren betalar semesterpenning eller semesterpremie.<\/li>\n\n\n\n<li>Avl\u00f6nad familjeledighet. Eventuell l\u00f6n som betalas under all familjeledighet grundar sig p\u00e5 kollektivavtal.<\/li>\n\n\n\n<li>Personalrepresentant. I kollektivavtalen specificeras personalrepresentantens r\u00e4ttigheter noggrant och ofta \u00e4r det m\u00f6jligt att v\u00e4lja fler \u00e4n en representant.<\/li>\n\n\n\n<li>L\u00f6sning av tvister i domstol. Tvister som r\u00f6r kollektivavtal avg\u00f6rs i arbetsdomstolen. Ur arbetstagarens synvinkel \u00e4r detta ett mycket enklare, snabbare och f\u00f6rm\u00e5nligare s\u00e4tt att l\u00f6sa tvister \u00e4n i tingsr\u00e4tten.<\/li>\n<\/ul>\n\n\n\n<h2 class=\"wp-block-heading\">Avtal i privata och offentliga sektorn<\/h2>\n\n\n\n<p>I privata sektorn representeras arbetsgivarna f\u00f6r det mesta av n\u00e5got av Finlands N\u00e4ringsliv EK:s branschf\u00f6rbund och arbetstagarna av Akavas f\u00f6rhandlingsorganisation i privata sektorn, De H\u00f6gre Tj\u00e4nstem\u00e4nnen YTN rf. Avtal i privata sektorn ing\u00e5s f\u00f6r ekonomerna av&nbsp;De H\u00f6gre Tj\u00e4nstem\u00e4nnen YTN rf.<\/p>\n\n\n\n<p>I offentliga sektorn ing\u00e5s tj\u00e4nstekollektivavtal och kollektivavtal. Avtalsparter \u00e4r d\u00e5 F\u00f6rhandlingsorganisationen f\u00f6r utbildade inom den offentliga sektorn JUKO och Kommunala arbetsmarknadsverket,\u00a0 Kyrkans arbetsmarknadsverk och Statens arbetsmarknadsverk. I offentliga sektorn ing\u00e5s avtal som g\u00e4ller ekonomer av F\u00f6rhandlingsorganisationen f\u00f6r utbildade inom den offentliga sektorn\u00a0JUKO r.f.<\/p>\n\n\n\n<h2 class=\"wp-block-heading\">Kollektivavtal som ber\u00f6r ekonomer<\/h2>\n\n\n\n<p>P\u00e5 Finlands Ekonomers medlemmar som arbetar i privata sektorn till\u00e4mpas i huvudsak kollektivavtal som De h\u00f6gre tj\u00e4nstem\u00e4nnen YTN r.f. har ing\u00e5tt. Typiska branscher med ett stort antal ekonomer och ett kollektivavtal som<\/p>\n\n\n\n<p>YTN har ing\u00e5tt \u00e4r till exempel:<\/p>\n\n\n\n<ul class=\"wp-block-list\">\n<li>finansbranschen<\/li>\n\n\n\n<li>teknologiindustrin och<\/li>\n\n\n\n<li>datateknikens servicebransch.<\/li>\n<\/ul>\n\n\n\n<p>Mer information om kollektivavtalsbranscherna.<\/p>\n\n\n\n<h2 class=\"wp-block-heading\">Avtalsl\u00f6sa branscher<\/h2>\n\n\n\n<p>Ett stort antal ekonomer arbetar ocks\u00e5 i s.k. avtalsl\u00f6sa branscher. Dessa branscher har \u00e4n s\u00e5 l\u00e4nge inget kollektivavtal som ing\u00e5tts av YTN. Avtalsl\u00f6sa branscher \u00e4r till exempel:<\/p>\n\n\n\n<ul class=\"wp-block-list\">\n<li>handelsbranschen<\/li>\n\n\n\n<li>revisions- och konsultationsbranschen<\/li>\n\n\n\n<li>livsmedelsbranschen och<\/li>\n\n\n\n<li>f\u00f6rs\u00e4kringsbranschen.<\/li>\n<\/ul>\n\n\n\n<p>Mer information om avtalsl\u00f6sa branscher.<\/p>\n\n\n\n<p>Arbetsmarknadsenheten ger mer information<\/p>\n\n\n\n<p>Beg\u00e4r mer information om kollektivavtal och avtalsl\u00f6sa branscher av v\u00e5r arbetsmarknadsenhet.<\/p>\n\n\n\n<p><\/p>\n<\/div>\n\n\n\n<div class=\"wp-block-column is-layout-flow wp-block-column-is-layout-flow\" style=\"flex-basis:33.33%\">\n<h4 class=\"wp-block-heading\">Arbetsmarknadsenheten ger mer information<\/h4>\n\n\n\n<p>Beg\u00e4r mer information om kollektivavtal och avtalsl\u00f6sa branscher av v\u00e5r arbetsmarknadsenhet.<\/p>\n\n\n\t<div class=\"wp-block-cdl-person-block\">\n\t\t<div class=\"image\">\n\t\t\t<img decoding=\"async\" src=\"https:\/\/www.ekonomit.fi\/wp-content\/uploads\/2020\/06\/Ted-Apter.jpg\">\n\t\t<\/div>\n\t\t<div class=\"info\">\n\t\t\t<div class=\"name\">\n\t\t\t\tApter\t\t\t\tTed\t\t\t<\/div>\n\t\t\t<div class=\"job-title\">Erityisasiantuntija, elinkeinopolitiikka<\/div>\n\t\t\t<div class=\"phone\">p. +358400602439<\/div>\n\t\t\t\t\t\t\t\t\t<div class=\"description\"><\/div>\n\t\t<\/div>\n\t<\/div>\n\t\n\n\t<div class=\"wp-block-cdl-person-block\">\n\t\t<div class=\"image\">\n\t\t\t<img decoding=\"async\" src=\"https:\/\/www.ekonomit.fi\/wp-content\/uploads\/2020\/06\/Veera-Hellman.jpg\">\n\t\t<\/div>\n\t\t<div class=\"info\">\n\t\t\t<div class=\"name\">\n\t\t\t\tHellman\t\t\t\tVeera\t\t\t<\/div>\n\t\t\t<div class=\"job-title\">Erityisasiantuntija, ty\u00f6markkina- ja yhteiskuntapolitiikka<\/div>\n\t\t\t<div class=\"phone\">p. +358503858229<\/div>\n\t\t\t\t\t\t\t\t\t<div class=\"description\">Ty\u00f6vapaalla<\/div>\n\t\t<\/div>\n\t<\/div>\n\t\n\n\t<div class=\"wp-block-cdl-person-block\">\n\t\t<div class=\"image\">\n\t\t\t<img decoding=\"async\" src=\"https:\/\/www.ekonomit.fi\/wp-content\/uploads\/2020\/06\/Kopio-Ekonomit_gettyimages-1192882786.jpg-1.png\">\n\t\t<\/div>\n\t\t<div class=\"info\">\n\t\t\t<div class=\"name\">\n\t\t\t\tHyypp\u00e4\t\t\t\tKosti\t\t\t<\/div>\n\t\t\t<div class=\"job-title\">Erityisasiantuntija, ty\u00f6markkina- ja yhteiskuntapolitiikka<\/div>\n\t\t\t<div class=\"phone\">p. +358503516177<\/div>\n\t\t\t\t\t\t\t\t\t<div class=\"description\"><\/div>\n\t\t<\/div>\n\t<\/div>\n\t\n\n\n\n\t<div class=\"wp-block-cdl-person-block\">\n\t\t<div class=\"image\">\n\t\t\t<img decoding=\"async\" src=\"https:\/\/www.ekonomit.fi\/wp-content\/uploads\/2020\/06\/Riikka-Mykkanen.jpg\">\n\t\t<\/div>\n\t\t<div class=\"info\">\n\t\t\t<div class=\"name\">\n\t\t\t\tMykk\u00e4nen\t\t\t\tRiikka\t\t\t<\/div>\n\t\t\t<div class=\"job-title\">Yhteiskuntasuhdep\u00e4\u00e4llikk\u00f6<\/div>\n\t\t\t<div class=\"phone\">p. +358445929939<\/div>\n\t\t\t\t\t\t\t\t\t<div class=\"description\"><\/div>\n\t\t<\/div>\n\t<\/div>\n\t\n\n\t<div class=\"wp-block-cdl-person-block\">\n\t\t<div class=\"image\">\n\t\t\t<img decoding=\"async\" src=\"https:\/\/www.ekonomit.fi\/wp-content\/uploads\/2020\/06\/Juha-Oksanen.jpg\">\n\t\t<\/div>\n\t\t<div class=\"info\">\n\t\t\t<div class=\"name\">\n\t\t\t\tOksanen\t\t\t\tJuha\t\t\t<\/div>\n\t\t\t<div class=\"job-title\">Tutkimusp\u00e4\u00e4llikk\u00f6<\/div>\n\t\t\t<div class=\"phone\">p. +358405566671<\/div>\n\t\t\t\t\t\t\t<div class=\"linkedin\">\n\t\t\t\t\t<i class=\"fab fa-linkedin\"><\/i>\n\t\t\t\t\t<a href=\"http:\/\/www.linkedin.com\/in\/juhaoksanen\">LinkedIn -profiili<\/a>\n\t\t\t\t<\/div>\n\t\t\t\t\t\t\t\t\t<div class=\"description\"><\/div>\n\t\t<\/div>\n\t<\/div>\n\t\n\n\t<div class=\"wp-block-cdl-person-block\">\n\t\t<div class=\"image\">\n\t\t\t<img decoding=\"async\" src=\"https:\/\/www.ekonomit.fi\/wp-content\/uploads\/2020\/06\/Mika-Parkkari.jpg\">\n\t\t<\/div>\n\t\t<div class=\"info\">\n\t\t\t<div class=\"name\">\n\t\t\t\tParkkari\t\t\t\tMika\t\t\t<\/div>\n\t\t\t<div class=\"job-title\">Ty\u00f6markkinatoiminnan ja yhteiskuntavaikuttamisen erityisasiantuntija<\/div>\n\t\t\t<div class=\"phone\">p. +358400802145<\/div>\n\t\t\t\t\t\t\t\t\t<div class=\"description\"><\/div>\n\t\t<\/div>\n\t<\/div>\n\t\n\n\t<div class=\"wp-block-cdl-person-block\">\n\t\t<div class=\"image\">\n\t\t\t<img decoding=\"async\" src=\"https:\/\/www.ekonomit.fi\/wp-content\/uploads\/2020\/06\/Riku-Salokannel.jpg\">\n\t\t<\/div>\n\t\t<div class=\"info\">\n\t\t\t<div class=\"name\">\n\t\t\t\tSalokannel\t\t\t\tRiku\t\t\t<\/div>\n\t\t\t<div class=\"job-title\">Ty\u00f6markkinajohtaja<\/div>\n\t\t\t<div class=\"phone\">p. +358407249566<\/div>\n\t\t\t\t\t\t\t\t\t\t<div class=\"twitter\">\n\t\t\t\t\t<i class=\"fab fa-twitter\"><\/i>\n\t\t\t\t\t<a href=\"https:\/\/twitter.com\/RSalokannel\">Twitter -profiili<\/a>\n\t\t\t\t<\/div>\n\t\t\t\t\t\t<div class=\"description\"><\/div>\n\t\t<\/div>\n\t<\/div>\n\t\n\n\t<div class=\"wp-block-cdl-person-block\">\n\t\t<div class=\"image\">\n\t\t\t<img decoding=\"async\" src=\"https:\/\/www.ekonomit.fi\/wp-content\/uploads\/2020\/06\/Riikka-Sipila.jpg\">\n\t\t<\/div>\n\t\t<div class=\"info\">\n\t\t\t<div class=\"name\">\n\t\t\t\tSipil\u00e4\t\t\t\tRiikka\t\t\t<\/div>\n\t\t\t<div class=\"job-title\">Erityisasiantuntija, ty\u00f6markkina- ja yhteiskuntapolitiikka<\/div>\n\t\t\t<div class=\"phone\">p. +358400458226<\/div>\n\t\t\t\t\t\t\t\t\t<div class=\"description\"><\/div>\n\t\t<\/div>\n\t<\/div>\n\t<\/div>\n<\/div>\n<div class=\"rns\" data-title=\"Kollektivavtal\" data-tags=\"\" data-categories=\"\" data-comments=\"0\" data-date=\"1592302637000\" data-author=\"kristian.sarosto@ekonomit.fi\" data-single=\"\" data-url=\"https:\/\/www.ekonomit.fi\/sv\/arbetslivdatabank\/kollektivavtal\/\"><\/div> <!-- Check out https:\/\/reactandshare.com -->","protected":false},"excerpt":{"rendered":"<p>Kollektivavtalet \u00e4r ett avtal mellan arbetstagarorganisationen och arbetsgivarorganisationen om branschbundna arbetsvillkor som till exempel&#8230;<\/p>\n","protected":false},"author":27,"featured_media":0,"parent":7126,"menu_order":0,"comment_status":"closed","ping_status":"closed","template":"page-templates\/page-sidebars.php","meta":{"_acf_changed":false,"inline_featured_image":false,"advgb_blocks_editor_width":"","advgb_blocks_columns_visual_guide":"","footnotes":""},"class_list":["post-7757","page","type-page","status-publish","hentry"],"acf":[],"yoast_head":"<!-- This site is optimized with the Yoast SEO plugin v27.4 - https:\/\/yoast.com\/product\/yoast-seo-wordpress\/ -->\n<title>Kollektivavtal - Suomen Ekonomit<\/title>\n<meta name=\"description\" content=\"Ty\u00f6ehtosopimus, TES, on ty\u00f6ntekij\u00e4j\u00e4rjest\u00f6n ja ty\u00f6nantajaj\u00e4rjest\u00f6n v\u00e4linen sopimus alakohtaisista ty\u00f6ehdoista, kuten palkankorotuksista, ty\u00f6ajoista, lomista, lomarahoista, luottamusmiesasioista, tiedottamisesta ja muista eduista, joita sopimuksen soveltamisalalla noudatetaan. Sopimukset ovat usein toimialakohtaisia ja sidottuja palkansaajan ammattiasemaan.\" \/>\n<meta name=\"robots\" content=\"index, follow, max-snippet:-1, max-image-preview:large, max-video-preview:-1\" \/>\n<link rel=\"canonical\" href=\"https:\/\/www.ekonomit.fi\/sv\/arbetslivdatabank\/kollektivavtal\/\" \/>\n<meta property=\"og:locale\" content=\"sv_SE\" \/>\n<meta property=\"og:type\" content=\"article\" \/>\n<meta property=\"og:title\" content=\"Kollektivavtal - Suomen Ekonomit\" \/>\n<meta property=\"og:description\" content=\"Ty\u00f6ehtosopimus, TES, on ty\u00f6ntekij\u00e4j\u00e4rjest\u00f6n ja ty\u00f6nantajaj\u00e4rjest\u00f6n v\u00e4linen sopimus alakohtaisista ty\u00f6ehdoista, kuten palkankorotuksista, ty\u00f6ajoista, lomista, lomarahoista, luottamusmiesasioista, tiedottamisesta ja muista eduista, joita sopimuksen soveltamisalalla noudatetaan. Sopimukset ovat usein toimialakohtaisia ja sidottuja palkansaajan ammattiasemaan.\" \/>\n<meta property=\"og:url\" content=\"https:\/\/www.ekonomit.fi\/sv\/arbetslivdatabank\/kollektivavtal\/\" \/>\n<meta property=\"og:site_name\" content=\"Suomen Ekonomit\" \/>\n<meta property=\"article:modified_time\" content=\"2023-07-26T07:16:28+00:00\" \/>\n<meta name=\"twitter:card\" content=\"summary_large_image\" \/>\n<meta name=\"twitter:label1\" content=\"Ber\u00e4knad l\u00e4stid\" \/>\n\t<meta name=\"twitter:data1\" content=\"3 minuter\" \/>\n<script type=\"application\/ld+json\" class=\"yoast-schema-graph\">{\"@context\":\"https:\\\/\\\/schema.org\",\"@graph\":[{\"@type\":\"WebPage\",\"@id\":\"https:\\\/\\\/www.ekonomit.fi\\\/sv\\\/arbetslivdatabank\\\/kollektivavtal\\\/\",\"url\":\"https:\\\/\\\/www.ekonomit.fi\\\/sv\\\/arbetslivdatabank\\\/kollektivavtal\\\/\",\"name\":\"Kollektivavtal - Suomen Ekonomit\",\"isPartOf\":{\"@id\":\"https:\\\/\\\/www.ekonomit.fi\\\/sv\\\/#website\"},\"datePublished\":\"2020-06-16T07:17:17+00:00\",\"dateModified\":\"2023-07-26T07:16:28+00:00\",\"description\":\"Ty\u00f6ehtosopimus, TES, on ty\u00f6ntekij\u00e4j\u00e4rjest\u00f6n ja ty\u00f6nantajaj\u00e4rjest\u00f6n v\u00e4linen sopimus alakohtaisista ty\u00f6ehdoista, kuten palkankorotuksista, ty\u00f6ajoista, lomista, lomarahoista, luottamusmiesasioista, tiedottamisesta ja muista eduista, joita sopimuksen soveltamisalalla noudatetaan. Sopimukset ovat usein toimialakohtaisia ja sidottuja palkansaajan ammattiasemaan.\",\"breadcrumb\":{\"@id\":\"https:\\\/\\\/www.ekonomit.fi\\\/sv\\\/arbetslivdatabank\\\/kollektivavtal\\\/#breadcrumb\"},\"inLanguage\":\"sv-SE\",\"potentialAction\":[{\"@type\":\"ReadAction\",\"target\":[\"https:\\\/\\\/www.ekonomit.fi\\\/sv\\\/arbetslivdatabank\\\/kollektivavtal\\\/\"]}]},{\"@type\":\"BreadcrumbList\",\"@id\":\"https:\\\/\\\/www.ekonomit.fi\\\/sv\\\/arbetslivdatabank\\\/kollektivavtal\\\/#breadcrumb\",\"itemListElement\":[{\"@type\":\"ListItem\",\"position\":1,\"name\":\"Home\",\"item\":\"https:\\\/\\\/www.ekonomit.fi\\\/sv\\\/\"},{\"@type\":\"ListItem\",\"position\":2,\"name\":\"Arbetslivsinformation\",\"item\":\"https:\\\/\\\/www.ekonomit.fi\\\/sv\\\/arbetslivdatabank\\\/\"},{\"@type\":\"ListItem\",\"position\":3,\"name\":\"Kollektivavtal\"}]},{\"@type\":\"WebSite\",\"@id\":\"https:\\\/\\\/www.ekonomit.fi\\\/sv\\\/#website\",\"url\":\"https:\\\/\\\/www.ekonomit.fi\\\/sv\\\/\",\"name\":\"Suomen Ekonomit\",\"description\":\"\",\"publisher\":{\"@id\":\"https:\\\/\\\/www.ekonomit.fi\\\/sv\\\/#organization\"},\"potentialAction\":[{\"@type\":\"SearchAction\",\"target\":{\"@type\":\"EntryPoint\",\"urlTemplate\":\"https:\\\/\\\/www.ekonomit.fi\\\/sv\\\/?s={search_term_string}\"},\"query-input\":{\"@type\":\"PropertyValueSpecification\",\"valueRequired\":true,\"valueName\":\"search_term_string\"}}],\"inLanguage\":\"sv-SE\"},{\"@type\":\"Organization\",\"@id\":\"https:\\\/\\\/www.ekonomit.fi\\\/sv\\\/#organization\",\"name\":\"Suomen Ekonomit\",\"url\":\"https:\\\/\\\/www.ekonomit.fi\\\/sv\\\/\",\"logo\":{\"@type\":\"ImageObject\",\"inLanguage\":\"sv-SE\",\"@id\":\"https:\\\/\\\/www.ekonomit.fi\\\/sv\\\/#\\\/schema\\\/logo\\\/image\\\/\",\"url\":\"https:\\\/\\\/www.ekonomit.fi\\\/wp-content\\\/uploads\\\/2020\\\/05\\\/ekonomit-mer-nega.png\",\"contentUrl\":\"https:\\\/\\\/www.ekonomit.fi\\\/wp-content\\\/uploads\\\/2020\\\/05\\\/ekonomit-mer-nega.png\",\"width\":870,\"height\":307,\"caption\":\"Suomen Ekonomit\"},\"image\":{\"@id\":\"https:\\\/\\\/www.ekonomit.fi\\\/sv\\\/#\\\/schema\\\/logo\\\/image\\\/\"}}]}<\/script>\n<!-- \/ Yoast SEO plugin. -->","yoast_head_json":{"title":"Kollektivavtal - Suomen Ekonomit","description":"Ty\u00f6ehtosopimus, TES, on ty\u00f6ntekij\u00e4j\u00e4rjest\u00f6n ja ty\u00f6nantajaj\u00e4rjest\u00f6n v\u00e4linen sopimus alakohtaisista ty\u00f6ehdoista, kuten palkankorotuksista, ty\u00f6ajoista, lomista, lomarahoista, luottamusmiesasioista, tiedottamisesta ja muista eduista, joita sopimuksen soveltamisalalla noudatetaan. Sopimukset ovat usein toimialakohtaisia ja sidottuja palkansaajan ammattiasemaan.","robots":{"index":"index","follow":"follow","max-snippet":"max-snippet:-1","max-image-preview":"max-image-preview:large","max-video-preview":"max-video-preview:-1"},"canonical":"https:\/\/www.ekonomit.fi\/sv\/arbetslivdatabank\/kollektivavtal\/","og_locale":"sv_SE","og_type":"article","og_title":"Kollektivavtal - Suomen Ekonomit","og_description":"Ty\u00f6ehtosopimus, TES, on ty\u00f6ntekij\u00e4j\u00e4rjest\u00f6n ja ty\u00f6nantajaj\u00e4rjest\u00f6n v\u00e4linen sopimus alakohtaisista ty\u00f6ehdoista, kuten palkankorotuksista, ty\u00f6ajoista, lomista, lomarahoista, luottamusmiesasioista, tiedottamisesta ja muista eduista, joita sopimuksen soveltamisalalla noudatetaan. Sopimukset ovat usein toimialakohtaisia ja sidottuja palkansaajan ammattiasemaan.","og_url":"https:\/\/www.ekonomit.fi\/sv\/arbetslivdatabank\/kollektivavtal\/","og_site_name":"Suomen Ekonomit","article_modified_time":"2023-07-26T07:16:28+00:00","twitter_card":"summary_large_image","twitter_misc":{"Ber\u00e4knad l\u00e4stid":"3 minuter"},"schema":{"@context":"https:\/\/schema.org","@graph":[{"@type":"WebPage","@id":"https:\/\/www.ekonomit.fi\/sv\/arbetslivdatabank\/kollektivavtal\/","url":"https:\/\/www.ekonomit.fi\/sv\/arbetslivdatabank\/kollektivavtal\/","name":"Kollektivavtal - Suomen Ekonomit","isPartOf":{"@id":"https:\/\/www.ekonomit.fi\/sv\/#website"},"datePublished":"2020-06-16T07:17:17+00:00","dateModified":"2023-07-26T07:16:28+00:00","description":"Ty\u00f6ehtosopimus, TES, on ty\u00f6ntekij\u00e4j\u00e4rjest\u00f6n ja ty\u00f6nantajaj\u00e4rjest\u00f6n v\u00e4linen sopimus alakohtaisista ty\u00f6ehdoista, kuten palkankorotuksista, ty\u00f6ajoista, lomista, lomarahoista, luottamusmiesasioista, tiedottamisesta ja muista eduista, joita sopimuksen soveltamisalalla noudatetaan. Sopimukset ovat usein toimialakohtaisia ja sidottuja palkansaajan ammattiasemaan.","breadcrumb":{"@id":"https:\/\/www.ekonomit.fi\/sv\/arbetslivdatabank\/kollektivavtal\/#breadcrumb"},"inLanguage":"sv-SE","potentialAction":[{"@type":"ReadAction","target":["https:\/\/www.ekonomit.fi\/sv\/arbetslivdatabank\/kollektivavtal\/"]}]},{"@type":"BreadcrumbList","@id":"https:\/\/www.ekonomit.fi\/sv\/arbetslivdatabank\/kollektivavtal\/#breadcrumb","itemListElement":[{"@type":"ListItem","position":1,"name":"Home","item":"https:\/\/www.ekonomit.fi\/sv\/"},{"@type":"ListItem","position":2,"name":"Arbetslivsinformation","item":"https:\/\/www.ekonomit.fi\/sv\/arbetslivdatabank\/"},{"@type":"ListItem","position":3,"name":"Kollektivavtal"}]},{"@type":"WebSite","@id":"https:\/\/www.ekonomit.fi\/sv\/#website","url":"https:\/\/www.ekonomit.fi\/sv\/","name":"Suomen Ekonomit","description":"","publisher":{"@id":"https:\/\/www.ekonomit.fi\/sv\/#organization"},"potentialAction":[{"@type":"SearchAction","target":{"@type":"EntryPoint","urlTemplate":"https:\/\/www.ekonomit.fi\/sv\/?s={search_term_string}"},"query-input":{"@type":"PropertyValueSpecification","valueRequired":true,"valueName":"search_term_string"}}],"inLanguage":"sv-SE"},{"@type":"Organization","@id":"https:\/\/www.ekonomit.fi\/sv\/#organization","name":"Suomen Ekonomit","url":"https:\/\/www.ekonomit.fi\/sv\/","logo":{"@type":"ImageObject","inLanguage":"sv-SE","@id":"https:\/\/www.ekonomit.fi\/sv\/#\/schema\/logo\/image\/","url":"https:\/\/www.ekonomit.fi\/wp-content\/uploads\/2020\/05\/ekonomit-mer-nega.png","contentUrl":"https:\/\/www.ekonomit.fi\/wp-content\/uploads\/2020\/05\/ekonomit-mer-nega.png","width":870,"height":307,"caption":"Suomen Ekonomit"},"image":{"@id":"https:\/\/www.ekonomit.fi\/sv\/#\/schema\/logo\/image\/"}}]}},"coauthors":[],"author_meta":{"author_link":"https:\/\/www.ekonomit.fi\/sv\/author\/kristian-sarostoekonomit-fi\/","display_name":"kristian.sarosto@ekonomit.fi"},"relative_dates":{"created":"Publicerad 6 \u00e5r sedan","modified":"Uppdaterad 3 \u00e5r sedan"},"absolute_dates":{"created":"Publicerat den 16 juni 2020","modified":"Uppdaterad den 26 juli 2023"},"absolute_dates_time":{"created":"Publicerat den 16 juni 2020 10:17","modified":"Uppdaterad den 26 juli 2023 10:16"},"featured_img_caption":"","featured_img":false,"series_order":"","jetpack_sharing_enabled":true,"_links":{"self":[{"href":"https:\/\/www.ekonomit.fi\/sv\/wp-json\/wp\/v2\/pages\/7757","targetHints":{"allow":["GET"]}}],"collection":[{"href":"https:\/\/www.ekonomit.fi\/sv\/wp-json\/wp\/v2\/pages"}],"about":[{"href":"https:\/\/www.ekonomit.fi\/sv\/wp-json\/wp\/v2\/types\/page"}],"author":[{"embeddable":true,"href":"https:\/\/www.ekonomit.fi\/sv\/wp-json\/wp\/v2\/users\/27"}],"replies":[{"embeddable":true,"href":"https:\/\/www.ekonomit.fi\/sv\/wp-json\/wp\/v2\/comments?post=7757"}],"version-history":[{"count":6,"href":"https:\/\/www.ekonomit.fi\/sv\/wp-json\/wp\/v2\/pages\/7757\/revisions"}],"predecessor-version":[{"id":37209,"href":"https:\/\/www.ekonomit.fi\/sv\/wp-json\/wp\/v2\/pages\/7757\/revisions\/37209"}],"up":[{"embeddable":true,"href":"https:\/\/www.ekonomit.fi\/sv\/wp-json\/wp\/v2\/pages\/7126"}],"wp:attachment":[{"href":"https:\/\/www.ekonomit.fi\/sv\/wp-json\/wp\/v2\/media?parent=7757"}],"curies":[{"name":"wp","href":"https:\/\/api.w.org\/{rel}","templated":true}]}}