{"id":7835,"date":"2020-06-16T11:57:29","date_gmt":"2020-06-16T08:57:29","guid":{"rendered":"https:\/\/www.ekonomit.fi\/?page_id=7835"},"modified":"2020-12-09T16:59:21","modified_gmt":"2020-12-09T14:59:21","slug":"tidningsformaner","status":"publish","type":"page","link":"https:\/\/www.ekonomit.fi\/sv\/tidningsformaner\/","title":{"rendered":"Tidningsf\u00f6rm\u00e5ner f\u00f6r ekonomer"},"content":{"rendered":"\n<div class=\"wp-block-columns is-layout-flex wp-container-core-columns-is-layout-9d6595d7 wp-block-columns-is-layout-flex\">\n<div class=\"wp-block-column is-layout-flow wp-block-column-is-layout-flow\" style=\"flex-basis:66.66%\">\n<h2 class=\"wp-block-heading\">Ekonomi<\/h2>\n\n\n\n<p>Du f\u00e5r tidskriften Ekonomi som medlemsf\u00f6rm\u00e5n fyra g\u00e5nger per \u00e5r hemskickad. Ekonomi \u00e4r Finlands Ekonomers egen medlemstidskrift.<\/p>\n\n\n\n<h2 class=\"wp-block-heading\">Aff\u00e4rsmagasinet Forum<\/h2>\n\n\n\n<p>Ekonomf\u00f6reningen Niords och Ekonomf\u00f6reningen Merkurs medlemmar f\u00e5r tidskriften Forum som sin huvudsakliga medlemsf\u00f6rm\u00e5nstidning. Om du dessutom vill ha Talousel\u00e4m\u00e4 hemskickad till dig kan du prenumerera p\u00e5 denna till priset 38 euro\u20ac\/\u00e5r (2019).<\/p>\n\n\n\n<h2 class=\"wp-block-heading\">Talousel\u00e4m\u00e4<\/h2>\n\n\n\n<p>Du har en m\u00f6jlighet att byta Forum till Talousel\u00e4m\u00e4 som medlemsf\u00f6rm\u00e5nstidning. Kontakta jasenpalvelu@ekonomit.fi om du vill byta. Tidskriften Talousel\u00e4m\u00e4 \u00e4r en av medlemsf\u00f6rm\u00e5nerna. Om du vill kan du byta prenumerationen p\u00e5 den tryckta versionen av Talousel\u00e4m\u00e4 till en digital version. Om du redan prenumererar p\u00e5 Talousel\u00e4m\u00e4 kan du v\u00e4lja n\u00e5gon annan tidskrift fr\u00e5n Alma Talent. Best\u00e4ll en digital tidskrift eller byt tidskrift <a href=\"https:\/\/jasenpalvelu.ekonomit.fi\/benefits\/magazines\" target=\"_blank\" rel=\"noreferrer noopener\">i medlemstj\u00e4nsten<\/a>!<\/p>\n\n\n\n<p>Om du vill kan du som till\u00e4gg till Talousel\u00e4m\u00e4 prenumerera p\u00e5 en \u00e5rg\u00e5ng av Aff\u00e4rsmagasinet Forum till det nedsatta priset 38 euro. Kontakta jasenpalvelu@ekonomit.fi om du vill prenumerera!<\/p>\n\n\n\n<h2 class=\"wp-block-heading\">Kauppalehti<\/h2>\n\n\n\n<p>Du f\u00e5r 20 procent rabatt p\u00e5 Kauppalehtis produkter (Kauppalehti Print-, Digi- eller VIP-prenumeration). Prenumerera eller ring Kauppalehtis kundservice tfn 010 665 8110, och meddela samtidigt medlemsnumret du har f\u00e5tt fr\u00e5n Finlands Ekonomer.<\/p>\n<\/div>\n\n\n\n<div class=\"wp-block-column is-layout-flow wp-block-column-is-layout-flow\" style=\"flex-basis:33.33%\">\n<h2 class=\"wp-block-heading\">Fr\u00e5gor?<\/h2>\n\n\n\t<div class=\"wp-block-cdl-person-block\">\n\t\t<div class=\"image\">\n\t\t\t<img decoding=\"async\" src=\"https:\/\/www.ekonomit.fi\/wp-content\/uploads\/2023\/08\/Anton_Pajoslahti_kuva_Opa_Latvala.jpg\">\n\t\t<\/div>\n\t\t<div class=\"info\">\n\t\t\t<div class=\"name\">\n\t\t\t\tPajoslahti\t\t\t\tAnton\t\t\t<\/div>\n\t\t\t<div class=\"job-title\">Karri\u00e4rcoach<\/div>\n\t\t\t<div class=\"phone\">p. +358504381399<\/div>\n\t\t\t\t\t\t\t\t\t<div class=\"description\"><\/div>\n\t\t<\/div>\n\t<\/div>\n\t\n\n\n<div style=\"height:20px\" aria-hidden=\"true\" class=\"wp-block-spacer\"><\/div>\n\n\n\n<div style=\"height:20px\" aria-hidden=\"true\" class=\"wp-block-spacer\"><\/div>\n<\/div>\n<\/div>\n\n\n\n<div class=\"wp-block-columns is-layout-flex wp-container-core-columns-is-layout-9d6595d7 wp-block-columns-is-layout-flex\">\n<div class=\"wp-block-column is-layout-flow wp-block-column-is-layout-flow\" style=\"flex-basis:66.66%\">\n<p><\/p>\n<\/div>\n\n\n\n<div class=\"wp-block-column is-layout-flow wp-block-column-is-layout-flow\" style=\"flex-basis:33.33%\">\n<p><\/p>\n<\/div>\n<\/div>\n\n\n\n<p><\/p>\n<div class=\"rns\" data-title=\"Tidningsf\u00f6rm\u00e5ner f\u00f6r ekonomer\" data-tags=\"\" data-categories=\"\" data-comments=\"0\" data-date=\"1592308649000\" data-author=\"heidihaapalainen\" data-single=\"\" data-url=\"https:\/\/www.ekonomit.fi\/sv\/tidningsformaner\/\"><\/div> <!-- Check out https:\/\/reactandshare.com -->","protected":false},"excerpt":{"rendered":"<p>Ekonomi Du f\u00e5r tidskriften Ekonomi som medlemsf\u00f6rm\u00e5n fyra g\u00e5nger per \u00e5r hemskickad. Ekonomi \u00e4r&#8230;<\/p>\n","protected":false},"author":3,"featured_media":0,"parent":0,"menu_order":0,"comment_status":"closed","ping_status":"closed","template":"page-templates\/page-sidebars.php","meta":{"_acf_changed":false,"inline_featured_image":false,"advgb_blocks_editor_width":"","advgb_blocks_columns_visual_guide":"","footnotes":""},"class_list":["post-7835","page","type-page","status-publish","hentry"],"acf":[],"yoast_head":"<!-- This site is optimized with the Yoast SEO plugin v27.3 - https:\/\/yoast.com\/product\/yoast-seo-wordpress\/ -->\n<title>Tidningsf\u00f6rm\u00e5ner f\u00f6r ekonomer - Suomen Ekonomit<\/title>\n<meta name=\"description\" content=\"Tidningsf\u00f6rm\u00e5ner\" \/>\n<meta name=\"robots\" content=\"index, follow, max-snippet:-1, max-image-preview:large, max-video-preview:-1\" \/>\n<link rel=\"canonical\" href=\"https:\/\/www.ekonomit.fi\/sv\/tidningsformaner\/\" \/>\n<meta property=\"og:locale\" content=\"sv_SE\" \/>\n<meta property=\"og:type\" content=\"article\" \/>\n<meta property=\"og:title\" content=\"Tidningsf\u00f6rm\u00e5ner f\u00f6r ekonomer - Suomen Ekonomit\" \/>\n<meta property=\"og:description\" content=\"Tidningsf\u00f6rm\u00e5ner\" \/>\n<meta property=\"og:url\" content=\"https:\/\/www.ekonomit.fi\/sv\/tidningsformaner\/\" \/>\n<meta property=\"og:site_name\" content=\"Suomen Ekonomit\" \/>\n<meta property=\"article:modified_time\" content=\"2020-12-09T14:59:21+00:00\" \/>\n<meta name=\"twitter:card\" content=\"summary_large_image\" \/>\n<meta name=\"twitter:label1\" content=\"Ber\u00e4knad l\u00e4stid\" \/>\n\t<meta name=\"twitter:data1\" content=\"1 minut\" \/>\n<script type=\"application\/ld+json\" class=\"yoast-schema-graph\">{\"@context\":\"https:\\\/\\\/schema.org\",\"@graph\":[{\"@type\":\"WebPage\",\"@id\":\"https:\\\/\\\/www.ekonomit.fi\\\/sv\\\/tidningsformaner\\\/\",\"url\":\"https:\\\/\\\/www.ekonomit.fi\\\/sv\\\/tidningsformaner\\\/\",\"name\":\"Tidningsf\u00f6rm\u00e5ner f\u00f6r ekonomer - Suomen Ekonomit\",\"isPartOf\":{\"@id\":\"https:\\\/\\\/www.ekonomit.fi\\\/sv\\\/#website\"},\"datePublished\":\"2020-06-16T08:57:29+00:00\",\"dateModified\":\"2020-12-09T14:59:21+00:00\",\"description\":\"Tidningsf\u00f6rm\u00e5ner\",\"breadcrumb\":{\"@id\":\"https:\\\/\\\/www.ekonomit.fi\\\/sv\\\/tidningsformaner\\\/#breadcrumb\"},\"inLanguage\":\"sv-SE\",\"potentialAction\":[{\"@type\":\"ReadAction\",\"target\":[\"https:\\\/\\\/www.ekonomit.fi\\\/sv\\\/tidningsformaner\\\/\"]}]},{\"@type\":\"BreadcrumbList\",\"@id\":\"https:\\\/\\\/www.ekonomit.fi\\\/sv\\\/tidningsformaner\\\/#breadcrumb\",\"itemListElement\":[{\"@type\":\"ListItem\",\"position\":1,\"name\":\"Home\",\"item\":\"https:\\\/\\\/www.ekonomit.fi\\\/sv\\\/\"},{\"@type\":\"ListItem\",\"position\":2,\"name\":\"Tidningsf\u00f6rm\u00e5ner f\u00f6r ekonomer\"}]},{\"@type\":\"WebSite\",\"@id\":\"https:\\\/\\\/www.ekonomit.fi\\\/sv\\\/#website\",\"url\":\"https:\\\/\\\/www.ekonomit.fi\\\/sv\\\/\",\"name\":\"Suomen Ekonomit\",\"description\":\"\",\"publisher\":{\"@id\":\"https:\\\/\\\/www.ekonomit.fi\\\/sv\\\/#organization\"},\"potentialAction\":[{\"@type\":\"SearchAction\",\"target\":{\"@type\":\"EntryPoint\",\"urlTemplate\":\"https:\\\/\\\/www.ekonomit.fi\\\/sv\\\/?s={search_term_string}\"},\"query-input\":{\"@type\":\"PropertyValueSpecification\",\"valueRequired\":true,\"valueName\":\"search_term_string\"}}],\"inLanguage\":\"sv-SE\"},{\"@type\":\"Organization\",\"@id\":\"https:\\\/\\\/www.ekonomit.fi\\\/sv\\\/#organization\",\"name\":\"Suomen Ekonomit\",\"url\":\"https:\\\/\\\/www.ekonomit.fi\\\/sv\\\/\",\"logo\":{\"@type\":\"ImageObject\",\"inLanguage\":\"sv-SE\",\"@id\":\"https:\\\/\\\/www.ekonomit.fi\\\/sv\\\/#\\\/schema\\\/logo\\\/image\\\/\",\"url\":\"https:\\\/\\\/www.ekonomit.fi\\\/wp-content\\\/uploads\\\/2020\\\/05\\\/ekonomit-mer-nega.png\",\"contentUrl\":\"https:\\\/\\\/www.ekonomit.fi\\\/wp-content\\\/uploads\\\/2020\\\/05\\\/ekonomit-mer-nega.png\",\"width\":870,\"height\":307,\"caption\":\"Suomen Ekonomit\"},\"image\":{\"@id\":\"https:\\\/\\\/www.ekonomit.fi\\\/sv\\\/#\\\/schema\\\/logo\\\/image\\\/\"}}]}<\/script>\n<!-- \/ Yoast SEO plugin. -->","yoast_head_json":{"title":"Tidningsf\u00f6rm\u00e5ner f\u00f6r ekonomer - Suomen Ekonomit","description":"Tidningsf\u00f6rm\u00e5ner","robots":{"index":"index","follow":"follow","max-snippet":"max-snippet:-1","max-image-preview":"max-image-preview:large","max-video-preview":"max-video-preview:-1"},"canonical":"https:\/\/www.ekonomit.fi\/sv\/tidningsformaner\/","og_locale":"sv_SE","og_type":"article","og_title":"Tidningsf\u00f6rm\u00e5ner f\u00f6r ekonomer - Suomen Ekonomit","og_description":"Tidningsf\u00f6rm\u00e5ner","og_url":"https:\/\/www.ekonomit.fi\/sv\/tidningsformaner\/","og_site_name":"Suomen Ekonomit","article_modified_time":"2020-12-09T14:59:21+00:00","twitter_card":"summary_large_image","twitter_misc":{"Ber\u00e4knad l\u00e4stid":"1 minut"},"schema":{"@context":"https:\/\/schema.org","@graph":[{"@type":"WebPage","@id":"https:\/\/www.ekonomit.fi\/sv\/tidningsformaner\/","url":"https:\/\/www.ekonomit.fi\/sv\/tidningsformaner\/","name":"Tidningsf\u00f6rm\u00e5ner f\u00f6r ekonomer - Suomen Ekonomit","isPartOf":{"@id":"https:\/\/www.ekonomit.fi\/sv\/#website"},"datePublished":"2020-06-16T08:57:29+00:00","dateModified":"2020-12-09T14:59:21+00:00","description":"Tidningsf\u00f6rm\u00e5ner","breadcrumb":{"@id":"https:\/\/www.ekonomit.fi\/sv\/tidningsformaner\/#breadcrumb"},"inLanguage":"sv-SE","potentialAction":[{"@type":"ReadAction","target":["https:\/\/www.ekonomit.fi\/sv\/tidningsformaner\/"]}]},{"@type":"BreadcrumbList","@id":"https:\/\/www.ekonomit.fi\/sv\/tidningsformaner\/#breadcrumb","itemListElement":[{"@type":"ListItem","position":1,"name":"Home","item":"https:\/\/www.ekonomit.fi\/sv\/"},{"@type":"ListItem","position":2,"name":"Tidningsf\u00f6rm\u00e5ner f\u00f6r ekonomer"}]},{"@type":"WebSite","@id":"https:\/\/www.ekonomit.fi\/sv\/#website","url":"https:\/\/www.ekonomit.fi\/sv\/","name":"Suomen Ekonomit","description":"","publisher":{"@id":"https:\/\/www.ekonomit.fi\/sv\/#organization"},"potentialAction":[{"@type":"SearchAction","target":{"@type":"EntryPoint","urlTemplate":"https:\/\/www.ekonomit.fi\/sv\/?s={search_term_string}"},"query-input":{"@type":"PropertyValueSpecification","valueRequired":true,"valueName":"search_term_string"}}],"inLanguage":"sv-SE"},{"@type":"Organization","@id":"https:\/\/www.ekonomit.fi\/sv\/#organization","name":"Suomen Ekonomit","url":"https:\/\/www.ekonomit.fi\/sv\/","logo":{"@type":"ImageObject","inLanguage":"sv-SE","@id":"https:\/\/www.ekonomit.fi\/sv\/#\/schema\/logo\/image\/","url":"https:\/\/www.ekonomit.fi\/wp-content\/uploads\/2020\/05\/ekonomit-mer-nega.png","contentUrl":"https:\/\/www.ekonomit.fi\/wp-content\/uploads\/2020\/05\/ekonomit-mer-nega.png","width":870,"height":307,"caption":"Suomen Ekonomit"},"image":{"@id":"https:\/\/www.ekonomit.fi\/sv\/#\/schema\/logo\/image\/"}}]}},"coauthors":[],"author_meta":{"author_link":"https:\/\/www.ekonomit.fi\/sv\/author\/heidihaapalainen\/","display_name":"heidihaapalainen"},"relative_dates":{"created":"Publicerad 6 \u00e5r sedan","modified":"Uppdaterad 5 \u00e5r sedan"},"absolute_dates":{"created":"Publicerat den 16 juni 2020","modified":"Uppdaterad den 9 december 2020"},"absolute_dates_time":{"created":"Publicerat den 16 juni 2020 11:57","modified":"Uppdaterad den 9 december 2020 16:59"},"featured_img_caption":"","featured_img":false,"series_order":"","jetpack_sharing_enabled":true,"_links":{"self":[{"href":"https:\/\/www.ekonomit.fi\/sv\/wp-json\/wp\/v2\/pages\/7835","targetHints":{"allow":["GET"]}}],"collection":[{"href":"https:\/\/www.ekonomit.fi\/sv\/wp-json\/wp\/v2\/pages"}],"about":[{"href":"https:\/\/www.ekonomit.fi\/sv\/wp-json\/wp\/v2\/types\/page"}],"author":[{"embeddable":true,"href":"https:\/\/www.ekonomit.fi\/sv\/wp-json\/wp\/v2\/users\/3"}],"replies":[{"embeddable":true,"href":"https:\/\/www.ekonomit.fi\/sv\/wp-json\/wp\/v2\/comments?post=7835"}],"version-history":[{"count":8,"href":"https:\/\/www.ekonomit.fi\/sv\/wp-json\/wp\/v2\/pages\/7835\/revisions"}],"predecessor-version":[{"id":17132,"href":"https:\/\/www.ekonomit.fi\/sv\/wp-json\/wp\/v2\/pages\/7835\/revisions\/17132"}],"wp:attachment":[{"href":"https:\/\/www.ekonomit.fi\/sv\/wp-json\/wp\/v2\/media?parent=7835"}],"curies":[{"name":"wp","href":"https:\/\/api.w.org\/{rel}","templated":true}]}}