{"id":7860,"date":"2020-06-16T12:59:08","date_gmt":"2020-06-16T09:59:08","guid":{"rendered":"https:\/\/www.ekonomit.fi\/?page_id=7860"},"modified":"2024-03-07T16:30:37","modified_gmt":"2024-03-07T14:30:37","slug":"lon","status":"publish","type":"page","link":"https:\/\/www.ekonomit.fi\/sv\/arbetslivdatabank\/lon\/","title":{"rendered":"En r\u00e4ttvis l\u00f6n ger lojala arbetstagare"},"content":{"rendered":"\n<div class=\"wp-block-columns is-layout-flex wp-container-core-columns-is-layout-9d6595d7 wp-block-columns-is-layout-flex\">\n<div class=\"wp-block-column is-layout-flow wp-block-column-is-layout-flow\" style=\"flex-basis:66.66%\">\n<p>L\u00f6nen \u00e4r ers\u00e4ttning f\u00f6r utf\u00f6rt arbete och baserar sig p\u00e5 ett anst\u00e4llningsf\u00f6rh\u00e5llande. L\u00f6nen kan betalas ut i pengar, som naturaf\u00f6rm\u00e5n eller som annat vederlag med ekonomiskt v\u00e4rde. Premiering \u00e4r som helhet ett ledningsverktyg som organisationen fastst\u00e4ller och anv\u00e4nder f\u00f6r att bel\u00f6na sina anst\u00e4llda i enlighet med organisationens strategi. Premieringen kan ocks\u00e5 ha fastst\u00e4llts i organisationens dokument om l\u00f6nepolitik.<\/p>\n\n\n\n<h2 class=\"wp-block-heading\">Ekonomernas l\u00f6neniv\u00e5 h\u00f6gre \u00e4n f\u00f6reg\u00e5ende \u00e5r<\/h2>\n\n\n\n<p>Enligt den \u00e5rliga l\u00f6neniv\u00e5unders\u00f6kningen var ekonommedlemmarnas mittersta l\u00f6n, medianl\u00f6nen, 5 603 euro i oktober 2023.<\/p>\n\n\n\n<ul class=\"wp-block-list\">\n<li>Ekonomernas medell\u00f6n utan resultatpremier var 6 383 euro i m\u00e5naden.<\/li>\n\n\n\n<li>Ekonomens medianl\u00f6n steg med 3,8 procent j\u00e4mf\u00f6rt med f\u00f6reg\u00e5ende \u00e5r.<\/li>\n\n\n\n<li>I privata sektorn var medianl\u00f6nen 5 800 euro och f\u00f6r statsanst\u00e4llda 5 200 euro. I kommunala sektorn var den mittersta l\u00f6nen 5 800 euro.<\/li>\n\n\n\n<li>Nyutexaminerade ekonomers ing\u00e5ngsl\u00f6nemedian var 3 725 euro.<\/li>\n<\/ul>\n\n\n\n<div class=\"wp-block-buttons is-layout-flex wp-block-buttons-is-layout-flex\">\n<div class=\"wp-block-button\"><a class=\"wp-block-button__link wp-element-button\" href=\"https:\/\/elounge.ekonomit.fi\/salary-radar\" target=\"_blank\" rel=\"noreferrer noopener\">\u00d6ppna L\u00f6neradarn (endast f\u00f6r medlemmar)<\/a><\/div>\n<\/div>\n\n\n\n<h2 class=\"wp-block-heading\"><br>F\u00f6rbered dig noggrant inf\u00f6r l\u00f6nesamtalet<\/h2>\n\n\n\n<ul class=\"wp-block-list\">\n<li>L\u00f6neradarn (i medlemstj\u00e4nsten) hj\u00e4lper dig att fastst\u00e4lla ditt l\u00f6neanspr\u00e5k.<\/li>\n\n\n\n<li>V\u00e5r l\u00f6ner\u00e5dgivning hj\u00e4lper dig att fastst\u00e4lla ett rimligt l\u00f6neanspr\u00e5k.<\/li>\n\n\n\n<li>L\u00e4s ocks\u00e5&nbsp;<a href=\"https:\/\/www.ekonomit.fi\/wp-content\/uploads\/2021\/03\/Forbattra-din-lon_ytn.pdf\">guiden F\u00f6rb\u00e4ttra din l\u00f6n<\/a><\/li>\n<\/ul>\n\n\n\n<h2 class=\"wp-block-heading\"><br>Rekommendationer om l\u00f6n f\u00f6r sommarjobb, nyutexaminerades ing\u00e5ngsl\u00f6n och pro gradu-arvode<\/h2>\n\n\n\n<p>Vi publicerar ocks\u00e5 \u00e5rligen rekommendationer om en nyutexaminerad ekonoms ing\u00e5ngsl\u00f6n och rekommendationer om l\u00f6n f\u00f6r sommarjobb f\u00f6r ekonomistuderande. Du kan ocks\u00e5 ta del av v\u00e5ra rekommendationer om pro gradu-arvoden.<\/p>\n\n\n\n<h2 class=\"wp-block-heading\">L\u00f6nen \u00e4r en helhet som best\u00e5r av m\u00e5nga faktorer<\/h2>\n\n\n\n<p>L\u00f6nen grundar sig p\u00e5 faktorer som \u00e4r f\u00f6rknippade med organisationen, arbetsuppgiften och arbetstagaren.<\/p>\n\n\n\n<ul class=\"wp-block-list\">\n<li>Organisation: l\u00f6nepolitik, bransch, organisationsstruktur, antalet anst\u00e4llda, internationalism.<\/li>\n\n\n\n<li>Arbetsuppgift: kunnande som uppgiften kr\u00e4ver, ansvar som till exempel chefsansvar, resultat- eller budgetansvar, kr\u00e4vd intern och extern v\u00e4xelverkan, kundrelationer, uppgiftens internationella karakt\u00e4r, arbetserfarenhet i \u00e5r.<\/li>\n\n\n\n<li>Arbetstagare: utbildning och erfarenhet, kunnande, ansvarsfullhet, samarbete och social kompetens samt arbetets kvalitet, resultat, framg\u00e5ng.<\/li>\n<\/ul>\n\n\n\n<h2 class=\"wp-block-heading\">L\u00f6nen best\u00e5r av tre delar<\/h2>\n\n\n\n<ul class=\"wp-block-list\">\n<li>Arbetets sv\u00e5righetsdel \u2013 Vilket arbete utf\u00f6rs? Samma l\u00f6n betalas f\u00f6r arbete med samma sv\u00e5righetsgrad och samma v\u00e4rde, med hj\u00e4lp av sv\u00e5righetsklassificeringen best\u00e4ms den uppgiftsbaserade l\u00f6nens andel \u2013 minimil\u00f6nen.<\/li>\n\n\n\n<li>Personlig del \u2013 Hur utf\u00f6rs arbetet? Kompetens, v\u00e4xelverkan och samarbete, sj\u00e4lvst\u00e4ndighet och omd\u00f6me, arbetets kvalitet, resultat och m\u00e5linriktning, ledning, annan \u00f6verenskommen grund.<\/li>\n\n\n\n<li>Resultatdel \u2013 Vad presteras? F\u00f6retagsspecifikt system som f\u00f6retaget beslutar om.<\/li>\n<\/ul>\n\n\n\n<h2 class=\"wp-block-heading\">Karri\u00e4rutveckling och generella l\u00f6neh\u00f6jningar h\u00f6jer l\u00f6nen<\/h2>\n\n\n\n<p>Ekonomernas l\u00f6neniv\u00e5 stiger mer till f\u00f6ljd av en karri\u00e4rutveckling \u00e4n av generella l\u00f6neh\u00f6jningar, eftersom l\u00f6nef\u00f6rh\u00f6jningen ofta \u00e4r f\u00f6rknippad med att arbetstagaren har bytt arbetsuppgift eller arbetsplats.<\/p>\n\n\n\n<p>N\u00e4r uppgiften \u00e4r densamma \u00e4r en generell l\u00f6neh\u00f6jning enligt kollektiv- och tj\u00e4nstekollektivavtalen det s\u00e4kraste s\u00e4ttet f\u00f6r ekonomen att f\u00e5 l\u00f6nef\u00f6rh\u00f6jning. N\u00e4stan 42 procent av ekonomerna som deltog i l\u00f6neniv\u00e5unders\u00f6kningen hade f\u00e5tt l\u00f6nef\u00f6rh\u00f6jning tack vare en generell l\u00f6neh\u00f6jning.<\/p>\n\n\n\n<p>Knappa h\u00e4lften av v\u00e5ra medlemmar omfattas av generella l\u00f6neh\u00f6jningar. Vi arbetar st\u00e4ndigt f\u00f6r att f\u00e5 till st\u00e5nd kollektivavtal f\u00f6r de h\u00f6gre tj\u00e4nstem\u00e4nnen \u00e4ven i branscher som \u00e4nnu \u00e4r avtalsl\u00f6sa. Ett stort antal ekonomer arbetar till exempel i revisionsbranschen och handelsbranschen utan ett eget kollektivavtal.<\/p>\n\n\n\n<h2 class=\"wp-block-heading\"><\/h2>\n\n\n\n<p><\/p>\n<\/div>\n\n\n\n<div class=\"wp-block-column is-layout-flow wp-block-column-is-layout-flow\" style=\"flex-basis:33.33%\">\n<div class=\"wp-block-group is-style-background-brown has-padding-medium has-page-foreground-color has-text-color\"><div class=\"wp-block-group__inner-container is-layout-flow wp-block-group-is-layout-flow\">\n<div class=\"wp-block-group\"><div class=\"wp-block-group__inner-container is-layout-flow wp-block-group-is-layout-flow\">\n<h3 class=\"wp-block-heading\">Premiering \u00e4r inte bara pengar<\/h3>\n\n\n\n<ul class=\"wp-block-list\">\n<li>Grundl\u00f6n<\/li>\n\n\n\n<li>Resultatl\u00f6n<\/li>\n\n\n\n<li>F\u00f6rm\u00e5ner som har penningv\u00e4rde<\/li>\n\n\n\n<li>Initiativpremier<\/li>\n\n\n\n<li>Specialpremier<\/li>\n\n\n\n<li>Utvecklingsm\u00f6jlighet, utbildning, arbetets inneh\u00e5ll<\/li>\n\n\n\n<li>Uppskattning, respons p\u00e5 arbetet +\/-<\/li>\n\n\n\n<li>M\u00f6jlighet att p\u00e5verka, medbest\u00e4mmande<\/li>\n\n\n\n<li>Anst\u00e4llningens varaktighet, arbetstidsarrangemang<\/li>\n<\/ul>\n<\/div><\/div>\n<\/div><\/div>\n\n\n\n<div style=\"height:20px\" aria-hidden=\"true\" class=\"wp-block-spacer\"><\/div>\n\n\n\n<div class=\"wp-block-group is-style-background-brown has-padding-medium has-page-foreground-color has-brand-brown-background-color has-text-color has-background\"><div class=\"wp-block-group__inner-container is-layout-flow wp-block-group-is-layout-flow\">\n<h3 class=\"wp-block-heading\">Guiden F\u00f6rb\u00e4ttra din l\u00f6n<\/h3>\n\n\n\n<p>L\u00e4s guiden&nbsp;<a href=\"https:\/\/www.ekonomit.fi\/wp-content\/uploads\/2021\/03\/Forbattra-din-lon_ytn.pdf\">F\u00f6rb\u00e4ttra din l\u00f6n &gt;&gt;<\/a><\/p>\n<\/div><\/div>\n\n\n\n<div style=\"height:20px\" aria-hidden=\"true\" class=\"wp-block-spacer\"><\/div>\n\n\n\n<div class=\"wp-block-group\"><div class=\"wp-block-group__inner-container is-layout-flow wp-block-group-is-layout-flow\"><\/div><\/div>\n\n\n\n<div style=\"height:20px\" aria-hidden=\"true\" class=\"wp-block-spacer\"><\/div>\n<\/div>\n<\/div>\n\n\n\n<p><\/p>\n<div class=\"rns\" data-title=\"En r\u00e4ttvis l\u00f6n ger lojala arbetstagare\" data-tags=\"\" data-categories=\"\" data-comments=\"0\" data-date=\"1592312348000\" data-author=\"kristian.sarosto@ekonomit.fi\" data-single=\"\" data-url=\"https:\/\/www.ekonomit.fi\/sv\/arbetslivdatabank\/lon\/\"><\/div> <!-- Check out https:\/\/reactandshare.com -->","protected":false},"excerpt":{"rendered":"<p>L\u00f6nen \u00e4r ers\u00e4ttning f\u00f6r utf\u00f6rt arbete och baserar sig p\u00e5 ett anst\u00e4llningsf\u00f6rh\u00e5llande. L\u00f6nen kan&#8230;<\/p>\n","protected":false},"author":27,"featured_media":0,"parent":7126,"menu_order":0,"comment_status":"closed","ping_status":"closed","template":"page-templates\/page-sidebars.php","meta":{"_acf_changed":false,"inline_featured_image":false,"advgb_blocks_editor_width":"","advgb_blocks_columns_visual_guide":"","footnotes":""},"class_list":["post-7860","page","type-page","status-publish","hentry"],"acf":[],"yoast_head":"<!-- This site is optimized with the Yoast SEO plugin v27.4 - https:\/\/yoast.com\/product\/yoast-seo-wordpress\/ -->\n<title>En r\u00e4ttvis l\u00f6n ger lojala arbetstagare - Suomen Ekonomit<\/title>\n<meta name=\"description\" content=\"L\u00f6nen \u00e4r ers\u00e4ttning f\u00f6r utf\u00f6rt arbete och baserar sig p\u00e5 ett anst\u00e4llningsf\u00f6rh\u00e5llande. L\u00f6nen kan betalas ut i pengar, som naturaf\u00f6rm\u00e5n eller som annat vederlag med ekonomiskt v\u00e4rde. Premiering \u00e4r som helhet ett ledningsverktyg som organisationen fastst\u00e4ller och anv\u00e4nder f\u00f6r att bel\u00f6na sina anst\u00e4llda i enlighet med organisationens strategi. Premieringen kan ocks\u00e5 ha fastst\u00e4llts i organisationens dokument om l\u00f6nepolitik.\" \/>\n<meta name=\"robots\" content=\"index, follow, max-snippet:-1, max-image-preview:large, max-video-preview:-1\" \/>\n<link rel=\"canonical\" href=\"https:\/\/www.ekonomit.fi\/sv\/arbetslivdatabank\/lon\/\" \/>\n<meta property=\"og:locale\" content=\"sv_SE\" \/>\n<meta property=\"og:type\" content=\"article\" \/>\n<meta property=\"og:title\" content=\"En r\u00e4ttvis l\u00f6n ger lojala arbetstagare - Suomen Ekonomit\" \/>\n<meta property=\"og:description\" content=\"L\u00f6nen \u00e4r ers\u00e4ttning f\u00f6r utf\u00f6rt arbete och baserar sig p\u00e5 ett anst\u00e4llningsf\u00f6rh\u00e5llande. L\u00f6nen kan betalas ut i pengar, som naturaf\u00f6rm\u00e5n eller som annat vederlag med ekonomiskt v\u00e4rde. Premiering \u00e4r som helhet ett ledningsverktyg som organisationen fastst\u00e4ller och anv\u00e4nder f\u00f6r att bel\u00f6na sina anst\u00e4llda i enlighet med organisationens strategi. Premieringen kan ocks\u00e5 ha fastst\u00e4llts i organisationens dokument om l\u00f6nepolitik.\" \/>\n<meta property=\"og:url\" content=\"https:\/\/www.ekonomit.fi\/sv\/arbetslivdatabank\/lon\/\" \/>\n<meta property=\"og:site_name\" content=\"Suomen Ekonomit\" \/>\n<meta property=\"article:modified_time\" content=\"2024-03-07T14:30:37+00:00\" \/>\n<meta name=\"twitter:card\" content=\"summary_large_image\" \/>\n<meta name=\"twitter:label1\" content=\"Ber\u00e4knad l\u00e4stid\" \/>\n\t<meta name=\"twitter:data1\" content=\"4 minuter\" \/>\n<script type=\"application\/ld+json\" class=\"yoast-schema-graph\">{\"@context\":\"https:\\\/\\\/schema.org\",\"@graph\":[{\"@type\":\"WebPage\",\"@id\":\"https:\\\/\\\/www.ekonomit.fi\\\/sv\\\/arbetslivdatabank\\\/lon\\\/\",\"url\":\"https:\\\/\\\/www.ekonomit.fi\\\/sv\\\/arbetslivdatabank\\\/lon\\\/\",\"name\":\"En r\u00e4ttvis l\u00f6n ger lojala arbetstagare - Suomen Ekonomit\",\"isPartOf\":{\"@id\":\"https:\\\/\\\/www.ekonomit.fi\\\/sv\\\/#website\"},\"datePublished\":\"2020-06-16T09:59:08+00:00\",\"dateModified\":\"2024-03-07T14:30:37+00:00\",\"description\":\"L\u00f6nen \u00e4r ers\u00e4ttning f\u00f6r utf\u00f6rt arbete och baserar sig p\u00e5 ett anst\u00e4llningsf\u00f6rh\u00e5llande. L\u00f6nen kan betalas ut i pengar, som naturaf\u00f6rm\u00e5n eller som annat vederlag med ekonomiskt v\u00e4rde. Premiering \u00e4r som helhet ett ledningsverktyg som organisationen fastst\u00e4ller och anv\u00e4nder f\u00f6r att bel\u00f6na sina anst\u00e4llda i enlighet med organisationens strategi. Premieringen kan ocks\u00e5 ha fastst\u00e4llts i organisationens dokument om l\u00f6nepolitik.\",\"breadcrumb\":{\"@id\":\"https:\\\/\\\/www.ekonomit.fi\\\/sv\\\/arbetslivdatabank\\\/lon\\\/#breadcrumb\"},\"inLanguage\":\"sv-SE\",\"potentialAction\":[{\"@type\":\"ReadAction\",\"target\":[\"https:\\\/\\\/www.ekonomit.fi\\\/sv\\\/arbetslivdatabank\\\/lon\\\/\"]}]},{\"@type\":\"BreadcrumbList\",\"@id\":\"https:\\\/\\\/www.ekonomit.fi\\\/sv\\\/arbetslivdatabank\\\/lon\\\/#breadcrumb\",\"itemListElement\":[{\"@type\":\"ListItem\",\"position\":1,\"name\":\"Home\",\"item\":\"https:\\\/\\\/www.ekonomit.fi\\\/sv\\\/\"},{\"@type\":\"ListItem\",\"position\":2,\"name\":\"Arbetslivsinformation\",\"item\":\"https:\\\/\\\/www.ekonomit.fi\\\/sv\\\/arbetslivdatabank\\\/\"},{\"@type\":\"ListItem\",\"position\":3,\"name\":\"En r\u00e4ttvis l\u00f6n ger lojala arbetstagare\"}]},{\"@type\":\"WebSite\",\"@id\":\"https:\\\/\\\/www.ekonomit.fi\\\/sv\\\/#website\",\"url\":\"https:\\\/\\\/www.ekonomit.fi\\\/sv\\\/\",\"name\":\"Suomen Ekonomit\",\"description\":\"\",\"publisher\":{\"@id\":\"https:\\\/\\\/www.ekonomit.fi\\\/sv\\\/#organization\"},\"potentialAction\":[{\"@type\":\"SearchAction\",\"target\":{\"@type\":\"EntryPoint\",\"urlTemplate\":\"https:\\\/\\\/www.ekonomit.fi\\\/sv\\\/?s={search_term_string}\"},\"query-input\":{\"@type\":\"PropertyValueSpecification\",\"valueRequired\":true,\"valueName\":\"search_term_string\"}}],\"inLanguage\":\"sv-SE\"},{\"@type\":\"Organization\",\"@id\":\"https:\\\/\\\/www.ekonomit.fi\\\/sv\\\/#organization\",\"name\":\"Suomen Ekonomit\",\"url\":\"https:\\\/\\\/www.ekonomit.fi\\\/sv\\\/\",\"logo\":{\"@type\":\"ImageObject\",\"inLanguage\":\"sv-SE\",\"@id\":\"https:\\\/\\\/www.ekonomit.fi\\\/sv\\\/#\\\/schema\\\/logo\\\/image\\\/\",\"url\":\"https:\\\/\\\/www.ekonomit.fi\\\/wp-content\\\/uploads\\\/2020\\\/05\\\/ekonomit-mer-nega.png\",\"contentUrl\":\"https:\\\/\\\/www.ekonomit.fi\\\/wp-content\\\/uploads\\\/2020\\\/05\\\/ekonomit-mer-nega.png\",\"width\":870,\"height\":307,\"caption\":\"Suomen Ekonomit\"},\"image\":{\"@id\":\"https:\\\/\\\/www.ekonomit.fi\\\/sv\\\/#\\\/schema\\\/logo\\\/image\\\/\"}}]}<\/script>\n<!-- \/ Yoast SEO plugin. -->","yoast_head_json":{"title":"En r\u00e4ttvis l\u00f6n ger lojala arbetstagare - Suomen Ekonomit","description":"L\u00f6nen \u00e4r ers\u00e4ttning f\u00f6r utf\u00f6rt arbete och baserar sig p\u00e5 ett anst\u00e4llningsf\u00f6rh\u00e5llande. L\u00f6nen kan betalas ut i pengar, som naturaf\u00f6rm\u00e5n eller som annat vederlag med ekonomiskt v\u00e4rde. Premiering \u00e4r som helhet ett ledningsverktyg som organisationen fastst\u00e4ller och anv\u00e4nder f\u00f6r att bel\u00f6na sina anst\u00e4llda i enlighet med organisationens strategi. Premieringen kan ocks\u00e5 ha fastst\u00e4llts i organisationens dokument om l\u00f6nepolitik.","robots":{"index":"index","follow":"follow","max-snippet":"max-snippet:-1","max-image-preview":"max-image-preview:large","max-video-preview":"max-video-preview:-1"},"canonical":"https:\/\/www.ekonomit.fi\/sv\/arbetslivdatabank\/lon\/","og_locale":"sv_SE","og_type":"article","og_title":"En r\u00e4ttvis l\u00f6n ger lojala arbetstagare - Suomen Ekonomit","og_description":"L\u00f6nen \u00e4r ers\u00e4ttning f\u00f6r utf\u00f6rt arbete och baserar sig p\u00e5 ett anst\u00e4llningsf\u00f6rh\u00e5llande. L\u00f6nen kan betalas ut i pengar, som naturaf\u00f6rm\u00e5n eller som annat vederlag med ekonomiskt v\u00e4rde. Premiering \u00e4r som helhet ett ledningsverktyg som organisationen fastst\u00e4ller och anv\u00e4nder f\u00f6r att bel\u00f6na sina anst\u00e4llda i enlighet med organisationens strategi. Premieringen kan ocks\u00e5 ha fastst\u00e4llts i organisationens dokument om l\u00f6nepolitik.","og_url":"https:\/\/www.ekonomit.fi\/sv\/arbetslivdatabank\/lon\/","og_site_name":"Suomen Ekonomit","article_modified_time":"2024-03-07T14:30:37+00:00","twitter_card":"summary_large_image","twitter_misc":{"Ber\u00e4knad l\u00e4stid":"4 minuter"},"schema":{"@context":"https:\/\/schema.org","@graph":[{"@type":"WebPage","@id":"https:\/\/www.ekonomit.fi\/sv\/arbetslivdatabank\/lon\/","url":"https:\/\/www.ekonomit.fi\/sv\/arbetslivdatabank\/lon\/","name":"En r\u00e4ttvis l\u00f6n ger lojala arbetstagare - Suomen Ekonomit","isPartOf":{"@id":"https:\/\/www.ekonomit.fi\/sv\/#website"},"datePublished":"2020-06-16T09:59:08+00:00","dateModified":"2024-03-07T14:30:37+00:00","description":"L\u00f6nen \u00e4r ers\u00e4ttning f\u00f6r utf\u00f6rt arbete och baserar sig p\u00e5 ett anst\u00e4llningsf\u00f6rh\u00e5llande. L\u00f6nen kan betalas ut i pengar, som naturaf\u00f6rm\u00e5n eller som annat vederlag med ekonomiskt v\u00e4rde. Premiering \u00e4r som helhet ett ledningsverktyg som organisationen fastst\u00e4ller och anv\u00e4nder f\u00f6r att bel\u00f6na sina anst\u00e4llda i enlighet med organisationens strategi. Premieringen kan ocks\u00e5 ha fastst\u00e4llts i organisationens dokument om l\u00f6nepolitik.","breadcrumb":{"@id":"https:\/\/www.ekonomit.fi\/sv\/arbetslivdatabank\/lon\/#breadcrumb"},"inLanguage":"sv-SE","potentialAction":[{"@type":"ReadAction","target":["https:\/\/www.ekonomit.fi\/sv\/arbetslivdatabank\/lon\/"]}]},{"@type":"BreadcrumbList","@id":"https:\/\/www.ekonomit.fi\/sv\/arbetslivdatabank\/lon\/#breadcrumb","itemListElement":[{"@type":"ListItem","position":1,"name":"Home","item":"https:\/\/www.ekonomit.fi\/sv\/"},{"@type":"ListItem","position":2,"name":"Arbetslivsinformation","item":"https:\/\/www.ekonomit.fi\/sv\/arbetslivdatabank\/"},{"@type":"ListItem","position":3,"name":"En r\u00e4ttvis l\u00f6n ger lojala arbetstagare"}]},{"@type":"WebSite","@id":"https:\/\/www.ekonomit.fi\/sv\/#website","url":"https:\/\/www.ekonomit.fi\/sv\/","name":"Suomen Ekonomit","description":"","publisher":{"@id":"https:\/\/www.ekonomit.fi\/sv\/#organization"},"potentialAction":[{"@type":"SearchAction","target":{"@type":"EntryPoint","urlTemplate":"https:\/\/www.ekonomit.fi\/sv\/?s={search_term_string}"},"query-input":{"@type":"PropertyValueSpecification","valueRequired":true,"valueName":"search_term_string"}}],"inLanguage":"sv-SE"},{"@type":"Organization","@id":"https:\/\/www.ekonomit.fi\/sv\/#organization","name":"Suomen Ekonomit","url":"https:\/\/www.ekonomit.fi\/sv\/","logo":{"@type":"ImageObject","inLanguage":"sv-SE","@id":"https:\/\/www.ekonomit.fi\/sv\/#\/schema\/logo\/image\/","url":"https:\/\/www.ekonomit.fi\/wp-content\/uploads\/2020\/05\/ekonomit-mer-nega.png","contentUrl":"https:\/\/www.ekonomit.fi\/wp-content\/uploads\/2020\/05\/ekonomit-mer-nega.png","width":870,"height":307,"caption":"Suomen Ekonomit"},"image":{"@id":"https:\/\/www.ekonomit.fi\/sv\/#\/schema\/logo\/image\/"}}]}},"coauthors":[],"author_meta":{"author_link":"https:\/\/www.ekonomit.fi\/sv\/author\/kristian-sarostoekonomit-fi\/","display_name":"kristian.sarosto@ekonomit.fi"},"relative_dates":{"created":"Publicerad 6 \u00e5r sedan","modified":"Uppdaterad 2 \u00e5r sedan"},"absolute_dates":{"created":"Publicerat den 16 juni 2020","modified":"Uppdaterad den 7 mars 2024"},"absolute_dates_time":{"created":"Publicerat den 16 juni 2020 12:59","modified":"Uppdaterad den 7 mars 2024 16:30"},"featured_img_caption":"","featured_img":false,"series_order":"","jetpack_sharing_enabled":true,"_links":{"self":[{"href":"https:\/\/www.ekonomit.fi\/sv\/wp-json\/wp\/v2\/pages\/7860","targetHints":{"allow":["GET"]}}],"collection":[{"href":"https:\/\/www.ekonomit.fi\/sv\/wp-json\/wp\/v2\/pages"}],"about":[{"href":"https:\/\/www.ekonomit.fi\/sv\/wp-json\/wp\/v2\/types\/page"}],"author":[{"embeddable":true,"href":"https:\/\/www.ekonomit.fi\/sv\/wp-json\/wp\/v2\/users\/27"}],"replies":[{"embeddable":true,"href":"https:\/\/www.ekonomit.fi\/sv\/wp-json\/wp\/v2\/comments?post=7860"}],"version-history":[{"count":16,"href":"https:\/\/www.ekonomit.fi\/sv\/wp-json\/wp\/v2\/pages\/7860\/revisions"}],"predecessor-version":[{"id":41693,"href":"https:\/\/www.ekonomit.fi\/sv\/wp-json\/wp\/v2\/pages\/7860\/revisions\/41693"}],"up":[{"embeddable":true,"href":"https:\/\/www.ekonomit.fi\/sv\/wp-json\/wp\/v2\/pages\/7126"}],"wp:attachment":[{"href":"https:\/\/www.ekonomit.fi\/sv\/wp-json\/wp\/v2\/media?parent=7860"}],"curies":[{"name":"wp","href":"https:\/\/api.w.org\/{rel}","templated":true}]}}