{"id":7880,"date":"2020-06-16T13:12:07","date_gmt":"2020-06-16T10:12:07","guid":{"rendered":"https:\/\/www.ekonomit.fi\/?page_id=7880"},"modified":"2025-12-19T14:10:38","modified_gmt":"2025-12-19T12:10:38","slug":"lonerekommendationer","status":"publish","type":"page","link":"https:\/\/www.ekonomit.fi\/sv\/arbetslivdatabank\/lonerekommendationer\/","title":{"rendered":"L\u00f6nerekommendationer"},"content":{"rendered":"\n<div class=\"wp-block-columns is-layout-flex wp-container-core-columns-is-layout-9d6595d7 wp-block-columns-is-layout-flex\">\n<div class=\"wp-block-column is-layout-flow wp-block-column-is-layout-flow\" style=\"flex-basis:66.66%\">\n<p>V\u00e5ra rekommendationer om l\u00f6ner och arvoden grundar sig p\u00e5 unders\u00f6kningen som gjordes \u00f6sten 2025, den allm\u00e4nna utvecklingen av inkomstniv\u00e5n och prognoserna f\u00f6r 2026. Rekommendationerna kan anv\u00e4ndas som st\u00f6d f\u00f6r de egna l\u00f6nesamtalen. De rekommenderade l\u00f6nerna utg\u00f6r inte ovillkorliga nedre gr\u00e4nser.<\/p>\n\n\n\n<h2 class=\"wp-block-heading\">Rekommendationer om ekonomernas ing\u00e5ngsl\u00f6n<\/h2>\n\n\n\n<p>\u00c5r 2026 \u00e4r den rekommenderade ing\u00e5ngsl\u00f6nen i privata sektorn 3 950\u20134 350 euro per m\u00e5nad f\u00f6r stadigvarande arbete som motsvarar utbildningen och inte utg\u00f6r chefsarbete, d\u00e5 personen saknar l\u00e5ngvarig arbetserfarenhet fr\u00e5n studietiden. Rekommendationen g\u00e4ller totall\u00f6nen utan resultatl\u00f6n.<\/p>\n\n\n\n<h2 class=\"wp-block-heading\">Rekommendationer om l\u00f6n f\u00f6r sommarjobb och praktik<\/h2>\n\n\n\n<p>Rekommendationerna g\u00e4ller arbete d\u00e4r ekonomistuderandena kan utnyttja kunskaper och f\u00e4rdigheter som de inh\u00e4mtat i ekonomutbildningen. Det \u00e4r bra att beakta att tj\u00e4nstem\u00e4nnens l\u00f6ner i en del branscher grundar sig p\u00e5 tabell\u00f6ner som avtalats i kollektivavtal eller p\u00e5 l\u00f6ner f\u00f6r praktiktid.<\/p>\n\n\n\n<h3 class=\"wp-block-heading\">Rekommendationer f\u00f6r 2026<\/h3>\n\n\n\n<figure class=\"wp-block-table is-style-regular\"><table class=\"has-brand-gray-medium-background-color has-background\"><thead><tr><th class=\"has-text-align-center\" data-align=\"center\">Studiepo\u00e4ng<\/th><th class=\"has-text-align-center\" data-align=\"center\">Rekommendation \u20ac \/ m\u00e5nad<\/th><\/tr><\/thead><tbody><tr><td class=\"has-text-align-center\" data-align=\"center\"><strong>Under 120<\/strong><\/td><td class=\"has-text-align-center\" data-align=\"center\"><strong>2 700 \u20ac<\/strong><\/td><\/tr><tr><td class=\"has-text-align-center\" data-align=\"center\"><strong>120\u2212180<\/strong><\/td><td class=\"has-text-align-center\" data-align=\"center\"><strong>2 750 \u20ac<\/strong><\/td><\/tr><tr><td class=\"has-text-align-center\" data-align=\"center\"><strong>181\u2212220<\/strong><\/td><td class=\"has-text-align-center\" data-align=\"center\"><strong>2 800 \u20ac<\/strong><\/td><\/tr><tr><td class=\"has-text-align-center\" data-align=\"center\"><strong>\u00d6ver 220<\/strong><\/td><td class=\"has-text-align-center\" data-align=\"center\"><strong>2 900 \u20ac<\/strong><\/td><\/tr><\/tbody><\/table><\/figure>\n\n\n\n<h2 class=\"wp-block-heading\">Rekommendationer om pro gradu-l\u00f6ner och arvoden<\/h2>\n\n\n\n<ul class=\"wp-block-list\">\n<li>D\u00e5 en studerande g\u00f6r sin kandidatavhandling p\u00e5 uppdrag av en organisation \u00e4r det motiverat att organisationen betalar en l\u00e4mplig ers\u00e4ttning f\u00f6r uppdraget.<\/li>\n\n\n\n<li>D\u00e5 en studerande g\u00f6r sin pro gradu-avhandling som uppdrag i ett anst\u00e4llningsf\u00f6rh\u00e5llande \u00e4r den rekommenderade m\u00e5nadsl\u00f6nen 2 900 euro f\u00f6r perioden d\u00e5 arbetet utf\u00f6rs.<\/li>\n\n\n\n<li>D\u00e5 ers\u00e4ttningen f\u00f6r en pro gradu-avhandling som gjorts p\u00e5 uppdrag betalas p\u00e5 annat s\u00e4tt \u00e4n som m\u00e5nadsl\u00f6n \u00e4r den rekommenderade storleken p\u00e5 ers\u00e4ttningen 6 500 euro.<\/li>\n<\/ul>\n\n\n\n<p>Om pro gradu-avhandlingen dessutom inneh\u00e5ller ett omfattande eller ganska omfattande projektarbete, som redan i sig \u00e4r till nytta f\u00f6r uppdragsgivaren, borde \u00e4ven det extra arbete som denna del av projektet f\u00f6ranleder beaktas i eng\u00e5ngsers\u00e4ttningen.<\/p>\n<\/div>\n\n\n\n<div class=\"wp-block-column is-layout-flow wp-block-column-is-layout-flow\" style=\"flex-basis:33.33%\"><\/div>\n<\/div>\n\n\n\n<p><\/p>\n<div class=\"rns\" data-title=\"L\u00f6nerekommendationer\" data-tags=\"\" data-categories=\"\" data-comments=\"0\" data-date=\"1592313127000\" data-author=\"kristian.sarosto@ekonomit.fi\" data-single=\"\" data-url=\"https:\/\/www.ekonomit.fi\/sv\/arbetslivdatabank\/lonerekommendationer\/\"><\/div> <!-- Check out https:\/\/reactandshare.com -->","protected":false},"excerpt":{"rendered":"<p>V\u00e5ra rekommendationer om l\u00f6ner och arvoden grundar sig p\u00e5 unders\u00f6kningen som gjordes \u00f6sten 2025,&#8230;<\/p>\n","protected":false},"author":27,"featured_media":0,"parent":7126,"menu_order":0,"comment_status":"closed","ping_status":"closed","template":"page-templates\/page-sidebars.php","meta":{"_acf_changed":false,"inline_featured_image":false,"advgb_blocks_editor_width":"","advgb_blocks_columns_visual_guide":"","footnotes":""},"class_list":["post-7880","page","type-page","status-publish","hentry"],"acf":[],"yoast_head":"<!-- This site is optimized with the Yoast SEO plugin v27.3 - https:\/\/yoast.com\/product\/yoast-seo-wordpress\/ -->\n<title>L\u00f6nerekommendationer - Suomen Ekonomit<\/title>\n<meta name=\"description\" content=\"V\u00e5ra rekommendationer om l\u00f6ner och arvoden grundar sig p\u00e5 unders\u00f6kningen som gjordes \u00f6sten 2019, den allm\u00e4nna utvecklingen av inkomstniv\u00e5n och prognoserna f\u00f6r 2020. Rekommendationerna kan anv\u00e4ndas som st\u00f6d f\u00f6r de egna l\u00f6nesamtalen. De rekommenderade l\u00f6nerna utg\u00f6r inte ovillkorliga nedre gr\u00e4nser.\" \/>\n<meta name=\"robots\" content=\"index, follow, max-snippet:-1, max-image-preview:large, max-video-preview:-1\" \/>\n<link rel=\"canonical\" href=\"https:\/\/www.ekonomit.fi\/sv\/arbetslivdatabank\/lonerekommendationer\/\" \/>\n<meta property=\"og:locale\" content=\"sv_SE\" \/>\n<meta property=\"og:type\" content=\"article\" \/>\n<meta property=\"og:title\" content=\"L\u00f6nerekommendationer - Suomen Ekonomit\" \/>\n<meta property=\"og:description\" content=\"V\u00e5ra rekommendationer om l\u00f6ner och arvoden grundar sig p\u00e5 unders\u00f6kningen som gjordes \u00f6sten 2019, den allm\u00e4nna utvecklingen av inkomstniv\u00e5n och prognoserna f\u00f6r 2020. Rekommendationerna kan anv\u00e4ndas som st\u00f6d f\u00f6r de egna l\u00f6nesamtalen. De rekommenderade l\u00f6nerna utg\u00f6r inte ovillkorliga nedre gr\u00e4nser.\" \/>\n<meta property=\"og:url\" content=\"https:\/\/www.ekonomit.fi\/sv\/arbetslivdatabank\/lonerekommendationer\/\" \/>\n<meta property=\"og:site_name\" content=\"Suomen Ekonomit\" \/>\n<meta property=\"article:modified_time\" content=\"2025-12-19T12:10:38+00:00\" \/>\n<meta name=\"twitter:card\" content=\"summary_large_image\" \/>\n<meta name=\"twitter:label1\" content=\"Ber\u00e4knad l\u00e4stid\" \/>\n\t<meta name=\"twitter:data1\" content=\"2 minuter\" \/>\n<script type=\"application\/ld+json\" class=\"yoast-schema-graph\">{\"@context\":\"https:\\\/\\\/schema.org\",\"@graph\":[{\"@type\":\"WebPage\",\"@id\":\"https:\\\/\\\/www.ekonomit.fi\\\/sv\\\/arbetslivdatabank\\\/lonerekommendationer\\\/\",\"url\":\"https:\\\/\\\/www.ekonomit.fi\\\/sv\\\/arbetslivdatabank\\\/lonerekommendationer\\\/\",\"name\":\"L\u00f6nerekommendationer - Suomen Ekonomit\",\"isPartOf\":{\"@id\":\"https:\\\/\\\/www.ekonomit.fi\\\/sv\\\/#website\"},\"datePublished\":\"2020-06-16T10:12:07+00:00\",\"dateModified\":\"2025-12-19T12:10:38+00:00\",\"description\":\"V\u00e5ra rekommendationer om l\u00f6ner och arvoden grundar sig p\u00e5 unders\u00f6kningen som gjordes \u00f6sten 2019, den allm\u00e4nna utvecklingen av inkomstniv\u00e5n och prognoserna f\u00f6r 2020. Rekommendationerna kan anv\u00e4ndas som st\u00f6d f\u00f6r de egna l\u00f6nesamtalen. De rekommenderade l\u00f6nerna utg\u00f6r inte ovillkorliga nedre gr\u00e4nser.\",\"breadcrumb\":{\"@id\":\"https:\\\/\\\/www.ekonomit.fi\\\/sv\\\/arbetslivdatabank\\\/lonerekommendationer\\\/#breadcrumb\"},\"inLanguage\":\"sv-SE\",\"potentialAction\":[{\"@type\":\"ReadAction\",\"target\":[\"https:\\\/\\\/www.ekonomit.fi\\\/sv\\\/arbetslivdatabank\\\/lonerekommendationer\\\/\"]}]},{\"@type\":\"BreadcrumbList\",\"@id\":\"https:\\\/\\\/www.ekonomit.fi\\\/sv\\\/arbetslivdatabank\\\/lonerekommendationer\\\/#breadcrumb\",\"itemListElement\":[{\"@type\":\"ListItem\",\"position\":1,\"name\":\"Home\",\"item\":\"https:\\\/\\\/www.ekonomit.fi\\\/sv\\\/\"},{\"@type\":\"ListItem\",\"position\":2,\"name\":\"Arbetslivsinformation\",\"item\":\"https:\\\/\\\/www.ekonomit.fi\\\/sv\\\/arbetslivdatabank\\\/\"},{\"@type\":\"ListItem\",\"position\":3,\"name\":\"L\u00f6nerekommendationer\"}]},{\"@type\":\"WebSite\",\"@id\":\"https:\\\/\\\/www.ekonomit.fi\\\/sv\\\/#website\",\"url\":\"https:\\\/\\\/www.ekonomit.fi\\\/sv\\\/\",\"name\":\"Suomen Ekonomit\",\"description\":\"\",\"publisher\":{\"@id\":\"https:\\\/\\\/www.ekonomit.fi\\\/sv\\\/#organization\"},\"potentialAction\":[{\"@type\":\"SearchAction\",\"target\":{\"@type\":\"EntryPoint\",\"urlTemplate\":\"https:\\\/\\\/www.ekonomit.fi\\\/sv\\\/?s={search_term_string}\"},\"query-input\":{\"@type\":\"PropertyValueSpecification\",\"valueRequired\":true,\"valueName\":\"search_term_string\"}}],\"inLanguage\":\"sv-SE\"},{\"@type\":\"Organization\",\"@id\":\"https:\\\/\\\/www.ekonomit.fi\\\/sv\\\/#organization\",\"name\":\"Suomen Ekonomit\",\"url\":\"https:\\\/\\\/www.ekonomit.fi\\\/sv\\\/\",\"logo\":{\"@type\":\"ImageObject\",\"inLanguage\":\"sv-SE\",\"@id\":\"https:\\\/\\\/www.ekonomit.fi\\\/sv\\\/#\\\/schema\\\/logo\\\/image\\\/\",\"url\":\"https:\\\/\\\/www.ekonomit.fi\\\/wp-content\\\/uploads\\\/2020\\\/05\\\/ekonomit-mer-nega.png\",\"contentUrl\":\"https:\\\/\\\/www.ekonomit.fi\\\/wp-content\\\/uploads\\\/2020\\\/05\\\/ekonomit-mer-nega.png\",\"width\":870,\"height\":307,\"caption\":\"Suomen Ekonomit\"},\"image\":{\"@id\":\"https:\\\/\\\/www.ekonomit.fi\\\/sv\\\/#\\\/schema\\\/logo\\\/image\\\/\"}}]}<\/script>\n<!-- \/ Yoast SEO plugin. -->","yoast_head_json":{"title":"L\u00f6nerekommendationer - Suomen Ekonomit","description":"V\u00e5ra rekommendationer om l\u00f6ner och arvoden grundar sig p\u00e5 unders\u00f6kningen som gjordes \u00f6sten 2019, den allm\u00e4nna utvecklingen av inkomstniv\u00e5n och prognoserna f\u00f6r 2020. Rekommendationerna kan anv\u00e4ndas som st\u00f6d f\u00f6r de egna l\u00f6nesamtalen. De rekommenderade l\u00f6nerna utg\u00f6r inte ovillkorliga nedre gr\u00e4nser.","robots":{"index":"index","follow":"follow","max-snippet":"max-snippet:-1","max-image-preview":"max-image-preview:large","max-video-preview":"max-video-preview:-1"},"canonical":"https:\/\/www.ekonomit.fi\/sv\/arbetslivdatabank\/lonerekommendationer\/","og_locale":"sv_SE","og_type":"article","og_title":"L\u00f6nerekommendationer - Suomen Ekonomit","og_description":"V\u00e5ra rekommendationer om l\u00f6ner och arvoden grundar sig p\u00e5 unders\u00f6kningen som gjordes \u00f6sten 2019, den allm\u00e4nna utvecklingen av inkomstniv\u00e5n och prognoserna f\u00f6r 2020. Rekommendationerna kan anv\u00e4ndas som st\u00f6d f\u00f6r de egna l\u00f6nesamtalen. De rekommenderade l\u00f6nerna utg\u00f6r inte ovillkorliga nedre gr\u00e4nser.","og_url":"https:\/\/www.ekonomit.fi\/sv\/arbetslivdatabank\/lonerekommendationer\/","og_site_name":"Suomen Ekonomit","article_modified_time":"2025-12-19T12:10:38+00:00","twitter_card":"summary_large_image","twitter_misc":{"Ber\u00e4knad l\u00e4stid":"2 minuter"},"schema":{"@context":"https:\/\/schema.org","@graph":[{"@type":"WebPage","@id":"https:\/\/www.ekonomit.fi\/sv\/arbetslivdatabank\/lonerekommendationer\/","url":"https:\/\/www.ekonomit.fi\/sv\/arbetslivdatabank\/lonerekommendationer\/","name":"L\u00f6nerekommendationer - Suomen Ekonomit","isPartOf":{"@id":"https:\/\/www.ekonomit.fi\/sv\/#website"},"datePublished":"2020-06-16T10:12:07+00:00","dateModified":"2025-12-19T12:10:38+00:00","description":"V\u00e5ra rekommendationer om l\u00f6ner och arvoden grundar sig p\u00e5 unders\u00f6kningen som gjordes \u00f6sten 2019, den allm\u00e4nna utvecklingen av inkomstniv\u00e5n och prognoserna f\u00f6r 2020. Rekommendationerna kan anv\u00e4ndas som st\u00f6d f\u00f6r de egna l\u00f6nesamtalen. De rekommenderade l\u00f6nerna utg\u00f6r inte ovillkorliga nedre gr\u00e4nser.","breadcrumb":{"@id":"https:\/\/www.ekonomit.fi\/sv\/arbetslivdatabank\/lonerekommendationer\/#breadcrumb"},"inLanguage":"sv-SE","potentialAction":[{"@type":"ReadAction","target":["https:\/\/www.ekonomit.fi\/sv\/arbetslivdatabank\/lonerekommendationer\/"]}]},{"@type":"BreadcrumbList","@id":"https:\/\/www.ekonomit.fi\/sv\/arbetslivdatabank\/lonerekommendationer\/#breadcrumb","itemListElement":[{"@type":"ListItem","position":1,"name":"Home","item":"https:\/\/www.ekonomit.fi\/sv\/"},{"@type":"ListItem","position":2,"name":"Arbetslivsinformation","item":"https:\/\/www.ekonomit.fi\/sv\/arbetslivdatabank\/"},{"@type":"ListItem","position":3,"name":"L\u00f6nerekommendationer"}]},{"@type":"WebSite","@id":"https:\/\/www.ekonomit.fi\/sv\/#website","url":"https:\/\/www.ekonomit.fi\/sv\/","name":"Suomen Ekonomit","description":"","publisher":{"@id":"https:\/\/www.ekonomit.fi\/sv\/#organization"},"potentialAction":[{"@type":"SearchAction","target":{"@type":"EntryPoint","urlTemplate":"https:\/\/www.ekonomit.fi\/sv\/?s={search_term_string}"},"query-input":{"@type":"PropertyValueSpecification","valueRequired":true,"valueName":"search_term_string"}}],"inLanguage":"sv-SE"},{"@type":"Organization","@id":"https:\/\/www.ekonomit.fi\/sv\/#organization","name":"Suomen Ekonomit","url":"https:\/\/www.ekonomit.fi\/sv\/","logo":{"@type":"ImageObject","inLanguage":"sv-SE","@id":"https:\/\/www.ekonomit.fi\/sv\/#\/schema\/logo\/image\/","url":"https:\/\/www.ekonomit.fi\/wp-content\/uploads\/2020\/05\/ekonomit-mer-nega.png","contentUrl":"https:\/\/www.ekonomit.fi\/wp-content\/uploads\/2020\/05\/ekonomit-mer-nega.png","width":870,"height":307,"caption":"Suomen Ekonomit"},"image":{"@id":"https:\/\/www.ekonomit.fi\/sv\/#\/schema\/logo\/image\/"}}]}},"coauthors":[],"author_meta":{"author_link":"https:\/\/www.ekonomit.fi\/sv\/author\/kristian-sarostoekonomit-fi\/","display_name":"kristian.sarosto@ekonomit.fi"},"relative_dates":{"created":"Publicerad 6 \u00e5r sedan","modified":"Uppdaterad 4 m\u00e5nader sedan"},"absolute_dates":{"created":"Publicerat den 16 juni 2020","modified":"Uppdaterad den 19 december 2025"},"absolute_dates_time":{"created":"Publicerat den 16 juni 2020 13:12","modified":"Uppdaterad den 19 december 2025 14:10"},"featured_img_caption":"","featured_img":false,"series_order":"","jetpack_sharing_enabled":true,"_links":{"self":[{"href":"https:\/\/www.ekonomit.fi\/sv\/wp-json\/wp\/v2\/pages\/7880","targetHints":{"allow":["GET"]}}],"collection":[{"href":"https:\/\/www.ekonomit.fi\/sv\/wp-json\/wp\/v2\/pages"}],"about":[{"href":"https:\/\/www.ekonomit.fi\/sv\/wp-json\/wp\/v2\/types\/page"}],"author":[{"embeddable":true,"href":"https:\/\/www.ekonomit.fi\/sv\/wp-json\/wp\/v2\/users\/27"}],"replies":[{"embeddable":true,"href":"https:\/\/www.ekonomit.fi\/sv\/wp-json\/wp\/v2\/comments?post=7880"}],"version-history":[{"count":16,"href":"https:\/\/www.ekonomit.fi\/sv\/wp-json\/wp\/v2\/pages\/7880\/revisions"}],"predecessor-version":[{"id":47822,"href":"https:\/\/www.ekonomit.fi\/sv\/wp-json\/wp\/v2\/pages\/7880\/revisions\/47822"}],"up":[{"embeddable":true,"href":"https:\/\/www.ekonomit.fi\/sv\/wp-json\/wp\/v2\/pages\/7126"}],"wp:attachment":[{"href":"https:\/\/www.ekonomit.fi\/sv\/wp-json\/wp\/v2\/media?parent=7880"}],"curies":[{"name":"wp","href":"https:\/\/api.w.org\/{rel}","templated":true}]}}