{"id":7969,"date":"2020-06-16T15:31:05","date_gmt":"2020-06-16T12:31:05","guid":{"rendered":"https:\/\/www.ekonomit.fi\/?page_id=7969"},"modified":"2020-06-17T11:03:39","modified_gmt":"2020-06-17T08:03:39","slug":"sa-har-soker-du-fram-dolda-arbetsplatser","status":"publish","type":"page","link":"https:\/\/www.ekonomit.fi\/sv\/arbetslivdatabank\/arbetssokning-ar-aktivt-arbete\/sa-har-soker-du-fram-dolda-arbetsplatser\/","title":{"rendered":"S\u00e5 h\u00e4r s\u00f6ker du fram dolda arbetsplatser"},"content":{"rendered":"\n<div class=\"wp-block-columns is-layout-flex wp-container-core-columns-is-layout-9d6595d7 wp-block-columns-is-layout-flex\">\n<div class=\"wp-block-column is-layout-flow wp-block-column-is-layout-flow\" style=\"flex-basis:66.66%\">\n<p>Med en dold arbetsplats avses vanligen s\u00e5dana som inte meddelas offentligt utan f\u00f6r vilka l\u00e4mpliga kandidater s\u00f6ks till exempel med hj\u00e4lp av direktrekryteringskonsulter eller n\u00e4tverk.<\/p>\n\n\n\n<p>Ibland kan det uppst\u00e5 en dold arbetsplats n\u00e4r en l\u00e4mplig person erbjuder sitt kunnande i r\u00e4tt \u00f6gonblick. Arbetsgivaren anst\u00e4ller personen \u00e4ven om det inte ens funnits planer p\u00e5 att rekrytera n\u00e5gon.&nbsp; Kompetensbrist kan ha uppst\u00e5tt till exempel till f\u00f6ljd av f\u00f6retagsf\u00f6rv\u00e4rv, verksamhetens tillv\u00e4xt och f\u00f6r\u00e4ndringar.<\/p>\n\n\n\n<h2 class=\"wp-block-heading\">St\u00f6rsta delen av arbetsplatserna \u00e4r dolda<\/h2>\n\n\n\n<p>Direktrekryterings- och rekryteringskonsulterna ber\u00e4ttar att en stor del, till och med 80 procent, av arbetsplatserna \u00e4r dolda. Endast en del tills\u00e4tts via offentliga platsannonser.<br>Arbetsgivaren sparar ofta tid och pengar n\u00e4r en l\u00e4mplig arbetstagare s\u00f6ks p\u00e5 n\u00e5got annat s\u00e4tt. En stor del av s\u00f6kandena tycks \u00e4nd\u00e5 i f\u00f6rsta hand svara p\u00e5 offentliga platsannonser och f\u00f6rbiser l\u00e4tt andra kanaler f\u00f6r arbetss\u00f6kning.<\/p>\n\n\n\n<p>Du vinner p\u00e5 att s\u00f6ka dolda arbetsplatser och bjuda ut ditt kunnande. I st\u00e4llet f\u00f6r att du v\u00e4ntar p\u00e5 att en l\u00e4mplig rekryteringsannons ska dyka upp ger dolda arbetsplatser dig en helt ny, aktiv roll i arbetss\u00f6kningen.<\/p>\n\n\n\n<p>Du kan modigt kontakta organisationer som intresserar dig och bjuda ut ditt kunnande. N\u00e4r du s\u00f6ker dolda arbetsplatser h\u00e5lls du aktiv. Vi har inte h\u00f6rt att n\u00e5gon skulle ha \u00e5ngrat att de s\u00f6kt dolda arbetsplatser \u00e4ven om de hittat den nya arbetsplatsen p\u00e5 n\u00e5got annat s\u00e4tt.<\/p>\n\n\n\n<p>Att s\u00f6ka dolda arbetsplatser \u00e4r att s\u00f6ka information, bygga n\u00e4tverk, bjuda ut sitt kunnande och vara synlig. Ofta \u00f6ppnas d\u00f6rren till dolda arbetsplatser n\u00e4r l\u00e4mpliga parter k\u00e4nner till din kompetens, dina m\u00e5l och din situation.<\/p>\n\n\n\n<h2 class=\"wp-block-heading\">S\u00f6k information och h\u00e5ll dig \u00e0 jour<\/h2>\n\n\n\n<p>F\u00f6r att du ska hitta intressanta f\u00f6retag och f\u00f6rst\u00e5 vem du b\u00f6r kontakta ska du s\u00e4rskilt f\u00f6lja investeringsnyheter, tillv\u00e4xtf\u00f6retagens succ\u00e9historier, reformer i aff\u00e4rsverksamheten, utn\u00e4mningar och saneringssituationer i medierna.<\/p>\n\n\n\n<ul class=\"wp-block-list\"><li>L\u00e4s mer om vad du b\u00f6r f\u00e4sta s\u00e4rskild uppm\u00e4rksamhet vid<\/li><li>Investeringsnytt, information om stora aff\u00e4rer och goda nyheter<\/li><\/ul>\n\n\n\n<p>Du kan hitta intressanta arbetsgivare via paraplyorganisationer i den bransch du \u00e4r intresserad av. Kauppalehtis f\u00f6rteckning Menestyj\u00e4t \u00e4r ocks\u00e5 ett bra st\u00e4lle d\u00e4r du kan hitta intressanta f\u00f6retag som du kanske inte h\u00f6rt talas om tidigare.<\/p>\n\n\n\n<p>G\u00f6r upp en f\u00f6rteckning av arbetsgivare som du \u00e4r intresserad av s\u00e5 ser du konkret vem du b\u00f6r kontakta. F\u00f6lj ocks\u00e5 dessa f\u00f6retag p\u00e5 LinkedIn. F\u00f6r att h\u00e5lla jakten p\u00e5 dolda arbetsplatser vid liv ska du s\u00e4kerst\u00e4lla att du k\u00e4nner till tiotals intressanta arbetsgivare som du kan kontakta.<\/p>\n\n\n\n<h2 class=\"wp-block-heading\">Bygg och utnyttja ditt n\u00e4tverk<\/h2>\n\n\n\n<p>F\u00f6rutom att det \u00e4r roligt att l\u00e4ra k\u00e4nna nya m\u00e4nniskor \u00e4r det ocks\u00e5 nyttigt. M\u00e5nga av oss tenderar att t\u00e4nka att v\u00e5ra n\u00e4tverk \u00e4r sm\u00e5 eller att ingen vill bli distraherad. M\u00e4nniskor st\u00e4ller dock vanligen g\u00e4rna upp. Hur skulle du f\u00f6rh\u00e5lla dig om n\u00e5gon bad dig om hj\u00e4lp?<\/p>\n\n\n\n<p>S\u00e4kerst\u00e4ll att \u00e5tminstone dina v\u00e4nner och vissa arbetskontakter k\u00e4nner till att du s\u00f6ker arbete. Be dem tipsa dig om m\u00e4nniskor i deras egen bekantskapskrets som du kunde kontakta. Det \u00e4r viktigt att du tydligt beskriver ditt kunnande och dina \u00f6nskem\u00e5l i fr\u00e5ga om det framtida arbetet f\u00f6r att m\u00e4nniskorna i ditt n\u00e4tverk ska kunna ber\u00e4tta om dig f\u00f6r andra. Ditt n\u00e4tverk h\u00e5ller \u00f6gonen och \u00f6ronen \u00f6ppna f\u00f6r dig \u00e4ven n\u00e4r dina egna begr\u00e4nsade resurser \u00e4r inriktade p\u00e5 annat.<\/p>\n\n\n\n<p>N\u00e4r den befintliga bekantskapskretsen har unders\u00f6kts \u00e4r det dags att utvidga ditt n\u00e4tverk. Delta i tillst\u00e4llningar, evenemang och m\u00e4ssor i branschen du \u00e4r intresserad av. Identifiera redan p\u00e5 f\u00f6rhand intressanta m\u00e4nniskor som du skulle vilja tr\u00e4ffa p\u00e5 evenemanget. Kom ih\u00e5g att skicka en kontaktf\u00f6rfr\u00e5gan p\u00e5 LinkedIn till m\u00e4nniskor du tr\u00e4ffat.<br>Du kan ocks\u00e5 bygga n\u00e4tverk virtuellt. Delta till exempel i intressanta diskussioner p\u00e5 LinkedIn eller Twitter.<\/p>\n\n\n\n<h2 class=\"wp-block-heading\">Bjud ut ditt kunnande aktivt<\/h2>\n\n\n\n<p>Du k\u00e4nner till vad som h\u00e4nder i din bransch. Du k\u00e4nner intressanta akt\u00f6rer. Du vet vad du kan och vad du vill.<\/p>\n\n\n\n<p>D\u00e4refter \u00e4r det dags att modigt bjuda ut ditt kunnande. Ring eller skicka e-post till din eventuella nya chef. Presentera dig och ditt kunnande och lyft framf\u00f6r allt fram den nytta som arbetsgivaren skulle ha av dig.<\/p>\n\n\n\n<p>Kontakta aldrig n\u00e5gon bara en g\u00e5ng. Visa att du verkligen \u00e4r intresserad av f\u00f6retaget och en chans att arbeta d\u00e4r.<br>Om du f\u00e5r svaret \u201dtyv\u00e4rr har vi inget behov av att rekrytera personal f\u00f6r tillf\u00e4llet\u201d ska du fr\u00e5ga n\u00e4r du kan \u00e5terkomma. Beg\u00e4r ocks\u00e5 tips om n\u00e5gon annan som du kunde kontakta. \u00c5terkom i varje fall senast efter ett par m\u00e5nader.<\/p>\n\n\n\n<p>M\u00e5nga vill arbeta hos en k\u00e4nd arbetsgivare. Att h\u00f6ra sig f\u00f6r om dolda arbetsplatser i mindre och mindre k\u00e4nda f\u00f6retag ger ofta b\u00e4ttre resultat \u00e4n att kontakta stora f\u00f6retag. N\u00e4r du kontaktar mindre arbetsgivare \u00e4r konkurrensen med all sannolikhet minimal och det kan h\u00e4nda att du hittar en guld\u00e5der.<\/p>\n\n\n\n<p>Bjud ocks\u00e5 ut ditt kunnande till direktrekryteringskonsulter. Tala om f\u00f6r dem vad du har gjort tidigare, vad du vill g\u00f6ra i forts\u00e4ttningen och i en hurdan organisation du ser dig sj\u00e4lv fram\u00f6ver.<\/p>\n\n\n\n<h2 class=\"wp-block-heading\">S\u00e4kerst\u00e4ll att du kan hittas<\/h2>\n\n\n\n<p>F\u00f6rutom att du aktivt s\u00f6ker dolda arbetsplatser ska du ocks\u00e5 s\u00e4kerst\u00e4lla att du l\u00e4tt kan hittas av rekryterare. Var synlig och tillg\u00e4nglig \u00e5tminstone p\u00e5 LinkedIn och l\u00e4gg till ditt CV till exempel i CV-databaserna i Monster och Oikotie samt p\u00e5 TE-tj\u00e4nsternas webbplats.<\/p>\n\n\n\n<p>All synlighet i sociala medier som st\u00f6der din expertis \u00e4r till din f\u00f6rdel \u00e4ven n\u00e4r du s\u00f6ker arbete.<\/p>\n<\/div>\n\n\n\n<div class=\"wp-block-column is-layout-flow wp-block-column-is-layout-flow\" style=\"flex-basis:33.33%\">\n<div class=\"wp-block-group has-page-foreground-color has-text-color is-style-background-brown has-padding-medium\"><div class=\"wp-block-group__inner-container is-layout-flow wp-block-group-is-layout-flow\">\n<h3 class=\"wp-block-heading\">7 s\u00e4tt att hitta en dold arbetsplats<\/h3>\n\n\n\n<ul class=\"wp-block-list\"><li>N\u00e4tverk<\/li><li>Direktrekrytering<\/li><li>Sociala medier<\/li><li>Tillst\u00e4llningar och evenemang<\/li><li>Medieuppf\u00f6ljning<\/li><li>Paraplyorganisationer i branschen<\/li><li>Direkt kontakt till arbetsgivare<\/li><\/ul>\n<\/div><\/div>\n\n\n\n<div style=\"height:20px\" aria-hidden=\"true\" class=\"wp-block-spacer\"><\/div>\n\n\n\n<div style=\"height:20px\" aria-hidden=\"true\" class=\"wp-block-spacer\"><\/div>\n\n\n\n<div class=\"wp-block-group has-brand-brown-background-color has-page-foreground-color has-text-color has-background is-style-background-brown has-padding-medium\"><div class=\"wp-block-group__inner-container is-layout-flow wp-block-group-is-layout-flow\">\n<h3 class=\"wp-block-heading\">L\u00e4nkar med tips om hur du s\u00f6ker dolda arbetsplatser<\/h3>\n\n\n\n<ul class=\"wp-block-list\"><li><a href=\"https:\/\/rekrytointi.com\/tyonhaku\/avoin-haku\/loyda-piilotyopaikat\/\" target=\"_blank\" rel=\"noreferrer noopener\">Dolda arbetsplatser uppst\u00e5r i f\u00f6r\u00e4ndringar&nbsp;<\/a>(p\u00e5 finska)<\/li><li><a href=\"http:\/\/www.goodnewsfinland.com\/\" target=\"_blank\" rel=\"noreferrer noopener\">Investeringsnytt, information om stora aff\u00e4rer och goda nyheter&nbsp;<\/a>(p\u00e5 finska)<\/li><\/ul>\n<\/div><\/div>\n\n\n\n<div style=\"height:20px\" aria-hidden=\"true\" class=\"wp-block-spacer\"><\/div>\n<\/div>\n<\/div>\n\n\n\n<p><\/p>\n<div class=\"rns\" data-title=\"S\u00e5 h\u00e4r s\u00f6ker du fram dolda arbetsplatser\" data-tags=\"\" data-categories=\"\" data-comments=\"0\" data-date=\"1592321465000\" data-author=\"kristian.sarosto@ekonomit.fi\" data-single=\"\" data-url=\"https:\/\/www.ekonomit.fi\/sv\/arbetslivdatabank\/arbetssokning-ar-aktivt-arbete\/sa-har-soker-du-fram-dolda-arbetsplatser\/\"><\/div> <!-- Check out https:\/\/reactandshare.com -->","protected":false},"excerpt":{"rendered":"<p>Med en dold arbetsplats avses vanligen s\u00e5dana som inte meddelas offentligt utan f\u00f6r vilka&#8230;<\/p>\n","protected":false},"author":27,"featured_media":0,"parent":7829,"menu_order":0,"comment_status":"closed","ping_status":"closed","template":"page-templates\/page-sidebars.php","meta":{"_acf_changed":false,"inline_featured_image":false,"advgb_blocks_editor_width":"","advgb_blocks_columns_visual_guide":"","footnotes":""},"class_list":["post-7969","page","type-page","status-publish","hentry"],"acf":[],"yoast_head":"<!-- This site is optimized with the Yoast SEO plugin v27.3 - https:\/\/yoast.com\/product\/yoast-seo-wordpress\/ -->\n<title>S\u00e5 h\u00e4r s\u00f6ker du fram dolda arbetsplatser - Suomen Ekonomit<\/title>\n<meta name=\"description\" content=\"dolda-arbetsplatser\" \/>\n<meta name=\"robots\" content=\"index, follow, max-snippet:-1, max-image-preview:large, max-video-preview:-1\" \/>\n<link rel=\"canonical\" href=\"https:\/\/www.ekonomit.fi\/sv\/arbetslivdatabank\/arbetssokning-ar-aktivt-arbete\/sa-har-soker-du-fram-dolda-arbetsplatser\/\" \/>\n<meta property=\"og:locale\" content=\"sv_SE\" \/>\n<meta property=\"og:type\" content=\"article\" \/>\n<meta property=\"og:title\" content=\"S\u00e5 h\u00e4r s\u00f6ker du fram dolda arbetsplatser - Suomen Ekonomit\" \/>\n<meta property=\"og:description\" content=\"dolda-arbetsplatser\" \/>\n<meta property=\"og:url\" content=\"https:\/\/www.ekonomit.fi\/sv\/arbetslivdatabank\/arbetssokning-ar-aktivt-arbete\/sa-har-soker-du-fram-dolda-arbetsplatser\/\" \/>\n<meta property=\"og:site_name\" content=\"Suomen Ekonomit\" \/>\n<meta property=\"article:modified_time\" content=\"2020-06-17T08:03:39+00:00\" \/>\n<meta name=\"twitter:card\" content=\"summary_large_image\" \/>\n<meta name=\"twitter:label1\" content=\"Ber\u00e4knad l\u00e4stid\" \/>\n\t<meta name=\"twitter:data1\" content=\"5 minuter\" \/>\n<script type=\"application\/ld+json\" class=\"yoast-schema-graph\">{\"@context\":\"https:\\\/\\\/schema.org\",\"@graph\":[{\"@type\":\"WebPage\",\"@id\":\"https:\\\/\\\/www.ekonomit.fi\\\/sv\\\/arbetslivdatabank\\\/arbetssokning-ar-aktivt-arbete\\\/sa-har-soker-du-fram-dolda-arbetsplatser\\\/\",\"url\":\"https:\\\/\\\/www.ekonomit.fi\\\/sv\\\/arbetslivdatabank\\\/arbetssokning-ar-aktivt-arbete\\\/sa-har-soker-du-fram-dolda-arbetsplatser\\\/\",\"name\":\"S\u00e5 h\u00e4r s\u00f6ker du fram dolda arbetsplatser - Suomen Ekonomit\",\"isPartOf\":{\"@id\":\"https:\\\/\\\/www.ekonomit.fi\\\/sv\\\/#website\"},\"datePublished\":\"2020-06-16T12:31:05+00:00\",\"dateModified\":\"2020-06-17T08:03:39+00:00\",\"description\":\"dolda-arbetsplatser\",\"breadcrumb\":{\"@id\":\"https:\\\/\\\/www.ekonomit.fi\\\/sv\\\/arbetslivdatabank\\\/arbetssokning-ar-aktivt-arbete\\\/sa-har-soker-du-fram-dolda-arbetsplatser\\\/#breadcrumb\"},\"inLanguage\":\"sv-SE\",\"potentialAction\":[{\"@type\":\"ReadAction\",\"target\":[\"https:\\\/\\\/www.ekonomit.fi\\\/sv\\\/arbetslivdatabank\\\/arbetssokning-ar-aktivt-arbete\\\/sa-har-soker-du-fram-dolda-arbetsplatser\\\/\"]}]},{\"@type\":\"BreadcrumbList\",\"@id\":\"https:\\\/\\\/www.ekonomit.fi\\\/sv\\\/arbetslivdatabank\\\/arbetssokning-ar-aktivt-arbete\\\/sa-har-soker-du-fram-dolda-arbetsplatser\\\/#breadcrumb\",\"itemListElement\":[{\"@type\":\"ListItem\",\"position\":1,\"name\":\"Home\",\"item\":\"https:\\\/\\\/www.ekonomit.fi\\\/sv\\\/\"},{\"@type\":\"ListItem\",\"position\":2,\"name\":\"Arbetslivsinformation\",\"item\":\"https:\\\/\\\/www.ekonomit.fi\\\/sv\\\/arbetslivdatabank\\\/\"},{\"@type\":\"ListItem\",\"position\":3,\"name\":\"Arbetss\u00f6kning \u00e4r aktivt arbete\",\"item\":\"https:\\\/\\\/www.ekonomit.fi\\\/sv\\\/arbetslivdatabank\\\/arbetssokning-ar-aktivt-arbete\\\/\"},{\"@type\":\"ListItem\",\"position\":4,\"name\":\"S\u00e5 h\u00e4r s\u00f6ker du fram dolda arbetsplatser\"}]},{\"@type\":\"WebSite\",\"@id\":\"https:\\\/\\\/www.ekonomit.fi\\\/sv\\\/#website\",\"url\":\"https:\\\/\\\/www.ekonomit.fi\\\/sv\\\/\",\"name\":\"Suomen Ekonomit\",\"description\":\"\",\"publisher\":{\"@id\":\"https:\\\/\\\/www.ekonomit.fi\\\/sv\\\/#organization\"},\"potentialAction\":[{\"@type\":\"SearchAction\",\"target\":{\"@type\":\"EntryPoint\",\"urlTemplate\":\"https:\\\/\\\/www.ekonomit.fi\\\/sv\\\/?s={search_term_string}\"},\"query-input\":{\"@type\":\"PropertyValueSpecification\",\"valueRequired\":true,\"valueName\":\"search_term_string\"}}],\"inLanguage\":\"sv-SE\"},{\"@type\":\"Organization\",\"@id\":\"https:\\\/\\\/www.ekonomit.fi\\\/sv\\\/#organization\",\"name\":\"Suomen Ekonomit\",\"url\":\"https:\\\/\\\/www.ekonomit.fi\\\/sv\\\/\",\"logo\":{\"@type\":\"ImageObject\",\"inLanguage\":\"sv-SE\",\"@id\":\"https:\\\/\\\/www.ekonomit.fi\\\/sv\\\/#\\\/schema\\\/logo\\\/image\\\/\",\"url\":\"https:\\\/\\\/www.ekonomit.fi\\\/wp-content\\\/uploads\\\/2020\\\/05\\\/ekonomit-mer-nega.png\",\"contentUrl\":\"https:\\\/\\\/www.ekonomit.fi\\\/wp-content\\\/uploads\\\/2020\\\/05\\\/ekonomit-mer-nega.png\",\"width\":870,\"height\":307,\"caption\":\"Suomen Ekonomit\"},\"image\":{\"@id\":\"https:\\\/\\\/www.ekonomit.fi\\\/sv\\\/#\\\/schema\\\/logo\\\/image\\\/\"}}]}<\/script>\n<!-- \/ Yoast SEO plugin. -->","yoast_head_json":{"title":"S\u00e5 h\u00e4r s\u00f6ker du fram dolda arbetsplatser - Suomen Ekonomit","description":"dolda-arbetsplatser","robots":{"index":"index","follow":"follow","max-snippet":"max-snippet:-1","max-image-preview":"max-image-preview:large","max-video-preview":"max-video-preview:-1"},"canonical":"https:\/\/www.ekonomit.fi\/sv\/arbetslivdatabank\/arbetssokning-ar-aktivt-arbete\/sa-har-soker-du-fram-dolda-arbetsplatser\/","og_locale":"sv_SE","og_type":"article","og_title":"S\u00e5 h\u00e4r s\u00f6ker du fram dolda arbetsplatser - Suomen Ekonomit","og_description":"dolda-arbetsplatser","og_url":"https:\/\/www.ekonomit.fi\/sv\/arbetslivdatabank\/arbetssokning-ar-aktivt-arbete\/sa-har-soker-du-fram-dolda-arbetsplatser\/","og_site_name":"Suomen Ekonomit","article_modified_time":"2020-06-17T08:03:39+00:00","twitter_card":"summary_large_image","twitter_misc":{"Ber\u00e4knad l\u00e4stid":"5 minuter"},"schema":{"@context":"https:\/\/schema.org","@graph":[{"@type":"WebPage","@id":"https:\/\/www.ekonomit.fi\/sv\/arbetslivdatabank\/arbetssokning-ar-aktivt-arbete\/sa-har-soker-du-fram-dolda-arbetsplatser\/","url":"https:\/\/www.ekonomit.fi\/sv\/arbetslivdatabank\/arbetssokning-ar-aktivt-arbete\/sa-har-soker-du-fram-dolda-arbetsplatser\/","name":"S\u00e5 h\u00e4r s\u00f6ker du fram dolda arbetsplatser - Suomen Ekonomit","isPartOf":{"@id":"https:\/\/www.ekonomit.fi\/sv\/#website"},"datePublished":"2020-06-16T12:31:05+00:00","dateModified":"2020-06-17T08:03:39+00:00","description":"dolda-arbetsplatser","breadcrumb":{"@id":"https:\/\/www.ekonomit.fi\/sv\/arbetslivdatabank\/arbetssokning-ar-aktivt-arbete\/sa-har-soker-du-fram-dolda-arbetsplatser\/#breadcrumb"},"inLanguage":"sv-SE","potentialAction":[{"@type":"ReadAction","target":["https:\/\/www.ekonomit.fi\/sv\/arbetslivdatabank\/arbetssokning-ar-aktivt-arbete\/sa-har-soker-du-fram-dolda-arbetsplatser\/"]}]},{"@type":"BreadcrumbList","@id":"https:\/\/www.ekonomit.fi\/sv\/arbetslivdatabank\/arbetssokning-ar-aktivt-arbete\/sa-har-soker-du-fram-dolda-arbetsplatser\/#breadcrumb","itemListElement":[{"@type":"ListItem","position":1,"name":"Home","item":"https:\/\/www.ekonomit.fi\/sv\/"},{"@type":"ListItem","position":2,"name":"Arbetslivsinformation","item":"https:\/\/www.ekonomit.fi\/sv\/arbetslivdatabank\/"},{"@type":"ListItem","position":3,"name":"Arbetss\u00f6kning \u00e4r aktivt arbete","item":"https:\/\/www.ekonomit.fi\/sv\/arbetslivdatabank\/arbetssokning-ar-aktivt-arbete\/"},{"@type":"ListItem","position":4,"name":"S\u00e5 h\u00e4r s\u00f6ker du fram dolda arbetsplatser"}]},{"@type":"WebSite","@id":"https:\/\/www.ekonomit.fi\/sv\/#website","url":"https:\/\/www.ekonomit.fi\/sv\/","name":"Suomen Ekonomit","description":"","publisher":{"@id":"https:\/\/www.ekonomit.fi\/sv\/#organization"},"potentialAction":[{"@type":"SearchAction","target":{"@type":"EntryPoint","urlTemplate":"https:\/\/www.ekonomit.fi\/sv\/?s={search_term_string}"},"query-input":{"@type":"PropertyValueSpecification","valueRequired":true,"valueName":"search_term_string"}}],"inLanguage":"sv-SE"},{"@type":"Organization","@id":"https:\/\/www.ekonomit.fi\/sv\/#organization","name":"Suomen Ekonomit","url":"https:\/\/www.ekonomit.fi\/sv\/","logo":{"@type":"ImageObject","inLanguage":"sv-SE","@id":"https:\/\/www.ekonomit.fi\/sv\/#\/schema\/logo\/image\/","url":"https:\/\/www.ekonomit.fi\/wp-content\/uploads\/2020\/05\/ekonomit-mer-nega.png","contentUrl":"https:\/\/www.ekonomit.fi\/wp-content\/uploads\/2020\/05\/ekonomit-mer-nega.png","width":870,"height":307,"caption":"Suomen Ekonomit"},"image":{"@id":"https:\/\/www.ekonomit.fi\/sv\/#\/schema\/logo\/image\/"}}]}},"coauthors":[],"author_meta":{"author_link":"https:\/\/www.ekonomit.fi\/sv\/author\/kristian-sarostoekonomit-fi\/","display_name":"kristian.sarosto@ekonomit.fi"},"relative_dates":{"created":"Publicerad 6 \u00e5r sedan","modified":"Uppdaterad 6 \u00e5r sedan"},"absolute_dates":{"created":"Publicerat den 16 juni 2020","modified":"Uppdaterad den 17 juni 2020"},"absolute_dates_time":{"created":"Publicerat den 16 juni 2020 15:31","modified":"Uppdaterad den 17 juni 2020 11:03"},"featured_img_caption":"","featured_img":false,"series_order":"","jetpack_sharing_enabled":true,"_links":{"self":[{"href":"https:\/\/www.ekonomit.fi\/sv\/wp-json\/wp\/v2\/pages\/7969","targetHints":{"allow":["GET"]}}],"collection":[{"href":"https:\/\/www.ekonomit.fi\/sv\/wp-json\/wp\/v2\/pages"}],"about":[{"href":"https:\/\/www.ekonomit.fi\/sv\/wp-json\/wp\/v2\/types\/page"}],"author":[{"embeddable":true,"href":"https:\/\/www.ekonomit.fi\/sv\/wp-json\/wp\/v2\/users\/27"}],"replies":[{"embeddable":true,"href":"https:\/\/www.ekonomit.fi\/sv\/wp-json\/wp\/v2\/comments?post=7969"}],"version-history":[{"count":4,"href":"https:\/\/www.ekonomit.fi\/sv\/wp-json\/wp\/v2\/pages\/7969\/revisions"}],"predecessor-version":[{"id":8523,"href":"https:\/\/www.ekonomit.fi\/sv\/wp-json\/wp\/v2\/pages\/7969\/revisions\/8523"}],"up":[{"embeddable":true,"href":"https:\/\/www.ekonomit.fi\/sv\/wp-json\/wp\/v2\/pages\/7829"}],"wp:attachment":[{"href":"https:\/\/www.ekonomit.fi\/sv\/wp-json\/wp\/v2\/media?parent=7969"}],"curies":[{"name":"wp","href":"https:\/\/api.w.org\/{rel}","templated":true}]}}