{"id":8236,"date":"2020-06-16T19:36:46","date_gmt":"2020-06-16T16:36:46","guid":{"rendered":"https:\/\/www.ekonomit.fi\/?page_id=8236"},"modified":"2025-12-30T17:27:38","modified_gmt":"2025-12-30T15:27:38","slug":"vem-kan-bli-medlem","status":"publish","type":"page","link":"https:\/\/www.ekonomit.fi\/sv\/bli-medlem\/vem-kan-bli-medlem\/","title":{"rendered":"Vem kan bli medlem?"},"content":{"rendered":"\n<div class=\"wp-block-columns is-layout-flex wp-container-core-columns-is-layout-9d6595d7 wp-block-columns-is-layout-flex\">\n<div class=\"wp-block-column is-layout-flow wp-block-column-is-layout-flow\" style=\"flex-basis:66.66%\">\n<figure class=\"wp-block-image alignfull size-large\"><img decoding=\"async\" width=\"1024\" height=\"684\" src=\"https:\/\/www.ekonomit.fi\/wp-content\/uploads\/2023\/11\/Nimeton-malli-2-1024x684.jpg\" alt=\"\" class=\"wp-image-39871\" srcset=\"https:\/\/www.ekonomit.fi\/wp-content\/uploads\/2023\/11\/Nimeton-malli-2-1024x684.jpg 1024w, https:\/\/www.ekonomit.fi\/wp-content\/uploads\/2023\/11\/Nimeton-malli-2-300x200.jpg 300w, https:\/\/www.ekonomit.fi\/wp-content\/uploads\/2023\/11\/Nimeton-malli-2-768x513.jpg 768w, https:\/\/www.ekonomit.fi\/wp-content\/uploads\/2023\/11\/Nimeton-malli-2-1536x1025.jpg 1536w, https:\/\/www.ekonomit.fi\/wp-content\/uploads\/2023\/11\/Nimeton-malli-2-1200x800.jpg 1200w, https:\/\/www.ekonomit.fi\/wp-content\/uploads\/2023\/11\/Nimeton-malli-2.jpg 1600w\" sizes=\"(max-width: 1024px) 100vw, 1024px\" \/><figcaption class=\"wp-element-caption\">Vi ekonomer \u00e4r allt fr\u00e5n mattegenier till kreativa typer, chefer, specialister och f\u00f6retagare. Vi \u00e4r experter p\u00e5 ekonomi: vi representerar k\u00e4rnan inom h\u00e5llbar ekonomi- och aff\u00e4rskompetens i Finland.&nbsp;P\u00e5 denna sida hittar du v\u00e5ra medlemskriterier.&nbsp;<\/figcaption><\/figure>\n\n\n\n<h2 class=\"wp-block-heading\">Medlemmar&nbsp;<\/h2>\n\n\n\n<h3 class=\"wp-block-heading\">Personer som avlagt examen i ekonomiska vetenskaper&nbsp;<\/h3>\n\n\n\n<p><strong>Som medlem accepteras personer som avlagt l\u00e4gre eller h\u00f6gre finl\u00e4ndsk grundexamen i ekonomiska vetenskaper samt personer som avlagt p\u00e5byggnadsexamen i ekonomiska vetenskaper.<\/strong>&nbsp;<\/p>\n\n\n\n<p>Med grundexamen i ekonomiska vetenskaper avses ekonomie kandidat- eller magisterexamen. Som grundexamen i ekonomiska vetenskaper r\u00e4knas dessutom examen fr\u00e5n handelsh\u00f6gskolor eller ekonomiska enheter, vars examensbeteckning \u00e4r n\u00e5gon annan \u00e4n ekonomie kandidat- eller magisterexamen.&nbsp;<\/p>\n\n\n\n<p>Som medlem kan \u00e4ven accepteras en person som har beviljats studier\u00e4tt&nbsp;<br>f\u00f6r ekonomie magisterexamen (EM), men som inte tidigare har avlagt&nbsp;<br>ekonomie kandidatexamen (EK) samt \u00e4ven en doktorand som f\u00e5tt r\u00e4tt till&nbsp;<br>ekonomie doktorsexamen, men som inte tidigare har avlagt&nbsp;<br>ekonomie magisterexamen (EM).&nbsp;Du kan bli medlem s\u00e5 snart du har f\u00e5tt en studieplats.<\/p>\n\n\n\n<h3 class=\"wp-block-heading\">Personer som avlagt examen i andra \u00e4mnen \u00e4n ekonomiska vetenskaper&nbsp;<\/h3>\n\n\n\n<p><strong>Som medlem kan accepteras en person som har avlagt<\/strong>&nbsp;<\/p>\n\n\n\n<ul class=\"wp-block-list\">\n<li><strong>universitetsexamen inom teknikvetenskaper med produktionsekonomi som huvud\u00e4mne<\/strong>&nbsp;<\/li>\n\n\n\n<li><strong>universitetsexamen inom statsvetenskaper eller samh\u00e4llsvetenskaper med nationalekonomi som huvud\u00e4mne<\/strong>&nbsp;<\/li>\n\n\n\n<li><strong>examen vid agrikultur-forstvetenskapliga fakulteten vid Helsingfors universitet<\/strong>&nbsp;<br><strong>med livsmedelsekonomi, lantbruksekonomi, milj\u00f6- och naturresursekonomi eller motsvarande som huvud\u00e4mne<\/strong>&nbsp;<\/li>\n\n\n\n<li><strong>annan universitetsexamen (t.ex. examen i f\u00f6rvaltningsvetenskap), vars m\u00e5l f\u00f6r kunnande, huvud\u00e4mne eller studieinriktning (t.ex. ekonomivetenskap) kan j\u00e4mf\u00f6ras med ovan n\u00e4mnda definitioner<\/strong>&nbsp;<\/li>\n<\/ul>\n\n\n\n<p>Medlemsbeh\u00f6righeten bed\u00f6ms fall f\u00f6r fall. Den s\u00f6kande ska p\u00e5 beg\u00e4ran kunna f\u00f6rmedla en kopia av sitt examensbevis.&nbsp;<\/p>\n\n\n\n<h3 class=\"wp-block-heading\">Personer som studerat i andra l\u00e4nder&nbsp;<\/h3>\n\n\n\n<p><strong>F\u00f6ruts\u00e4ttningen \u00e4r att personen har avlagt grund- eller p\u00e5byggnadsexamen i ekonomiska vetenskaper p\u00e5 ett universitet.<\/strong>&nbsp;<\/p>\n\n\n\n<p>Ans\u00f6kningar behandlas fall f\u00f6r fall. F\u00f6r behandlingen ska den s\u00f6kande f\u00f6rmedla&nbsp;<br>en kopia av examensbeviset samt vid behov mer information om examen.&nbsp;<\/p>\n\n\n\n<h3 class=\"wp-block-heading\">Personer som avlagt MBA- och EMBA-program&nbsp;<\/h3>\n\n\n\n<p><strong>Programmet ska erbjudas av ett universitet. Minst en l\u00e4gre h\u00f6gskoleexamen tillsammans med ett MBA- eller EMBA-program som erbjuds av ett universitet ber\u00e4ttigar vanligtvis till medlemskap.<\/strong>&nbsp;<\/p>\n\n\n\n<p>Ans\u00f6kningar behandlas fall f\u00f6r fall. F\u00f6r behandlingen ska den s\u00f6kande f\u00f6rmedla&nbsp;<br>en kopia av examensbeviset samt vid behov mer information om examen.&nbsp;<\/p>\n\n\n\n<hr class=\"wp-block-separator has-alpha-channel-opacity\"\/>\n\n\n\n<h2 class=\"wp-block-heading\">Studentmedlemmar&nbsp;<\/h2>\n\n\n\n<p><strong>Som studentmedlem accepteras studerande som avl\u00e4gger&nbsp;<br>grundexamen i ekonomiska vetenskaper p\u00e5 ett finl\u00e4ndskt universitet.&nbsp;Du kan bli studentmedlem s\u00e5 snart du har f\u00e5tt en studieplats.<\/strong><\/p>\n\n\n\n<p>Med grundexamen i ekonomiska vetenskaper avses ekonomie kandidat- eller magisterexamen. Som grundexamen i ekonomiska vetenskaper r\u00e4knas dessutom examen fr\u00e5n handelsh\u00f6gskolor eller ekonomiska enheter, vars examensbeteckning \u00e4r n\u00e5gon annan \u00e4n ekonomie kandidat- eller magisterexamen.&nbsp;<\/p>\n\n\n\n<p>En person som avlagt l\u00e4gre grundexamen i ekonomiska vetenskaper kan f\u00f6rbli studentmedlem&nbsp;vid fortsatta studier i ekonomiska vetenskaper.&nbsp;<\/p>\n\n\n\n<p>En person som avlagt en annan l\u00e4gre universitetsexamen \u00e4n i ekonomiska vetenskaper kan ansluta sig&nbsp;som studentmedlem n\u00e4r han eller hon avl\u00e4gger h\u00f6gre grundexamen i ekonomiska vetenskaper.&nbsp;<\/p>\n\n\n\n<p>Om en utbytesstudent accepteras som medlem i en \u00e4mnesf\u00f6rening eller studentk\u00e5r, kan han eller hon&nbsp;vara medlem i Finlands Ekonomer via dessa under studietiden p\u00e5 en finl\u00e4ndsk universitetsenhet&nbsp;i ekonomiska vetenskaper.&nbsp;<\/p>\n\n\n\n<p>En person som avlagt h\u00f6gre grundexamen i ekonomiska vetenskaper kan inte vara studentmedlem&nbsp;efter att han eller hon har utexaminerats, om han eller hon inte avl\u00e4gger \u00e4nnu en grundexamen i ekonomiska vetenskaper p\u00e5 ett finl\u00e4ndskt universitet. En person som avl\u00e4gger en p\u00e5byggnadsexamen kan inte vara studentmedlem.&nbsp;<\/p>\n\n\n\n<hr class=\"wp-block-separator has-alpha-channel-opacity\"\/>\n\n\n\n<p>Varmt v\u00e4lkommen som medlem!&nbsp;\u2764\ufe0f<\/p>\n\n\n\n<div class=\"wp-block-buttons is-layout-flex wp-block-buttons-is-layout-flex\">\n<div class=\"wp-block-button\"><a class=\"wp-block-button__link wp-element-button\" href=\"https:\/\/jasenpalvelu.ekonomit.fi\/liity\" target=\"_blank\" rel=\"noreferrer noopener\">Bli medlem<\/a><\/div>\n<\/div>\n\n\n\n<p>&nbsp;<\/p>\n<\/div>\n\n\n\n<div class=\"wp-block-column is-layout-flow wp-block-column-is-layout-flow\" style=\"flex-basis:33.34%\"><\/div>\n<\/div>\n\n\n<div class=\"rns\" data-title=\"Vem kan bli medlem?\" data-tags=\"\" data-categories=\"\" data-comments=\"0\" data-date=\"1592336206000\" data-author=\"heidihaapalainen\" data-single=\"\" data-url=\"https:\/\/www.ekonomit.fi\/sv\/bli-medlem\/vem-kan-bli-medlem\/\"><\/div> <!-- Check out https:\/\/reactandshare.com -->","protected":false},"excerpt":{"rendered":"<p>Medlemmar&nbsp; Personer som avlagt examen i ekonomiska vetenskaper&nbsp; Som medlem accepteras personer som avlagt&#8230;<\/p>\n","protected":false},"author":3,"featured_media":0,"parent":47225,"menu_order":2,"comment_status":"closed","ping_status":"closed","template":"page-templates\/page-sidebars.php","meta":{"_acf_changed":false,"inline_featured_image":false,"advgb_blocks_editor_width":"","advgb_blocks_columns_visual_guide":"","footnotes":""},"class_list":["post-8236","page","type-page","status-publish","hentry"],"acf":[],"yoast_head":"<!-- This site is optimized with the Yoast SEO plugin v27.5 - https:\/\/yoast.com\/product\/yoast-seo-wordpress\/ -->\n<title>Vem kan bli medlem? - Suomen Ekonomit<\/title>\n<meta name=\"description\" content=\"Du kan bli ekonommedlem n\u00e4r du har avlagt universitetsexamen i ekonomiska vetenskaper. Du kan vara studerandemedlem s\u00e5 l\u00e4nge du studerar ekonomi.\" \/>\n<meta name=\"robots\" content=\"index, follow, max-snippet:-1, max-image-preview:large, max-video-preview:-1\" \/>\n<link rel=\"canonical\" href=\"https:\/\/www.ekonomit.fi\/sv\/bli-medlem\/vem-kan-bli-medlem\/\" \/>\n<meta property=\"og:locale\" content=\"sv_SE\" \/>\n<meta property=\"og:type\" content=\"article\" \/>\n<meta property=\"og:title\" content=\"Vem kan bli medlem? - Suomen Ekonomit\" \/>\n<meta property=\"og:description\" content=\"Du kan bli ekonommedlem n\u00e4r du har avlagt universitetsexamen i ekonomiska vetenskaper. Du kan vara studerandemedlem s\u00e5 l\u00e4nge du studerar ekonomi.\" \/>\n<meta property=\"og:url\" content=\"https:\/\/www.ekonomit.fi\/sv\/bli-medlem\/vem-kan-bli-medlem\/\" \/>\n<meta property=\"og:site_name\" content=\"Suomen Ekonomit\" \/>\n<meta property=\"article:modified_time\" content=\"2025-12-30T15:27:38+00:00\" \/>\n<meta property=\"og:image\" content=\"https:\/\/www.ekonomit.fi\/wp-content\/uploads\/2023\/11\/Nimeton-malli-2.jpg\" \/>\n\t<meta property=\"og:image:width\" content=\"1600\" \/>\n\t<meta property=\"og:image:height\" content=\"1068\" \/>\n\t<meta property=\"og:image:type\" content=\"image\/jpeg\" \/>\n<meta name=\"twitter:card\" content=\"summary_large_image\" \/>\n<meta name=\"twitter:label1\" content=\"Ber\u00e4knad l\u00e4stid\" \/>\n\t<meta name=\"twitter:data1\" content=\"11 minuter\" \/>\n<script type=\"application\/ld+json\" class=\"yoast-schema-graph\">{\"@context\":\"https:\\\/\\\/schema.org\",\"@graph\":[{\"@type\":\"WebPage\",\"@id\":\"https:\\\/\\\/www.ekonomit.fi\\\/sv\\\/bli-medlem\\\/vem-kan-bli-medlem\\\/\",\"url\":\"https:\\\/\\\/www.ekonomit.fi\\\/sv\\\/bli-medlem\\\/vem-kan-bli-medlem\\\/\",\"name\":\"Vem kan bli medlem? - Suomen Ekonomit\",\"isPartOf\":{\"@id\":\"https:\\\/\\\/www.ekonomit.fi\\\/sv\\\/#website\"},\"primaryImageOfPage\":{\"@id\":\"https:\\\/\\\/www.ekonomit.fi\\\/sv\\\/bli-medlem\\\/vem-kan-bli-medlem\\\/#primaryimage\"},\"image\":{\"@id\":\"https:\\\/\\\/www.ekonomit.fi\\\/sv\\\/bli-medlem\\\/vem-kan-bli-medlem\\\/#primaryimage\"},\"thumbnailUrl\":\"https:\\\/\\\/www.ekonomit.fi\\\/wp-content\\\/uploads\\\/2023\\\/11\\\/Nimeton-malli-2-1024x684.jpg\",\"datePublished\":\"2020-06-16T16:36:46+00:00\",\"dateModified\":\"2025-12-30T15:27:38+00:00\",\"description\":\"Du kan bli ekonommedlem n\u00e4r du har avlagt universitetsexamen i ekonomiska vetenskaper. Du kan vara studerandemedlem s\u00e5 l\u00e4nge du studerar ekonomi.\",\"breadcrumb\":{\"@id\":\"https:\\\/\\\/www.ekonomit.fi\\\/sv\\\/bli-medlem\\\/vem-kan-bli-medlem\\\/#breadcrumb\"},\"inLanguage\":\"sv-SE\",\"potentialAction\":[{\"@type\":\"ReadAction\",\"target\":[\"https:\\\/\\\/www.ekonomit.fi\\\/sv\\\/bli-medlem\\\/vem-kan-bli-medlem\\\/\"]}]},{\"@type\":\"ImageObject\",\"inLanguage\":\"sv-SE\",\"@id\":\"https:\\\/\\\/www.ekonomit.fi\\\/sv\\\/bli-medlem\\\/vem-kan-bli-medlem\\\/#primaryimage\",\"url\":\"https:\\\/\\\/www.ekonomit.fi\\\/wp-content\\\/uploads\\\/2023\\\/11\\\/Nimeton-malli-2-1024x684.jpg\",\"contentUrl\":\"https:\\\/\\\/www.ekonomit.fi\\\/wp-content\\\/uploads\\\/2023\\\/11\\\/Nimeton-malli-2-1024x684.jpg\"},{\"@type\":\"BreadcrumbList\",\"@id\":\"https:\\\/\\\/www.ekonomit.fi\\\/sv\\\/bli-medlem\\\/vem-kan-bli-medlem\\\/#breadcrumb\",\"itemListElement\":[{\"@type\":\"ListItem\",\"position\":1,\"name\":\"Home\",\"item\":\"https:\\\/\\\/www.ekonomit.fi\\\/sv\\\/\"},{\"@type\":\"ListItem\",\"position\":2,\"name\":\"J\u00e4senyys\",\"item\":\"https:\\\/\\\/www.ekonomit.fi\\\/sv\\\/?page_id=40039\"},{\"@type\":\"ListItem\",\"position\":3,\"name\":\"Vem kan bli medlem?\"}]},{\"@type\":\"WebSite\",\"@id\":\"https:\\\/\\\/www.ekonomit.fi\\\/sv\\\/#website\",\"url\":\"https:\\\/\\\/www.ekonomit.fi\\\/sv\\\/\",\"name\":\"Suomen Ekonomit\",\"description\":\"\",\"publisher\":{\"@id\":\"https:\\\/\\\/www.ekonomit.fi\\\/sv\\\/#organization\"},\"potentialAction\":[{\"@type\":\"SearchAction\",\"target\":{\"@type\":\"EntryPoint\",\"urlTemplate\":\"https:\\\/\\\/www.ekonomit.fi\\\/sv\\\/?s={search_term_string}\"},\"query-input\":{\"@type\":\"PropertyValueSpecification\",\"valueRequired\":true,\"valueName\":\"search_term_string\"}}],\"inLanguage\":\"sv-SE\"},{\"@type\":\"Organization\",\"@id\":\"https:\\\/\\\/www.ekonomit.fi\\\/sv\\\/#organization\",\"name\":\"Suomen Ekonomit\",\"url\":\"https:\\\/\\\/www.ekonomit.fi\\\/sv\\\/\",\"logo\":{\"@type\":\"ImageObject\",\"inLanguage\":\"sv-SE\",\"@id\":\"https:\\\/\\\/www.ekonomit.fi\\\/sv\\\/#\\\/schema\\\/logo\\\/image\\\/\",\"url\":\"https:\\\/\\\/www.ekonomit.fi\\\/wp-content\\\/uploads\\\/2020\\\/05\\\/ekonomit-mer-nega.png\",\"contentUrl\":\"https:\\\/\\\/www.ekonomit.fi\\\/wp-content\\\/uploads\\\/2020\\\/05\\\/ekonomit-mer-nega.png\",\"width\":870,\"height\":307,\"caption\":\"Suomen Ekonomit\"},\"image\":{\"@id\":\"https:\\\/\\\/www.ekonomit.fi\\\/sv\\\/#\\\/schema\\\/logo\\\/image\\\/\"}}]}<\/script>\n<!-- \/ Yoast SEO plugin. -->","yoast_head_json":{"title":"Vem kan bli medlem? - Suomen Ekonomit","description":"Du kan bli ekonommedlem n\u00e4r du har avlagt universitetsexamen i ekonomiska vetenskaper. Du kan vara studerandemedlem s\u00e5 l\u00e4nge du studerar ekonomi.","robots":{"index":"index","follow":"follow","max-snippet":"max-snippet:-1","max-image-preview":"max-image-preview:large","max-video-preview":"max-video-preview:-1"},"canonical":"https:\/\/www.ekonomit.fi\/sv\/bli-medlem\/vem-kan-bli-medlem\/","og_locale":"sv_SE","og_type":"article","og_title":"Vem kan bli medlem? - Suomen Ekonomit","og_description":"Du kan bli ekonommedlem n\u00e4r du har avlagt universitetsexamen i ekonomiska vetenskaper. Du kan vara studerandemedlem s\u00e5 l\u00e4nge du studerar ekonomi.","og_url":"https:\/\/www.ekonomit.fi\/sv\/bli-medlem\/vem-kan-bli-medlem\/","og_site_name":"Suomen Ekonomit","article_modified_time":"2025-12-30T15:27:38+00:00","og_image":[{"width":1600,"height":1068,"url":"https:\/\/www.ekonomit.fi\/wp-content\/uploads\/2023\/11\/Nimeton-malli-2.jpg","type":"image\/jpeg"}],"twitter_card":"summary_large_image","twitter_misc":{"Ber\u00e4knad l\u00e4stid":"11 minuter"},"schema":{"@context":"https:\/\/schema.org","@graph":[{"@type":"WebPage","@id":"https:\/\/www.ekonomit.fi\/sv\/bli-medlem\/vem-kan-bli-medlem\/","url":"https:\/\/www.ekonomit.fi\/sv\/bli-medlem\/vem-kan-bli-medlem\/","name":"Vem kan bli medlem? - Suomen Ekonomit","isPartOf":{"@id":"https:\/\/www.ekonomit.fi\/sv\/#website"},"primaryImageOfPage":{"@id":"https:\/\/www.ekonomit.fi\/sv\/bli-medlem\/vem-kan-bli-medlem\/#primaryimage"},"image":{"@id":"https:\/\/www.ekonomit.fi\/sv\/bli-medlem\/vem-kan-bli-medlem\/#primaryimage"},"thumbnailUrl":"https:\/\/www.ekonomit.fi\/wp-content\/uploads\/2023\/11\/Nimeton-malli-2-1024x684.jpg","datePublished":"2020-06-16T16:36:46+00:00","dateModified":"2025-12-30T15:27:38+00:00","description":"Du kan bli ekonommedlem n\u00e4r du har avlagt universitetsexamen i ekonomiska vetenskaper. Du kan vara studerandemedlem s\u00e5 l\u00e4nge du studerar ekonomi.","breadcrumb":{"@id":"https:\/\/www.ekonomit.fi\/sv\/bli-medlem\/vem-kan-bli-medlem\/#breadcrumb"},"inLanguage":"sv-SE","potentialAction":[{"@type":"ReadAction","target":["https:\/\/www.ekonomit.fi\/sv\/bli-medlem\/vem-kan-bli-medlem\/"]}]},{"@type":"ImageObject","inLanguage":"sv-SE","@id":"https:\/\/www.ekonomit.fi\/sv\/bli-medlem\/vem-kan-bli-medlem\/#primaryimage","url":"https:\/\/www.ekonomit.fi\/wp-content\/uploads\/2023\/11\/Nimeton-malli-2-1024x684.jpg","contentUrl":"https:\/\/www.ekonomit.fi\/wp-content\/uploads\/2023\/11\/Nimeton-malli-2-1024x684.jpg"},{"@type":"BreadcrumbList","@id":"https:\/\/www.ekonomit.fi\/sv\/bli-medlem\/vem-kan-bli-medlem\/#breadcrumb","itemListElement":[{"@type":"ListItem","position":1,"name":"Home","item":"https:\/\/www.ekonomit.fi\/sv\/"},{"@type":"ListItem","position":2,"name":"J\u00e4senyys","item":"https:\/\/www.ekonomit.fi\/sv\/?page_id=40039"},{"@type":"ListItem","position":3,"name":"Vem kan bli medlem?"}]},{"@type":"WebSite","@id":"https:\/\/www.ekonomit.fi\/sv\/#website","url":"https:\/\/www.ekonomit.fi\/sv\/","name":"Suomen Ekonomit","description":"","publisher":{"@id":"https:\/\/www.ekonomit.fi\/sv\/#organization"},"potentialAction":[{"@type":"SearchAction","target":{"@type":"EntryPoint","urlTemplate":"https:\/\/www.ekonomit.fi\/sv\/?s={search_term_string}"},"query-input":{"@type":"PropertyValueSpecification","valueRequired":true,"valueName":"search_term_string"}}],"inLanguage":"sv-SE"},{"@type":"Organization","@id":"https:\/\/www.ekonomit.fi\/sv\/#organization","name":"Suomen Ekonomit","url":"https:\/\/www.ekonomit.fi\/sv\/","logo":{"@type":"ImageObject","inLanguage":"sv-SE","@id":"https:\/\/www.ekonomit.fi\/sv\/#\/schema\/logo\/image\/","url":"https:\/\/www.ekonomit.fi\/wp-content\/uploads\/2020\/05\/ekonomit-mer-nega.png","contentUrl":"https:\/\/www.ekonomit.fi\/wp-content\/uploads\/2020\/05\/ekonomit-mer-nega.png","width":870,"height":307,"caption":"Suomen Ekonomit"},"image":{"@id":"https:\/\/www.ekonomit.fi\/sv\/#\/schema\/logo\/image\/"}}]}},"coauthors":[],"author_meta":{"author_link":"https:\/\/www.ekonomit.fi\/sv\/author\/heidihaapalainen\/","display_name":"heidihaapalainen"},"relative_dates":{"created":"Publicerad 6 \u00e5r sedan","modified":"Uppdaterad 4 m\u00e5nader sedan"},"absolute_dates":{"created":"Publicerat den 16 juni 2020","modified":"Uppdaterad den 30 december 2025"},"absolute_dates_time":{"created":"Publicerat den 16 juni 2020 19:36","modified":"Uppdaterad den 30 december 2025 17:27"},"featured_img_caption":"","featured_img":false,"series_order":"","jetpack_sharing_enabled":true,"_links":{"self":[{"href":"https:\/\/www.ekonomit.fi\/sv\/wp-json\/wp\/v2\/pages\/8236","targetHints":{"allow":["GET"]}}],"collection":[{"href":"https:\/\/www.ekonomit.fi\/sv\/wp-json\/wp\/v2\/pages"}],"about":[{"href":"https:\/\/www.ekonomit.fi\/sv\/wp-json\/wp\/v2\/types\/page"}],"author":[{"embeddable":true,"href":"https:\/\/www.ekonomit.fi\/sv\/wp-json\/wp\/v2\/users\/3"}],"replies":[{"embeddable":true,"href":"https:\/\/www.ekonomit.fi\/sv\/wp-json\/wp\/v2\/comments?post=8236"}],"version-history":[{"count":19,"href":"https:\/\/www.ekonomit.fi\/sv\/wp-json\/wp\/v2\/pages\/8236\/revisions"}],"predecessor-version":[{"id":47957,"href":"https:\/\/www.ekonomit.fi\/sv\/wp-json\/wp\/v2\/pages\/8236\/revisions\/47957"}],"up":[{"embeddable":true,"href":"https:\/\/www.ekonomit.fi\/sv\/wp-json\/wp\/v2\/pages\/47225"}],"wp:attachment":[{"href":"https:\/\/www.ekonomit.fi\/sv\/wp-json\/wp\/v2\/media?parent=8236"}],"curies":[{"name":"wp","href":"https:\/\/api.w.org\/{rel}","templated":true}]}}