{"id":8355,"date":"2020-06-16T22:48:21","date_gmt":"2020-06-16T19:48:21","guid":{"rendered":"https:\/\/www.ekonomit.fi\/?page_id=8355"},"modified":"2026-01-13T12:27:07","modified_gmt":"2026-01-13T10:27:07","slug":"till-foretagare","status":"publish","type":"page","link":"https:\/\/www.ekonomit.fi\/sv\/bli-medlem3\/till-foretagare\/","title":{"rendered":"Vad f\u00e5r du som \u00e4r f\u00f6retagare?"},"content":{"rendered":"\n<div class=\"wp-block-columns is-layout-flex wp-container-core-columns-is-layout-9d6595d7 wp-block-columns-is-layout-flex\">\n<div class=\"wp-block-column is-layout-flow wp-block-column-is-layout-flow\" style=\"flex-basis:66.66%\">\n<div class=\"wp-block-buttons is-layout-flex wp-block-buttons-is-layout-flex\">\n<div class=\"wp-block-button is-style-fill\"><a class=\"wp-block-button__link wp-element-button\" href=\"https:\/\/www.ekonomit.fi\/sv\/bli-medlem\/\">L\u00c4S MER OM MEDLEMSKAPET OCH BLI MEDLEM<\/a><\/div>\n<\/div>\n\n\n\n<div style=\"height:20px\" aria-hidden=\"true\" class=\"wp-block-spacer\"><\/div>\n\n\n\n<p>Fr\u00e5n oss f\u00e5r du tj\u00e4nster f\u00f6r f\u00f6retagarskapets alla stadier, oavsett om du funderar \u00f6ver att grunda ett f\u00f6retag eller redan \u00e4r en erfaren f\u00f6retagare. P\u00e5 denna sida hittar du tj\u00e4nsterna och f\u00f6rm\u00e5nerna f\u00f6r f\u00f6retagare.<\/p>\n\n\n\n<p>Kom ih\u00e5g att uppdatera uppgiften om f\u00f6retagande som huvud- eller bisyssla <a href=\"https:\/\/elounge.ekonomit.fi\/employments\">i eLounge<\/a> s\u00e5 att vi b\u00e4ttre kan betj\u00e4na dig.<\/p>\n\n\n\n<h2 class=\"wp-block-heading\"><strong>Juridisk r\u00e5dgivning f\u00f6r nya f\u00f6retagare<\/strong><\/h2>\n\n\n\n<p>Allm\u00e4n information och v\u00e4gledning till informationsk\u00e4llor i f\u00f6ljande fr\u00e5gor g\u00e4llande f\u00f6retagande:<\/p>\n\n\n\n<ul class=\"wp-block-list\">\n<li>Att bli f\u00f6retagare<\/li>\n\n\n\n<li>Att ing\u00e5 ett sysslomannaavtal f\u00f6r en expert<\/li>\n\n\n\n<li>Att ing\u00e5 ett aktie\u00e4garavtal mellan f\u00f6retagets del\u00e4gare<\/li>\n<\/ul>\n\n\n\n<p>Observera att vi erbjuder allm\u00e4n information g\u00e4llande dessa avtalssituationer och r\u00e5dgivning i enskilda avtalsvillkor. Vi uppr\u00e4ttar dock inga avtal, g\u00f6r inga helhetsgranskningar av avtalserbjudanden och sk\u00f6ter inga tvistem\u00e5l g\u00e4llande tolkning eller slutande av avtal. Beskattnings- eller socialskyddsfr\u00e5gor ing\u00e5r ocks\u00e5 inte i r\u00e5dgivningen.<\/p>\n\n\n\n<p>Kontakta f\u00f6retagarr\u00e5dgivningen, <a href=\"mailto:yrittajat@ekonomit.fi\">yrittajat@ekonomit.fi<\/a>.<\/p>\n\n\n\n<h2 class=\"wp-block-heading\"><strong>Handb\u00f6cker och avtalsmallar f\u00f6r f\u00f6retagare<\/strong><\/h2>\n\n\n\n<ul class=\"wp-block-list\">\n<li>I medlemsappen hittar du <a href=\"https:\/\/elounge.ekonomit.fi\/palvelut\/oppaat\">handb\u00f6cker<\/a> f\u00f6r att grunda ett f\u00f6retag (2021), uppr\u00e4tta ett aktie\u00e4garavtal (2019) och ett sysslomannaavtal (2018).<\/li>\n\n\n\n<li>Det finns \u00e4ven m\u00e5nga <a href=\"https:\/\/elounge.ekonomit.fi\/palvelut\/sopimusmalleja\">avtalsmallar<\/a> till hands (till exempel anst\u00e4llningsavtal f\u00f6r en verkst\u00e4llade direkt\u00f6r)<\/li>\n<\/ul>\n\n\n\n<h2 class=\"wp-block-heading\"><strong>Akavalaiset yritt\u00e4j\u00e4t (AKY) och F\u00f6retagarna i Finlands tj\u00e4nstepaket<\/strong><\/h2>\n\n\n\n<ul class=\"wp-block-list\">\n<li>Finlands Ekonomer har med andra f\u00f6rbund inom Akava grundat samorganisationen <a href=\"https:\/\/aky.fi\/\" target=\"_blank\" rel=\"noreferrer noopener\">Akavalaiset yritt\u00e4j\u00e4t (AKY)<\/a>. Som medlem hos oss \u00e4r du automatiskt ocks\u00e5 medlem i AKY.<\/li>\n\n\n\n<li>AKY \u00e4r medlem i F\u00f6retagarna i Finland, s\u00e5 du kan skaffa dig F\u00f6retagarna i Finlands omfattande tj\u00e4nstepaket utan att separat bli medlem i F\u00f6retagarna i Finland. Skaffa tj\u00e4nstepaketet via <a href=\"https:\/\/www.yrittajat.fi\/akavalaiset-yrittajat-ry\/\" target=\"_blank\" rel=\"noreferrer noopener\">F\u00f6retagarna i Finland<\/a>.<\/li>\n\n\n\n<li>Ut\u00f6ver evenemang och m\u00f6jligheter att skapa n\u00e4tverk erbjuder AKY bra f\u00f6rm\u00e5ner, till exempel f\u00e4rdigt konkurrensutsatt f\u00f6retagsh\u00e4lsov\u00e5rd. Se alla f\u00f6rm\u00e5ner <a href=\"https:\/\/aky.fi\/\" target=\"_blank\" rel=\"noreferrer noopener\">p\u00e5 AKY:s webbplats<\/a>.<\/li>\n<\/ul>\n\n\n\n<h2 class=\"wp-block-heading\"><strong>Karri\u00e4rcoachning, mentorskap och n\u00e4tverksbildning<\/strong><\/h2>\n\n\n\n<ul class=\"wp-block-list\">\n<li>Du kan utnyttja individuell karri\u00e4rcoachning \u00e4ven n\u00e4r du funderar \u00f6ver fr\u00e5gor g\u00e4llande f\u00f6retagande. Vi hj\u00e4lper dig \u00e4ven att priss\u00e4tta din egen expertservice.<\/li>\n\n\n\n<li>Via mentorskapsprogrammet kan du hitta en mentor f\u00f6r dig sj\u00e4lv fr\u00e5n f\u00f6retagsv\u00e4rlden eller sj\u00e4lv dela dina erfarenheter och l\u00e4rdomar som mentor.<\/li>\n\n\n\n<li>Du kan enkelt skapa n\u00e4tverk med andra medlemmar i medlemsappen.<\/li>\n<\/ul>\n\n\n\n<h2 class=\"wp-block-heading\"><strong>F\u00f6retagande och arbetsl\u00f6shetskassan<\/strong><\/h2>\n\n\n\n<ul class=\"wp-block-list\">\n<li>Det finns tv\u00e5 slags arbetsl\u00f6shetskassor: arbetsl\u00f6shetskassor f\u00f6r l\u00f6ntagare och f\u00f6r f\u00f6retagare. <a href=\"https:\/\/kokokassa.fi\/sv\/\" target=\"_blank\" rel=\"noreferrer noopener\">KOKO-kassan<\/a> \u00e4r en arbetsl\u00f6shetskassa f\u00f6r l\u00f6ntagare, f\u00f6retagare kan f\u00f6rs\u00e4kra sig sj\u00e4lva i <a href=\"https:\/\/yrittajakassa.fi\/sv\/startsida\/\" target=\"_blank\" rel=\"noreferrer noopener\">F\u00f6retagarkassan<\/a>.<\/li>\n\n\n\n<li>Om du jobbar heltid i ett l\u00f6nearbete och har f\u00f6retagande som bisyssla l\u00f6nar det sig att h\u00f6ra till KOKO-kassan.<\/li>\n\n\n\n<li>Om du har f\u00f6retagande som huvudsyssla kan du h\u00f6ra till KOKO-kassan i h\u00f6gst 18 m\u00e5nader efter att du har inlett f\u00f6retagsverksamheten.<\/li>\n\n\n\n<li>Ifall att du g\u00e5r med i F\u00f6retagarkassan b\u00f6r du sj\u00e4lv avsluta ditt medlemskap i KOKO-kassan eller s\u00e5 kan du be F\u00f6retagarkassan avsluta medlemskapet med din fullmakt. S\u00e5ledes kan betalningen f\u00f6r KOKO-kassan f\u00f6r resten av \u00e5ret antingen kompenseras som n\u00e4sta \u00e5rs medlemsavgift eller returneras till dig. Annars beh\u00f6ver vi en separat anm\u00e4lan om att du avslutar medlemskapet i KOKO-kassan.<\/li>\n<\/ul>\n\n\n\n<h2 class=\"wp-block-heading\"><strong>Var f\u00e5r jag skatter\u00e5dgivning?<\/strong><\/h2>\n\n\n\n<ul class=\"wp-block-list\">\n<li>Finlands Ekonomer ger ingen skatter\u00e5dgivning f\u00f6r f\u00f6retagare eller l\u00f6ntagare.<\/li>\n\n\n\n<li>Vi rekommenderar att bli medlem i <a href=\"https:\/\/www.veronmaksajat.fi\/\" target=\"_blank\" rel=\"noreferrer noopener\">Skattebetalarnas Centralf\u00f6rbund<\/a> som erbjuder bra juridisk skatter\u00e5dgivning, bokf\u00f6ringsr\u00e5dgivning och utbildningar. Skattebetalarnas Centralf\u00f6rbund erbjuder \u00e4ven <a href=\"https:\/\/www.veronmaksajat.fi\/jasenyys\/Veronmaksajat\/Yhteystiedot\/\" target=\"_blank\" rel=\"noreferrer noopener\">avgiftsbelagd skatter\u00e5dgivning f\u00f6r icke-medlemmar<\/a>.<\/li>\n<\/ul>\n<\/div>\n\n\n\n<div class=\"wp-block-column is-layout-flow wp-block-column-is-layout-flow\" style=\"flex-basis:33.33%\">\n<div style=\"height:20px\" aria-hidden=\"true\" class=\"wp-block-spacer\"><\/div>\n\n\n\n<h3 class=\"wp-block-heading\"><\/h3>\n\n\n\n<div style=\"height:20px\" aria-hidden=\"true\" class=\"wp-block-spacer\"><\/div>\n\n\n\n<div class=\"wp-block-group is-style-background-brown\"><div class=\"wp-block-group__inner-container is-layout-flow wp-block-group-is-layout-flow\">\n<h3 class=\"wp-block-heading\">Nyttiga l\u00e4nkar f\u00f6r f\u00f6retagare<\/h3>\n\n\n\n<div class=\"wp-block-group is-style-background-brown has-padding-medium\"><div class=\"wp-block-group__inner-container is-layout-flow wp-block-group-is-layout-flow\">\n<ul class=\"wp-block-list\">\n<li><a href=\"https:\/\/www.linkedin.com\/groups\/3376127\">Ekonomiyritt\u00e4j\u00e4t LinkedIniss\u00e4<\/a><\/li>\n\n\n\n<li><a href=\"https:\/\/www.facebook.com\/ekonomiyrittajat\/\">Hekon ekonomiyritt\u00e4j\u00e4t<\/a><\/li>\n\n\n\n<li><a href=\"https:\/\/www.akava.fi\/tyoelama\/tyossa\/yrittajana_tai_ammatinharjoittajana\">Akavan yritt\u00e4j\u00e4sivut<\/a><\/li>\n\n\n\n<li><a href=\"https:\/\/www.akateemisetyrittajat.fi\/\">AKY &#8211; Akavalaiset yritt\u00e4j\u00e4t<\/a><\/li>\n\n\n\n<li><a href=\"https:\/\/www.yrittajat.fi\/akavalaiset-yrittajat-ry\/\">Suomen Yritt\u00e4jien palvelupaketti akateemisille yritt\u00e4jille<\/a><\/li>\n\n\n\n<li><a href=\"https:\/\/syt.fi\/sv\/\">Yritt\u00e4j\u00e4kassa<\/a><\/li>\n\n\n\n<li><a href=\"http:\/\/www.yrityssuomi.fi\/\">Yritys-Suomi<\/a><\/li>\n\n\n\n<li><a href=\"https:\/\/newcohelsinki.fi\/fi\/\">NewCoHelsinki<\/a><\/li>\n\n\n\n<li><a href=\"https:\/\/www.yritysespoo.fi\/\">YritysEspoo<\/a><\/li>\n\n\n\n<li><a href=\"https:\/\/yritysvantaa.fi\/\">YritysVantaa<\/a><\/li>\n\n\n\n<li><a href=\"https:\/\/www.uusyrityskeskus.fi\/\">Suomen uusyrityskeskukset<\/a><\/li>\n\n\n\n<li><a href=\"https:\/\/www.ely-keskus.fi\/etusivu\">ELY-keskukset<\/a><\/li>\n\n\n\n<li><a href=\"https:\/\/www.prh.fi\/fi\/index.html\">Patentti- ja rekisterihallitus<\/a><\/li>\n\n\n\n<li><a href=\"https:\/\/www.vero.fi\/henkiloasiakkaat\/\">Verohallinto<\/a><\/li>\n\n\n\n<li><a href=\"https:\/\/www.businessfinland.fi\/suomalaisille-asiakkaille\/etusivu\">TEKES &#8211; Business Finland<\/a><\/li>\n<\/ul>\n<\/div><\/div>\n<\/div><\/div>\n\n\n\n<h2 class=\"wp-block-heading\"><\/h2>\n<\/div>\n<\/div>\n\n\n\n<div class=\"wp-block-columns is-layout-flex wp-container-core-columns-is-layout-9d6595d7 wp-block-columns-is-layout-flex\">\n<div class=\"wp-block-column is-layout-flow wp-block-column-is-layout-flow\" style=\"flex-basis:66.66%\"><\/div>\n\n\n\n<div class=\"wp-block-column is-layout-flow wp-block-column-is-layout-flow\" style=\"flex-basis:33.33%\">\n<p><\/p>\n<\/div>\n<\/div>\n\n\n\n<p><\/p>\n<div class=\"rns\" data-title=\"Vad f\u00e5r du som \u00e4r f\u00f6retagare?\" data-tags=\"\" data-categories=\"\" data-comments=\"0\" data-date=\"1592347701000\" data-author=\"heidihaapalainen\" data-single=\"\" data-url=\"https:\/\/www.ekonomit.fi\/sv\/bli-medlem3\/till-foretagare\/\"><\/div> <!-- Check out https:\/\/reactandshare.com -->","protected":false},"excerpt":{"rendered":"<p>Fr\u00e5n oss f\u00e5r du tj\u00e4nster f\u00f6r f\u00f6retagarskapets alla stadier, oavsett om du funderar \u00f6ver&#8230;<\/p>\n","protected":false},"author":3,"featured_media":0,"parent":40039,"menu_order":8,"comment_status":"closed","ping_status":"closed","template":"page-templates\/page-sidebars.php","meta":{"_acf_changed":false,"inline_featured_image":false,"advgb_blocks_editor_width":"","advgb_blocks_columns_visual_guide":"","footnotes":""},"class_list":["post-8355","page","type-page","status-publish","hentry"],"acf":[],"yoast_head":"<!-- This site is optimized with the Yoast SEO plugin v27.4 - https:\/\/yoast.com\/product\/yoast-seo-wordpress\/ -->\n<title>Vad f\u00e5r du som \u00e4r f\u00f6retagare? - Suomen Ekonomit<\/title>\n<meta name=\"description\" content=\"Vi betj\u00e4nar v\u00e5ra medlemmar i olika skeden av f\u00f6retagandet \u2013 \u00e4nda fr\u00e5n det att du funderar p\u00e5 att bli f\u00f6retagare till vardagen som f\u00f6retagare.\" \/>\n<meta name=\"robots\" content=\"index, follow, max-snippet:-1, max-image-preview:large, max-video-preview:-1\" \/>\n<link rel=\"canonical\" href=\"https:\/\/www.ekonomit.fi\/sv\/bli-medlem3\/till-foretagare\/\" \/>\n<meta property=\"og:locale\" content=\"sv_SE\" \/>\n<meta property=\"og:type\" content=\"article\" \/>\n<meta property=\"og:title\" content=\"Vad f\u00e5r du som \u00e4r f\u00f6retagare? - Suomen Ekonomit\" \/>\n<meta property=\"og:description\" content=\"Vi betj\u00e4nar v\u00e5ra medlemmar i olika skeden av f\u00f6retagandet \u2013 \u00e4nda fr\u00e5n det att du funderar p\u00e5 att bli f\u00f6retagare till vardagen som f\u00f6retagare.\" \/>\n<meta property=\"og:url\" content=\"https:\/\/www.ekonomit.fi\/sv\/bli-medlem3\/till-foretagare\/\" \/>\n<meta property=\"og:site_name\" content=\"Suomen Ekonomit\" \/>\n<meta property=\"article:modified_time\" content=\"2026-01-13T10:27:07+00:00\" \/>\n<meta name=\"twitter:card\" content=\"summary_large_image\" \/>\n<meta name=\"twitter:label1\" content=\"Ber\u00e4knad l\u00e4stid\" \/>\n\t<meta name=\"twitter:data1\" content=\"4 minuter\" \/>\n<script type=\"application\/ld+json\" class=\"yoast-schema-graph\">{\"@context\":\"https:\\\/\\\/schema.org\",\"@graph\":[{\"@type\":\"WebPage\",\"@id\":\"https:\\\/\\\/www.ekonomit.fi\\\/sv\\\/bli-medlem3\\\/till-foretagare\\\/\",\"url\":\"https:\\\/\\\/www.ekonomit.fi\\\/sv\\\/bli-medlem3\\\/till-foretagare\\\/\",\"name\":\"Vad f\u00e5r du som \u00e4r f\u00f6retagare? - Suomen Ekonomit\",\"isPartOf\":{\"@id\":\"https:\\\/\\\/www.ekonomit.fi\\\/sv\\\/#website\"},\"datePublished\":\"2020-06-16T19:48:21+00:00\",\"dateModified\":\"2026-01-13T10:27:07+00:00\",\"description\":\"Vi betj\u00e4nar v\u00e5ra medlemmar i olika skeden av f\u00f6retagandet \u2013 \u00e4nda fr\u00e5n det att du funderar p\u00e5 att bli f\u00f6retagare till vardagen som f\u00f6retagare.\",\"breadcrumb\":{\"@id\":\"https:\\\/\\\/www.ekonomit.fi\\\/sv\\\/bli-medlem3\\\/till-foretagare\\\/#breadcrumb\"},\"inLanguage\":\"sv-SE\",\"potentialAction\":[{\"@type\":\"ReadAction\",\"target\":[\"https:\\\/\\\/www.ekonomit.fi\\\/sv\\\/bli-medlem3\\\/till-foretagare\\\/\"]}]},{\"@type\":\"BreadcrumbList\",\"@id\":\"https:\\\/\\\/www.ekonomit.fi\\\/sv\\\/bli-medlem3\\\/till-foretagare\\\/#breadcrumb\",\"itemListElement\":[{\"@type\":\"ListItem\",\"position\":1,\"name\":\"Home\",\"item\":\"https:\\\/\\\/www.ekonomit.fi\\\/sv\\\/\"},{\"@type\":\"ListItem\",\"position\":2,\"name\":\"J\u00e4senyys\",\"item\":\"https:\\\/\\\/www.ekonomit.fi\\\/sv\\\/?page_id=40039\"},{\"@type\":\"ListItem\",\"position\":3,\"name\":\"Vad f\u00e5r du som \u00e4r f\u00f6retagare?\"}]},{\"@type\":\"WebSite\",\"@id\":\"https:\\\/\\\/www.ekonomit.fi\\\/sv\\\/#website\",\"url\":\"https:\\\/\\\/www.ekonomit.fi\\\/sv\\\/\",\"name\":\"Suomen Ekonomit\",\"description\":\"\",\"publisher\":{\"@id\":\"https:\\\/\\\/www.ekonomit.fi\\\/sv\\\/#organization\"},\"potentialAction\":[{\"@type\":\"SearchAction\",\"target\":{\"@type\":\"EntryPoint\",\"urlTemplate\":\"https:\\\/\\\/www.ekonomit.fi\\\/sv\\\/?s={search_term_string}\"},\"query-input\":{\"@type\":\"PropertyValueSpecification\",\"valueRequired\":true,\"valueName\":\"search_term_string\"}}],\"inLanguage\":\"sv-SE\"},{\"@type\":\"Organization\",\"@id\":\"https:\\\/\\\/www.ekonomit.fi\\\/sv\\\/#organization\",\"name\":\"Suomen Ekonomit\",\"url\":\"https:\\\/\\\/www.ekonomit.fi\\\/sv\\\/\",\"logo\":{\"@type\":\"ImageObject\",\"inLanguage\":\"sv-SE\",\"@id\":\"https:\\\/\\\/www.ekonomit.fi\\\/sv\\\/#\\\/schema\\\/logo\\\/image\\\/\",\"url\":\"https:\\\/\\\/www.ekonomit.fi\\\/wp-content\\\/uploads\\\/2020\\\/05\\\/ekonomit-mer-nega.png\",\"contentUrl\":\"https:\\\/\\\/www.ekonomit.fi\\\/wp-content\\\/uploads\\\/2020\\\/05\\\/ekonomit-mer-nega.png\",\"width\":870,\"height\":307,\"caption\":\"Suomen Ekonomit\"},\"image\":{\"@id\":\"https:\\\/\\\/www.ekonomit.fi\\\/sv\\\/#\\\/schema\\\/logo\\\/image\\\/\"}}]}<\/script>\n<!-- \/ Yoast SEO plugin. -->","yoast_head_json":{"title":"Vad f\u00e5r du som \u00e4r f\u00f6retagare? - Suomen Ekonomit","description":"Vi betj\u00e4nar v\u00e5ra medlemmar i olika skeden av f\u00f6retagandet \u2013 \u00e4nda fr\u00e5n det att du funderar p\u00e5 att bli f\u00f6retagare till vardagen som f\u00f6retagare.","robots":{"index":"index","follow":"follow","max-snippet":"max-snippet:-1","max-image-preview":"max-image-preview:large","max-video-preview":"max-video-preview:-1"},"canonical":"https:\/\/www.ekonomit.fi\/sv\/bli-medlem3\/till-foretagare\/","og_locale":"sv_SE","og_type":"article","og_title":"Vad f\u00e5r du som \u00e4r f\u00f6retagare? - Suomen Ekonomit","og_description":"Vi betj\u00e4nar v\u00e5ra medlemmar i olika skeden av f\u00f6retagandet \u2013 \u00e4nda fr\u00e5n det att du funderar p\u00e5 att bli f\u00f6retagare till vardagen som f\u00f6retagare.","og_url":"https:\/\/www.ekonomit.fi\/sv\/bli-medlem3\/till-foretagare\/","og_site_name":"Suomen Ekonomit","article_modified_time":"2026-01-13T10:27:07+00:00","twitter_card":"summary_large_image","twitter_misc":{"Ber\u00e4knad l\u00e4stid":"4 minuter"},"schema":{"@context":"https:\/\/schema.org","@graph":[{"@type":"WebPage","@id":"https:\/\/www.ekonomit.fi\/sv\/bli-medlem3\/till-foretagare\/","url":"https:\/\/www.ekonomit.fi\/sv\/bli-medlem3\/till-foretagare\/","name":"Vad f\u00e5r du som \u00e4r f\u00f6retagare? - Suomen Ekonomit","isPartOf":{"@id":"https:\/\/www.ekonomit.fi\/sv\/#website"},"datePublished":"2020-06-16T19:48:21+00:00","dateModified":"2026-01-13T10:27:07+00:00","description":"Vi betj\u00e4nar v\u00e5ra medlemmar i olika skeden av f\u00f6retagandet \u2013 \u00e4nda fr\u00e5n det att du funderar p\u00e5 att bli f\u00f6retagare till vardagen som f\u00f6retagare.","breadcrumb":{"@id":"https:\/\/www.ekonomit.fi\/sv\/bli-medlem3\/till-foretagare\/#breadcrumb"},"inLanguage":"sv-SE","potentialAction":[{"@type":"ReadAction","target":["https:\/\/www.ekonomit.fi\/sv\/bli-medlem3\/till-foretagare\/"]}]},{"@type":"BreadcrumbList","@id":"https:\/\/www.ekonomit.fi\/sv\/bli-medlem3\/till-foretagare\/#breadcrumb","itemListElement":[{"@type":"ListItem","position":1,"name":"Home","item":"https:\/\/www.ekonomit.fi\/sv\/"},{"@type":"ListItem","position":2,"name":"J\u00e4senyys","item":"https:\/\/www.ekonomit.fi\/sv\/?page_id=40039"},{"@type":"ListItem","position":3,"name":"Vad f\u00e5r du som \u00e4r f\u00f6retagare?"}]},{"@type":"WebSite","@id":"https:\/\/www.ekonomit.fi\/sv\/#website","url":"https:\/\/www.ekonomit.fi\/sv\/","name":"Suomen Ekonomit","description":"","publisher":{"@id":"https:\/\/www.ekonomit.fi\/sv\/#organization"},"potentialAction":[{"@type":"SearchAction","target":{"@type":"EntryPoint","urlTemplate":"https:\/\/www.ekonomit.fi\/sv\/?s={search_term_string}"},"query-input":{"@type":"PropertyValueSpecification","valueRequired":true,"valueName":"search_term_string"}}],"inLanguage":"sv-SE"},{"@type":"Organization","@id":"https:\/\/www.ekonomit.fi\/sv\/#organization","name":"Suomen Ekonomit","url":"https:\/\/www.ekonomit.fi\/sv\/","logo":{"@type":"ImageObject","inLanguage":"sv-SE","@id":"https:\/\/www.ekonomit.fi\/sv\/#\/schema\/logo\/image\/","url":"https:\/\/www.ekonomit.fi\/wp-content\/uploads\/2020\/05\/ekonomit-mer-nega.png","contentUrl":"https:\/\/www.ekonomit.fi\/wp-content\/uploads\/2020\/05\/ekonomit-mer-nega.png","width":870,"height":307,"caption":"Suomen Ekonomit"},"image":{"@id":"https:\/\/www.ekonomit.fi\/sv\/#\/schema\/logo\/image\/"}}]}},"coauthors":[],"author_meta":{"author_link":"https:\/\/www.ekonomit.fi\/sv\/author\/heidihaapalainen\/","display_name":"heidihaapalainen"},"relative_dates":{"created":"Publicerad 6 \u00e5r sedan","modified":"Uppdaterad 3 m\u00e5nader sedan"},"absolute_dates":{"created":"Publicerat den 16 juni 2020","modified":"Uppdaterad den 13 januari 2026"},"absolute_dates_time":{"created":"Publicerat den 16 juni 2020 22:48","modified":"Uppdaterad den 13 januari 2026 12:27"},"featured_img_caption":"","featured_img":false,"series_order":"","jetpack_sharing_enabled":true,"_links":{"self":[{"href":"https:\/\/www.ekonomit.fi\/sv\/wp-json\/wp\/v2\/pages\/8355","targetHints":{"allow":["GET"]}}],"collection":[{"href":"https:\/\/www.ekonomit.fi\/sv\/wp-json\/wp\/v2\/pages"}],"about":[{"href":"https:\/\/www.ekonomit.fi\/sv\/wp-json\/wp\/v2\/types\/page"}],"author":[{"embeddable":true,"href":"https:\/\/www.ekonomit.fi\/sv\/wp-json\/wp\/v2\/users\/3"}],"replies":[{"embeddable":true,"href":"https:\/\/www.ekonomit.fi\/sv\/wp-json\/wp\/v2\/comments?post=8355"}],"version-history":[{"count":36,"href":"https:\/\/www.ekonomit.fi\/sv\/wp-json\/wp\/v2\/pages\/8355\/revisions"}],"predecessor-version":[{"id":48064,"href":"https:\/\/www.ekonomit.fi\/sv\/wp-json\/wp\/v2\/pages\/8355\/revisions\/48064"}],"up":[{"embeddable":true,"href":"https:\/\/www.ekonomit.fi\/sv\/wp-json\/wp\/v2\/pages\/40039"}],"wp:attachment":[{"href":"https:\/\/www.ekonomit.fi\/sv\/wp-json\/wp\/v2\/media?parent=8355"}],"curies":[{"name":"wp","href":"https:\/\/api.w.org\/{rel}","templated":true}]}}