{"id":8465,"date":"2020-06-17T10:26:07","date_gmt":"2020-06-17T07:26:07","guid":{"rendered":"https:\/\/www.ekonomit.fi\/?page_id=8465"},"modified":"2020-06-26T14:08:10","modified_gmt":"2020-06-26T11:08:10","slug":"artiklar","status":"publish","type":"page","link":"https:\/\/www.ekonomit.fi\/sv\/pressrum\/artiklar\/","title":{"rendered":"Artiklar"},"content":{"rendered":"\n<div style=\"height:43px\" aria-hidden=\"true\" class=\"wp-block-spacer\"><\/div>\n\n\n\n<h2 class=\"wp-block-heading\"><\/h2>\n\n\n<div  class=\"ultp-post-grid-block wp-block-ultimate-post-post-grid-1 ultp-block-aa7903\"><div class=\"ultp-block-wrapper\"><div class=\"ultp-loading\"><div class=\"ultp-loading-blocks\" style=\"width:100%;height:100%;\"><div style=\"left: 0;top: 0;animation-delay:0s;\"><\/div><div style=\"left: 21px;top: 0;animation-delay:0.125s;\"><\/div><div style=\"left: 42px;top: 0;animation-delay:0.25s;\"><\/div><div style=\"left: 0;top: 21px;animation-delay:0.875s;\"><\/div><div style=\"left: 42px;top: 21px;animation-delay:0.375s;\"><\/div><div style=\"left: 0;top: 42px;animation-delay:0.75s;\"><\/div><div style=\"left: 42px;top: 42px;animation-delay:0.625s;\"><\/div><div style=\"left: 21px;top: 42px;animation-delay:0.5s;\"><\/div><\/div><\/div><div class=\"ultp-heading-filter\"><div class=\"ultp-heading-filter-in\"><div class=\"ultp-filter-navigation\"><\/div><\/div><\/div><div class=\"ultp-block-items-wrap ultp-block-row ultp-pg1a-style1 ultp-grid1-responsive ultp-block-column-3 1 1 ultp-layout1\"><div class=\"ultp-block-item post-id-48302\"><div class=\"ultp-block-content-wrap\"><div class=\"ultp-block-image ultp-block-image-none\"><a href=\"https:\/\/www.ekonomit.fi\/sv\/aktuellt\/ansok-till-finlands-ekonomers-utnamningskommitte-2026\/\" ><img decoding=\"async\"  class=\"ultp-block-image-content\"  alt=\"Ans\u00f6k till Finlands Ekonomers utn\u00e4mningskommitt\u00e9 2026\"  src=\"https:\/\/www.ekonomit.fi\/wp-content\/uploads\/2026\/02\/Kuvituskuva-verkkosivulle-17-870x570.png\" \/><\/a><\/div><div class=\"ultp-block-content\"><div class=\"ultp-category-grid ultp-category-classic ultp-category-aboveTitle\"><div class=\"ultp-category-in\"><a class=\"ultp-cat-aktuellt\" href=\"https:\/\/www.ekonomit.fi\/sv\/category\/aktuellt\/\"  >Aktuellt<\/a><\/div><\/div><h3 class=\"ultp-block-title \"><a href=\"https:\/\/www.ekonomit.fi\/sv\/aktuellt\/ansok-till-finlands-ekonomers-utnamningskommitte-2026\/\" >Ans\u00f6k till Finlands Ekonomers utn\u00e4mningskommitt\u00e9 2026<\/a><\/h3><div class=\"ultp-block-excerpt\">Hej medlem! Vill du vara med och p\u00e5verka Ekonomernas framtid? Ans\u00f6k till utn\u00e4mningskommitt\u00e9n och delta i beslutet om n\u00e4sta styrelses sammans\u00e4ttning.<\/div><div class=\"ultp-block-meta ultp-block-meta-emptyspace ultp-block-meta-noIcon\"><span class=\"ultp-block-date ultp-block-meta-element\">feb 16, 2026<\/span><\/div><\/div><\/div><\/div><div class=\"ultp-block-item post-id-48146\"><div class=\"ultp-block-content-wrap\"><div class=\"ultp-block-image ultp-block-image-none\"><a href=\"https:\/\/www.ekonomit.fi\/sv\/aktuellt\/hur-mar-du-pa-jobbet-just-nu-beratta-for-oss-sa-hjalper-du-oss-att-paverka-ratt-saker\/\" ><img decoding=\"async\"  class=\"ultp-block-image-content\"  alt=\"Hur m\u00e5r du p\u00e5 jobbet just nu? Ber\u00e4tta f\u00f6r oss s\u00e5 hj\u00e4lper du oss att p\u00e5verka r\u00e4tt saker\"  src=\"https:\/\/www.ekonomit.fi\/wp-content\/uploads\/2026\/01\/Kuvituskuva-verkkosivulle-16-870x570.png\" \/><\/a><\/div><div class=\"ultp-block-content\"><div class=\"ultp-category-grid ultp-category-classic ultp-category-aboveTitle\"><div class=\"ultp-category-in\"><a class=\"ultp-cat-aktuellt\" href=\"https:\/\/www.ekonomit.fi\/sv\/category\/aktuellt\/\"  >Aktuellt<\/a><\/div><\/div><h3 class=\"ultp-block-title \"><a href=\"https:\/\/www.ekonomit.fi\/sv\/aktuellt\/hur-mar-du-pa-jobbet-just-nu-beratta-for-oss-sa-hjalper-du-oss-att-paverka-ratt-saker\/\" >Hur m\u00e5r du p\u00e5 jobbet just nu? Ber\u00e4tta f\u00f6r oss s\u00e5 hj\u00e4lper du oss att p\u00e5verka r\u00e4tt saker<\/a><\/h3><div class=\"ultp-block-excerpt\">Sj\u00e4lvklart \u00e4r sinnet den viktigaste arbetsredskapet f\u00f6r en expert. Det spelar allts\u00e5 roll vilket sinne man har n\u00e4r man b\u00f6rjar sitt arbete och n\u00e4r man avslutar arbetsdagen.<\/div><div class=\"ultp-block-meta ultp-block-meta-emptyspace ultp-block-meta-noIcon\"><span class=\"ultp-block-date ultp-block-meta-element\">jan 23, 2026<\/span><\/div><\/div><\/div><\/div><div class=\"ultp-block-item post-id-47798\"><div class=\"ultp-block-content-wrap\"><div class=\"ultp-block-image ultp-block-image-none\"><a href=\"https:\/\/www.ekonomit.fi\/sv\/aktuellt\/rekommendera-medlemskap-fa-ett-presentkort-pa-100-e\/\" ><img decoding=\"async\"  class=\"ultp-block-image-content\"  alt=\"Rekommendera\u00a0medlemskap\u00a0\u2013\u00a0f\u00e5\u00a0ett\u00a0presentkort\u00a0p\u00e5\u00a0100 \u20ac!\u00a0\"  src=\"https:\/\/www.ekonomit.fi\/wp-content\/uploads\/2025\/12\/Suosittelukampanja-870x570.jpg\" \/><\/a><\/div><div class=\"ultp-block-content\"><div class=\"ultp-category-grid ultp-category-classic ultp-category-aboveTitle\"><div class=\"ultp-category-in\"><a class=\"ultp-cat-aktuellt\" href=\"https:\/\/www.ekonomit.fi\/sv\/category\/aktuellt\/\"  >Aktuellt<\/a><\/div><\/div><h3 class=\"ultp-block-title \"><a href=\"https:\/\/www.ekonomit.fi\/sv\/aktuellt\/rekommendera-medlemskap-fa-ett-presentkort-pa-100-e\/\" >Rekommendera\u00a0medlemskap\u00a0\u2013\u00a0f\u00e5\u00a0ett\u00a0presentkort\u00a0p\u00e5\u00a0100 \u20ac!\u00a0<\/a><\/h3><div class=\"ultp-block-excerpt\">Ta med v\u00e4nnerna och f\u00e5 en bel\u00f6ning! Hj\u00e4lp din v\u00e4n eller kollega att f\u00e5 de b\u00e4sta f\u00f6rm\u00e5nerna i arbetslivet, och du f\u00e5r sj\u00e4lv ett GoGift SuperPresentkort p\u00e5 100 \u20ac.<\/div><div class=\"ultp-block-meta ultp-block-meta-emptyspace ultp-block-meta-noIcon\"><span class=\"ultp-block-date ultp-block-meta-element\">jan 1, 2026<\/span><\/div><\/div><\/div><\/div><div class=\"ultp-block-item post-id-47858\"><div class=\"ultp-block-content-wrap\"><div class=\"ultp-block-image ultp-block-image-none\"><a href=\"https:\/\/www.ekonomit.fi\/sv\/aktuellt\/medlemsguiden-2026-har-publicerats\/\" ><img decoding=\"async\"  class=\"ultp-block-image-content\"  alt=\"Medlemsguiden 2026 har publicerats\"  src=\"https:\/\/www.ekonomit.fi\/wp-content\/uploads\/2024\/05\/Nimeton-malli-2-870x570.jpg\" \/><\/a><\/div><div class=\"ultp-block-content\"><div class=\"ultp-category-grid ultp-category-classic ultp-category-aboveTitle\"><div class=\"ultp-category-in\"><a class=\"ultp-cat-aktuellt\" href=\"https:\/\/www.ekonomit.fi\/sv\/category\/aktuellt\/\"  >Aktuellt<\/a><\/div><\/div><h3 class=\"ultp-block-title \"><a href=\"https:\/\/www.ekonomit.fi\/sv\/aktuellt\/medlemsguiden-2026-har-publicerats\/\" >Medlemsguiden 2026 har publicerats<\/a><\/h3><div class=\"ultp-block-excerpt\">Guiden som skickas med tidningen Ekonomi inneh\u00e5ller i koncentrerad form alla ekonomiskt v\u00e4rdefulla f\u00f6rm\u00e5ner och nyheter som medlemskapet i Ekonomerna erbjuder.<\/div><div class=\"ultp-block-meta ultp-block-meta-emptyspace ultp-block-meta-noIcon\"><span class=\"ultp-block-date ultp-block-meta-element\">dec 22, 2025<\/span><\/div><\/div><\/div><\/div><div class=\"ultp-block-item post-id-45226\"><div class=\"ultp-block-content-wrap\"><div class=\"ultp-block-image ultp-block-image-none\"><a href=\"https:\/\/www.ekonomit.fi\/sv\/pressmeddelande\/ekonomernas-loneundersokning-lonerna-okade-med-17-ekonomer-forholl-sig-fortfarande-med-fortroende-till-sin-egen-situation\/\" ><img decoding=\"async\"  class=\"ultp-block-image-content\"  alt=\"Ekonomernas l\u00f6neunders\u00f6kning: L\u00f6nerna \u00f6kade med 1,7 % \u2013 Ekonomer f\u00f6rh\u00f6ll sig fortfarande med f\u00f6rtroende till sin egen situation\"  src=\"https:\/\/www.ekonomit.fi\/wp-content\/uploads\/2025\/02\/Palkkatutkimus_SVE_1610x1070px-870x570.png\" \/><\/a><\/div><div class=\"ultp-block-content\"><div class=\"ultp-category-grid ultp-category-classic ultp-category-aboveTitle\"><div class=\"ultp-category-in\"><a class=\"ultp-cat-pressmeddelande\" href=\"https:\/\/www.ekonomit.fi\/sv\/category\/pressmeddelande\/\"  >Pressmeddelande<\/a><\/div><\/div><h3 class=\"ultp-block-title \"><a href=\"https:\/\/www.ekonomit.fi\/sv\/pressmeddelande\/ekonomernas-loneundersokning-lonerna-okade-med-17-ekonomer-forholl-sig-fortfarande-med-fortroende-till-sin-egen-situation\/\" >Ekonomernas l\u00f6neunders\u00f6kning: L\u00f6nerna \u00f6kade med 1,7 % \u2013 Ekonomer f\u00f6rh\u00f6ll sig fortfarande med f\u00f6rtroende till sin egen situation<\/a><\/h3><div class=\"ultp-block-excerpt\">Enligt den senaste l\u00f6neunders\u00f6kningen var medianl\u00f6nen f\u00f6r ekonomer \u00e5r 2024 5 700 euro per m\u00e5nad. L\u00f6nen \u00f6kade f\u00f6r 75 % av respondenterna, och den vanligaste orsaken till h\u00f6jningen var en allm\u00e4n l\u00f6nef\u00f6rh\u00f6jning. Ekonomer f\u00f6rh\u00f6ll sig med f\u00f6rtroende till sin egen situation. <\/div><div class=\"ultp-block-meta ultp-block-meta-emptyspace ultp-block-meta-noIcon\"><span class=\"ultp-block-date ultp-block-meta-element\">feb 12, 2025<\/span><\/div><\/div><\/div><\/div><div class=\"ultp-block-item post-id-44956\"><div class=\"ultp-block-content-wrap\"><div class=\"ultp-block-image ultp-block-image-none\"><a href=\"https:\/\/www.ekonomit.fi\/sv\/aktuellt\/suomen-ekonomeilla-paras-maine\/\" ><img decoding=\"async\"  class=\"ultp-block-image-content\"  alt=\"Finlands Ekonomer har det b\u00e4sta ryktet\"  src=\"https:\/\/www.ekonomit.fi\/wp-content\/uploads\/2025\/01\/Nimeton-malli-4-870x570.jpg\" \/><\/a><\/div><div class=\"ultp-block-content\"><div class=\"ultp-category-grid ultp-category-classic ultp-category-aboveTitle\"><div class=\"ultp-category-in\"><a class=\"ultp-cat-aktuellt\" href=\"https:\/\/www.ekonomit.fi\/sv\/category\/aktuellt\/\"  >Aktuellt<\/a><\/div><\/div><h3 class=\"ultp-block-title \"><a href=\"https:\/\/www.ekonomit.fi\/sv\/aktuellt\/suomen-ekonomeilla-paras-maine\/\" >Finlands Ekonomer har det b\u00e4sta ryktet<\/a><\/h3><div class=\"ultp-block-excerpt\">Ekonomerna utm\u00e4rker sig bland arbetsmarknadsorganisationerna med sitt starka och balanserade rykte.<\/div><div class=\"ultp-block-meta ultp-block-meta-emptyspace ultp-block-meta-noIcon\"><span class=\"ultp-block-date ultp-block-meta-element\">jan 24, 2025<\/span><\/div><\/div><\/div><\/div><\/div><div class=\"ultp-loadmore\"><span class=\"ultp-loadmore-action\" tabindex=\"0\" role=\"button\" data-pages=\"6\" data-pagenum=\"1\"  data-expost=\"\" data-blockid=\"aa7903\" data-blockname=\"ultimate-post_post-grid-1\" data-postid=\"8465\" data-selfpostid=\"no\">Visa mer <span class=\"ultp-spin\"><svg xmlns=\"http:\/\/www.w3.org\/2000\/svg\" fill=\"none\" viewBox=\"0 0 24 24\">\n  <path stroke=\"currentColor\" stroke-linecap=\"round\" stroke-linejoin=\"round\" stroke-width=\"1.5\" d=\"M21 12a9 9 0 0 1-17 4.127M3 12a9 9 0 0 1 17-4.127M20 3v5h-5M4 21v-5h5\"\/>\n<\/svg>\n<\/span><\/span><\/div><\/div><div class=\"pagination-block-html\" aria-hidden=\"true\" style=\"display: none;\"><\/div><\/div>\n\n\n<p><\/p>\n<div class=\"rns\" data-title=\"Artiklar\" data-tags=\"\" data-categories=\"\" data-comments=\"0\" data-date=\"1592389567000\" data-author=\"idalevanen\" data-single=\"\" data-url=\"https:\/\/www.ekonomit.fi\/sv\/pressrum\/artiklar\/\"><\/div> <!-- Check out https:\/\/reactandshare.com -->","protected":false},"excerpt":{"rendered":"","protected":false},"author":1,"featured_media":0,"parent":7318,"menu_order":1,"comment_status":"closed","ping_status":"closed","template":"page-templates\/page-sidebars.php","meta":{"_acf_changed":false,"inline_featured_image":false,"advgb_blocks_editor_width":"","advgb_blocks_columns_visual_guide":"","footnotes":""},"class_list":["post-8465","page","type-page","status-publish","hentry"],"acf":[],"yoast_head":"<!-- This site is optimized with the Yoast SEO plugin v27.3 - https:\/\/yoast.com\/product\/yoast-seo-wordpress\/ -->\n<title>Artiklar - Suomen Ekonomit<\/title>\n<meta name=\"robots\" content=\"index, follow, max-snippet:-1, max-image-preview:large, max-video-preview:-1\" \/>\n<link rel=\"canonical\" href=\"https:\/\/www.ekonomit.fi\/sv\/pressrum\/artiklar\/\" \/>\n<meta property=\"og:locale\" content=\"sv_SE\" \/>\n<meta property=\"og:type\" content=\"article\" \/>\n<meta property=\"og:title\" content=\"Artiklar - Suomen Ekonomit\" \/>\n<meta property=\"og:url\" content=\"https:\/\/www.ekonomit.fi\/sv\/pressrum\/artiklar\/\" \/>\n<meta property=\"og:site_name\" content=\"Suomen Ekonomit\" \/>\n<meta property=\"article:modified_time\" content=\"2020-06-26T11:08:10+00:00\" \/>\n<meta name=\"twitter:card\" content=\"summary_large_image\" \/>\n<script type=\"application\/ld+json\" class=\"yoast-schema-graph\">{\"@context\":\"https:\\\/\\\/schema.org\",\"@graph\":[{\"@type\":\"WebPage\",\"@id\":\"https:\\\/\\\/www.ekonomit.fi\\\/sv\\\/pressrum\\\/artiklar\\\/\",\"url\":\"https:\\\/\\\/www.ekonomit.fi\\\/sv\\\/pressrum\\\/artiklar\\\/\",\"name\":\"Artiklar - Suomen Ekonomit\",\"isPartOf\":{\"@id\":\"https:\\\/\\\/www.ekonomit.fi\\\/sv\\\/#website\"},\"datePublished\":\"2020-06-17T07:26:07+00:00\",\"dateModified\":\"2020-06-26T11:08:10+00:00\",\"breadcrumb\":{\"@id\":\"https:\\\/\\\/www.ekonomit.fi\\\/sv\\\/pressrum\\\/artiklar\\\/#breadcrumb\"},\"inLanguage\":\"sv-SE\",\"potentialAction\":[{\"@type\":\"ReadAction\",\"target\":[\"https:\\\/\\\/www.ekonomit.fi\\\/sv\\\/pressrum\\\/artiklar\\\/\"]}]},{\"@type\":\"BreadcrumbList\",\"@id\":\"https:\\\/\\\/www.ekonomit.fi\\\/sv\\\/pressrum\\\/artiklar\\\/#breadcrumb\",\"itemListElement\":[{\"@type\":\"ListItem\",\"position\":1,\"name\":\"Home\",\"item\":\"https:\\\/\\\/www.ekonomit.fi\\\/sv\\\/\"},{\"@type\":\"ListItem\",\"position\":2,\"name\":\"V\u00e4lkommen till v\u00e5rt pressrum!\",\"item\":\"https:\\\/\\\/www.ekonomit.fi\\\/sv\\\/pressrum\\\/\"},{\"@type\":\"ListItem\",\"position\":3,\"name\":\"Artiklar\"}]},{\"@type\":\"WebSite\",\"@id\":\"https:\\\/\\\/www.ekonomit.fi\\\/sv\\\/#website\",\"url\":\"https:\\\/\\\/www.ekonomit.fi\\\/sv\\\/\",\"name\":\"Suomen Ekonomit\",\"description\":\"\",\"publisher\":{\"@id\":\"https:\\\/\\\/www.ekonomit.fi\\\/sv\\\/#organization\"},\"potentialAction\":[{\"@type\":\"SearchAction\",\"target\":{\"@type\":\"EntryPoint\",\"urlTemplate\":\"https:\\\/\\\/www.ekonomit.fi\\\/sv\\\/?s={search_term_string}\"},\"query-input\":{\"@type\":\"PropertyValueSpecification\",\"valueRequired\":true,\"valueName\":\"search_term_string\"}}],\"inLanguage\":\"sv-SE\"},{\"@type\":\"Organization\",\"@id\":\"https:\\\/\\\/www.ekonomit.fi\\\/sv\\\/#organization\",\"name\":\"Suomen Ekonomit\",\"url\":\"https:\\\/\\\/www.ekonomit.fi\\\/sv\\\/\",\"logo\":{\"@type\":\"ImageObject\",\"inLanguage\":\"sv-SE\",\"@id\":\"https:\\\/\\\/www.ekonomit.fi\\\/sv\\\/#\\\/schema\\\/logo\\\/image\\\/\",\"url\":\"https:\\\/\\\/www.ekonomit.fi\\\/wp-content\\\/uploads\\\/2020\\\/05\\\/ekonomit-mer-nega.png\",\"contentUrl\":\"https:\\\/\\\/www.ekonomit.fi\\\/wp-content\\\/uploads\\\/2020\\\/05\\\/ekonomit-mer-nega.png\",\"width\":870,\"height\":307,\"caption\":\"Suomen Ekonomit\"},\"image\":{\"@id\":\"https:\\\/\\\/www.ekonomit.fi\\\/sv\\\/#\\\/schema\\\/logo\\\/image\\\/\"}}]}<\/script>\n<!-- \/ Yoast SEO plugin. -->","yoast_head_json":{"title":"Artiklar - Suomen Ekonomit","robots":{"index":"index","follow":"follow","max-snippet":"max-snippet:-1","max-image-preview":"max-image-preview:large","max-video-preview":"max-video-preview:-1"},"canonical":"https:\/\/www.ekonomit.fi\/sv\/pressrum\/artiklar\/","og_locale":"sv_SE","og_type":"article","og_title":"Artiklar - Suomen Ekonomit","og_url":"https:\/\/www.ekonomit.fi\/sv\/pressrum\/artiklar\/","og_site_name":"Suomen Ekonomit","article_modified_time":"2020-06-26T11:08:10+00:00","twitter_card":"summary_large_image","schema":{"@context":"https:\/\/schema.org","@graph":[{"@type":"WebPage","@id":"https:\/\/www.ekonomit.fi\/sv\/pressrum\/artiklar\/","url":"https:\/\/www.ekonomit.fi\/sv\/pressrum\/artiklar\/","name":"Artiklar - Suomen Ekonomit","isPartOf":{"@id":"https:\/\/www.ekonomit.fi\/sv\/#website"},"datePublished":"2020-06-17T07:26:07+00:00","dateModified":"2020-06-26T11:08:10+00:00","breadcrumb":{"@id":"https:\/\/www.ekonomit.fi\/sv\/pressrum\/artiklar\/#breadcrumb"},"inLanguage":"sv-SE","potentialAction":[{"@type":"ReadAction","target":["https:\/\/www.ekonomit.fi\/sv\/pressrum\/artiklar\/"]}]},{"@type":"BreadcrumbList","@id":"https:\/\/www.ekonomit.fi\/sv\/pressrum\/artiklar\/#breadcrumb","itemListElement":[{"@type":"ListItem","position":1,"name":"Home","item":"https:\/\/www.ekonomit.fi\/sv\/"},{"@type":"ListItem","position":2,"name":"V\u00e4lkommen till v\u00e5rt pressrum!","item":"https:\/\/www.ekonomit.fi\/sv\/pressrum\/"},{"@type":"ListItem","position":3,"name":"Artiklar"}]},{"@type":"WebSite","@id":"https:\/\/www.ekonomit.fi\/sv\/#website","url":"https:\/\/www.ekonomit.fi\/sv\/","name":"Suomen Ekonomit","description":"","publisher":{"@id":"https:\/\/www.ekonomit.fi\/sv\/#organization"},"potentialAction":[{"@type":"SearchAction","target":{"@type":"EntryPoint","urlTemplate":"https:\/\/www.ekonomit.fi\/sv\/?s={search_term_string}"},"query-input":{"@type":"PropertyValueSpecification","valueRequired":true,"valueName":"search_term_string"}}],"inLanguage":"sv-SE"},{"@type":"Organization","@id":"https:\/\/www.ekonomit.fi\/sv\/#organization","name":"Suomen Ekonomit","url":"https:\/\/www.ekonomit.fi\/sv\/","logo":{"@type":"ImageObject","inLanguage":"sv-SE","@id":"https:\/\/www.ekonomit.fi\/sv\/#\/schema\/logo\/image\/","url":"https:\/\/www.ekonomit.fi\/wp-content\/uploads\/2020\/05\/ekonomit-mer-nega.png","contentUrl":"https:\/\/www.ekonomit.fi\/wp-content\/uploads\/2020\/05\/ekonomit-mer-nega.png","width":870,"height":307,"caption":"Suomen Ekonomit"},"image":{"@id":"https:\/\/www.ekonomit.fi\/sv\/#\/schema\/logo\/image\/"}}]}},"coauthors":[],"author_meta":{"author_link":"https:\/\/www.ekonomit.fi\/sv\/author\/admin\/","display_name":"admin"},"relative_dates":{"created":"Publicerad 6 \u00e5r sedan","modified":"Uppdaterad 6 \u00e5r sedan"},"absolute_dates":{"created":"Publicerat den 17 juni 2020","modified":"Uppdaterad den 26 juni 2020"},"absolute_dates_time":{"created":"Publicerat den 17 juni 2020 10:26","modified":"Uppdaterad den 26 juni 2020 14:08"},"featured_img_caption":"","featured_img":false,"series_order":"","jetpack_sharing_enabled":true,"_links":{"self":[{"href":"https:\/\/www.ekonomit.fi\/sv\/wp-json\/wp\/v2\/pages\/8465","targetHints":{"allow":["GET"]}}],"collection":[{"href":"https:\/\/www.ekonomit.fi\/sv\/wp-json\/wp\/v2\/pages"}],"about":[{"href":"https:\/\/www.ekonomit.fi\/sv\/wp-json\/wp\/v2\/types\/page"}],"author":[{"embeddable":true,"href":"https:\/\/www.ekonomit.fi\/sv\/wp-json\/wp\/v2\/users\/1"}],"replies":[{"embeddable":true,"href":"https:\/\/www.ekonomit.fi\/sv\/wp-json\/wp\/v2\/comments?post=8465"}],"version-history":[{"count":4,"href":"https:\/\/www.ekonomit.fi\/sv\/wp-json\/wp\/v2\/pages\/8465\/revisions"}],"predecessor-version":[{"id":9893,"href":"https:\/\/www.ekonomit.fi\/sv\/wp-json\/wp\/v2\/pages\/8465\/revisions\/9893"}],"up":[{"embeddable":true,"href":"https:\/\/www.ekonomit.fi\/sv\/wp-json\/wp\/v2\/pages\/7318"}],"wp:attachment":[{"href":"https:\/\/www.ekonomit.fi\/sv\/wp-json\/wp\/v2\/media?parent=8465"}],"curies":[{"name":"wp","href":"https:\/\/api.w.org\/{rel}","templated":true}]}}