{"id":8690,"date":"2020-06-17T13:54:13","date_gmt":"2020-06-17T10:54:13","guid":{"rendered":"https:\/\/www.ekonomit.fi\/?page_id=8690"},"modified":"2022-11-02T11:30:26","modified_gmt":"2022-11-02T09:30:26","slug":"cookiepolicyer","status":"publish","type":"page","link":"https:\/\/www.ekonomit.fi\/sv\/finlands-ekonomer\/kontaktuppgifter\/cookiepolicyer\/","title":{"rendered":"Cookiepolicyer"},"content":{"rendered":"\n<p>Vi kan d\u00e5 och d\u00e5 \u00f6verf\u00f6ra s\u00e5 kallade &#8221;cookies&#8221; till bes\u00f6karens dator.<\/p>\n\n\n\n<p>Anv\u00e4ndningen av cookies syftar fr\u00e4mst till att f\u00f6rb\u00e4ttra anv\u00e4ndarupplevelsen bland annat vid inloggning och uppr\u00e4tth\u00e5llande av sessionen.<\/p>\n\n\n\n<p>Med hj\u00e4lp av cookies kan vi samla in information om beteende p\u00e5 n\u00e4tet, s\u00e5som fr\u00e5n vilka sidor du har f\u00f6rflyttat dig till tj\u00e4nsten, vilka www-sidor du tidigare har bes\u00f6kt och vid vilken tidpunkt, vilken webbl\u00e4sare du anv\u00e4nder ock vilken din sk\u00e4rmuppl\u00f6sning och ditt operativsystem \u00e4r. Baserat p\u00e5 denna information kan ingen identifieras och vi f\u00f6rs\u00f6ker inte identifiera enskilda personer med cookies.<\/p>\n\n\n\n<p>Med hj\u00e4lp av informationen som f\u00e5s med hj\u00e4lp av cookies kan Finlands Ekonomer och dess partners f\u00f6ra statistik \u00f6ver webbplatsens bes\u00f6karantal samt analysera och utveckla webbplatsen f\u00f6r att b\u00e4ttre betj\u00e4na bes\u00f6karna. Dessutom kan Finlands Ekonomers samarbetspartners anv\u00e4nda cookies f\u00f6r att anpassa reklam genom att samla in information om bes\u00f6karnas bes\u00f6k p\u00e5 denna och andra webbplatser.<\/p>\n\n\n\n<p>Informationen som samlas in via cookies anv\u00e4nds f\u00f6r att skapa reklam som anpassas baserat p\u00e5 bes\u00f6karens intressen. Vid anpassning av reklam med hj\u00e4lp av cookies identifieras bes\u00f6karen inte och data kopplas heller inte till n\u00e5gon personligt identifierbar information. Vi anv\u00e4nder regelbundet cookies fr\u00e5n Google Analytics, mer information http:\/\/www.google.com\/policies\/<\/p>\n\n\n\n<p>Samtliga cookies lagras endast p\u00e5 anv\u00e4ndarens dator. Bes\u00f6karen kan blockera anv\u00e4ndningen av cookies. Bes\u00f6karen godk\u00e4nner samtidigt att blockeringen av anv\u00e4ndningen av cookies kan p\u00e5verka tj\u00e4nstens funktionalitet.<\/p>\n\n\n\n<h2 class=\"wp-block-heading\">Typer av cookies som anv\u00e4nds p\u00e5 v\u00e5r webbplats<\/h2>\n\n\n\n<h3 class=\"wp-block-heading\"><strong>Automatiskt aktiverade funktionella cookies<\/strong><\/h3>\n\n\n\n<p>Dessa cookies beh\u00f6vs f\u00f6r att v\u00e5ra webbtj\u00e4nster ska fungera och kan inte st\u00e4ngas av. De aktiveras enligt de \u00e5tg\u00e4rdsf\u00f6rfr\u00e5gningar du g\u00f6r, till exempel n\u00e4r du loggar in, anv\u00e4nder v\u00e5r chattj\u00e4nst i realtid eller fyller i webbformul\u00e4r.<\/p>\n\n\n\n<p>Exempel:<\/p>\n\n\n\n<ul class=\"wp-block-list\"><li>Google Tag Manager<\/li><li>Cookie Consent<\/li><\/ul>\n\n\n\n<h3 class=\"wp-block-heading\"><strong>Cookies som m\u00e4ter prestanda<\/strong><\/h3>\n\n\n\n<p>Cookies som m\u00e4ter prestanda anv\u00e4nds endast med ditt samtycke. Dessa cookies hj\u00e4lper oss att m\u00e4ta bes\u00f6karantal och trafik, identifiera \u00e5terv\u00e4ndande kunder och f\u00f6rst\u00e5 hur v\u00e5ra kunder anv\u00e4nder v\u00e5ra webbtj\u00e4nster. Vi anv\u00e4nder denna information f\u00f6r att f\u00f6rb\u00e4ttra v\u00e5ra tj\u00e4nsters anv\u00e4ndarv\u00e4nlighet och digitala upplevelse.<\/p>\n\n\n\n<p>Dessa cookies \u00e4r permanenta. Om du inte godk\u00e4nner anv\u00e4ndning av dessa cookies \u00e4r inte funktioner som m\u00e4ter prestanda i anv\u00e4ndning<\/p>\n\n\n\n<p>Exempel:<\/p>\n\n\n\n<ul class=\"wp-block-list\"><li>Google Analytics<\/li><\/ul>\n\n\n\n<h3 class=\"wp-block-heading\"><strong>Cookies som anv\u00e4nds f\u00f6r att rikta inneh\u00e5ll<\/strong><\/h3>\n\n\n\n<p>Cookies som anv\u00e4nds f\u00f6r att rikta inneh\u00e5ll anv\u00e4nds endast med ditt samtycke. Dessa cookies hj\u00e4lper oss att rikta inneh\u00e5ll och erbjudanden som erbjuds till dig enligt hur du anv\u00e4nder v\u00e5r webbplats och \u00f6vriga tj\u00e4nster. Med hj\u00e4lp av dem kan vi erbjuda dig b\u00e4ttre funktioner och personalisering, till exempel inneh\u00e5ll och videor som \u00e4r skr\u00e4ddarsydda f\u00f6r dig. Dessa cookies kan st\u00e4llas in b\u00e5de av Ekonomer och av v\u00e5ra utvalda tj\u00e4nsteleverant\u00f6rer i egenskap av tredje parter.<\/p>\n\n\n\n<p>Dessa cookies \u00e4r permanenta. Om du inte godk\u00e4nner anv\u00e4ndning av dessa cookies \u00e4r funktioner som m\u00e4ter prestanda inte i anv\u00e4ndning.<\/p>\n\n\n\n<h3 class=\"wp-block-heading\"><strong>Reklamcookies<\/strong><\/h3>\n\n\n\n<p>Reklamcookies anv\u00e4nds endast med ditt samtycke. De till\u00e5ter oss att placera riktat inneh\u00e5ll p\u00e5 andra f\u00f6retags webbplatser och i deras tj\u00e4nster. Dessa cookies aktiveras exakt genom v\u00e5ra noggrant utvalda marknadsf\u00f6ringspartner i v\u00e5ra webbtj\u00e4nster. F\u00f6retagen i fr\u00e5ga kan anv\u00e4nda dessa tredjepartscookies f\u00f6r att f\u00f6rst\u00e5 anv\u00e4ndares intressen f\u00f6r att visa relevanta annonser p\u00e5 andra webbplatser. Tredjepartscookies kan ocks\u00e5 anv\u00e4ndas i sociala medietj\u00e4nster och i tredjepartsinneh\u00e5ll i v\u00e5ra webbtj\u00e4nster.<\/p>\n\n\n\n<p>Exempel:<\/p>\n\n\n\n<ul class=\"wp-block-list\"><li>Facebook pixel<\/li><li>Adform<\/li><li>LinkedIn<\/li><li>Google Ads<\/li><\/ul>\n\n\n\n<p>Dessa cookies \u00e4r permanenta. Om du inte godk\u00e4nner anv\u00e4ndning av dessa cookies \u00e4r funktioner med anknytning till reklam inte i anv\u00e4ndning.<\/p>\n<div class=\"rns\" data-title=\"Cookiepolicyer\" data-tags=\"\" data-categories=\"\" data-comments=\"0\" data-date=\"1592402053000\" data-author=\"kristian.sarosto@ekonomit.fi\" data-single=\"\" data-url=\"https:\/\/www.ekonomit.fi\/sv\/finlands-ekonomer\/kontaktuppgifter\/cookiepolicyer\/\"><\/div> <!-- Check out https:\/\/reactandshare.com -->","protected":false},"excerpt":{"rendered":"<p>Vi kan d\u00e5 och d\u00e5 \u00f6verf\u00f6ra s\u00e5 kallade &#8221;cookies&#8221; till bes\u00f6karens dator. Anv\u00e4ndningen av&#8230;<\/p>\n","protected":false},"author":27,"featured_media":0,"parent":9259,"menu_order":0,"comment_status":"closed","ping_status":"closed","template":"page-templates\/page-sidebars.php","meta":{"_acf_changed":false,"inline_featured_image":false,"advgb_blocks_editor_width":"","advgb_blocks_columns_visual_guide":"","footnotes":""},"class_list":["post-8690","page","type-page","status-publish","hentry"],"acf":[],"yoast_head":"<!-- This site is optimized with the Yoast SEO plugin v27.3 - https:\/\/yoast.com\/product\/yoast-seo-wordpress\/ -->\n<title>Cookiepolicyer - Suomen Ekonomit<\/title>\n<meta name=\"robots\" content=\"index, follow, max-snippet:-1, max-image-preview:large, max-video-preview:-1\" \/>\n<link rel=\"canonical\" href=\"https:\/\/www.ekonomit.fi\/sv\/finlands-ekonomer\/kontaktuppgifter\/cookiepolicyer\/\" \/>\n<meta property=\"og:locale\" content=\"sv_SE\" \/>\n<meta property=\"og:type\" content=\"article\" \/>\n<meta property=\"og:title\" content=\"Cookiepolicyer - Suomen Ekonomit\" \/>\n<meta property=\"og:description\" content=\"Vi kan d\u00e5 och d\u00e5 \u00f6verf\u00f6ra s\u00e5 kallade &#8221;cookies&#8221; till bes\u00f6karens dator. Anv\u00e4ndningen av...\" \/>\n<meta property=\"og:url\" content=\"https:\/\/www.ekonomit.fi\/sv\/finlands-ekonomer\/kontaktuppgifter\/cookiepolicyer\/\" \/>\n<meta property=\"og:site_name\" content=\"Suomen Ekonomit\" \/>\n<meta property=\"article:modified_time\" content=\"2022-11-02T09:30:26+00:00\" \/>\n<meta name=\"twitter:card\" content=\"summary_large_image\" \/>\n<meta name=\"twitter:label1\" content=\"Ber\u00e4knad l\u00e4stid\" \/>\n\t<meta name=\"twitter:data1\" content=\"4 minuter\" \/>\n<script type=\"application\/ld+json\" class=\"yoast-schema-graph\">{\"@context\":\"https:\\\/\\\/schema.org\",\"@graph\":[{\"@type\":\"WebPage\",\"@id\":\"https:\\\/\\\/www.ekonomit.fi\\\/sv\\\/finlands-ekonomer\\\/kontaktuppgifter\\\/cookiepolicyer\\\/\",\"url\":\"https:\\\/\\\/www.ekonomit.fi\\\/sv\\\/finlands-ekonomer\\\/kontaktuppgifter\\\/cookiepolicyer\\\/\",\"name\":\"Cookiepolicyer - Suomen Ekonomit\",\"isPartOf\":{\"@id\":\"https:\\\/\\\/www.ekonomit.fi\\\/sv\\\/#website\"},\"datePublished\":\"2020-06-17T10:54:13+00:00\",\"dateModified\":\"2022-11-02T09:30:26+00:00\",\"breadcrumb\":{\"@id\":\"https:\\\/\\\/www.ekonomit.fi\\\/sv\\\/finlands-ekonomer\\\/kontaktuppgifter\\\/cookiepolicyer\\\/#breadcrumb\"},\"inLanguage\":\"sv-SE\",\"potentialAction\":[{\"@type\":\"ReadAction\",\"target\":[\"https:\\\/\\\/www.ekonomit.fi\\\/sv\\\/finlands-ekonomer\\\/kontaktuppgifter\\\/cookiepolicyer\\\/\"]}]},{\"@type\":\"BreadcrumbList\",\"@id\":\"https:\\\/\\\/www.ekonomit.fi\\\/sv\\\/finlands-ekonomer\\\/kontaktuppgifter\\\/cookiepolicyer\\\/#breadcrumb\",\"itemListElement\":[{\"@type\":\"ListItem\",\"position\":1,\"name\":\"Home\",\"item\":\"https:\\\/\\\/www.ekonomit.fi\\\/sv\\\/\"},{\"@type\":\"ListItem\",\"position\":2,\"name\":\"Finlands Ekonomer\",\"item\":\"https:\\\/\\\/www.ekonomit.fi\\\/sv\\\/finlands-ekonomer\\\/\"},{\"@type\":\"ListItem\",\"position\":3,\"name\":\"Kontaktuppgifter\",\"item\":\"https:\\\/\\\/www.ekonomit.fi\\\/sv\\\/finlands-ekonomer\\\/kontaktuppgifter\\\/\"},{\"@type\":\"ListItem\",\"position\":4,\"name\":\"Cookiepolicyer\"}]},{\"@type\":\"WebSite\",\"@id\":\"https:\\\/\\\/www.ekonomit.fi\\\/sv\\\/#website\",\"url\":\"https:\\\/\\\/www.ekonomit.fi\\\/sv\\\/\",\"name\":\"Suomen Ekonomit\",\"description\":\"\",\"publisher\":{\"@id\":\"https:\\\/\\\/www.ekonomit.fi\\\/sv\\\/#organization\"},\"potentialAction\":[{\"@type\":\"SearchAction\",\"target\":{\"@type\":\"EntryPoint\",\"urlTemplate\":\"https:\\\/\\\/www.ekonomit.fi\\\/sv\\\/?s={search_term_string}\"},\"query-input\":{\"@type\":\"PropertyValueSpecification\",\"valueRequired\":true,\"valueName\":\"search_term_string\"}}],\"inLanguage\":\"sv-SE\"},{\"@type\":\"Organization\",\"@id\":\"https:\\\/\\\/www.ekonomit.fi\\\/sv\\\/#organization\",\"name\":\"Suomen Ekonomit\",\"url\":\"https:\\\/\\\/www.ekonomit.fi\\\/sv\\\/\",\"logo\":{\"@type\":\"ImageObject\",\"inLanguage\":\"sv-SE\",\"@id\":\"https:\\\/\\\/www.ekonomit.fi\\\/sv\\\/#\\\/schema\\\/logo\\\/image\\\/\",\"url\":\"https:\\\/\\\/www.ekonomit.fi\\\/wp-content\\\/uploads\\\/2020\\\/05\\\/ekonomit-mer-nega.png\",\"contentUrl\":\"https:\\\/\\\/www.ekonomit.fi\\\/wp-content\\\/uploads\\\/2020\\\/05\\\/ekonomit-mer-nega.png\",\"width\":870,\"height\":307,\"caption\":\"Suomen Ekonomit\"},\"image\":{\"@id\":\"https:\\\/\\\/www.ekonomit.fi\\\/sv\\\/#\\\/schema\\\/logo\\\/image\\\/\"}}]}<\/script>\n<!-- \/ Yoast SEO plugin. -->","yoast_head_json":{"title":"Cookiepolicyer - Suomen Ekonomit","robots":{"index":"index","follow":"follow","max-snippet":"max-snippet:-1","max-image-preview":"max-image-preview:large","max-video-preview":"max-video-preview:-1"},"canonical":"https:\/\/www.ekonomit.fi\/sv\/finlands-ekonomer\/kontaktuppgifter\/cookiepolicyer\/","og_locale":"sv_SE","og_type":"article","og_title":"Cookiepolicyer - Suomen Ekonomit","og_description":"Vi kan d\u00e5 och d\u00e5 \u00f6verf\u00f6ra s\u00e5 kallade &#8221;cookies&#8221; till bes\u00f6karens dator. Anv\u00e4ndningen av...","og_url":"https:\/\/www.ekonomit.fi\/sv\/finlands-ekonomer\/kontaktuppgifter\/cookiepolicyer\/","og_site_name":"Suomen Ekonomit","article_modified_time":"2022-11-02T09:30:26+00:00","twitter_card":"summary_large_image","twitter_misc":{"Ber\u00e4knad l\u00e4stid":"4 minuter"},"schema":{"@context":"https:\/\/schema.org","@graph":[{"@type":"WebPage","@id":"https:\/\/www.ekonomit.fi\/sv\/finlands-ekonomer\/kontaktuppgifter\/cookiepolicyer\/","url":"https:\/\/www.ekonomit.fi\/sv\/finlands-ekonomer\/kontaktuppgifter\/cookiepolicyer\/","name":"Cookiepolicyer - Suomen Ekonomit","isPartOf":{"@id":"https:\/\/www.ekonomit.fi\/sv\/#website"},"datePublished":"2020-06-17T10:54:13+00:00","dateModified":"2022-11-02T09:30:26+00:00","breadcrumb":{"@id":"https:\/\/www.ekonomit.fi\/sv\/finlands-ekonomer\/kontaktuppgifter\/cookiepolicyer\/#breadcrumb"},"inLanguage":"sv-SE","potentialAction":[{"@type":"ReadAction","target":["https:\/\/www.ekonomit.fi\/sv\/finlands-ekonomer\/kontaktuppgifter\/cookiepolicyer\/"]}]},{"@type":"BreadcrumbList","@id":"https:\/\/www.ekonomit.fi\/sv\/finlands-ekonomer\/kontaktuppgifter\/cookiepolicyer\/#breadcrumb","itemListElement":[{"@type":"ListItem","position":1,"name":"Home","item":"https:\/\/www.ekonomit.fi\/sv\/"},{"@type":"ListItem","position":2,"name":"Finlands Ekonomer","item":"https:\/\/www.ekonomit.fi\/sv\/finlands-ekonomer\/"},{"@type":"ListItem","position":3,"name":"Kontaktuppgifter","item":"https:\/\/www.ekonomit.fi\/sv\/finlands-ekonomer\/kontaktuppgifter\/"},{"@type":"ListItem","position":4,"name":"Cookiepolicyer"}]},{"@type":"WebSite","@id":"https:\/\/www.ekonomit.fi\/sv\/#website","url":"https:\/\/www.ekonomit.fi\/sv\/","name":"Suomen Ekonomit","description":"","publisher":{"@id":"https:\/\/www.ekonomit.fi\/sv\/#organization"},"potentialAction":[{"@type":"SearchAction","target":{"@type":"EntryPoint","urlTemplate":"https:\/\/www.ekonomit.fi\/sv\/?s={search_term_string}"},"query-input":{"@type":"PropertyValueSpecification","valueRequired":true,"valueName":"search_term_string"}}],"inLanguage":"sv-SE"},{"@type":"Organization","@id":"https:\/\/www.ekonomit.fi\/sv\/#organization","name":"Suomen Ekonomit","url":"https:\/\/www.ekonomit.fi\/sv\/","logo":{"@type":"ImageObject","inLanguage":"sv-SE","@id":"https:\/\/www.ekonomit.fi\/sv\/#\/schema\/logo\/image\/","url":"https:\/\/www.ekonomit.fi\/wp-content\/uploads\/2020\/05\/ekonomit-mer-nega.png","contentUrl":"https:\/\/www.ekonomit.fi\/wp-content\/uploads\/2020\/05\/ekonomit-mer-nega.png","width":870,"height":307,"caption":"Suomen Ekonomit"},"image":{"@id":"https:\/\/www.ekonomit.fi\/sv\/#\/schema\/logo\/image\/"}}]}},"coauthors":[],"author_meta":{"author_link":"https:\/\/www.ekonomit.fi\/sv\/author\/kristian-sarostoekonomit-fi\/","display_name":"kristian.sarosto@ekonomit.fi"},"relative_dates":{"created":"Publicerad 6 \u00e5r sedan","modified":"Uppdaterad 3 \u00e5r sedan"},"absolute_dates":{"created":"Publicerat den 17 juni 2020","modified":"Uppdaterad den 2 november 2022"},"absolute_dates_time":{"created":"Publicerat den 17 juni 2020 13:54","modified":"Uppdaterad den 2 november 2022 11:30"},"featured_img_caption":"","featured_img":false,"series_order":"","jetpack_sharing_enabled":true,"_links":{"self":[{"href":"https:\/\/www.ekonomit.fi\/sv\/wp-json\/wp\/v2\/pages\/8690","targetHints":{"allow":["GET"]}}],"collection":[{"href":"https:\/\/www.ekonomit.fi\/sv\/wp-json\/wp\/v2\/pages"}],"about":[{"href":"https:\/\/www.ekonomit.fi\/sv\/wp-json\/wp\/v2\/types\/page"}],"author":[{"embeddable":true,"href":"https:\/\/www.ekonomit.fi\/sv\/wp-json\/wp\/v2\/users\/27"}],"replies":[{"embeddable":true,"href":"https:\/\/www.ekonomit.fi\/sv\/wp-json\/wp\/v2\/comments?post=8690"}],"version-history":[{"count":8,"href":"https:\/\/www.ekonomit.fi\/sv\/wp-json\/wp\/v2\/pages\/8690\/revisions"}],"predecessor-version":[{"id":33084,"href":"https:\/\/www.ekonomit.fi\/sv\/wp-json\/wp\/v2\/pages\/8690\/revisions\/33084"}],"up":[{"embeddable":true,"href":"https:\/\/www.ekonomit.fi\/sv\/wp-json\/wp\/v2\/pages\/9259"}],"wp:attachment":[{"href":"https:\/\/www.ekonomit.fi\/sv\/wp-json\/wp\/v2\/media?parent=8690"}],"curies":[{"name":"wp","href":"https:\/\/api.w.org\/{rel}","templated":true}]}}